{"id":4280,"date":"2025-08-16T13:52:48","date_gmt":"2025-08-16T11:52:48","guid":{"rendered":"https:\/\/www.stravex.com\/?page_id=4280"},"modified":"2025-11-05T16:17:27","modified_gmt":"2025-11-05T15:17:27","slug":"impressum","status":"publish","type":"page","link":"https:\/\/www.stravex.com\/de\/impressum","title":{"rendered":"Impressum"},"content":{"rendered":"<div id=\"pl-4280\"  class=\"panel-layout\" ><div id=\"pg-4280-0\"  class=\"panel-grid panel-no-style\" ><div id=\"pgc-4280-0-0\"  class=\"panel-grid-cell\" ><div id=\"panel-4280-0-0-0\" class=\"so-panel widget widget_black-studio-tinymce widget_black_studio_tinymce panel-first-child panel-last-child\" data-index=\"0\" ><div class=\"textwidget\"><h2><span style=\"font-size: 30px;\"><strong>Legal<\/strong><\/span><\/h2>\n<p>Stravex Transport- und<br \/>\nHandelsgesellschaft mbH<br \/>\nFinkenwerder Weg 6<br \/>\n21129 Hamburg<br \/>\nGermany<\/p>\n<p>Web:\u00a0\u00a0\u00a0\u00a0<a href=\"http:\/\/www.stravex.com\/\" target=\"_blank\" rel=\"noopener\">www.stravex.com<\/a><br \/>\nE-mail:\u00a0<span id=\"cloak456a6a4dc7a60bd331e385fcb0c26e17\"><a href=\"mailto:info@stravex.com\" target=\"_blank\" rel=\"noopener\">info@stravex.com<\/a><br \/>\n<\/span>Phone: +49 40 334870 300<br \/>\nFax:\u00a0 \u00a0 \u00a0+49 40 334870 399<\/p>\n<p>Handelsregister B84388, Amtsgericht Hamburg<\/p>\n<p>UmSt.\/VAT: DE 224 185 237, EORI Nr. DE 4980530<\/p>\n<p>Gesch\u00e4ftsf\u00fchrer: Dipl.-Wirtsch.-In. Valerian Braziler<\/p>\n<p>Prokura: Dipl.-Kfm. Alexander Bohn<\/p>\n<p>Prokura:\u00a0Constantin Burlaca<\/p>\n<p>&nbsp;<\/p>\n<p><strong>Rechtliche Hinweise\/Nutzungsbedingungen:<\/strong><\/p>\n<p>Die Informationen auf diesen Websites sind unverbindlich und werden ausschlie\u00dflich zu Informationszwecken zur Verf\u00fcgung gestellt. Sie haben lediglich Informationscharakter und sind keine Offerten\/Angebote im Sinne der anwendbaren gesetzlichen Bestimmungen. Auf der Grundlage der auf der Website enthaltenen Informationen kann kein Vertragsverh\u00e4ltnis hinsichtlich der vorgestellten Produkte und Dienstleistungen entstehen.<\/p>\n<p>Die Informationen auf diesen Websites sowie die in diesen Informationen beschriebenen Produkte und Dienstleistungen k\u00f6nnen ohne vorherige Ank\u00fcndigung von der Stravex Transport- und Handels Gesellschaft mbH jederzeit ge\u00e4ndert oder aktualisiert werden. Soweit nicht ausdr\u00fccklich anderweitig erkl\u00e4rt, enthalten die Websites der Stravex Transport- und Handels Gesellschaft mbH keinerlei Garantien oder Beschaffenheitsangaben, f\u00fcr welche die Stravex Transport- und Handels Gesellschaft mbH haftet, sei es ausdr\u00fccklich oder stillschweigend auch nicht hinsichtlich der Aktualit\u00e4t, Korrektheit, Vollst\u00e4ndigkeit und Qualit\u00e4t der Informationen.<\/p>\n<p>Die Stravex Transport- und Handels Gesellschaft mbH \u00fcbernimmt keine Haftung im Zusammenhang mit ihren Websites. Eine Haftung f\u00fcr jegliche unmittelbaren oder mittelbaren Sch\u00e4den, Schadensersatzforderungen, Folgesch\u00e4den gleich welcher Art und aus welchem Rechtsgrund, die durch Ihren Zugriff oder die Verwendung der Websites entstehen, insbesondere auch durch Infizierung Ihrer Computerumgebung mit Viren, ist ausgeschlossen.<\/p>\n<p>F\u00fcr die Begr\u00fcndung und Einhaltung von Verpflichtungen sowie die Haftung der Stravex Transport- und Handels Gesellschaft mbH f\u00fcr ihre Produkte und Dienstleistungen sind ausschlie\u00dflich die jeweils \u00fcber sie abgeschlossenen vertraglichen Vereinbarungen unter Einbeziehung der Allgemeinen Deutschen Spediteurbedingungen 2017 (ADSp 2017) der Stravex Transport- und Handels Gesellschaft mbH ma\u00dfgeblich.<\/p>\n<p>Wenn Sie innerhalb unserer Websites Seiten und Dateien abrufen und dabei aufgefordert werden, Daten \u00fcber sich einzugeben, so weisen wir darauf hin, dass diese Daten\u00fcbertragung \u00fcber das Internet ungesichert erfolgt und die Daten somit von Unbefugten zur Kenntnis genommen oder auch verf\u00e4lscht werden k\u00f6nnen.<\/p>\n<p>Verkn\u00fcpfungen (\u201eLinks\u201c) zu Websites Dritter werden Ihnen als zus\u00e4tzlicher Service zur Verf\u00fcgung gestellt. Diese Websites sind vollkommen unabh\u00e4ngig und liegen au\u00dferhalb der Kontrolle der Stravex Transport- und Handels Gesellschaft mbH. Die Stravex Transport- und Handels Gesellschaft mbH haftet nicht f\u00fcr die Inhalte der Websites Dritter, auf die Sie \u00fcber die Stravex-Websites zugreifen, und \u00fcbernimmt keinerlei Verantwortung f\u00fcr den Inhalt, die Datenschutzbestimmungen oder die Nutzung solcher Websites.<\/p>\n<p>Die Informationen auf diesen Webseiten wurden sorgf\u00e4ltig zusammengestellt. Trotz aller Sorgfalt k\u00f6nnen Fehler auftreten. Daher weisen wir ausdr\u00fccklich darauf hin, dass wir keine Haftung oder Garantie f\u00fcr die Vollst\u00e4ndigkeit, Aktualit\u00e4t und Richtigkeit dieser bereitgestellten Informationen \u00fcbernehmen.<\/p>\n<p>Alle Nutzer erkl\u00e4ren ihr Einverst\u00e4ndnis damit, dass die Nutzung der Webseite auf ihr eigenes Risiko erfolgt.<\/p>\n<p>Wir arbeiten ausschlie\u00dflich auf Grundlage der\u00a0<a href=\"https:\/\/www.dslv.org\/fileadmin\/Redaktion\/PDFs\/07_Publikationen\/ADSp\/DSLV-ADSp-2017.pdf\" target=\"_blank\" rel=\"noopener nofollow\">Allgemeinen Deutschen Spediteurbedingungen 2017<\/a>-ADSp 2017- und soweit diese f\u00fcr die Erbringung logistischer Leistungen nicht gelten\u2013 nach den\u00a0<a href=\"https:\/\/www.dslv.org\/fileadmin\/Redaktion\/PDFs\/07_Publikationen\/Logistik-AGB\/Logistik-AGB_2019_dt.pdf\" target=\"_blank\" rel=\"noopener nofollow\">Logistik AGB<\/a>,\u00a0Stand Juni 2019.<\/p>\n<p>Hinweis: Die ADSp 2017 weichen in Ziffer 23 hinsichtlich des Haftungsh\u00f6chstbetrages f\u00fcr G\u00fcterschaden (\u00a7 431 HGB) vom Gesetz ab, indem sie die Haftung bei multimodalen Transporten unter Einschluss einer Seebef\u00f6rderung und bei unbekannten Schadenort auf 2 SZR\/kg und im \u00dcbrigen die Regelhaftung von 8,33 SZR\/kg zus\u00e4tzlich auf 1,25 Millionen Euro je Schadensfall sowie 2,5 Millionen Euro je Schadensereignis, mindestens aber 2 SZR\/kg, beschr\u00e4nken.<\/p>\n<hr \/>\n<p>&nbsp;<\/p>\n<\/div><\/div><\/div><\/div><\/div>","protected":false},"excerpt":{"rendered":"<p>Legal Stravex Transport- und Handelsgesellschaft mbH Finkenwerder Weg 6 21129 Hamburg Germany Web:\u00a0\u00a0\u00a0\u00a0www.stravex.com E-mail:\u00a0info@stravex.com Phone: +49 40 334870 300 Fax:\u00a0 \u00a0 \u00a0+49 40 334870 399 Handelsregister B84388, Amtsgericht Hamburg UmSt.\/VAT: DE 224 185 237, EORI Nr. DE 4980530 Gesch\u00e4ftsf\u00fchrer: Dipl.-Wirtsch.-In. Valerian Braziler Prokura: Dipl.-Kfm. Alexander Bohn Prokura:\u00a0Constantin Burlaca &nbsp; Rechtliche Hinweise\/Nutzungsbedingungen: Die Informationen auf diesen &hellip;<\/p>\n","protected":false},"author":1,"featured_media":0,"parent":0,"menu_order":0,"comment_status":"closed","ping_status":"open","template":"page-service.php","meta":{"_acf_changed":false,"footnotes":""},"class_list":["post-4280","page","type-page","status-publish","hentry"],"acf":[],"_links":{"self":[{"href":"https:\/\/www.stravex.com\/de\/wp-json\/wp\/v2\/pages\/4280","targetHints":{"allow":["GET"]}}],"collection":[{"href":"https:\/\/www.stravex.com\/de\/wp-json\/wp\/v2\/pages"}],"about":[{"href":"https:\/\/www.stravex.com\/de\/wp-json\/wp\/v2\/types\/page"}],"author":[{"embeddable":true,"href":"https:\/\/www.stravex.com\/de\/wp-json\/wp\/v2\/users\/1"}],"replies":[{"embeddable":true,"href":"https:\/\/www.stravex.com\/de\/wp-json\/wp\/v2\/comments?post=4280"}],"version-history":[{"count":1,"href":"https:\/\/www.stravex.com\/de\/wp-json\/wp\/v2\/pages\/4280\/revisions"}],"predecessor-version":[{"id":4737,"href":"https:\/\/www.stravex.com\/de\/wp-json\/wp\/v2\/pages\/4280\/revisions\/4737"}],"wp:attachment":[{"href":"https:\/\/www.stravex.com\/de\/wp-json\/wp\/v2\/media?parent=4280"}],"curies":[{"name":"wp","href":"https:\/\/api.w.org\/{rel}","templated":true}]}}