{"id":4260,"date":"2025-07-13T15:31:40","date_gmt":"2025-07-13T13:31:40","guid":{"rendered":"https:\/\/www.stravex.com\/?page_id=4260"},"modified":"2025-12-30T21:48:11","modified_gmt":"2025-12-30T20:48:11","slug":"soziales-engagement","status":"publish","type":"page","link":"https:\/\/www.stravex.com\/de\/soziales-engagement","title":{"rendered":"Soziales Engagement"},"content":{"rendered":"<div id=\"pl-4260\"  class=\"panel-layout\" ><div id=\"pg-4260-0\"  class=\"panel-grid panel-no-style\" ><div id=\"pgc-4260-0-0\"  class=\"panel-grid-cell\" ><div id=\"panel-4260-0-0-0\" class=\"so-panel widget widget_sow-image panel-first-child panel-last-child\" data-index=\"0\" ><div\n\t\t\t\n\t\t\tclass=\"so-widget-sow-image so-widget-sow-image-default-f9c88249d863-4260\"\n\t\t\t\n\t\t>\n<div class=\"sow-image-container\">\n\t\t\t<a href=\"\/wp-content\/uploads\/2025\/07\/SocialesFoto.jpg\"\n\t\t\t\t\t>\n\t\t\t<img \n\tsrc=\"https:\/\/www.stravex.com\/wp-content\/uploads\/2025\/07\/SocialesFoto-768x661.jpg\" width=\"350\" height=\"300\" srcset=\"https:\/\/www.stravex.com\/wp-content\/uploads\/2025\/07\/SocialesFoto-768x661.jpg 768w, https:\/\/www.stravex.com\/wp-content\/uploads\/2025\/07\/SocialesFoto-300x258.jpg 300w, https:\/\/www.stravex.com\/wp-content\/uploads\/2025\/07\/SocialesFoto-1024x881.jpg 1024w, https:\/\/www.stravex.com\/wp-content\/uploads\/2025\/07\/SocialesFoto.jpg 1080w\" sizes=\"(max-width: 350px) 100vw, 350px\" style=\"width: 350px; height: 300px;\" title=\"Soziales Engagement\" alt=\"Humanit\u00e4re Hilfe Deutschland Ukraine, Milit\u00e4r Transport Deutschland Ukraine, Transport \u00d6sterreich Ukraine\" \t\tclass=\"so-widget-image\"\/>\n\t\t\t<\/a><\/div>\n\n<\/div><\/div><\/div><div id=\"pgc-4260-0-1\"  class=\"panel-grid-cell\" ><div id=\"panel-4260-0-1-0\" class=\"so-panel widget widget_black-studio-tinymce widget_black_studio_tinymce panel-first-child panel-last-child\" data-index=\"1\" ><div class=\"textwidget\"><h2><span style=\"font-size: 30px;\"><strong>SOZIALES ENGAGEMENT<\/strong><\/span><\/h2>\n<\/div><\/div><\/div><\/div><div id=\"pg-4260-1\"  class=\"panel-grid panel-no-style\" ><div id=\"pgc-4260-1-0\"  class=\"panel-grid-cell\" ><div id=\"panel-4260-1-0-0\" class=\"so-panel widget widget_black-studio-tinymce widget_black_studio_tinymce panel-first-child panel-last-child\" data-index=\"2\" ><div class=\"textwidget\"><h2 class=\"line_down_up\"><span style=\"font-size: 28px;\"><strong>Soziale Projekte:<\/strong><\/span><\/h2>\n<p>&nbsp;<\/p>\n<ul>\n<li><strong>Stravex organisiert den Einkauf, das Sammeln und den Transport humanit\u00e4rer Hilfe an die bed\u00fcrftigen Stellen in der Ukraine sowie \u00fcberwacht deren <\/strong><strong>Verteilung: <\/strong><a href=\"https:\/\/hamburgukraine.de\/\" target=\"_blank\" rel=\"noopener nofollow\"><strong>www.hamburgukraine.de<\/strong><\/a><\/li>\n<\/ul>\n<p>&nbsp;<\/p>\n<ul>\n<li><strong>Das Unternehmen unterst\u00fctzt folgende <\/strong><strong>nicht-kommerzielle Organisationen in Hamburg:<\/strong>\n<ul>\n<li style=\"margin-top: 50px; padding-bottom: 50px;\">Der gemeinn\u00fctzige Verein <a href=\"http:\/\/www.tanz-bruecke.de\/\" target=\"_blank\" rel=\"noopener nofollow\"><strong>Tanzbr\u00fccke e.V.<\/strong><\/a> entwickelt und f\u00f6rdert bei Kindern und Jugendlichen die F\u00e4higkeiten in den Bereichen Tanz, Musik, Sport und in anderen Kunstarten. Der Verein ist Sieger mehrerer deutscher und internationaler Tanzwettbewerbe.<\/li>\n<li style=\"padding-bottom: 50px;\">Die j\u00fcdische religi\u00f6se und kulturelle Organisation <a href=\"https:\/\/www.chabadhamburg.de\/\" target=\"_blank\" rel=\"noopener nofollow\"><strong>Chabad Lubavitch Hamburg <\/strong><\/a>leistet geistliche, kulturelle und soziale Unterst\u00fctzung. Sie bewahrt und f\u00f6rdert das j\u00fcdische kulturelle Erbe in Norddeutschland.<\/li>\n<li>Die Samstags- und Abendschule <a href=\"http:\/\/umnaja-schkola.de\/\" target=\"_blank\" rel=\"noopener nofollow\"><strong>Schlaue Schule e.V.<\/strong><\/a> - ein Bildungs- und Kulturprojekt, das Kinder mit Migrationshintergrund in Schulf\u00e4chern, Sprachen und Musik betreut und unterrichtet.<\/li>\n<\/ul>\n<\/li>\n<\/ul>\n<hr \/>\n<p>&nbsp;<\/p>\n<\/div><\/div><\/div><\/div><\/div>","protected":false},"excerpt":{"rendered":"<p>SOZIALES ENGAGEMENT Soziale Projekte: &nbsp; Stravex organisiert den Einkauf, das Sammeln und den Transport humanit\u00e4rer Hilfe an die bed\u00fcrftigen Stellen in der Ukraine sowie \u00fcberwacht deren Verteilung: www.hamburgukraine.de &nbsp; Das Unternehmen unterst\u00fctzt folgende nicht-kommerzielle Organisationen in Hamburg: Der gemeinn\u00fctzige Verein Tanzbr\u00fccke e.V. entwickelt und f\u00f6rdert bei Kindern und Jugendlichen die F\u00e4higkeiten in den Bereichen Tanz, &hellip;<\/p>\n","protected":false},"author":1,"featured_media":3143,"parent":0,"menu_order":0,"comment_status":"closed","ping_status":"closed","template":"page-service.php","meta":{"_acf_changed":false,"footnotes":""},"class_list":["post-4260","page","type-page","status-publish","has-post-thumbnail","hentry"],"acf":[],"_links":{"self":[{"href":"https:\/\/www.stravex.com\/de\/wp-json\/wp\/v2\/pages\/4260","targetHints":{"allow":["GET"]}}],"collection":[{"href":"https:\/\/www.stravex.com\/de\/wp-json\/wp\/v2\/pages"}],"about":[{"href":"https:\/\/www.stravex.com\/de\/wp-json\/wp\/v2\/types\/page"}],"author":[{"embeddable":true,"href":"https:\/\/www.stravex.com\/de\/wp-json\/wp\/v2\/users\/1"}],"replies":[{"embeddable":true,"href":"https:\/\/www.stravex.com\/de\/wp-json\/wp\/v2\/comments?post=4260"}],"version-history":[{"count":1,"href":"https:\/\/www.stravex.com\/de\/wp-json\/wp\/v2\/pages\/4260\/revisions"}],"predecessor-version":[{"id":5336,"href":"https:\/\/www.stravex.com\/de\/wp-json\/wp\/v2\/pages\/4260\/revisions\/5336"}],"wp:featuredmedia":[{"embeddable":true,"href":"https:\/\/www.stravex.com\/de\/wp-json\/wp\/v2\/media\/3143"}],"wp:attachment":[{"href":"https:\/\/www.stravex.com\/de\/wp-json\/wp\/v2\/media?parent=4260"}],"curies":[{"name":"wp","href":"https:\/\/api.w.org\/{rel}","templated":true}]}}