{"id":4252,"date":"2025-07-06T22:56:23","date_gmt":"2025-07-06T20:56:23","guid":{"rendered":"https:\/\/www.stravex.com\/?page_id=4252"},"modified":"2026-01-01T12:51:33","modified_gmt":"2026-01-01T11:51:33","slug":"spedition-australien-transport-neuseeland","status":"publish","type":"page","link":"https:\/\/www.stravex.com\/de\/spedition-australien-transport-neuseeland","title":{"rendered":"Spedition Australien und Neuseeland"},"content":{"rendered":"<div id=\"pl-4252\"  class=\"panel-layout\" ><div id=\"pg-4252-0\"  class=\"panel-grid panel-no-style\" ><div id=\"pgc-4252-0-0\"  class=\"panel-grid-cell\" ><div id=\"panel-4252-0-0-0\" class=\"so-panel widget widget_sow-image panel-first-child panel-last-child\" data-index=\"0\" ><div\n\t\t\t\n\t\t\tclass=\"so-widget-sow-image so-widget-sow-image-default-6ec9e3772f75-4252\"\n\t\t\t\n\t\t>\n<div class=\"sow-image-container\">\n\t\t\t<a href=\"\/wp-content\/uploads\/2025\/07\/AustraliaNew.jpg\"\n\t\t\t\t\t>\n\t\t\t<img \n\tsrc=\"https:\/\/www.stravex.com\/wp-content\/uploads\/2025\/07\/AustraliaNew-360x240.jpg\" width=\"360\" height=\"240\" srcset=\"https:\/\/www.stravex.com\/wp-content\/uploads\/2025\/07\/AustraliaNew-360x240.jpg 360w, https:\/\/www.stravex.com\/wp-content\/uploads\/2025\/07\/AustraliaNew-272x182.jpg 272w\" sizes=\"(max-width: 360px) 100vw, 360px\" title=\"Spedition Australien und Neuseeland\" alt=\"Spedition Australien, Spedition Neuseeland, Transport Australien, Transport Neuseeland, Luftfracht Australien, Seefracht Neuseeland\" \t\tclass=\"so-widget-image\"\/>\n\t\t\t<\/a><\/div>\n\n<\/div><\/div><\/div><div id=\"pgc-4252-0-1\"  class=\"panel-grid-cell\" ><div id=\"panel-4252-0-1-0\" class=\"so-panel widget widget_black-studio-tinymce widget_black_studio_tinymce panel-first-child panel-last-child\" data-index=\"1\" ><div class=\"textwidget\"><h2><span style=\"font-size: 30px;\"><strong>Zuverl\u00e4ssige Transporte aus Deutschland, \u00d6sterreich und der Schweiz nach Australien und Neuseeland<\/strong><\/span><\/h2>\n<\/div><\/div><\/div><\/div><div id=\"pg-4252-1\"  class=\"panel-grid panel-no-style\" ><div id=\"pgc-4252-1-0\"  class=\"panel-grid-cell\" ><div id=\"panel-4252-1-0-0\" class=\"so-panel widget widget_black-studio-tinymce widget_black_studio_tinymce panel-first-child panel-last-child\" data-index=\"2\" ><div class=\"textwidget\"><p><span style=\"font-size: 24px;\"><strong>Unser Logistikunternehmen bietet die folgenden professionellen Frachtleistungen:<\/strong>\u00a0\u00a0<\/span><\/p>\n<ul>\n<li><a title=\"Seetransporte\" href=\"https:\/\/www.stravex.com\/de\/seefracht-deutschland-container\" target=\"_blank\" rel=\"noopener\"><strong>Seetransporte<\/strong><\/a>\u00a0<strong>Australien und Neuseeland<\/strong>\n<ul>\n<li>Containertransporte (FCL) nach\/von Melbourne, Sydney und Auckland von\/nach Hamburg, Bremerhaven, Antwerpen, Rotterdam und anderen europ\u00e4ischen H\u00e4fen<\/li>\n<li>W\u00f6chentliche Sammelgutcontainer (LCL) nach und von Australien &amp; Neuseeland \u00fcber Hamburg<\/li>\n<li>Transporte in Australien und Neuseeland bis zu den H\u00e4fen Melbourne, Sydney und Auckland<\/li>\n<li>Projekt- und Schwertransporte von Baumaschinen, Bef\u00f6rderungsmitteln und Industrieanlagen<\/li>\n<li>Logistikl\u00f6sungen zwischen Australien, Neuseeland und der Ukraine \u00fcber Hamburg<\/li>\n<\/ul>\n<\/li>\n<\/ul>\n<ul>\n<li><strong><a title=\"Lufttransporte\" href=\"https:\/\/www.stravex.com\/de\/luftfracht-deutschland-lufttransporte\" target=\"_blank\" rel=\"noopener\">Lufttransporte<\/a>\u00a0Australien und Neuseeland<\/strong>\n<ul>\n<li>Luftfracht von\/nach Melbourne Airport, Kingsford Smith International Airport Sydney und Auckland International Airport nach\/von Deutschland, Europa, Amerika, Asien und Afrika:\n<ul>\n<li>Europaweite Transporte von\/zu europ\u00e4ischen Flugh\u00e4fen f\u00fcr weitere Fracht nach\/von Australien und Neuseeland<\/li>\n<li>Verzollung an den Flugh\u00e4fen<\/li>\n<li>Luftfracht mit Singapore Airlines, British Airways, Emirates, Etihad Airlines, Virgin Australia, Air New Zealand und weiteren Fluggesellschaften<\/li>\n<\/ul>\n<\/li>\n<\/ul>\n<\/li>\n<\/ul>\n<p>Wir organisieren die Logistikl\u00f6sungen f\u00fcr Transporte nach Australien und Neuseeland aus den meisten L\u00e4ndern von Amerika, Asien, Afrika und den folgenden europ\u00e4ischen und zentralasiatischen L\u00e4ndern:\u00a0Belgien, Bulgarien, D\u00e4nemark, Deutschland, Estland, Finnland, Frankreich, Griechenland, Gro\u00dfbritannien, Italien, Irland, Kasachstan, Kroatien, Lettland, Litauen, Luxemburg, Malta, den Niederlanden, Norwegen, Polen, Portugal, \u00d6sterreich, Rum\u00e4nien, Schweden, der Schweiz, der Slowakei, Slowenien, Spanien, Tschechien, Turkmenistan, der Ukraine, Ungarn, Usbekistan und Zypern.<\/p>\n<p><strong>Haben Sie Fragen zu Lieferungen zwischen Europa, Australien und Neuseeland?<\/strong><\/p>\n<p><strong>Kontaktieren Sie uns! Unser kompetentes Team freut sich auf Ihre Anfrage:<\/strong><\/p>\n<p><strong>\ud83d\udcde Telefon:\u00a0\u00a0<a href=\"tel:+4940334870300\" target=\"_blank\" rel=\"noopener\">+4940334870300<\/a><\/strong><\/p>\n<p><strong>\u2709\ufe0f E-Mail:\u00a0\u00a0\u00a0<\/strong>\u00a0\u00a0<strong><span id=\"cloakf6bdcd2469c703f8a1aab9e38d7aabea\"><a href=\"mailto:info@stravex.com\" target=\"_blank\" rel=\"noopener\">info@stravex.com<\/a><\/span><\/strong><\/p>\n<hr \/>\n<p>&nbsp;<\/p>\n<\/div><\/div><\/div><\/div><\/div>","protected":false},"excerpt":{"rendered":"<p>Zuverl\u00e4ssige Transporte aus Deutschland, \u00d6sterreich und der Schweiz nach Australien und Neuseeland <\/p>\n","protected":false},"author":1,"featured_media":3206,"parent":0,"menu_order":0,"comment_status":"closed","ping_status":"closed","template":"page-service.php","meta":{"_acf_changed":false,"footnotes":""},"class_list":["post-4252","page","type-page","status-publish","has-post-thumbnail","hentry"],"acf":[],"_links":{"self":[{"href":"https:\/\/www.stravex.com\/de\/wp-json\/wp\/v2\/pages\/4252","targetHints":{"allow":["GET"]}}],"collection":[{"href":"https:\/\/www.stravex.com\/de\/wp-json\/wp\/v2\/pages"}],"about":[{"href":"https:\/\/www.stravex.com\/de\/wp-json\/wp\/v2\/types\/page"}],"author":[{"embeddable":true,"href":"https:\/\/www.stravex.com\/de\/wp-json\/wp\/v2\/users\/1"}],"replies":[{"embeddable":true,"href":"https:\/\/www.stravex.com\/de\/wp-json\/wp\/v2\/comments?post=4252"}],"version-history":[{"count":3,"href":"https:\/\/www.stravex.com\/de\/wp-json\/wp\/v2\/pages\/4252\/revisions"}],"predecessor-version":[{"id":5368,"href":"https:\/\/www.stravex.com\/de\/wp-json\/wp\/v2\/pages\/4252\/revisions\/5368"}],"wp:featuredmedia":[{"embeddable":true,"href":"https:\/\/www.stravex.com\/de\/wp-json\/wp\/v2\/media\/3206"}],"wp:attachment":[{"href":"https:\/\/www.stravex.com\/de\/wp-json\/wp\/v2\/media?parent=4252"}],"curies":[{"name":"wp","href":"https:\/\/api.w.org\/{rel}","templated":true}]}}