{"id":4249,"date":"2025-07-06T22:43:57","date_gmt":"2025-07-06T20:43:57","guid":{"rendered":"https:\/\/www.stravex.com\/?page_id=4249"},"modified":"2025-09-07T16:36:24","modified_gmt":"2025-09-07T13:36:24","slug":"spedition-afrika","status":"publish","type":"page","link":"https:\/\/www.stravex.com\/de\/spedition-afrika","title":{"rendered":"Spedition Afrika"},"content":{"rendered":"<div id=\"pl-4249\"  class=\"panel-layout\" ><div id=\"pg-4249-0\"  class=\"panel-grid panel-has-style\" ><div class=\"country panel-row-style panel-row-style-for-4249-0\" ><div id=\"pgc-4249-0-0\"  class=\"panel-grid-cell\" ><div id=\"panel-4249-0-0-0\" class=\"so-panel widget widget_pw_featured_page widget-featured-page panel-first-child panel-last-child\" data-index=\"0\" >\n\t<div class=\"page-box  page-box--block\">\n\t\t\t\t\t\t\t\t\t<a class=\"page-box__picture\" href=\"https:\/\/www.stravex.com\/de\/spedition-nigeria-ghana-togo-senegal-kamerun-transport\">\n\t\t\t\t\t<img loading=\"lazy\" decoding=\"async\" src=\"https:\/\/www.stravex.com\/wp-content\/uploads\/2025\/07\/NigeriaFlag-v2-360x240.jpg\" width=\"360\" height=\"240\" srcset=\"https:\/\/www.stravex.com\/wp-content\/uploads\/2025\/07\/NigeriaFlag-v2-360x240.jpg 360w, https:\/\/www.stravex.com\/wp-content\/uploads\/2025\/07\/NigeriaFlag-v2.jpg 1080w\" sizes=\"auto, (min-width: 992px) 360px, calc(100vw - 30px)\" class=\"wp-post-image\" alt=\"Spedition Nigeria, Ghana, Senegal, Kamerun, Togo, Benin und Westafrika\" title=\"\">\n\t\t\t\t<\/a>\n\t\t\t\t\t\t\t<div class=\"page-box__content\">\n\t\t\t<h5 class=\"page-box__title text-uppercase\"><a href=\"https:\/\/www.stravex.com\/de\/spedition-nigeria-ghana-togo-senegal-kamerun-transport\">Spedition Nigeria, Ghana, Senegal, Kamerun, Togo, Benin und Westafrika<\/a><\/h5>\n\t\t\t<p>Unser Logistikunternehmen bietet die folgenden professionellen Transporte von Europa nach Westafrika<\/p>\n\t\t\t\t\t\t\t<p><a href=\"https:\/\/www.stravex.com\/de\/spedition-nigeria-ghana-togo-senegal-kamerun-transport\" class=\"read-more  read-more--page-box\">mehr lesen<\/a><\/p>\n\t\t\t\t\t<\/div>\n\t<\/div>\n\n<\/div><\/div><div id=\"pgc-4249-0-1\"  class=\"panel-grid-cell\" ><div id=\"panel-4249-0-1-0\" class=\"so-panel widget widget_pw_featured_page widget-featured-page panel-first-child panel-last-child\" data-index=\"1\" >\n\t<div class=\"page-box  page-box--block\">\n\t\t\t\t\t\t\t\t\t<a class=\"page-box__picture\" href=\"https:\/\/www.stravex.com\/de\/spedition-aethiopien-kenia-sudan\">\n\t\t\t\t\t<img loading=\"lazy\" decoding=\"async\" src=\"https:\/\/www.stravex.com\/wp-content\/uploads\/2025\/07\/EthiopiaFlagge-360x240.jpg\" width=\"360\" height=\"240\" srcset=\"https:\/\/www.stravex.com\/wp-content\/uploads\/2025\/07\/EthiopiaFlagge-360x240.jpg 360w, https:\/\/www.stravex.com\/wp-content\/uploads\/2025\/07\/EthiopiaFlagge.jpg 1920w\" sizes=\"auto, (min-width: 992px) 360px, calc(100vw - 30px)\" class=\"wp-post-image\" alt=\"Spedition \u00c4thiopien, Kenia, Uganda, Sudan, S\u00fcdsudan und Dschibuti\" title=\"\">\n\t\t\t\t<\/a>\n\t\t\t\t\t\t\t<div class=\"page-box__content\">\n\t\t\t<h5 class=\"page-box__title text-uppercase\"><a href=\"https:\/\/www.stravex.com\/de\/spedition-aethiopien-kenia-sudan\">Spedition \u00c4thiopien, Kenia, Uganda, Sudan, S\u00fcdsudan und Dschibuti<\/a><\/h5>\n\t\t\t<p>Zuverl\u00e4ssige Transporte nach Sudan, \u00c4thiopien, Kenia, Uganda, S\u00fcdsudan und Dschibuti<\/p>\n\t\t\t\t\t\t\t<p><a href=\"https:\/\/www.stravex.com\/de\/spedition-aethiopien-kenia-sudan\" class=\"read-more  read-more--page-box\">Mehr lesen<\/a><\/p>\n\t\t\t\t\t<\/div>\n\t<\/div>\n\n<\/div><\/div><div id=\"pgc-4249-0-2\"  class=\"panel-grid-cell\" ><div id=\"panel-4249-0-2-0\" class=\"so-panel widget widget_pw_featured_page widget-featured-page panel-first-child panel-last-child\" data-index=\"2\" >\n\t<div class=\"page-box  page-box--block\">\n\t\t\t\t\t\t\t\t\t<a class=\"page-box__picture\" href=\"https:\/\/www.stravex.com\/de\/spedition-sudafrika-angola\">\n\t\t\t\t\t<img loading=\"lazy\" decoding=\"async\" src=\"https:\/\/www.stravex.com\/wp-content\/uploads\/2025\/07\/SouthAfricaFlag-360x240.jpg\" width=\"360\" height=\"240\" srcset=\"https:\/\/www.stravex.com\/wp-content\/uploads\/2025\/07\/SouthAfricaFlag-360x240.jpg 360w, https:\/\/www.stravex.com\/wp-content\/uploads\/2025\/07\/SouthAfricaFlag.jpg 1920w\" sizes=\"auto, (min-width: 992px) 360px, calc(100vw - 30px)\" class=\"wp-post-image\" alt=\"Frachttransporte nach S\u00fcdafrika, Angola, Zimbabwe, Mosambik und Namibia\" title=\"\">\n\t\t\t\t<\/a>\n\t\t\t\t\t\t\t<div class=\"page-box__content\">\n\t\t\t<h5 class=\"page-box__title text-uppercase\"><a href=\"https:\/\/www.stravex.com\/de\/spedition-sudafrika-angola\">Frachttransporte nach S\u00fcdafrika, Angola, Zimbabwe, Mosambik und Namibia<\/a><\/h5>\n\t\t\t<p>Professionelle Logistik zwischen S\u00fcdafrika, Deutschland, \u00d6sterreich und der Schweiz<\/p>\n\t\t\t\t\t\t\t<p><a href=\"https:\/\/www.stravex.com\/de\/spedition-sudafrika-angola\" class=\"read-more  read-more--page-box\">Mehr lesen<\/a><\/p>\n\t\t\t\t\t<\/div>\n\t<\/div>\n\n<\/div><\/div><div id=\"pgc-4249-0-3\"  class=\"panel-grid-cell\" ><div id=\"panel-4249-0-3-0\" class=\"so-panel widget widget_pw_featured_page widget-featured-page panel-first-child panel-last-child\" data-index=\"3\" >\n\t<div class=\"page-box  page-box--block\">\n\t\t\t\t\t\t\t\t\t<a class=\"page-box__picture\" href=\"https:\/\/www.stravex.com\/de\/spedition-marokko-aegypten-tunesien-algerien\">\n\t\t\t\t\t<img loading=\"lazy\" decoding=\"async\" src=\"https:\/\/www.stravex.com\/wp-content\/uploads\/2025\/08\/egypet-360x240.jpg\" width=\"360\" height=\"240\" srcset=\"https:\/\/www.stravex.com\/wp-content\/uploads\/2025\/08\/egypet-360x240.jpg 360w, https:\/\/www.stravex.com\/wp-content\/uploads\/2025\/08\/egypet.jpg 1058w\" sizes=\"auto, (min-width: 992px) 360px, calc(100vw - 30px)\" class=\"wp-post-image\" alt=\"Spedition Marokko, \u00c4gypten, Tunesien und Algerien\" title=\"\">\n\t\t\t\t<\/a>\n\t\t\t\t\t\t\t<div class=\"page-box__content\">\n\t\t\t<h5 class=\"page-box__title text-uppercase\"><a href=\"https:\/\/www.stravex.com\/de\/spedition-marokko-aegypten-tunesien-algerien\">Spedition Marokko, \u00c4gypten, Tunesien und Algerien<\/a><\/h5>\n\t\t\t<p>Unser Logistikunternehmen bietet die folgenden professionellen Transporte von Europa nach Nordafrika<\/p>\n\t\t\t\t\t\t\t<p><a href=\"https:\/\/www.stravex.com\/de\/spedition-marokko-aegypten-tunesien-algerien\" class=\"read-more  read-more--page-box\">Mehr lesen<\/a><\/p>\n\t\t\t\t\t<\/div>\n\t<\/div>\n\n<\/div><\/div><\/div><\/div><div id=\"pg-4249-1\"  class=\"panel-grid panel-no-style\" ><div id=\"pgc-4249-1-0\"  class=\"panel-grid-cell panel-grid-cell-empty\" ><\/div><\/div><\/div>","protected":false},"excerpt":{"rendered":"<p>Spedition Nigeria, Ghana, Senegal, Kamerun, Togo, Benin und Westafrika Unser Logistikunternehmen bietet die folgenden professionellen Transporte von Europa nach Westafrika mehr lesen Spedition \u00c4thiopien, Kenia, Uganda, Sudan, S\u00fcdsudan und Dschibuti Zuverl\u00e4ssige Transporte nach Sudan, \u00c4thiopien, Kenia, Uganda, S\u00fcdsudan und Dschibuti Mehr lesen Frachttransporte nach S\u00fcdafrika, Angola, Zimbabwe, Mosambik und Namibia Professionelle Logistik zwischen S\u00fcdafrika, Deutschland, &hellip;<\/p>\n","protected":false},"author":1,"featured_media":0,"parent":0,"menu_order":0,"comment_status":"closed","ping_status":"closed","template":"","meta":{"_acf_changed":false,"footnotes":""},"class_list":["post-4249","page","type-page","status-publish","hentry"],"acf":[],"_links":{"self":[{"href":"https:\/\/www.stravex.com\/de\/wp-json\/wp\/v2\/pages\/4249","targetHints":{"allow":["GET"]}}],"collection":[{"href":"https:\/\/www.stravex.com\/de\/wp-json\/wp\/v2\/pages"}],"about":[{"href":"https:\/\/www.stravex.com\/de\/wp-json\/wp\/v2\/types\/page"}],"author":[{"embeddable":true,"href":"https:\/\/www.stravex.com\/de\/wp-json\/wp\/v2\/users\/1"}],"replies":[{"embeddable":true,"href":"https:\/\/www.stravex.com\/de\/wp-json\/wp\/v2\/comments?post=4249"}],"version-history":[{"count":0,"href":"https:\/\/www.stravex.com\/de\/wp-json\/wp\/v2\/pages\/4249\/revisions"}],"wp:attachment":[{"href":"https:\/\/www.stravex.com\/de\/wp-json\/wp\/v2\/media?parent=4249"}],"curies":[{"name":"wp","href":"https:\/\/api.w.org\/{rel}","templated":true}]}}