{"id":4245,"date":"2025-07-06T22:09:40","date_gmt":"2025-07-06T20:09:40","guid":{"rendered":"https:\/\/www.stravex.com\/?page_id=4245"},"modified":"2026-04-06T19:16:42","modified_gmt":"2026-04-06T17:16:42","slug":"spedition-sudafrika-angola","status":"publish","type":"page","link":"https:\/\/www.stravex.com\/de\/spedition-sudafrika-angola","title":{"rendered":"Frachttransporte nach S\u00fcdafrika, Angola, Zimbabwe, Mosambik und Namibia"},"content":{"rendered":"<div id=\"pl-4245\"  class=\"panel-layout\" ><div id=\"pg-4245-0\"  class=\"panel-grid panel-no-style\" ><div id=\"pgc-4245-0-0\"  class=\"panel-grid-cell\" ><div id=\"panel-4245-0-0-0\" class=\"so-panel widget widget_sow-image panel-first-child panel-last-child\" data-index=\"0\" ><div\n\t\t\t\n\t\t\tclass=\"so-widget-sow-image so-widget-sow-image-default-6ec9e3772f75-4245\"\n\t\t\t\n\t\t>\n<div class=\"sow-image-container\">\n\t\t\t<a href=\"\/wp-content\/uploads\/2025\/07\/Afrika.jpg\"\n\t\t\t\t\t>\n\t\t\t<img loading=\"lazy\" decoding=\"async\" src=\"https:\/\/www.stravex.com\/wp-content\/uploads\/2025\/07\/Afrika-273x300.jpg\" width=\"273\" height=\"300\" srcset=\"https:\/\/www.stravex.com\/wp-content\/uploads\/2025\/07\/Afrika-273x300.jpg 273w, https:\/\/www.stravex.com\/wp-content\/uploads\/2025\/07\/Afrika-932x1024.jpg 932w, https:\/\/www.stravex.com\/wp-content\/uploads\/2025\/07\/Afrika-768x844.jpg 768w, https:\/\/www.stravex.com\/wp-content\/uploads\/2025\/07\/Afrika-1398x1536.jpg 1398w, https:\/\/www.stravex.com\/wp-content\/uploads\/2025\/07\/Afrika.jpg 1748w\" sizes=\"auto, (max-width: 273px) 100vw, 273px\" title=\"Transport nach \u00c4thiopien, Kenia, Sudan, S\u00fcdsudan und Dschibuti\" alt=\"\" class=\"so-widget-image\">\n\t\t\t<\/a><\/div>\n\n<\/div><\/div><\/div><div id=\"pgc-4245-0-1\"  class=\"panel-grid-cell\" ><div id=\"panel-4245-0-1-0\" class=\"so-panel widget widget_black-studio-tinymce widget_black_studio_tinymce panel-first-child panel-last-child\" data-index=\"1\" ><div class=\"textwidget\"><h2>Professionelle Logistik nach S\u00fcdafrika, Angola, Namibien, Zimbabwe und Mosambik von Deutschland, \u00d6sterreich und aus der Schweiz<\/h2>\n<\/div><\/div><\/div><\/div><div id=\"pg-4245-1\"  class=\"panel-grid panel-no-style\" ><div id=\"pgc-4245-1-0\"  class=\"panel-grid-cell\" ><div id=\"panel-4245-1-0-0\" class=\"so-panel widget widget_black-studio-tinymce widget_black_studio_tinymce panel-first-child panel-last-child\" data-index=\"2\" ><div class=\"textwidget\"><h3><span style=\"font-size: 24px;\"><strong>Unsere Spedition bietet die folgenden Transporte von Deutschland, \u00d6sterreich und aus der Schweiz nach S\u00fcdafrika, Angola, Zimbabwe, Mosambik und Namibia an:<\/strong><\/span><\/h3>\n<p>&nbsp;<\/p>\n<ul>\n<li><a title=\"Seetransporte\" href=\"https:\/\/www.stravex.com\/de\/seefracht-deutschland-container\" target=\"_blank\" rel=\"noopener\"><strong>Seetransporte<\/strong><\/a>\u00a0<strong>S\u00fcdafrika<\/strong>\n<ul>\n<li>Regelm\u00e4\u00dfige Bef\u00f6rderung von Containern (FCL) und w\u00f6chentlichen Sammelgutcontainern (LCL)\u00a0nach Durban, Kapstadt und Port Elizabeth (S\u00fcdafrika), Walvis Bay (Namibia), Luanda und Lobito (Angola) und Maputo (Mosambik)<\/li>\n<li>Projekt- und Schwertransporte von Baumaschinen, Bef\u00f6rderungsmitteln und Industrieanlagen<\/li>\n<li>Weltweite multimodale Transporte<\/li>\n<li>Logistikl\u00f6sungen zwischen den L\u00e4ndern in S\u00fcdafrika und der Ukraine<\/li>\n<\/ul>\n<\/li>\n<\/ul>\n<p>&nbsp;<\/p>\n<ul>\n<li><strong><a title=\"Lufttransporte\" href=\"https:\/\/www.stravex.com\/de\/luftfracht-deutschland-lufttransporte\" target=\"_blank\" rel=\"noopener\">Lufttransporte<\/a>\u00a0S\u00fcdafrika<\/strong>\n<ul>\n<li>Luftfracht nach Tambo International Airport in Johannesburg, Cape Town International Airport in Kapstadt, King Shaka International Airport in Durban (S\u00fcdafrika); Aeroporto Internacional Quatro de Fevereiro in Luanda (Angola);\u00a0 Robert Gabriel Mugabe International Airport in Harare (Zimbabwe), Maputo International Airport in Mosambik und Windhoek Hosea Kutako in Namibia von Frankfurt am Main, Z\u00fcrich, Wien und anderen europ\u00e4ischen Hubs<\/li>\n<li>Versand mit South African Airlines, Taag Angola Airlines, Etihad, Emirates, Lufthansa, KLM, Swiss International Air Lines, Austrian Airlines, DHL etc.<\/li>\n<li>LKW-Transporte zu allen Flugh\u00e4fen<\/li>\n<li>Import- und Exportverzollung an den Flugh\u00e4fen<\/li>\n<li>Sondertarife f\u00fcr Lieferungen nach Kapstadt in S\u00fcdafrika von Frankfurt am Main und Z\u00fcrich<\/li>\n<\/ul>\n<\/li>\n<\/ul>\n<p>&nbsp;<\/p>\n<p>Wir f\u00fchren Transporte nach S\u00fcdafrika, Angola, Zimbabwe, Namibia und Mosambik von den meisten L\u00e4ndern in Amerika, Asien sowie den folgenden europ\u00e4ischen und zentralasiatischen L\u00e4ndern durch: Belgien, Bulgarien, D\u00e4nemark, Deutschland, Estland, Finnland, Frankreich, Griechenland, Gro\u00dfbritannien, Italien, Irland, Kasachstan, Kroatien, Lettland, Litauen, Luxemburg, Malta, den Niederlanden, Norwegen, Polen, Portugal, \u00d6sterreich, Rum\u00e4nien, Schweden, der Schweiz, der Slowakei, Slowenien, Spanien, Tschechien, Turkmenistan, der Ukraine, Ungarn, Usbekistan und Zypern.<\/p>\n<p><strong>Haben Sie Fragen zu Lieferungen zwischen Deutshland, \u00d6sterreich, der Schweiz und S\u00fcdafrika?<\/strong><\/p>\n<p><strong>Kontaktieren Sie uns! Unser kompetentes Team freut sich auf Ihre Anfrage:<\/strong><\/p>\n<p><strong>\ud83d\udcde Telefon:\u00a0\u00a0<a href=\"tel:+4940334870300\" target=\"_blank\" rel=\"noopener\">+4940334870300<\/a><\/strong><\/p>\n<p><strong>\u2709\ufe0f E-Mail:\u00a0\u00a0\u00a0<\/strong>\u00a0\u00a0<strong><span id=\"cloakc15fa7702e6cfc558987dcc0b33deaca\"><a href=\"mailto:info@stravex.com\" target=\"_blank\" rel=\"noopener\">info@stravex.com<\/a><\/span><\/strong><\/p>\n<p>&nbsp;<\/p>\n<hr \/>\n<\/div><\/div><\/div><\/div><\/div>","protected":false},"excerpt":{"rendered":"<p>Professionelle Logistik zwischen S\u00fcdafrika, Deutschland, \u00d6sterreich und der Schweiz<\/p>\n","protected":false},"author":1,"featured_media":2677,"parent":0,"menu_order":0,"comment_status":"closed","ping_status":"closed","template":"page-service.php","meta":{"_acf_changed":false,"footnotes":""},"class_list":["post-4245","page","type-page","status-publish","has-post-thumbnail","hentry"],"acf":[],"_links":{"self":[{"href":"https:\/\/www.stravex.com\/de\/wp-json\/wp\/v2\/pages\/4245","targetHints":{"allow":["GET"]}}],"collection":[{"href":"https:\/\/www.stravex.com\/de\/wp-json\/wp\/v2\/pages"}],"about":[{"href":"https:\/\/www.stravex.com\/de\/wp-json\/wp\/v2\/types\/page"}],"author":[{"embeddable":true,"href":"https:\/\/www.stravex.com\/de\/wp-json\/wp\/v2\/users\/1"}],"replies":[{"embeddable":true,"href":"https:\/\/www.stravex.com\/de\/wp-json\/wp\/v2\/comments?post=4245"}],"version-history":[{"count":7,"href":"https:\/\/www.stravex.com\/de\/wp-json\/wp\/v2\/pages\/4245\/revisions"}],"predecessor-version":[{"id":6085,"href":"https:\/\/www.stravex.com\/de\/wp-json\/wp\/v2\/pages\/4245\/revisions\/6085"}],"wp:featuredmedia":[{"embeddable":true,"href":"https:\/\/www.stravex.com\/de\/wp-json\/wp\/v2\/media\/2677"}],"wp:attachment":[{"href":"https:\/\/www.stravex.com\/de\/wp-json\/wp\/v2\/media?parent=4245"}],"curies":[{"name":"wp","href":"https:\/\/api.w.org\/{rel}","templated":true}]}}