{"id":4243,"date":"2025-07-06T21:47:16","date_gmt":"2025-07-06T19:47:16","guid":{"rendered":"https:\/\/www.stravex.com\/?page_id=4243"},"modified":"2026-04-06T17:21:19","modified_gmt":"2026-04-06T15:21:19","slug":"spedition-aethiopien-kenia-sudan","status":"publish","type":"page","link":"https:\/\/www.stravex.com\/de\/spedition-aethiopien-kenia-sudan","title":{"rendered":"Spedition \u00c4thiopien, Kenia, Uganda, Sudan, S\u00fcdsudan und Dschibuti"},"content":{"rendered":"<div id=\"pl-4243\"  class=\"panel-layout\" ><div id=\"pg-4243-0\"  class=\"panel-grid panel-no-style\" ><div id=\"pgc-4243-0-0\"  class=\"panel-grid-cell\" ><div id=\"panel-4243-0-0-0\" class=\"so-panel widget widget_sow-image panel-first-child panel-last-child\" data-index=\"0\" ><div\n\t\t\t\n\t\t\tclass=\"so-widget-sow-image so-widget-sow-image-default-6ec9e3772f75-4243\"\n\t\t\t\n\t\t>\n<div class=\"sow-image-container\">\n\t\t\t<a href=\"\/wp-content\/uploads\/2025\/07\/Afrika.jpg\"\n\t\t\t\t\t>\n\t\t\t<img loading=\"lazy\" decoding=\"async\" src=\"https:\/\/www.stravex.com\/wp-content\/uploads\/2025\/07\/Afrika-273x300.jpg\" width=\"273\" height=\"300\" srcset=\"https:\/\/www.stravex.com\/wp-content\/uploads\/2025\/07\/Afrika-273x300.jpg 273w, https:\/\/www.stravex.com\/wp-content\/uploads\/2025\/07\/Afrika-932x1024.jpg 932w, https:\/\/www.stravex.com\/wp-content\/uploads\/2025\/07\/Afrika-768x844.jpg 768w, https:\/\/www.stravex.com\/wp-content\/uploads\/2025\/07\/Afrika-1398x1536.jpg 1398w, https:\/\/www.stravex.com\/wp-content\/uploads\/2025\/07\/Afrika.jpg 1748w\" sizes=\"auto, (max-width: 273px) 100vw, 273px\" title=\"Transport nach \u00c4thiopien, Kenia, Sudan, S\u00fcdsudan und Dschibuti\" alt=\"\" class=\"so-widget-image\">\n\t\t\t<\/a><\/div>\n\n<\/div><\/div><\/div><div id=\"pgc-4243-0-1\"  class=\"panel-grid-cell\" ><div id=\"panel-4243-0-1-0\" class=\"so-panel widget widget_black-studio-tinymce widget_black_studio_tinymce panel-first-child panel-last-child\" data-index=\"1\" ><div class=\"textwidget\"><h2><span style=\"font-size: 30px;\"><strong>Zuverl\u00e4ssige Warentransporte nach Sudan, \u00c4thiopien, Kenia, Uganda, S\u00fcdsudan &amp; Dschibuti<\/strong><\/span><\/h2>\n<\/div><\/div><\/div><\/div><div id=\"pg-4243-1\"  class=\"panel-grid panel-no-style\" ><div id=\"pgc-4243-1-0\"  class=\"panel-grid-cell\" ><div id=\"panel-4243-1-0-0\" class=\"so-panel widget widget_black-studio-tinymce widget_black_studio_tinymce panel-first-child panel-last-child\" data-index=\"2\" ><div class=\"textwidget\"><h2><strong>Unser Logistikunternehmen bietet die folgenden speditionellen Dienstleistungen von Deutschland, \u00d6sterreich und der Schweiz in die ostafrikanischen L\u00e4nder an:<\/strong><\/h2>\n<p>&nbsp;<\/p>\n<ul>\n<li><a title=\"Seetransporte\" href=\"https:\/\/www.stravex.com\/de\/seefracht-deutschland-container\" target=\"_blank\" rel=\"noopener\"><strong>Seetransporte<\/strong><\/a>\u00a0<strong>Ostafrika<\/strong>\n<ul>\n<li>Bef\u00f6rderung von Containern (FCL) nach Port Sudan, Mombasa f\u00fcr den Weitertransport nach Kenia und Uganda und Dschibuti f\u00fcr den Weitertransport nach \u00c4thiopien und Dschibuti<\/li>\n<li>W\u00f6chentliche Sammelgutcontainer (LCL) zwischen Hamburg und gro\u00dfen ostafrikanischen H\u00e4fen mit Vorlauf und Nachlauf zwischen Versendern und Empf\u00e4ngern<\/li>\n<li>Projekt- und Schwertransporte von Baumaschinen, Bef\u00f6rderungsmitteln und Industrieanlagen<\/li>\n<li>Weltweite multimodale Lieferungen<\/li>\n<li>Logistik zwischen den ostafrikanischen L\u00e4ndern und der Ukraine<\/li>\n<\/ul>\n<\/li>\n<\/ul>\n<p>&nbsp;<\/p>\n<ul>\n<li><strong><a title=\"Lufttransporte\" href=\"https:\/\/www.stravex.com\/de\/luftfracht-deutschland-lufttransporte\" target=\"_blank\" rel=\"noopener\">Lufttransporte<\/a>\u00a0Ostafrika<\/strong>\n<ul>\n<li>Luftfracht nach Jomo Kenyatta International Airport in Nairobi, Bole International Airport in Addis Ababa, Entebbe International Airport in Uganda, Port Sudan Airport in Sudan und Flughafen Juba in S\u00fcdsudan von Frankfurt am Main, Amsterdam, London, Z\u00fcrich, Istanbul und anderen europ\u00e4ischen Hubs\n<ul>\n<li>LKW-Transporte zu allen Flugh\u00e4fen<\/li>\n<li>Verzollung an Flugh\u00e4fen<\/li>\n<li>Versand mit Frachtern und regul\u00e4ren Passagierflugzeugen von\u00a0Kenya Airways, Ethiopian Airlines, Turkish Airlines, Etihad, Emirates, Lufthansa, KLM, Swiss International Air Lines und anderen Fluglinien<\/li>\n<\/ul>\n<\/li>\n<li>Sondertarife f\u00fcr Lieferungen nach Nairobi von Frankfurt am Main<\/li>\n<\/ul>\n<\/li>\n<\/ul>\n<p>&nbsp;<\/p>\n<p>Wir f\u00fchren Transporte nach Ostafrika aus den meisten L\u00e4ndern Amerikas, Asiens sowie den folgenden europ\u00e4ischen und zentralasiatischen L\u00e4ndern\u00a0 durch: Belgien, Bulgarien, D\u00e4nemark, Deutschland, Estland, Finnland, Frankreich, Griechenland, Gro\u00dfbritannien, Italien, Irland, Kasachstan, Kroatien, Lettland, Litauen, Luxemburg, Malta, den Niederlanden, Norwegen, Polen, Portugal, \u00d6sterreich, Rum\u00e4nien, Schweden, der Schweiz, der Slowakei, Slowenien, Spanien, Tschechien, Turkmenistan, der Ukraine, Ungarn, Usbekistan und Zypern.<\/p>\n<p>&nbsp;<\/p>\n<p><strong>Haben Sie Fragen zu Lieferungen zwischen Deutschland, \u00d6sterreich, der Schweiz und \u00c4thiopien, Kenia, Uganda, Sudan, S\u00fcdsudan oder Dschibuti?<\/strong><strong>\u00a0Kontaktieren Sie uns! Unser kompetentes Team freut sich auf Ihre Anfrage - per Telefon\u00a0<a href=\"tel:+4940334870300\" target=\"_blank\" rel=\"noopener\">+4940334870300<\/a><\/strong>\u00a0<strong>oder E-Mail an\u00a0<span id=\"cloak03b9b533f8da4f6691ed1f062b85bd29\"><a href=\"mailto:info@stravex.com\" target=\"_blank\" rel=\"noopener\">info@stravex.com.<\/a><\/span><\/strong><\/p>\n<hr \/>\n<p>&nbsp;<\/p>\n<\/div><\/div><\/div><\/div><\/div>","protected":false},"excerpt":{"rendered":"<p>Zuverl\u00e4ssige Transporte nach Sudan, \u00c4thiopien, Kenia, Uganda, S\u00fcdsudan und Dschibuti <\/p>\n","protected":false},"author":1,"featured_media":2668,"parent":0,"menu_order":0,"comment_status":"closed","ping_status":"closed","template":"page-service.php","meta":{"_acf_changed":false,"footnotes":""},"class_list":["post-4243","page","type-page","status-publish","has-post-thumbnail","hentry"],"acf":[],"_links":{"self":[{"href":"https:\/\/www.stravex.com\/de\/wp-json\/wp\/v2\/pages\/4243","targetHints":{"allow":["GET"]}}],"collection":[{"href":"https:\/\/www.stravex.com\/de\/wp-json\/wp\/v2\/pages"}],"about":[{"href":"https:\/\/www.stravex.com\/de\/wp-json\/wp\/v2\/types\/page"}],"author":[{"embeddable":true,"href":"https:\/\/www.stravex.com\/de\/wp-json\/wp\/v2\/users\/1"}],"replies":[{"embeddable":true,"href":"https:\/\/www.stravex.com\/de\/wp-json\/wp\/v2\/comments?post=4243"}],"version-history":[{"count":7,"href":"https:\/\/www.stravex.com\/de\/wp-json\/wp\/v2\/pages\/4243\/revisions"}],"predecessor-version":[{"id":6069,"href":"https:\/\/www.stravex.com\/de\/wp-json\/wp\/v2\/pages\/4243\/revisions\/6069"}],"wp:featuredmedia":[{"embeddable":true,"href":"https:\/\/www.stravex.com\/de\/wp-json\/wp\/v2\/media\/2668"}],"wp:attachment":[{"href":"https:\/\/www.stravex.com\/de\/wp-json\/wp\/v2\/media?parent=4243"}],"curies":[{"name":"wp","href":"https:\/\/api.w.org\/{rel}","templated":true}]}}