{"id":4241,"date":"2025-07-06T21:39:43","date_gmt":"2025-07-06T19:39:43","guid":{"rendered":"https:\/\/www.stravex.com\/?page_id=4241"},"modified":"2026-01-01T15:06:56","modified_gmt":"2026-01-01T14:06:56","slug":"spedition-nigeria-ghana-togo-senegal-kamerun-transport","status":"publish","type":"page","link":"https:\/\/www.stravex.com\/de\/spedition-nigeria-ghana-togo-senegal-kamerun-transport","title":{"rendered":"Spedition Nigeria, Ghana, Senegal, Kamerun, Togo, Benin und Westafrika"},"content":{"rendered":"<div id=\"pl-4241\"  class=\"panel-layout\" ><div id=\"pg-4241-0\"  class=\"panel-grid panel-no-style\" ><div id=\"pgc-4241-0-0\"  class=\"panel-grid-cell\" ><div id=\"panel-4241-0-0-0\" class=\"so-panel widget widget_sow-image panel-first-child panel-last-child\" data-index=\"0\" ><div\n\t\t\t\n\t\t\tclass=\"so-widget-sow-image so-widget-sow-image-default-6ec9e3772f75-4241\"\n\t\t\t\n\t\t>\n<div class=\"sow-image-container\">\n\t\t\t<a href=\"\/wp-content\/uploads\/2025\/07\/Afrika.jpg\"\n\t\t\t\t\t>\n\t\t\t<img loading=\"lazy\" decoding=\"async\" src=\"https:\/\/www.stravex.com\/wp-content\/uploads\/2025\/07\/Afrika-273x300.jpg\" width=\"273\" height=\"300\" srcset=\"https:\/\/www.stravex.com\/wp-content\/uploads\/2025\/07\/Afrika-273x300.jpg 273w, https:\/\/www.stravex.com\/wp-content\/uploads\/2025\/07\/Afrika-932x1024.jpg 932w, https:\/\/www.stravex.com\/wp-content\/uploads\/2025\/07\/Afrika-768x844.jpg 768w, https:\/\/www.stravex.com\/wp-content\/uploads\/2025\/07\/Afrika-1398x1536.jpg 1398w, https:\/\/www.stravex.com\/wp-content\/uploads\/2025\/07\/Afrika.jpg 1748w\" sizes=\"auto, (max-width: 273px) 100vw, 273px\" title=\"Transport nach \u00c4thiopien, Kenia, Sudan, S\u00fcdsudan und Dschibuti\" alt=\"\" class=\"so-widget-image\">\n\t\t\t<\/a><\/div>\n\n<\/div><\/div><\/div><div id=\"pgc-4241-0-1\"  class=\"panel-grid-cell\" ><div id=\"panel-4241-0-1-0\" class=\"so-panel widget widget_black-studio-tinymce widget_black_studio_tinymce panel-first-child panel-last-child\" data-index=\"1\" ><div class=\"textwidget\"><h2><span style=\"font-size: 30px;\"><strong>Unser Logistikunternehmen bietet die folgenden professionellen Transporte von Europa nach Westafrika: <\/strong><\/span><\/h2>\n<\/div><\/div><\/div><\/div><div id=\"pg-4241-1\"  class=\"panel-grid panel-no-style\" ><div id=\"pgc-4241-1-0\"  class=\"panel-grid-cell\" ><div id=\"panel-4241-1-0-0\" class=\"so-panel widget widget_black-studio-tinymce widget_black_studio_tinymce panel-first-child panel-last-child\" data-index=\"2\" ><div class=\"textwidget\"><ul>\n<li><strong><a title=\"Lufttransporte\" href=\"https:\/\/www.stravex.com\/de\/seefracht-deutschland-container\" target=\"_blank\" rel=\"noopener\">Seetransporte<\/a><\/strong>\n<ul>\n<li>Containertransporte (FCL) nach Port of Lagos\/Apapa und Port of Tin Can (Nigeria), Port of Abidjan (Elfenbeink\u00fcste), Port of Lagos (Nigeria), Port of Tema and Port of Takoradi (Ghana), Port of Dakar (Senegal), Port of Lom\u00e9 (Togo), Port of Cotonou (Benin)\u00a0von Hamburg, Bremerhaven, Antwerpen und Rotterdam\n<ul>\n<li>W\u00f6chentliche Sammelgutcontainer (LCL) zwischen Hamburg und westafrikanischen H\u00e4fen<\/li>\n<li>Europaweite Container- und St\u00fcckguttransporte von und zu den H\u00e4fen<\/li>\n<li><a href=\"https:\/\/www.stravex.com\/de\/schwertransporte-deutschland-spedition\" target=\"_blank\" rel=\"noopener\">Projekt- und Schwertransporte<\/a> von Baumaschinen, Bef\u00f6rderungsmitteln und Industrieanlagen<\/li>\n<li>Logistikl\u00f6sungen zwischen westafrikanischen L\u00e4ndern und <a href=\"https:\/\/www.stravex.com\/de\/spedition-ukraine-logistik\" target=\"_blank\" rel=\"noopener\">der Ukraine<\/a>\u00a0\u00fcber den Hafen Hamburg<\/li>\n<\/ul>\n<\/li>\n<\/ul>\n<\/li>\n<li><a title=\"Lufttransporte\" href=\"https:\/\/www.stravex.com\/de\/luftfracht-deutschland-lufttransporte\" target=\"_blank\" rel=\"noopener\"><strong>Lufttransporte<\/strong><\/a>\n<ul>\n<li>Luftfracht nach Murtala Muhammed International Airport in Lagos und Nnamdi Azikiwe International Airport in Abuja (Nigeria), Blaise Diagne International Airport (Senegal), F\u00e9lix-Houphou\u00ebt-Boigny International Airport (Elfenbeink\u00fcste), Kotoka International Airport (Ghana)\u00a0von Frankfurt, London, Paris und weiteren europ\u00e4ischen Hubs\n<ul>\n<li>Vor- und Nachlauf\u00a0zu und von europ\u00e4ischen Flugh\u00e4fen<\/li>\n<li>Verzollung an den Flugh\u00e4fen<\/li>\n<li>Luftfracht mit Lufthansa Cargo, KLM, Turkish Airlines, British Airways, Emirates, Air France und anderen Airlines<\/li>\n<\/ul>\n<\/li>\n<\/ul>\n<\/li>\n<\/ul>\n<p>&nbsp;<\/p>\n<p>Wir f\u00fchren Transporte nach Westafrika aus den meisten L\u00e4ndern von Amerika, Asien, Afrika, Australien und den folgenden europ\u00e4ischen und zentralasiatischen L\u00e4ndern durch: Belgien, Bulgarien, D\u00e4nemark, Deutschland, Estland, Finnland, Frankreich, Griechenland, Gro\u00dfbritannien, Italien, Irland, Kasachstan, Kroatien, Lettland, Litauen, Luxemburg, Malta, den Niederlanden, Norwegen, Polen, Portugal, \u00d6sterreich, Rum\u00e4nien, Schweden, der Schweiz, der Slowakei, Slowenien, Spanien, Tschechien, Turkmenistan, der Ukraine, Ungarn, Usbekistan und Zypern.<\/p>\n<p>&nbsp;<\/p>\n<p><strong>Haben Sie Fragen zu Lieferungen zwischen <a href=\"https:\/\/www.stravex.com\/de\/spedition-hamburg-deutschland-logistik-transport\" target=\"_blank\" rel=\"noopener\">Deutschland<\/a>, <a href=\"https:\/\/www.stravex.com\/de\/spedition-osterreich-transport\" target=\"_blank\" rel=\"noopener\">\u00d6sterreich<\/a>, <a href=\"https:\/\/www.stravex.com\/de\/spedition-schweiz-transport\" target=\"_blank\" rel=\"noopener\">der Schweiz<\/a> und Nigeria, Ghana, Togo, Benin, Senegal oder Kamerun? <\/strong><strong>Kontaktieren Sie uns! Unser kompetentes Team freut sich auf Ihre Anfrage - per Telefon <a href=\"tel:+4940334870300\" target=\"_blank\" rel=\"noopener\">+4940334870300<\/a> oder E-Mail <span id=\"cloak6d523fbc7b53131454dbdb40853babc7\"><a href=\"mailto:info@stravex.com\" target=\"_blank\" rel=\"noopener\">info@stravex.com<\/a><\/span>.<\/strong><\/p>\n<hr \/>\n<p>&nbsp;<\/p>\n<\/div><\/div><\/div><\/div><\/div>","protected":false},"excerpt":{"rendered":"<p>Unser Logistikunternehmen bietet die folgenden professionellen Transporte von Europa nach Westafrika <\/p>\n","protected":false},"author":1,"featured_media":3082,"parent":0,"menu_order":0,"comment_status":"closed","ping_status":"closed","template":"page-service.php","meta":{"_acf_changed":false,"footnotes":""},"class_list":["post-4241","page","type-page","status-publish","has-post-thumbnail","hentry"],"acf":[],"_links":{"self":[{"href":"https:\/\/www.stravex.com\/de\/wp-json\/wp\/v2\/pages\/4241","targetHints":{"allow":["GET"]}}],"collection":[{"href":"https:\/\/www.stravex.com\/de\/wp-json\/wp\/v2\/pages"}],"about":[{"href":"https:\/\/www.stravex.com\/de\/wp-json\/wp\/v2\/types\/page"}],"author":[{"embeddable":true,"href":"https:\/\/www.stravex.com\/de\/wp-json\/wp\/v2\/users\/1"}],"replies":[{"embeddable":true,"href":"https:\/\/www.stravex.com\/de\/wp-json\/wp\/v2\/comments?post=4241"}],"version-history":[{"count":4,"href":"https:\/\/www.stravex.com\/de\/wp-json\/wp\/v2\/pages\/4241\/revisions"}],"predecessor-version":[{"id":5390,"href":"https:\/\/www.stravex.com\/de\/wp-json\/wp\/v2\/pages\/4241\/revisions\/5390"}],"wp:featuredmedia":[{"embeddable":true,"href":"https:\/\/www.stravex.com\/de\/wp-json\/wp\/v2\/media\/3082"}],"wp:attachment":[{"href":"https:\/\/www.stravex.com\/de\/wp-json\/wp\/v2\/media?parent=4241"}],"curies":[{"name":"wp","href":"https:\/\/api.w.org\/{rel}","templated":true}]}}