{"id":4220,"date":"2025-07-06T19:57:26","date_gmt":"2025-07-06T17:57:26","guid":{"rendered":"https:\/\/www.stravex.com\/?page_id=4220"},"modified":"2025-12-31T13:29:44","modified_gmt":"2025-12-31T12:29:44","slug":"spedition-armenien","status":"publish","type":"page","link":"https:\/\/www.stravex.com\/de\/spedition-armenien","title":{"rendered":"Fachspedition von und nach Armenien"},"content":{"rendered":"<div id=\"pl-4220\"  class=\"panel-layout\" ><div id=\"pg-4220-0\"  class=\"panel-grid panel-no-style\" ><div id=\"pgc-4220-0-0\"  class=\"panel-grid-cell\" ><div id=\"panel-4220-0-0-0\" class=\"so-panel widget widget_sow-image panel-first-child panel-last-child\" data-index=\"0\" ><div\n\t\t\t\n\t\t\tclass=\"so-widget-sow-image so-widget-sow-image-default-6ec9e3772f75-4220\"\n\t\t\t\n\t\t>\n<div class=\"sow-image-container\">\n\t\t\t<a href=\"\/wp-content\/uploads\/2025\/06\/Armenia.jpg\"\n\t\t\t\t\t>\n\t\t\t<img \n\tsrc=\"https:\/\/www.stravex.com\/wp-content\/uploads\/2025\/06\/Armenia-360x240.jpg\" width=\"360\" height=\"240\" srcset=\"https:\/\/www.stravex.com\/wp-content\/uploads\/2025\/06\/Armenia-360x240.jpg 360w, https:\/\/www.stravex.com\/wp-content\/uploads\/2025\/06\/Armenia-272x182.jpg 272w\" sizes=\"(max-width: 360px) 100vw, 360px\" title=\"Spedition Armenien\" alt=\"Spedition Armenien, Luft Transport Armenien\" \t\tclass=\"so-widget-image\"\/>\n\t\t\t<\/a><\/div>\n\n<\/div><\/div><\/div><div id=\"pgc-4220-0-1\"  class=\"panel-grid-cell\" ><div id=\"panel-4220-0-1-0\" class=\"so-panel widget widget_black-studio-tinymce widget_black_studio_tinymce panel-first-child panel-last-child\" data-index=\"1\" ><div class=\"textwidget\"><h2><span style=\"font-size: 30px;\">Unsere Spedition bietet Ihnen zuverl\u00e4ssige Transportl\u00f6sungen f\u00fcr G\u00fcter von Deutschland, \u00d6sterreich oder der Schweiz nach Armenien an<\/span><\/h2>\n<\/div><\/div><\/div><\/div><div id=\"pg-4220-1\"  class=\"panel-grid panel-no-style\" ><div id=\"pgc-4220-1-0\"  class=\"panel-grid-cell\" ><div id=\"panel-4220-1-0-0\" class=\"so-panel widget widget_black-studio-tinymce widget_black_studio_tinymce panel-first-child panel-last-child\" data-index=\"2\" ><div class=\"textwidget\"><p><span style=\"font-size: 24px;\"><strong>Unsere Logistikleistungen nach Armenien:<\/strong><\/span><\/p>\n<ul>\n<li><a title=\"Seetransporte\" href=\"https:\/\/www.stravex.com\/de\/lkw-deutschland-containertransporte-hamburg\" target=\"_blank\" rel=\"noopener\"><strong>LKW-Transporte<\/strong><\/a>\u00a0<strong>Armenien<\/strong>\n<ul>\n<li>T\u00e4gliche Komplett- und Teilladungen sowie Sammelguttransporte<\/li>\n<li>Expresslieferungen f\u00fcr eilige G\u00fcter<\/li>\n<li>Gro\u00dfraum- und Schwerguttransporte nach Armenien<\/li>\n<li>Gefahrgut-, Thermo- und K\u00fchltransporte<\/li>\n<\/ul>\n<\/li>\n<\/ul>\n<ul>\n<li><a title=\"Seetransporte\" href=\"https:\/\/www.stravex.com\/de\/seefracht-deutschland-container\" target=\"_blank\" rel=\"noopener\"><strong>Seetransporte<\/strong><\/a>\u00a0\u00a0<strong>Armenien<\/strong>\n<ul>\n<li>Seefracht \u00fcber den Hafen von Poti (Georgien) mit Weitertransport per Bahn oder LKW<\/li>\n<li>Import und Export aus Asien, Amerika und Afrika<\/li>\n<\/ul>\n<\/li>\n<\/ul>\n<ul>\n<li><strong><a title=\"Lufttransporte\" href=\"https:\/\/www.stravex.com\/de\/luftfracht-deutschland-lufttransporte\" target=\"_blank\" rel=\"noopener\">L<\/a><a title=\"Lufttransporte\" href=\"https:\/\/www.stravex.com\/de\/luftfracht-deutschland-lufttransporte\" target=\"_blank\" rel=\"noopener\">ufttransporte<\/a>\u00a0<\/strong><strong>\u00a0Armenien<\/strong>\n<ul>\n<li>Luftfracht nach Jerewan aus Europa, Asien und Amerika<\/li>\n<li>Direkte und indirekte Frachtfl\u00fcge, erg\u00e4nzt durch europaweite Vorl\u00e4ufe<\/li>\n<\/ul>\n<\/li>\n<\/ul>\n<p>Wir organisieren Transporte nach Armenien aus fast allen L\u00e4ndern weltweit, darunter:<\/p>\n<ul>\n<li>Europa: \u00d6sterreich, Belgien, Bulgarien, Gro\u00dfbritannien, Ungarn, Deutschland, Griechenland, D\u00e4nemark, Spanien, Italien, Frankreich, Polen, Tschechien, die Schweiz und viele mehr<\/li>\n<li>Asien: Kasachstan, Turkmenistan, Usbekistan<\/li>\n<li>Weitere Regionen: Amerika, Afrika, Australien<\/li>\n<\/ul>\n<p>&nbsp;<\/p>\n<p><strong>Warum unser Logistikunternehmen f\u00fcr Transport nach Armenien?<\/strong><\/p>\n<p>Mit langj\u00e4hriger Erfahrung und einem kompetenten Team bieten wir ma\u00dfgeschneiderte Logistikl\u00f6sungen, die auf Ihre individuellen Anforderungen abgestimmt sind. Unsere Expertise in Luftfracht, Seefracht und Stra\u00dfentransport gew\u00e4hrleistet, dass Ihre G\u00fcter sicher und p\u00fcnktlich ankommen.<\/p>\n<p>&nbsp;<\/p>\n<p><strong>Haben Sie Fragen zu Lieferungen zwischen Deutschland, \u00d6sterreich, der Schweiz und Armenien?\u00a0<\/strong><strong>Kontaktieren Sie uns! Unser kompetentes Team freut sich auf Ihre Anfrage:<\/strong><\/p>\n<p><strong>\ud83d\udcde Telefon:\u00a0\u00a0<a href=\"tel:+4940334870300\" target=\"_blank\" rel=\"noopener\">+4940334870300<\/a><\/strong><\/p>\n<p><strong>\u2709\ufe0f E-Mail:\u00a0\u00a0\u00a0<\/strong>\u00a0\u00a0<strong><span id=\"cloaka61b86d3342e724b3ae073b6f16b3b51\"><a href=\"mailto:info@stravex.com\" target=\"_blank\" rel=\"noopener\">info@stravex.com<\/a><\/span><\/strong><\/p>\n<hr \/>\n<\/div><\/div><\/div><\/div><\/div>","protected":false},"excerpt":{"rendered":"<p>Zuverl\u00e4ssige Logistik von und nach Armenien <\/p>\n","protected":false},"author":1,"featured_media":2250,"parent":0,"menu_order":0,"comment_status":"closed","ping_status":"closed","template":"page-service.php","meta":{"_acf_changed":false,"footnotes":""},"class_list":["post-4220","page","type-page","status-publish","has-post-thumbnail","hentry"],"acf":[],"_links":{"self":[{"href":"https:\/\/www.stravex.com\/de\/wp-json\/wp\/v2\/pages\/4220","targetHints":{"allow":["GET"]}}],"collection":[{"href":"https:\/\/www.stravex.com\/de\/wp-json\/wp\/v2\/pages"}],"about":[{"href":"https:\/\/www.stravex.com\/de\/wp-json\/wp\/v2\/types\/page"}],"author":[{"embeddable":true,"href":"https:\/\/www.stravex.com\/de\/wp-json\/wp\/v2\/users\/1"}],"replies":[{"embeddable":true,"href":"https:\/\/www.stravex.com\/de\/wp-json\/wp\/v2\/comments?post=4220"}],"version-history":[{"count":5,"href":"https:\/\/www.stravex.com\/de\/wp-json\/wp\/v2\/pages\/4220\/revisions"}],"predecessor-version":[{"id":4895,"href":"https:\/\/www.stravex.com\/de\/wp-json\/wp\/v2\/pages\/4220\/revisions\/4895"}],"wp:featuredmedia":[{"embeddable":true,"href":"https:\/\/www.stravex.com\/de\/wp-json\/wp\/v2\/media\/2250"}],"wp:attachment":[{"href":"https:\/\/www.stravex.com\/de\/wp-json\/wp\/v2\/media?parent=4220"}],"curies":[{"name":"wp","href":"https:\/\/api.w.org\/{rel}","templated":true}]}}