{"id":4218,"date":"2025-07-06T19:50:37","date_gmt":"2025-07-06T17:50:37","guid":{"rendered":"https:\/\/www.stravex.com\/?page_id=4218"},"modified":"2026-03-15T12:40:44","modified_gmt":"2026-03-15T11:40:44","slug":"spedition-georgien","status":"publish","type":"page","link":"https:\/\/www.stravex.com\/de\/spedition-georgien","title":{"rendered":"Spedition Georgien: Regelm\u00e4\u00dfige Transporte in den gesamten Kaukasus"},"content":{"rendered":"<div id=\"pl-4218\"  class=\"panel-layout\" ><div id=\"pg-4218-0\"  class=\"panel-grid panel-no-style\" ><div id=\"pgc-4218-0-0\"  class=\"panel-grid-cell\" ><div id=\"panel-4218-0-0-0\" class=\"so-panel widget widget_sow-image panel-first-child panel-last-child\" data-index=\"0\" ><div\n\t\t\t\n\t\t\tclass=\"so-widget-sow-image so-widget-sow-image-default-6ec9e3772f75-4218\"\n\t\t\t\n\t\t>\n<div class=\"sow-image-container\">\n\t\t\t<a href=\"\/wp-content\/uploads\/2025\/06\/GEorgia.jpg\"\n\t\t\t\t\t>\n\t\t\t<img \n\tsrc=\"https:\/\/www.stravex.com\/wp-content\/uploads\/2025\/06\/GEorgia-360x240.jpg\" width=\"360\" height=\"240\" srcset=\"https:\/\/www.stravex.com\/wp-content\/uploads\/2025\/06\/GEorgia-360x240.jpg 360w, https:\/\/www.stravex.com\/wp-content\/uploads\/2025\/06\/GEorgia-272x182.jpg 272w\" sizes=\"(max-width: 360px) 100vw, 360px\" title=\"Spedition Georgien\" alt=\"Spedition Georgien, Luft Transport Georgien, Ccontainer Transport Poti\" \t\tclass=\"so-widget-image\"\/>\n\t\t\t<\/a><\/div>\n\n<\/div><\/div><\/div><div id=\"pgc-4218-0-1\"  class=\"panel-grid-cell\" ><div id=\"panel-4218-0-1-0\" class=\"so-panel widget widget_black-studio-tinymce widget_black_studio_tinymce panel-first-child panel-last-child\" data-index=\"1\" ><div class=\"textwidget\"><h2><span style=\"font-size: 30px;\">Zuverl\u00e4ssige Transporte und Logistikl\u00f6sungen nach Georgien<\/span><\/h2>\n<\/div><\/div><\/div><\/div><div id=\"pg-4218-1\"  class=\"panel-grid panel-no-style\" ><div id=\"pgc-4218-1-0\"  class=\"panel-grid-cell\" ><div id=\"panel-4218-1-0-0\" class=\"so-panel widget widget_black-studio-tinymce widget_black_studio_tinymce panel-first-child panel-last-child\" data-index=\"2\" ><div class=\"textwidget\"><p>Unsere Spedition bietet umfassende und professionelle Frachtl\u00f6sungen f\u00fcr den Transport von Waren nach Georgien an. Dank unserer Expertise und langj\u00e4hrigen Erfahrung in der internationalen Logistik gew\u00e4hrleisten wir eine sichere und effiziente Abwicklung Ihrer Sendungen.<\/p>\n<p><strong><span style=\"font-size: 24px;\">Unsere Transportlesitungen nach Georgien beinhalten:<\/span><\/strong><\/p>\n<p>&nbsp;<\/p>\n<ul>\n<li><strong><a title=\"LKW Transporte\" href=\"https:\/\/www.stravex.com\/de\/lkw-deutschland-containertransporte-hamburg\" target=\"_blank\" rel=\"noopener\">LKW-Transporte<\/a>\u00a0<\/strong><strong>nach Georgien<\/strong>\n<ul>\n<li>T\u00e4gliche Komplett- und Teilladungen sowie Sammelguttransporte<\/li>\n<li>Expresslieferungen f\u00fcr eilige G\u00fcter<\/li>\n<li>Gro\u00dfraum- und Schwerguttransporte nach Georgien<\/li>\n<li>Gefahrgut-, Thermo- und K\u00fchltransporte<\/li>\n<\/ul>\n<\/li>\n<\/ul>\n<p>&nbsp;<\/p>\n<ul>\n<li><a title=\"Seetransporte\" href=\"https:\/\/www.stravex.com\/de\/seefracht-deutschland-container\" target=\"_blank\" rel=\"noopener\"><strong>Seetransporte<\/strong><\/a>\u00a0<strong>nach Georgien<\/strong>\n<ul>\n<li>Seefracht nach Poti von Deutschland, Europa, Asien, Amerika und Afrika<\/li>\n<li>Verladung und Transport von Containern und St\u00fcckgut<\/li>\n<li>LKW- und Bahntransporte nach <a href=\"https:\/\/www.stravex.com\/de\/spedition-aserbaidschan\" target=\"_blank\" rel=\"noopener\">Aserbaidschan<\/a> und <a href=\"https:\/\/www.stravex.com\/de\/spedition-armenien\" target=\"_blank\" rel=\"noopener\">Armenien\u00a0<\/a><\/li>\n<li>Weiterbef\u00f6rderung \u00fcber das Kaspische Meer nach <a href=\"https:\/\/www.stravex.com\/de\/spedition-kasachstan\" target=\"_blank\" rel=\"noopener\">Kasachstan<\/a>, <a href=\"https:\/\/www.stravex.com\/de\/spedition-usbekistan\" target=\"_blank\" rel=\"noopener\">Usbekistan<\/a>, <a href=\"https:\/\/www.stravex.com\/de\/spedition-turkmenistan\" target=\"_blank\" rel=\"noopener\">Turkmenistan<\/a>, <a href=\"https:\/\/www.stravex.com\/de\/spedition-tadschikistan\" target=\"_blank\" rel=\"noopener\">Tadschikistan<\/a>, <a href=\"https:\/\/www.stravex.com\/de\/spedition-kirgisistan\" target=\"_blank\" rel=\"noopener\">Kirgisistan<\/a> und in die <a href=\"https:\/\/www.stravex.com\/de\/spedition-mongolei\" target=\"_blank\" rel=\"noopener\">Mongolei<\/a><\/li>\n<\/ul>\n<\/li>\n<\/ul>\n<p>&nbsp;<\/p>\n<ul>\n<li><a href=\"https:\/\/www.stravex.com\/de\/luftfracht-deutschland-lufttransporte\" target=\"_blank\" rel=\"noopener\"><strong>Lufttransp<\/strong><\/a><strong><a href=\"https:\/\/www.stravex.com\/de\/lufttransporte-deutschland\" target=\"_blank\" rel=\"noopener\">orte<\/a><\/strong>\u00a0<strong>nach Georgien<\/strong>\n<ul>\n<li>Luftfracht nach Tbilisi (Tiflis) aus Europa, Asien und Amerika<\/li>\n<li>Direkte und indirekte Fracht- und Passagierfl\u00fcge mit dem europaweiten Vorlauf<\/li>\n<\/ul>\n<\/li>\n<\/ul>\n<p>&nbsp;<\/p>\n<p>Wir f\u00fchren Transporte nach Georgien aus den meisten L\u00e4ndern von Amerika, Asien, Afrika, Australien und den folgenden L\u00e4ndern Europas und Zentralasiens durch:\u00a0Belgien, Bulgarien, D\u00e4nemark, Deutschland, Estland, Finnland, Frankreich, Griechenland, Gro\u00dfbritannien, Italien, Irland, Kasachstan, Kroatien, Lettland, Litauen, Luxemburg, Malta, den Niederlanden, Norwegen, Polen, Portugal, \u00d6sterreich, Rum\u00e4nien, Schweden, der Schweiz, der Slowakei, Slowenien, Spanien, Tschechien, Turkmenistan, der Ukraine, Ungarn, Usbekistan und Zypern.<\/p>\n<h3><strong>Warum unsere Spedition f\u00fcr Georgien?<\/strong><\/h3>\n<ul>\n<li><strong>Erfahrung:<\/strong>\u00a0Langj\u00e4hrige Expertise in Transport und Logistik nach Georgien<\/li>\n<li><strong>Flexibilit\u00e4t:<\/strong>\u00a0Individuelle L\u00f6sungen f\u00fcr Luftfracht, Seefracht und Stra\u00dfentransporte<\/li>\n<li><strong>Effizienz:<\/strong> Zuverl\u00e4ssige und termingerechte Lieferungen<\/li>\n<\/ul>\n<p><strong>Haben Sie Fragen zu Lieferungen zwischen Deutschland, \u00d6sterreich, der Schweiz und Georgien?\u00a0Kontaktieren Sie uns! Unser kompetentes Team freut sich auf Ihre Anfrage:<\/strong><\/p>\n<p><strong>\ud83d\udcde Telefon:\u00a0\u00a0<a href=\"tel:+4940334870300\" target=\"_blank\" rel=\"noopener\">+4940334870300<\/a><\/strong><\/p>\n<p><strong>\u2709\ufe0f E-Mail:\u00a0\u00a0\u00a0<\/strong>\u00a0\u00a0<strong><a href=\"mailto:info@stravex.com\" target=\"_blank\" rel=\"noopener\">info@stravex.com<\/a><\/strong><\/p>\n<hr \/>\n<p>&nbsp;<\/p>\n<\/div><\/div><\/div><\/div><\/div>","protected":false},"excerpt":{"rendered":"<p>Zuverl\u00e4ssige Logistikl\u00f6sungen nach und \u00fcber Georgien<\/p>\n","protected":false},"author":1,"featured_media":3076,"parent":0,"menu_order":0,"comment_status":"closed","ping_status":"closed","template":"page-service.php","meta":{"_acf_changed":false,"footnotes":""},"class_list":["post-4218","page","type-page","status-publish","has-post-thumbnail","hentry"],"acf":[],"_links":{"self":[{"href":"https:\/\/www.stravex.com\/de\/wp-json\/wp\/v2\/pages\/4218","targetHints":{"allow":["GET"]}}],"collection":[{"href":"https:\/\/www.stravex.com\/de\/wp-json\/wp\/v2\/pages"}],"about":[{"href":"https:\/\/www.stravex.com\/de\/wp-json\/wp\/v2\/types\/page"}],"author":[{"embeddable":true,"href":"https:\/\/www.stravex.com\/de\/wp-json\/wp\/v2\/users\/1"}],"replies":[{"embeddable":true,"href":"https:\/\/www.stravex.com\/de\/wp-json\/wp\/v2\/comments?post=4218"}],"version-history":[{"count":11,"href":"https:\/\/www.stravex.com\/de\/wp-json\/wp\/v2\/pages\/4218\/revisions"}],"predecessor-version":[{"id":6018,"href":"https:\/\/www.stravex.com\/de\/wp-json\/wp\/v2\/pages\/4218\/revisions\/6018"}],"wp:featuredmedia":[{"embeddable":true,"href":"https:\/\/www.stravex.com\/de\/wp-json\/wp\/v2\/media\/3076"}],"wp:attachment":[{"href":"https:\/\/www.stravex.com\/de\/wp-json\/wp\/v2\/media?parent=4218"}],"curies":[{"name":"wp","href":"https:\/\/api.w.org\/{rel}","templated":true}]}}