{"id":4215,"date":"2025-07-06T19:44:57","date_gmt":"2025-07-06T17:44:57","guid":{"rendered":"https:\/\/www.stravex.com\/?page_id=4215"},"modified":"2026-01-01T13:58:33","modified_gmt":"2026-01-01T12:58:33","slug":"spedition-aserbaidschan","status":"publish","type":"page","link":"https:\/\/www.stravex.com\/de\/spedition-aserbaidschan","title":{"rendered":"Spedition nach Aserbaidschan: LKW-, See- und Luftfracht"},"content":{"rendered":"<div id=\"pl-4215\"  class=\"panel-layout\" ><div id=\"pg-4215-0\"  class=\"panel-grid panel-no-style\" ><div id=\"pgc-4215-0-0\"  class=\"panel-grid-cell\" ><div id=\"panel-4215-0-0-0\" class=\"so-panel widget widget_sow-image panel-first-child panel-last-child\" data-index=\"0\" ><div\n\t\t\t\n\t\t\tclass=\"so-widget-sow-image so-widget-sow-image-default-6ec9e3772f75-4215\"\n\t\t\t\n\t\t>\n<div class=\"sow-image-container\">\n\t\t\t<a href=\"\/wp-content\/uploads\/2025\/06\/Azerbajzhan.jpg\"\n\t\t\t\t\t>\n\t\t\t<img \n\tsrc=\"https:\/\/www.stravex.com\/wp-content\/uploads\/2025\/06\/Azerbajzhan-360x240.jpg\" width=\"360\" height=\"240\" srcset=\"https:\/\/www.stravex.com\/wp-content\/uploads\/2025\/06\/Azerbajzhan-360x240.jpg 360w, https:\/\/www.stravex.com\/wp-content\/uploads\/2025\/06\/Azerbajzhan-300x200.jpg 300w, https:\/\/www.stravex.com\/wp-content\/uploads\/2025\/06\/Azerbajzhan-1024x683.jpg 1024w, https:\/\/www.stravex.com\/wp-content\/uploads\/2025\/06\/Azerbajzhan-768x512.jpg 768w, https:\/\/www.stravex.com\/wp-content\/uploads\/2025\/06\/Azerbajzhan-1536x1024.jpg 1536w, https:\/\/www.stravex.com\/wp-content\/uploads\/2025\/06\/Azerbajzhan-272x182.jpg 272w, https:\/\/www.stravex.com\/wp-content\/uploads\/2025\/06\/Azerbajzhan.jpg 1800w\" sizes=\"(max-width: 360px) 100vw, 360px\" title=\"Spedition Aserbaidschan\" alt=\"Transport nach Aserbaidschan, spedition Aserbaidschan, Luftfracht Aserbaidschan, Logistik Aserbaidschan\" \t\tclass=\"so-widget-image\"\/>\n\t\t\t<\/a><\/div>\n\n<\/div><\/div><\/div><div id=\"pgc-4215-0-1\"  class=\"panel-grid-cell\" ><div id=\"panel-4215-0-1-0\" class=\"so-panel widget widget_black-studio-tinymce widget_black_studio_tinymce panel-first-child panel-last-child\" data-index=\"1\" ><div class=\"textwidget\"><h2><span style=\"font-size: 30px;\"><strong>Professionelle Logistikl\u00f6sungen f\u00fcr Ihre Lieferungen nach Aserbaidschan<\/strong><\/span><\/h2>\n<\/div><\/div><\/div><\/div><div id=\"pg-4215-1\"  class=\"panel-grid panel-no-style\" ><div id=\"pgc-4215-1-0\"  class=\"panel-grid-cell\" ><div id=\"panel-4215-1-0-0\" class=\"so-panel widget widget_black-studio-tinymce widget_black_studio_tinymce panel-first-child panel-last-child\" data-index=\"2\" ><div class=\"textwidget\"><h3><span style=\"font-size: 24px;\"><strong>Unsere Spedition bietet die folgenden Transporte von Deutschland, \u00d6sterreich und der Schweiz nach Aserbaidschan an:<\/strong><\/span><\/h3>\n<ul>\n<li><a title=\"LKW Transporte\" href=\"https:\/\/www.stravex.com\/de\/lkw-deutschland-containertransporte-hamburg\" target=\"_blank\" rel=\"noopener\"><strong>LKW-Transporte<\/strong><\/a>\u00a0<strong>nach Aserbaidschan<\/strong>\n<ul>\n<li>Regelm\u00e4\u00dfige Komplett- und Teilladungen, Sammelgut<\/li>\n<li>Express-Lieferungen nach Aserbaidschan bei eiligen G\u00fctern<\/li>\n<li><a href=\"https:\/\/www.stravex.com\/de\/schwertransporte-deutschland-spedition\" target=\"_blank\" rel=\"noopener\">Projekt-, Gro\u00dfraum- und Schwertransporte<\/a><\/li>\n<li>Gefahrgut-, Thermo- und K\u00fchltransporte<\/li>\n<\/ul>\n<\/li>\n<\/ul>\n<ul>\n<li><a title=\"Seetransporte\" href=\"https:\/\/www.stravex.com\/de\/seefracht-deutschland-container\" target=\"_blank\" rel=\"noopener\"><strong>Seetransporte<\/strong><\/a>\u00a0<strong>nach Aserbaidschan<\/strong>\n<ul>\n<li>Seetransporte \u00fcber Poti (Georgien) aus Deutschland, Europa, Asien, Amerika und Afrika mit weiterer Bef\u00f6rderung per Bahn oder per LKW\n<ul>\n<li>Bef\u00f6rderung von Containern und\u00a0St\u00fcckgut<\/li>\n<\/ul>\n<\/li>\n<\/ul>\n<\/li>\n<\/ul>\n<ul>\n<li><a title=\"Lufttransporte\" href=\"https:\/\/www.stravex.com\/de\/luftfracht-deutschland-lufttransporte\" target=\"_blank\" rel=\"noopener\"><strong>Lufttransporte<\/strong><\/a>\u00a0<strong>nach Aserbaidschan<\/strong>\n<ul>\n<li>Regelm\u00e4\u00dfige Abfl\u00fcge nach\u00a0Aserbaidschan<\/li>\n<li>Luftfracht nach Baku aus Deutschland, Europa, Asien und Amerika<\/li>\n<li>Direkte und indirekte Fracht- und Passagierfl\u00fcge mit dem europaweiten Vorlauf<\/li>\n<\/ul>\n<\/li>\n<\/ul>\n<ul>\n<li><strong><a title=\"Bahntransporte\" href=\"https:\/\/www.stravex.com\/de\/bahnfracht-deutschland-spedition\" target=\"_blank\" rel=\"noopener\">Bahntransporte<\/a>\u00a0nach Aserbaidschan<\/strong>\n<ul>\n<li>Containertransport nach Aserbaidschan per Bahn von Deutschland und anderen EU-L\u00e4ndern<\/li>\n<li>Kombinierte Transporte (LKW\/Bahn, Schiff\/Bahn)<\/li>\n<\/ul>\n<\/li>\n<\/ul>\n<p>&nbsp;<\/p>\n<p>Wir f\u00fchren Transporte nach Aserbaidschan aus den meisten L\u00e4ndern von Amerika, Asien, Afrika, Australien und den folgenden europ\u00e4ischen L\u00e4ndern durch:\u00a0Belgien, Bulgarien, D\u00e4nemark, Deutschland, Estland, Finnland, Frankreich, Griechenland, Gro\u00dfbritannien, Italien, Irland, Kasachstan, Kroatien, Lettland, Litauen, Luxemburg, Malta, den Niederlanden, Norwegen, Polen, Portugal, \u00d6sterreich, Rum\u00e4nien, Schweden, der Schweiz, der Slowakei, Slowenien, Spanien, Tschechien, Turkmenistan, der Ukraine, Ungarn, Usbekistan und Zypern.<\/p>\n<p>&nbsp;<\/p>\n<p><strong>Haben Sie Fragen zu Lieferungen zwischen <a href=\"https:\/\/www.stravex.com\/de\/spedition-hamburg-deutschland-logistik-transport\" target=\"_blank\" rel=\"noopener\">Deutschland<\/a>, <a href=\"https:\/\/www.stravex.com\/de\/spedition-osterreich-transport\" target=\"_blank\" rel=\"noopener\">\u00d6sterreich<\/a>, <a href=\"https:\/\/www.stravex.com\/de\/spedition-schweiz-transport\" target=\"_blank\" rel=\"noopener\">der Schweiz<\/a> und Aserbaidschan?\u00a0<\/strong><strong>Kontaktieren Sie uns! Unser kompetentes Team freut sich auf Ihre Anfrage:<\/strong><\/p>\n<p><strong>\ud83d\udcde Telefon:\u00a0\u00a0<a href=\"tel:+4940334870300\" target=\"_blank\" rel=\"noopener\">+4940334870300<\/a><\/strong><\/p>\n<p><strong>\u2709\ufe0f E-Mail:\u00a0\u00a0\u00a0<\/strong>\u00a0\u00a0<strong><a href=\"mailto:info@stravex.com\" target=\"_blank\" rel=\"noopener\">info@stravex.com<\/a><\/strong><\/p>\n<hr \/>\n<p>&nbsp;<\/p>\n<\/div><\/div><\/div><\/div><\/div>","protected":false},"excerpt":{"rendered":"<p>Professionelle Logistikl\u00f6sungen f\u00fcr Ihre Lieferungen nach Aserbaidschan<\/p>\n","protected":false},"author":1,"featured_media":2259,"parent":0,"menu_order":0,"comment_status":"closed","ping_status":"closed","template":"page-service.php","meta":{"_acf_changed":false,"footnotes":""},"class_list":["post-4215","page","type-page","status-publish","has-post-thumbnail","hentry"],"acf":[],"_links":{"self":[{"href":"https:\/\/www.stravex.com\/de\/wp-json\/wp\/v2\/pages\/4215","targetHints":{"allow":["GET"]}}],"collection":[{"href":"https:\/\/www.stravex.com\/de\/wp-json\/wp\/v2\/pages"}],"about":[{"href":"https:\/\/www.stravex.com\/de\/wp-json\/wp\/v2\/types\/page"}],"author":[{"embeddable":true,"href":"https:\/\/www.stravex.com\/de\/wp-json\/wp\/v2\/users\/1"}],"replies":[{"embeddable":true,"href":"https:\/\/www.stravex.com\/de\/wp-json\/wp\/v2\/comments?post=4215"}],"version-history":[{"count":3,"href":"https:\/\/www.stravex.com\/de\/wp-json\/wp\/v2\/pages\/4215\/revisions"}],"predecessor-version":[{"id":5380,"href":"https:\/\/www.stravex.com\/de\/wp-json\/wp\/v2\/pages\/4215\/revisions\/5380"}],"wp:featuredmedia":[{"embeddable":true,"href":"https:\/\/www.stravex.com\/de\/wp-json\/wp\/v2\/media\/2259"}],"wp:attachment":[{"href":"https:\/\/www.stravex.com\/de\/wp-json\/wp\/v2\/media?parent=4215"}],"curies":[{"name":"wp","href":"https:\/\/api.w.org\/{rel}","templated":true}]}}