{"id":4213,"date":"2025-07-06T19:38:57","date_gmt":"2025-07-06T17:38:57","guid":{"rendered":"https:\/\/www.stravex.com\/?page_id=4213"},"modified":"2026-03-15T12:59:00","modified_gmt":"2026-03-15T11:59:00","slug":"spedition-mongolei","status":"publish","type":"page","link":"https:\/\/www.stravex.com\/de\/spedition-mongolei","title":{"rendered":"Spedition in die Mongolei: Bahn-, LKW- und Luftfracht"},"content":{"rendered":"<div id=\"pl-4213\"  class=\"panel-layout\" ><div id=\"pg-4213-0\"  class=\"panel-grid panel-no-style\" ><div id=\"pgc-4213-0-0\"  class=\"panel-grid-cell\" ><div id=\"panel-4213-0-0-0\" class=\"so-panel widget widget_sow-image panel-first-child panel-last-child\" data-index=\"0\" ><div\n\t\t\t\n\t\t\tclass=\"so-widget-sow-image so-widget-sow-image-default-6ec9e3772f75-4213\"\n\t\t\t\n\t\t>\n<div class=\"sow-image-container\">\n\t\t\t<a href=\"\/wp-content\/uploads\/2025\/06\/Mongolei.gif\"\n\t\t\t\t\t>\n\t\t\t<img \n\tsrc=\"https:\/\/www.stravex.com\/wp-content\/uploads\/2025\/06\/Mongolei-360x240.gif\" width=\"360\" height=\"240\" srcset=\"https:\/\/www.stravex.com\/wp-content\/uploads\/2025\/06\/Mongolei-360x240.gif 360w, https:\/\/www.stravex.com\/wp-content\/uploads\/2025\/06\/Mongolei-300x200.gif 300w, https:\/\/www.stravex.com\/wp-content\/uploads\/2025\/06\/Mongolei-272x182.gif 272w\" sizes=\"(max-width: 360px) 100vw, 360px\" title=\"Spedition Mongolei\" alt=\"Spedition Mongolei, Luft Transport Mongolei, fracht Ulaan Baator\" \t\tclass=\"so-widget-image\"\/>\n\t\t\t<\/a><\/div>\n\n<\/div><\/div><\/div><div id=\"pgc-4213-0-1\"  class=\"panel-grid-cell\" ><div id=\"panel-4213-0-1-0\" class=\"so-panel widget widget_black-studio-tinymce widget_black_studio_tinymce panel-first-child panel-last-child\" data-index=\"1\" ><div class=\"textwidget\"><h2><span style=\"font-size: 30px;\"><span class=\"BZ_Pyq_fadeIn\">Logistik- <\/span><span class=\"BZ_Pyq_fadeIn\">und <\/span><span class=\"BZ_Pyq_fadeIn\">Transportl\u00f6sungen <\/span><span class=\"BZ_Pyq_fadeIn\">zwischen <\/span><span class=\"BZ_Pyq_fadeIn\">der <\/span><span class=\"BZ_Pyq_fadeIn\">Mongolei, <\/span><span class=\"BZ_Pyq_fadeIn\">Deutschland, <\/span><span class=\"BZ_Pyq_fadeIn\">\u00d6sterreich <\/span><span class=\"BZ_Pyq_fadeIn\">und <\/span><span class=\"BZ_Pyq_fadeIn\">der <\/span><span class=\"BZ_Pyq_fadeIn\">Schweiz<\/span><\/span><\/h2>\n<\/div><\/div><\/div><\/div><div id=\"pg-4213-1\"  class=\"panel-grid panel-no-style\" ><div id=\"pgc-4213-1-0\"  class=\"panel-grid-cell\" ><div id=\"panel-4213-1-0-0\" class=\"so-panel widget widget_black-studio-tinymce widget_black_studio_tinymce panel-first-child panel-last-child\" data-index=\"2\" ><div class=\"textwidget\"><h2><span style=\"font-size: 24px;\"><strong>Unsere Spedition bietet die folgenden professionellen Transporte zwischen der Mongolei und Deutschland, \u00d6sterreich sowie anderen EU-L\u00e4ndern an:<\/strong><\/span><\/h2>\n<p>&nbsp;<\/p>\n<ul>\n<li><strong><a title=\"LKW Transporte\" href=\"https:\/\/www.stravex.com\/de\/lkw-deutschland-containertransporte-hamburg\" target=\"_blank\" rel=\"noopener\">LKW-Transporte<\/a><\/strong>\n<ul>\n<li>T\u00e4gliche Komplett- und Teilladungen, Sammelgut<\/li>\n<li>Express-Lieferungen bei eiligen G\u00fctern<\/li>\n<li>Projekt-, Schwergut- und Gro\u00dfraumtransporte<\/li>\n<li>Gefahrgut-, Thermo- und K\u00fchltransporte<\/li>\n<\/ul>\n<\/li>\n<\/ul>\n<p>&nbsp;<\/p>\n<ul>\n<li><a title=\"Seetransporte\" href=\"https:\/\/www.stravex.com\/de\/seefracht-deutschland-container\" target=\"_blank\" rel=\"noopener\"><strong>Seetransporte<\/strong><\/a>\n<ul>\n<li>Seetransporte \u00fcber Klaipeda, Ventspils und Hamburg aus Deutschland, Europa, Amerika und Afrika mit weiterer Bef\u00f6rderung per Bahn oder LKW\n<ul>\n<li>Container (FCL), Sammelgut (LCL) und St\u00fcckgut<\/li>\n<\/ul>\n<\/li>\n<\/ul>\n<\/li>\n<\/ul>\n<p>&nbsp;<\/p>\n<ul>\n<li><a title=\"Lufttransporte\" href=\"https:\/\/www.stravex.com\/de\/luftfracht-deutschland-lufttransporte\" target=\"_blank\" rel=\"noopener\"><strong>Lufttransporte<\/strong><\/a>\n<ul>\n<li>Regelm\u00e4\u00dfige Luftverbindungen aus Deutschland<\/li>\n<li>Cargo Transporte mit Passagier- und Charterfl\u00fcgen mit dem Vorlauf in allen europ\u00e4ischen L\u00e4ndern<\/li>\n<li>Luftfracht nach Ulan-Bator aus Europa, Asien und Amerika<\/li>\n<\/ul>\n<\/li>\n<\/ul>\n<p>&nbsp;<\/p>\n<ul>\n<li><a title=\"Bahntransporte\" href=\"https:\/\/www.stravex.com\/de\/bahntransporte-deutschland\" target=\"_blank\" rel=\"noopener\"><strong>Bahntransporte<\/strong><\/a>\n<ul>\n<li>Containerverladungen per Bahn aus <a href=\"https:\/\/www.stravex.com\/de\/spedition-osterreich-transport\" target=\"_blank\" rel=\"noopener\">\u00d6sterreich<\/a>, <a href=\"https:\/\/www.stravex.com\/de\/spedition-hamburg-deutschland-logistik-transport\" target=\"_blank\" rel=\"noopener\">Deutschland<\/a> und anderen <a href=\"https:\/\/www.stravex.com\/de\/spedition-europa-transporte\" target=\"_blank\" rel=\"noopener\">EU-L\u00e4ndern<\/a><\/li>\n<li>Transporte mit Waggons und Flachwaggons, inklusive Umladung auf LKWs\/andere Waggons<\/li>\n<li>Kombinierte multimodale Transporte (LKW\/Bahn, Schiff\/Bahn)<\/li>\n<\/ul>\n<\/li>\n<\/ul>\n<p>&nbsp;<\/p>\n<p>Wir f\u00fchren Transporte in die Mongolei aus den meisten L\u00e4ndern von Amerika, Asien, Afrika, Australien und den folgenden europ\u00e4ischen L\u00e4ndern durch:\u00a0Belgien, Bulgarien, D\u00e4nemark, Deutschland, Estland, Finnland, Frankreich, Griechenland, Gro\u00dfbritannien, Italien, Irland, Kasachstan, Kroatien, Lettland, Litauen, Luxemburg, Malta, den Niederlanden, Norwegen, Polen, Portugal, \u00d6sterreich, Rum\u00e4nien, Schweden, der Schweiz, der Slowakei, Slowenien, Spanien, Tschechien, Turkmenistan, der Ukraine, Ungarn, Usbekistan und Zypern.<\/p>\n<p>&nbsp;<\/p>\n<p><strong>Haben Sie Fragen zu Lieferungen zwischen Deutschland, \u00d6sterreich, der Schweiz und der Mongolei?\u00a0<\/strong><strong>Kontaktieren Sie uns! Unser kompetentes Team freut sich auf Ihre Anfrage:<\/strong><\/p>\n<p><strong>\ud83d\udcde Telefon:\u00a0<a href=\"tel:+4940334870300\" target=\"_blank\" rel=\"noopener\">+4940334870300<\/a><\/strong><\/p>\n<p><strong>\u2709\ufe0f E-Mail:\u00a0\u00a0\u00a0<\/strong><strong><a href=\"mailto:info@stravex.com\" target=\"_blank\" rel=\"noopener\">info@stravex.com<\/a><\/strong><\/p>\n<hr \/>\n<\/div><\/div><\/div><\/div><\/div>","protected":false},"excerpt":{"rendered":"<p>Professionelle Logistik von Europa in die Mongolei<\/p>\n","protected":false},"author":1,"featured_media":2325,"parent":0,"menu_order":0,"comment_status":"closed","ping_status":"closed","template":"page-service.php","meta":{"_acf_changed":false,"footnotes":""},"class_list":["post-4213","page","type-page","status-publish","has-post-thumbnail","hentry"],"acf":[],"_links":{"self":[{"href":"https:\/\/www.stravex.com\/de\/wp-json\/wp\/v2\/pages\/4213","targetHints":{"allow":["GET"]}}],"collection":[{"href":"https:\/\/www.stravex.com\/de\/wp-json\/wp\/v2\/pages"}],"about":[{"href":"https:\/\/www.stravex.com\/de\/wp-json\/wp\/v2\/types\/page"}],"author":[{"embeddable":true,"href":"https:\/\/www.stravex.com\/de\/wp-json\/wp\/v2\/users\/1"}],"replies":[{"embeddable":true,"href":"https:\/\/www.stravex.com\/de\/wp-json\/wp\/v2\/comments?post=4213"}],"version-history":[{"count":11,"href":"https:\/\/www.stravex.com\/de\/wp-json\/wp\/v2\/pages\/4213\/revisions"}],"predecessor-version":[{"id":6023,"href":"https:\/\/www.stravex.com\/de\/wp-json\/wp\/v2\/pages\/4213\/revisions\/6023"}],"wp:featuredmedia":[{"embeddable":true,"href":"https:\/\/www.stravex.com\/de\/wp-json\/wp\/v2\/media\/2325"}],"wp:attachment":[{"href":"https:\/\/www.stravex.com\/de\/wp-json\/wp\/v2\/media?parent=4213"}],"curies":[{"name":"wp","href":"https:\/\/api.w.org\/{rel}","templated":true}]}}