{"id":4210,"date":"2025-07-06T19:32:58","date_gmt":"2025-07-06T17:32:58","guid":{"rendered":"https:\/\/www.stravex.com\/?page_id=4210"},"modified":"2026-01-02T14:01:42","modified_gmt":"2026-01-02T13:01:42","slug":"spedition-tadschikistan","status":"publish","type":"page","link":"https:\/\/www.stravex.com\/de\/spedition-tadschikistan","title":{"rendered":"Spedition Tadschikistan: effiziente Logistik"},"content":{"rendered":"<div id=\"pl-4210\"  class=\"panel-layout\" ><div id=\"pg-4210-0\"  class=\"panel-grid panel-no-style\" ><div id=\"pgc-4210-0-0\"  class=\"panel-grid-cell\" ><div id=\"panel-4210-0-0-0\" class=\"so-panel widget widget_sow-image panel-first-child panel-last-child\" data-index=\"0\" ><div\n\t\t\t\n\t\t\tclass=\"so-widget-sow-image so-widget-sow-image-default-6ec9e3772f75-4210\"\n\t\t\t\n\t\t>\n<div class=\"sow-image-container\">\n\t\t\t<a href=\"\/wp-content\/uploads\/2025\/06\/Tadjikistan-scaled.jpg\"\n\t\t\t\t\t>\n\t\t\t<img \n\tsrc=\"https:\/\/www.stravex.com\/wp-content\/uploads\/2025\/06\/Tadjikistan-360x240.jpg\" width=\"360\" height=\"240\" srcset=\"https:\/\/www.stravex.com\/wp-content\/uploads\/2025\/06\/Tadjikistan-360x240.jpg 360w, https:\/\/www.stravex.com\/wp-content\/uploads\/2025\/06\/Tadjikistan-272x182.jpg 272w\" sizes=\"(max-width: 360px) 100vw, 360px\" title=\"Spedition Tadschikistan\" alt=\"Spedition Tadschikistan, Luft Transport Tadschikistan, Logistik Tadschikistan, Fracht Tadschikistan\" \t\tclass=\"so-widget-image\"\/>\n\t\t\t<\/a><\/div>\n\n<\/div><\/div><\/div><div id=\"pgc-4210-0-1\"  class=\"panel-grid-cell\" ><div id=\"panel-4210-0-1-0\" class=\"so-panel widget widget_black-studio-tinymce widget_black_studio_tinymce panel-first-child panel-last-child\" data-index=\"1\" ><div class=\"textwidget\"><h2><span style=\"font-size: 30px;\"><strong>Professionelle Logistikl\u00f6sungen f\u00fcr Transporte nach Tadschikistan von Deutschland, \u00d6sterreich oder der Schweiz <\/strong><\/span><\/h2>\n<\/div><\/div><\/div><\/div><div id=\"pg-4210-1\"  class=\"panel-grid panel-no-style\" ><div id=\"pgc-4210-1-0\"  class=\"panel-grid-cell\" ><div id=\"panel-4210-1-0-0\" class=\"so-panel widget widget_black-studio-tinymce widget_black_studio_tinymce panel-first-child panel-last-child\" data-index=\"2\" ><div class=\"textwidget\"><ul>\n<li><strong><a title=\"LKW-Transporte\" href=\"https:\/\/www.stravex.com\/de\/lkw-deutschland-containertransporte-hamburg\" target=\"_blank\" rel=\"noopener\">LKW-Transporte<\/a>\u00a0<\/strong><strong>nach Tadschikistan<\/strong>\n<ul>\n<li>T\u00e4gliche Komplett- und Teilladungen, Sammelgut<\/li>\n<li>Express-Lieferungen bei eiligen G\u00fctern<\/li>\n<li>Gro\u00dfraum- und Schwerguttransporte,\u00a0Projektcargo nach Tadschikistan: spezielle LKWs, Maschinen, Bau- und Bergtechnik,\u00a0Industrieanlagen f\u00fcr die \u00d6l-, Gas und Chemieindustrie<\/li>\n<li>Gefahrgut-, Thermo- und K\u00fchltransporte<\/li>\n<\/ul>\n<\/li>\n<\/ul>\n<ul>\n<li><a title=\"Seetransporte\" href=\"https:\/\/www.stravex.com\/de\/seefracht-deutschland-container\" target=\"_blank\" rel=\"noopener\"><strong>Seetransporte<\/strong><\/a>\u00a0<strong>nach Tadschikistan<\/strong>\n<ul>\n<li>Seefracht \u00fcber Klaipeda, Ventspils, Hamburg und Poti aus Deutschland, Europa, Asien, Amerika und Afrika mit weiterer Bef\u00f6rderung per Bahn oder per LKW\n<ul>\n<li>Verladung von Containern und\u00a0St\u00fcckgut<\/li>\n<\/ul>\n<\/li>\n<\/ul>\n<\/li>\n<\/ul>\n<ul>\n<li><a title=\"Lufttransporte\" href=\"https:\/\/www.stravex.com\/de\/luftfracht-deutschland-lufttransporte\" target=\"_blank\" rel=\"noopener\"><strong>Lufttransporte<\/strong><\/a>\u00a0<strong>nach Tadschikistan<\/strong>\n<ul>\n<li>Luftfracht nach Duschanbe aus Europa, Asien und Amerika<\/li>\n<li>Direkte und indirekte Fracht- und Passagierfl\u00fcge mit dem europaweiten Vorlauf<\/li>\n<\/ul>\n<\/li>\n<\/ul>\n<ul>\n<li><a title=\"Bahntransporte\" href=\"https:\/\/www.stravex.com\/de\/bahnfracht-deutschland-spedition\" target=\"_blank\" rel=\"noopener\"><strong>Bahntransporte<\/strong><\/a>\u00a0<strong>nach Tadschikistan<\/strong>\n<ul>\n<li>Containertransporte per Bahn aus Deutschland, \u00d6sterreich und der Schweiz<\/li>\n<li>Transporte mit Waggons und Flachwaggons, inklusive Umladung auf LKWs\/andere Waggons<\/li>\n<li>Kombinierte Transporte (LKW\/Bahn, Schiff\/Bahn)<\/li>\n<\/ul>\n<\/li>\n<\/ul>\n<p>&nbsp;<\/p>\n<p>Wir f\u00fchren Transporte nach Tadschikistan aus den meisten L\u00e4ndern von Amerika, Asien, Afrika, Australien und den folgenden europ\u00e4ischen L\u00e4ndern durch:\u00a0Belgien, Bulgarien, D\u00e4nemark, Deutschland, Estland, Finnland, Frankreich, Griechenland, Gro\u00dfbritannien, Italien, Irland, Kasachstan, Kroatien, Lettland, Litauen, Luxemburg, Malta, den Niederlanden, Norwegen, Polen, Portugal, \u00d6sterreich, Rum\u00e4nien, Schweden, der Schweiz, der Slowakei, Slowenien, Spanien, Tschechien, Turkmenistan, der Ukraine, Ungarn, Usbekistan und Zypern.<\/p>\n<p>&nbsp;<\/p>\n<p><strong>Haben Sie Fragen zu Lieferungen zwischen Deutschland, \u00d6sterreich, der Schweiz und Tadschikistan?\u00a0Kontaktieren Sie uns! Unser kompetentes Team freut sich auf Ihre Anfrage:<\/strong><\/p>\n<p><strong>\ud83d\udcde Telefon:\u00a0\u00a0<a href=\"tel:+4940334870300\" target=\"_blank\" rel=\"noopener\">+4940334870300<\/a><\/strong><\/p>\n<p><strong>\u2709\ufe0f E-Mail:\u00a0\u00a0\u00a0<\/strong>\u00a0<strong><span id=\"cloak2ddc077517e78f230d3f736a2047a9c7\"><a href=\"mailto:info@stravex.com\" target=\"_blank\" rel=\"noopener\">info@stravex.com<\/a><\/span><\/strong><\/p>\n<hr \/>\n<\/div><\/div><\/div><\/div><\/div>","protected":false},"excerpt":{"rendered":"<p>Transporte nach Tadschikistan von Europa &#038; aus der USA<\/p>\n","protected":false},"author":1,"featured_media":2352,"parent":0,"menu_order":0,"comment_status":"closed","ping_status":"closed","template":"page-service.php","meta":{"_acf_changed":false,"footnotes":""},"class_list":["post-4210","page","type-page","status-publish","has-post-thumbnail","hentry"],"acf":[],"_links":{"self":[{"href":"https:\/\/www.stravex.com\/de\/wp-json\/wp\/v2\/pages\/4210","targetHints":{"allow":["GET"]}}],"collection":[{"href":"https:\/\/www.stravex.com\/de\/wp-json\/wp\/v2\/pages"}],"about":[{"href":"https:\/\/www.stravex.com\/de\/wp-json\/wp\/v2\/types\/page"}],"author":[{"embeddable":true,"href":"https:\/\/www.stravex.com\/de\/wp-json\/wp\/v2\/users\/1"}],"replies":[{"embeddable":true,"href":"https:\/\/www.stravex.com\/de\/wp-json\/wp\/v2\/comments?post=4210"}],"version-history":[{"count":4,"href":"https:\/\/www.stravex.com\/de\/wp-json\/wp\/v2\/pages\/4210\/revisions"}],"predecessor-version":[{"id":5416,"href":"https:\/\/www.stravex.com\/de\/wp-json\/wp\/v2\/pages\/4210\/revisions\/5416"}],"wp:featuredmedia":[{"embeddable":true,"href":"https:\/\/www.stravex.com\/de\/wp-json\/wp\/v2\/media\/2352"}],"wp:attachment":[{"href":"https:\/\/www.stravex.com\/de\/wp-json\/wp\/v2\/media?parent=4210"}],"curies":[{"name":"wp","href":"https:\/\/api.w.org\/{rel}","templated":true}]}}