{"id":4203,"date":"2025-07-06T19:20:06","date_gmt":"2025-07-06T17:20:06","guid":{"rendered":"https:\/\/www.stravex.com\/?page_id=4203"},"modified":"2026-03-15T13:14:12","modified_gmt":"2026-03-15T12:14:12","slug":"spedition-turkmenistan","status":"publish","type":"page","link":"https:\/\/www.stravex.com\/de\/spedition-turkmenistan","title":{"rendered":"Fachspedition f\u00fcr Transporte nach Turkmenistan"},"content":{"rendered":"<div id=\"pl-4203\"  class=\"panel-layout\" ><div id=\"pg-4203-0\"  class=\"panel-grid panel-no-style\" ><div id=\"pgc-4203-0-0\"  class=\"panel-grid-cell\" ><div id=\"panel-4203-0-0-0\" class=\"so-panel widget widget_sow-image panel-first-child panel-last-child\" data-index=\"0\" ><div\n\t\t\t\n\t\t\tclass=\"so-widget-sow-image so-widget-sow-image-default-6ec9e3772f75-4203\"\n\t\t\t\n\t\t>\n<div class=\"sow-image-container\">\n\t\t\t<a href=\"\/wp-content\/uploads\/2025\/06\/Turkmenistan.jpg\"\n\t\t\t\t\t>\n\t\t\t<img \n\tsrc=\"https:\/\/www.stravex.com\/wp-content\/uploads\/2025\/06\/Turkmenistan-360x240.jpg\" width=\"360\" height=\"240\" srcset=\"https:\/\/www.stravex.com\/wp-content\/uploads\/2025\/06\/Turkmenistan-360x240.jpg 360w, https:\/\/www.stravex.com\/wp-content\/uploads\/2025\/06\/Turkmenistan-272x182.jpg 272w\" sizes=\"(max-width: 360px) 100vw, 360px\" title=\"Spedition Turkmenistan\" alt=\"Spedition Turkmenistan, luftfracht Turkmenistan, Logistik Turkmenistan, Schwertransporte Turkmenistan\" \t\tclass=\"so-widget-image\"\/>\n\t\t\t<\/a><\/div>\n\n<\/div><\/div><\/div><div id=\"pgc-4203-0-1\"  class=\"panel-grid-cell\" ><div id=\"panel-4203-0-1-0\" class=\"so-panel widget widget_black-studio-tinymce widget_black_studio_tinymce panel-first-child panel-last-child\" data-index=\"1\" ><div class=\"textwidget\"><h2><span style=\"font-size: 30px;\"><strong>Unser Logistikunternehmen ist Fachspedition f\u00fcr Transporte Ihrer G\u00fcter nach Turkmenistan per LKW-, Bahn- und Luftfracht<\/strong><\/span><\/h2>\n<\/div><\/div><\/div><\/div><div id=\"pg-4203-1\"  class=\"panel-grid panel-no-style\" ><div id=\"pgc-4203-1-0\"  class=\"panel-grid-cell\" ><div id=\"panel-4203-1-0-0\" class=\"so-panel widget widget_black-studio-tinymce widget_black_studio_tinymce panel-first-child panel-last-child\" data-index=\"2\" ><div class=\"textwidget\"><h2><span class=\"BZ_Pyq_fadeIn\">Wir <\/span><span class=\"BZ_Pyq_fadeIn\">bieten <\/span><span class=\"BZ_Pyq_fadeIn\">folgende <\/span><span class=\"BZ_Pyq_fadeIn\">Logistik- <\/span><span class=\"BZ_Pyq_fadeIn\">und <\/span><span class=\"BZ_Pyq_fadeIn\">Transportl\u00f6sungen <\/span><span class=\"BZ_Pyq_fadeIn\">nach <\/span><span class=\"BZ_Pyq_fadeIn\">Turkmenistan <\/span><span class=\"BZ_Pyq_fadeIn\">von <\/span><span class=\"BZ_Pyq_fadeIn\">Deutschland, <\/span><span class=\"BZ_Pyq_fadeIn\">\u00d6sterreich <\/span><span class=\"BZ_Pyq_fadeIn\">und aus <\/span><span class=\"BZ_Pyq_fadeIn\">der <\/span><span class=\"BZ_Pyq_fadeIn\">Schweiz <\/span><span class=\"BZ_Pyq_fadeIn\">an:<\/span><\/h2>\n<p>&nbsp;<\/p>\n<ul>\n<li><strong><a title=\"LKW-Transporte\" href=\"https:\/\/www.stravex.com\/de\/lkw-deutschland-containertransporte-hamburg\" target=\"_blank\" rel=\"noopener\">LKW-Transporte<\/a>\u00a0nach Turkmenistan<\/strong>\n<ul>\n<li><strong>Komplett- und Teilladungen:<\/strong>\u00a0T\u00e4gliche Transporte mit flexiblen Kapazit\u00e4ten<\/li>\n<li><strong>Sammelgut:<\/strong>\u00a0Effiziente Sammelgutverkehre f\u00fcr kleinere Sendungen<\/li>\n<li><strong>Express-Lieferungen:<\/strong>\u00a0Schneller Versand f\u00fcr zeitkritische G\u00fcter<\/li>\n<li><strong>Schwer- und Gro\u00dfraumtransporte:<\/strong>\u00a0Zuverl\u00e4ssige Bef\u00f6rderung von sperrigen und schweren G\u00fctern nach Turkmenistan<\/li>\n<li><strong>Spezialtransporte:<\/strong>\u00a0Gefahrgut-, Thermo- und K\u00fchltransporte mit h\u00f6chsten Sicherheitsstandards<\/li>\n<\/ul>\n<\/li>\n<\/ul>\n<p>&nbsp;<\/p>\n<ul>\n<li><a title=\"Seetransporte\" href=\"https:\/\/www.stravex.com\/de\/seefracht-deutschland-container\" target=\"_blank\" rel=\"noopener\"><strong>Seetransporte<\/strong><\/a>\u00a0<strong>nach Turkmenistan<\/strong>\n<ul>\n<li>Multimodale Transporte: Seefracht \u00fcber Klaipeda, Ventspils, Hamburg und Poti aus Asien, Amerika und Afrika mit weiterer Bef\u00f6rderung per Bahn oder LKW\n<ul>\n<li>Containertransporte<\/li>\n<li>Verschiffung von St\u00fcckgut<\/li>\n<\/ul>\n<\/li>\n<\/ul>\n<\/li>\n<\/ul>\n<p>&nbsp;<\/p>\n<ul>\n<li><strong><a title=\"Lufttransporte\" href=\"https:\/\/www.stravex.com\/de\/luftfracht-deutschland-lufttransporte\" target=\"_blank\" rel=\"noopener\">Lufttransporte<\/a>\u00a0nach Turkmenistan<\/strong>\n<ul>\n<li>Regelm\u00e4\u00dfige\u00a0Luftfracht nach Aschchabad<\/li>\n<li>Direkte und indirekte Fracht- und Passagierfl\u00fcge mit dem europaweiten Vorlauf<\/li>\n<\/ul>\n<\/li>\n<\/ul>\n<p>&nbsp;<\/p>\n<ul>\n<li><strong><a title=\"Bahntransporte\" href=\"https:\/\/www.stravex.com\/de\/bahnfracht-deutschland-spedition\" target=\"_blank\" rel=\"noopener\">Bahntransporte<\/a>\u00a0nach Turkmenistan<\/strong>\n<ul>\n<li>Sichere und effiziente Bahnlogistik nach Turkmenistan aus Deutschland, \u00d6sterreich und der Schweiz<\/li>\n<li>Transporte mit Waggons und Flachwaggons inklusive Umladung auf LKWs\/andere Waggons<\/li>\n<li>Kombinierte Transporte (LKW\/Bahn, Schiff\/Bahn)<\/li>\n<\/ul>\n<\/li>\n<\/ul>\n<p>&nbsp;<\/p>\n<p>Wir f\u00fchren Transporte nach Turkmenistan aus den meisten L\u00e4ndern von Amerika, Asien, Afrika, Australien und den folgenden europ\u00e4ischen L\u00e4ndern durch:\u00a0Belgien, Bulgarien, D\u00e4nemark, Deutschland, Estland, Finnland, Frankreich, Griechenland, Gro\u00dfbritannien, Italien, Irland, Kroatien, Lettland, Litauen, Luxemburg, Malta, den Niederlanden, Norwegen, Polen, Portugal, \u00d6sterreich, Rum\u00e4nien, Schweden, der Schweiz, der Slowakei, Slowenien, Spanien, Tschechien, der Ukraine, Ungarn und Zypern.<\/p>\n<p>&nbsp;<\/p>\n<p><strong>Haben Sie Fragen zu Lieferungen zwischen Deutschland, \u00d6sterreich, der Schweiz und Turkmenistan? <\/strong><strong>Kontaktieren Sie uns! Unser kompetentes Team freut sich auf Ihre Anfrage:<\/strong><\/p>\n<p><strong>\ud83d\udcde Telefon:\u00a0<a href=\"tel:+4940334870300\" target=\"_blank\" rel=\"noopener\">+4940334870300<\/a><\/strong><\/p>\n<p><strong>\u2709\ufe0f E-Mail:\u00a0\u00a0\u00a0<\/strong>\u00a0<strong><span id=\"cloakf44f94d0db4fadf73333098eb3447d6c\"><a href=\"mailto:info@stravex.com\" target=\"_blank\" rel=\"noopener\">info@stravex.com<\/a><\/span><\/strong><\/p>\n<hr \/>\n<\/div><\/div><\/div><\/div><\/div>","protected":false},"excerpt":{"rendered":"<p>Effiziente Logistikl\u00f6sungen nach Turkmenistan <\/p>\n","protected":false},"author":1,"featured_media":2355,"parent":0,"menu_order":0,"comment_status":"closed","ping_status":"closed","template":"page-service.php","meta":{"_acf_changed":false,"footnotes":""},"class_list":["post-4203","page","type-page","status-publish","has-post-thumbnail","hentry"],"acf":[],"_links":{"self":[{"href":"https:\/\/www.stravex.com\/de\/wp-json\/wp\/v2\/pages\/4203","targetHints":{"allow":["GET"]}}],"collection":[{"href":"https:\/\/www.stravex.com\/de\/wp-json\/wp\/v2\/pages"}],"about":[{"href":"https:\/\/www.stravex.com\/de\/wp-json\/wp\/v2\/types\/page"}],"author":[{"embeddable":true,"href":"https:\/\/www.stravex.com\/de\/wp-json\/wp\/v2\/users\/1"}],"replies":[{"embeddable":true,"href":"https:\/\/www.stravex.com\/de\/wp-json\/wp\/v2\/comments?post=4203"}],"version-history":[{"count":5,"href":"https:\/\/www.stravex.com\/de\/wp-json\/wp\/v2\/pages\/4203\/revisions"}],"predecessor-version":[{"id":6025,"href":"https:\/\/www.stravex.com\/de\/wp-json\/wp\/v2\/pages\/4203\/revisions\/6025"}],"wp:featuredmedia":[{"embeddable":true,"href":"https:\/\/www.stravex.com\/de\/wp-json\/wp\/v2\/media\/2355"}],"wp:attachment":[{"href":"https:\/\/www.stravex.com\/de\/wp-json\/wp\/v2\/media?parent=4203"}],"curies":[{"name":"wp","href":"https:\/\/api.w.org\/{rel}","templated":true}]}}