{"id":4197,"date":"2025-07-06T18:55:27","date_gmt":"2025-07-06T16:55:27","guid":{"rendered":"https:\/\/www.stravex.com\/?page_id=4197"},"modified":"2026-01-01T19:31:42","modified_gmt":"2026-01-01T18:31:42","slug":"spedition-usbekistan","status":"publish","type":"page","link":"https:\/\/www.stravex.com\/de\/spedition-usbekistan","title":{"rendered":"Spedition Usbekistan: Transporte von Deutschland, Europa und Amerika"},"content":{"rendered":"<div id=\"pl-4197\"  class=\"panel-layout\" ><div id=\"pg-4197-0\"  class=\"panel-grid panel-no-style\" ><div id=\"pgc-4197-0-0\"  class=\"panel-grid-cell\" ><div id=\"panel-4197-0-0-0\" class=\"so-panel widget widget_sow-image panel-first-child panel-last-child\" data-index=\"0\" ><div\n\t\t\t\n\t\t\tclass=\"so-widget-sow-image so-widget-sow-image-default-6ec9e3772f75-4197\"\n\t\t\t\n\t\t>\n<div class=\"sow-image-container\">\n\t\t\t<a href=\"\/wp-content\/uploads\/2025\/06\/Uzbekistan.jpg\"\n\t\t\t\t\t>\n\t\t\t<img \n\tsrc=\"https:\/\/www.stravex.com\/wp-content\/uploads\/2025\/06\/Uzbekistan-360x204.jpg\" width=\"360\" height=\"204\" sizes=\"(max-width: 360px) 100vw, 360px\" title=\"Spedition Usbekistan\" alt=\"Luft Transport Usbekistan, Spedition Usbekistan, Projekt- und Schwertransport Usbekistan\" \t\tclass=\"so-widget-image\"\/>\n\t\t\t<\/a><\/div>\n\n<\/div><\/div><\/div><div id=\"pgc-4197-0-1\"  class=\"panel-grid-cell\" ><div id=\"panel-4197-0-1-0\" class=\"so-panel widget widget_black-studio-tinymce widget_black_studio_tinymce panel-first-child panel-last-child\" data-index=\"1\" ><div class=\"textwidget\"><h2><span style=\"font-size: 30px;\">Professionelle logistische Dienstleistungen zwischen Usbekistan, Deutschland, \u00d6sterreich und der Schweiz<\/span><\/h2>\n<\/div><\/div><\/div><\/div><div id=\"pg-4197-1\"  class=\"panel-grid panel-no-style\" ><div id=\"pgc-4197-1-0\"  class=\"panel-grid-cell\" ><div id=\"panel-4197-1-0-0\" class=\"so-panel widget widget_black-studio-tinymce widget_black_studio_tinymce panel-first-child panel-last-child\" data-index=\"2\" ><div class=\"textwidget\"><p>Unsere Spedition ist als Fachspedition f\u00fcr Usbekistan europaweit bekannt. Wir nehmen auch als Experten und Redner an hochrangingen <a href=\"https:\/\/hamburger-wirtschaft.de\/themen\/branchen\/aussenhandel\/usbekistan-als-brueckenkopf\/\" target=\"_blank\" rel=\"nofollow noopener\">Veranstaltungen<\/a> \u00fcber die Transporte zwischen Deutschland und Usbekistan teil.<\/p>\n<p>&nbsp;<\/p>\n<ul>\n<li><strong><a title=\"LKW-Transporte\" href=\"https:\/\/www.stravex.com\/de\/lkw-deutschland-containertransporte-hamburg\" target=\"_blank\" rel=\"noopener\">LKW-Transporte<\/a>\u00a0<\/strong>nach Usbekistan\n<ul>\n<li>T\u00e4gliche Komplett- und Teilladungen, Sammelgut<\/li>\n<li>Express-Lieferungen bei eiligen G\u00fctern<\/li>\n<li>Gro\u00dfraum- &amp; Schwerguttransporte,\u00a0Projektcargo nach Usbekistan: spezielle LKWs, Maschinen, Bau- und Bergtechnik,\u00a0Industrieanlagen f\u00fcr die \u00d6l-, Gas und Chemieindustrie<\/li>\n<li>Gefahrgut-, Thermo- und K\u00fchltransporte<\/li>\n<\/ul>\n<\/li>\n<\/ul>\n<ul>\n<li><a title=\"Seetransporte\" href=\"https:\/\/www.stravex.com\/de\/seefracht-deutschland-container\" target=\"_blank\" rel=\"noopener\"><strong>Seetransporte<\/strong><\/a>\u00a0nach Usbekistan\n<ul>\n<li>Seefracht \u00fcber Klaipeda, Ventspils, Hamburg und Poti aus Deutschland, Europa, Asien, Amerika und Afrika mit weiterer Bef\u00f6rderung per Bahn oder per LKW\n<ul>\n<li>Verladung von Containern und\u00a0St\u00fcckgut<\/li>\n<\/ul>\n<\/li>\n<\/ul>\n<\/li>\n<\/ul>\n<ul>\n<li><strong><a title=\"Lufttransporte\" href=\"https:\/\/www.stravex.com\/de\/luftfracht-deutschland-lufttransporte\" target=\"_blank\" rel=\"noopener\">Lufttransporte<\/a>\u00a0<\/strong>nach Usbekistan\n<ul>\n<li>Luftfracht nach Taschkent aus Europa, Asien und Amerika<\/li>\n<li>Direkte und indirekte Fracht- und Passagierfl\u00fcge mit dem europaweiten Vorlauf<\/li>\n<\/ul>\n<\/li>\n<\/ul>\n<ul>\n<li><strong><a title=\"Bahntransporte\" href=\"https:\/\/www.stravex.com\/de\/bahnfracht-deutschland-spedition\" target=\"_blank\" rel=\"noopener\">Bahntransporte<\/a>\u00a0<\/strong>nach Usbekistan\n<ul>\n<li>Containertransporte per Bahn aus <a href=\"https:\/\/www.stravex.com\/de\/spedition-hamburg-deutschland-logistik-transport\" target=\"_blank\" rel=\"noopener\">Deutschland<\/a>, <a href=\"https:\/\/www.stravex.com\/de\/spedition-osterreich-transport\" target=\"_blank\" rel=\"noopener\">\u00d6sterreich<\/a> und <a href=\"https:\/\/www.stravex.com\/de\/spedition-schweiz-transport\" target=\"_blank\" rel=\"noopener\">der Schweiz<\/a><\/li>\n<li>Transporte mit Waggons und Flachwaggons, inklusive Umladung auf LKWs\/andere Waggons<\/li>\n<li>Kombinierte Transporte (LKW\/Bahn, Schiff\/Bahn)<\/li>\n<\/ul>\n<\/li>\n<\/ul>\n<p>&nbsp;<\/p>\n<p>Wir f\u00fchren Transporte nach Usbekistan aus den meisten L\u00e4ndern von Amerika, Asien, Afrika, Australien und den folgenden europ\u00e4ischen L\u00e4ndern durch:\u00a0Belgien, Bulgarien, D\u00e4nemark, Deutschland, Estland, Finnland, Frankreich, Griechenland, Gro\u00dfbritannien, Italien, Irland, Kroatien, Lettland, Litauen, Luxemburg, Malta, den Niederlanden, Norwegen, Polen, Portugal, \u00d6sterreich, Rum\u00e4nien, Schweden, der Schweiz, der Slowakei, Slowenien, Spanien, Tschechien, der Ukraine, Ungarn und Zypern.<\/p>\n<p>&nbsp;<\/p>\n<p><strong>Haben Sie Fragen zu Lieferungen zwischen Deutschland, \u00d6sterreich oder der Schweiz und Usbekistan? <\/strong><strong>Kontaktieren Sie uns! Unser kompetentes Team freut sich auf Ihre Anfrage:<\/strong><\/p>\n<p><strong>\ud83d\udcde Telefon:\u00a0<a href=\"tel:+4940334870300\" target=\"_blank\" rel=\"noopener\">+4940334870300<\/a><\/strong><\/p>\n<p><strong>\u2709\ufe0f E-Mail:\u00a0\u00a0\u00a0<\/strong><strong><span id=\"cloakcdafebe7040e636cb8ef991d556a3f26\"><span id=\"cloak70df417eb9880db8b2ac638c04341cdb\"><a href=\"mailto:info@stravex.com\" target=\"_blank\" rel=\"noopener\">info@stravex.com<\/a><\/span><\/span><\/strong><\/p>\n<hr \/>\n<\/div><\/div><\/div><\/div><\/div>","protected":false},"excerpt":{"rendered":"<p>Zuverl\u00e4ssige Transporte von und nach Usbekistan<\/p>\n","protected":false},"author":1,"featured_media":2370,"parent":0,"menu_order":0,"comment_status":"closed","ping_status":"closed","template":"page-service.php","meta":{"_acf_changed":false,"footnotes":""},"class_list":["post-4197","page","type-page","status-publish","has-post-thumbnail","hentry"],"acf":[],"_links":{"self":[{"href":"https:\/\/www.stravex.com\/de\/wp-json\/wp\/v2\/pages\/4197","targetHints":{"allow":["GET"]}}],"collection":[{"href":"https:\/\/www.stravex.com\/de\/wp-json\/wp\/v2\/pages"}],"about":[{"href":"https:\/\/www.stravex.com\/de\/wp-json\/wp\/v2\/types\/page"}],"author":[{"embeddable":true,"href":"https:\/\/www.stravex.com\/de\/wp-json\/wp\/v2\/users\/1"}],"replies":[{"embeddable":true,"href":"https:\/\/www.stravex.com\/de\/wp-json\/wp\/v2\/comments?post=4197"}],"version-history":[{"count":4,"href":"https:\/\/www.stravex.com\/de\/wp-json\/wp\/v2\/pages\/4197\/revisions"}],"predecessor-version":[{"id":5397,"href":"https:\/\/www.stravex.com\/de\/wp-json\/wp\/v2\/pages\/4197\/revisions\/5397"}],"wp:featuredmedia":[{"embeddable":true,"href":"https:\/\/www.stravex.com\/de\/wp-json\/wp\/v2\/media\/2370"}],"wp:attachment":[{"href":"https:\/\/www.stravex.com\/de\/wp-json\/wp\/v2\/media?parent=4197"}],"curies":[{"name":"wp","href":"https:\/\/api.w.org\/{rel}","templated":true}]}}