{"id":4194,"date":"2025-07-06T18:49:06","date_gmt":"2025-07-06T16:49:06","guid":{"rendered":"https:\/\/www.stravex.com\/?page_id=4194"},"modified":"2026-01-01T13:38:34","modified_gmt":"2026-01-01T12:38:34","slug":"spedition-kasachstan","status":"publish","type":"page","link":"https:\/\/www.stravex.com\/de\/spedition-kasachstan","title":{"rendered":"Spedition Kasachstan: zuverl\u00e4ssige Lieferungen nach Mittelasien"},"content":{"rendered":"<div id=\"pl-4194\"  class=\"panel-layout\" ><div id=\"pg-4194-0\"  class=\"panel-grid panel-no-style\" ><div id=\"pgc-4194-0-0\"  class=\"panel-grid-cell\" ><div id=\"panel-4194-0-0-0\" class=\"so-panel widget widget_sow-image panel-first-child panel-last-child\" data-index=\"0\" ><div\n\t\t\t\n\t\t\tclass=\"so-widget-sow-image so-widget-sow-image-default-6ec9e3772f75-4194\"\n\t\t\t\n\t\t>\n<div class=\"sow-image-container\">\n\t\t\t<a href=\"\/wp-content\/uploads\/2025\/06\/Kazachstan.gif\"\n\t\t\t\t\t>\n\t\t\t<img \n\tsrc=\"https:\/\/www.stravex.com\/wp-content\/uploads\/2025\/06\/Kazachstan-360x240.gif\" width=\"360\" height=\"240\" srcset=\"https:\/\/www.stravex.com\/wp-content\/uploads\/2025\/06\/Kazachstan-360x240.gif 360w, https:\/\/www.stravex.com\/wp-content\/uploads\/2025\/06\/Kazachstan-300x200.gif 300w, https:\/\/www.stravex.com\/wp-content\/uploads\/2025\/06\/Kazachstan-272x182.gif 272w\" sizes=\"(max-width: 360px) 100vw, 360px\" title=\"Spedition Kasachstan\" alt=\"Spedition nach Kasachstan, Luftracht Kasachstan, Schwertransport Kasachstan, Versand Kasachstan\" \t\tclass=\"so-widget-image\"\/>\n\t\t\t<\/a><\/div>\n\n<\/div><\/div><\/div><div id=\"pgc-4194-0-1\"  class=\"panel-grid-cell\" ><div id=\"panel-4194-0-1-0\" class=\"so-panel widget widget_black-studio-tinymce widget_black_studio_tinymce panel-first-child panel-last-child\" data-index=\"1\" ><div class=\"textwidget\"><h2><span style=\"font-size: 30px;\"><strong>Unser Logistikunternehmen ist Fachspedition f\u00fcr Transporte Ihrer G\u00fcter nach Kasachstan per LKW-, Bahn- und Luftfracht<\/strong><\/span><\/h2>\n<\/div><\/div><\/div><\/div><div id=\"pg-4194-1\"  class=\"panel-grid panel-no-style\" ><div id=\"pgc-4194-1-0\"  class=\"panel-grid-cell\" ><div id=\"panel-4194-1-0-0\" class=\"so-panel widget widget_black-studio-tinymce widget_black_studio_tinymce panel-first-child panel-last-child\" data-index=\"2\" ><div class=\"textwidget\"><h2><strong>Wir bieten die folgenden professionellen Logistikl\u00f6sungen von und nach Kasachstan an:<\/strong><\/h2>\n<ul>\n<li><strong><a title=\"LKW Transporte\" href=\"https:\/\/www.stravex.com\/de\/lkw-deutschland-containertransporte-hamburg\" target=\"_blank\" rel=\"noopener\">LKW-Transporte<\/a>\u00a0<\/strong><strong>Kasachstan<\/strong>\n<ul>\n<li><strong>Komplett- und Teilladungen:<\/strong>\u00a0T\u00e4gliche Transporte mit flexiblen Kapazit\u00e4ten<\/li>\n<li><strong>Sammelgut:<\/strong>\u00a0Effiziente Sammelgutverkehre f\u00fcr kleinere Sendungen<\/li>\n<li><strong>Express-Lieferungen:<\/strong>\u00a0Schneller Versand f\u00fcr zeitkritische G\u00fcter<\/li>\n<li><strong>Schwer- und Gro\u00dfraumtransporte:<\/strong>\u00a0Zuverl\u00e4ssige Bef\u00f6rderung von sperrigen und schweren G\u00fctern nach Kasachstan<\/li>\n<li><strong>Spezialtransporte:<\/strong>\u00a0Gefahrgut-, Thermo- und K\u00fchltransporte mit h\u00f6chsten Sicherheitsstandards<\/li>\n<\/ul>\n<\/li>\n<\/ul>\n<ul>\n<li><a title=\"Seetransporte\" href=\"https:\/\/www.stravex.com\/de\/seefracht-deutschland-container\" target=\"_blank\" rel=\"noopener\"><strong>Seetransporte<\/strong><\/a>\u00a0<strong>Kasachstan<\/strong>\n<ul>\n<li>Multimodale Transporte: Seefracht \u00fcber Klaipeda, Ventspils, Hamburg und Poti aus Asien, Amerika und Afrika mit weiterer Bef\u00f6rderung per Bahn oder per LKW\n<ul>\n<li>Containertransporte<\/li>\n<li>Verschiffung von St\u00fcckgut<\/li>\n<\/ul>\n<\/li>\n<\/ul>\n<\/li>\n<\/ul>\n<ul>\n<li><strong><a title=\"Lufttransporte\" href=\"https:\/\/www.stravex.com\/de\/luftfracht-deutschland-lufttransporte\" target=\"_blank\" rel=\"noopener\">Luftfracht<\/a>\u00a0<\/strong><strong>Kasachstan<\/strong>\n<ul>\n<li>Regelm\u00e4\u00dfige\u00a0Luftfracht nach Almaty und nach Astana (Nursultan)<\/li>\n<li>Direkte und indirekte Fracht- und Passagierfl\u00fcge mit dem europaweiten Vorlauf<\/li>\n<\/ul>\n<\/li>\n<\/ul>\n<ul>\n<li><strong><a title=\"Bahntransporte\" href=\"https:\/\/www.stravex.com\/de\/bahnfracht-deutschland-spedition\" target=\"_blank\" rel=\"noopener\">Bahntransporte<\/a>\u00a0<\/strong><strong>Kasachstan<\/strong>\n<ul>\n<li>Sichere und effiziente Bahnlogistik nach Kasachstan aus <a href=\"https:\/\/www.stravex.com\/de\/spedition-hamburg-deutschland-logistik-transport\" target=\"_blank\" rel=\"noopener\">Deutschland<\/a>, <a href=\"https:\/\/www.stravex.com\/de\/spedition-osterreich-transport\" target=\"_blank\" rel=\"noopener\">\u00d6sterreich<\/a> und <a href=\"https:\/\/www.stravex.com\/de\/spedition-schweiz-transport\" target=\"_blank\" rel=\"noopener\">der Schweiz<\/a><\/li>\n<li>Transporte mit Waggons und Flachwaggons inklusive Umladung auf LKWs\/andere Waggons<\/li>\n<li>Kombinierte Transporte (LKW\/Bahn, Schiff\/Bahn)<\/li>\n<\/ul>\n<\/li>\n<\/ul>\n<p>&nbsp;<\/p>\n<p>Wir organisieren Transporte nach Kasachstan aus den meisten L\u00e4ndern von Amerika, Asien, Afrika, Australien und den folgenden L\u00e4ndern Europas:\u00a0Belgien, Bulgarien, D\u00e4nemark, Deutschland, Estland, Finnland, Frankreich, Griechenland, Gro\u00dfbritannien, Italien, Irland, Kroatien, Lettland, Litauen, Luxemburg, Malta, den Niederlanden, Norwegen, Polen, Portugal, \u00d6sterreich, Rum\u00e4nien, Schweden, der Schweiz, der Slowakei, Slowenien, Spanien, Tschechien, der Ukraine, Ungarn und Zypern.<\/p>\n<p>&nbsp;<\/p>\n<p><strong>Haben Sie Fragen zu Lieferungen zwischen Deutschland, \u00d6sterreich, der Schweiz und Kasachstan?\u00a0<\/strong><strong>Kontaktieren Sie uns! Unser kompetentes Team freut sich auf Ihre Anfrage:<\/strong><\/p>\n<p><strong>\ud83d\udcde Telefon:\u00a0<a href=\"tel:+4940334870300\" target=\"_blank\" rel=\"noopener\">+4940334870300<\/a><\/strong><\/p>\n<p><strong>\u2709\ufe0f E-Mail:\u00a0\u00a0\u00a0<\/strong>\u00a0<strong><span id=\"cloakbf45a273941cd84ba273d89fc46deaa9\"><a href=\"mailto:info@stravex.com\" target=\"_blank\" rel=\"noopener\">info@stravex.com<\/a><\/span><\/strong><\/p>\n<hr \/>\n<p>&nbsp;<\/p>\n<\/div><\/div><\/div><\/div><\/div>","protected":false},"excerpt":{"rendered":"<p>Fachspedition f\u00fcr Transporte nach Kasachstan<\/p>\n","protected":false},"author":1,"featured_media":2304,"parent":0,"menu_order":0,"comment_status":"closed","ping_status":"closed","template":"page-service.php","meta":{"_acf_changed":false,"footnotes":""},"class_list":["post-4194","page","type-page","status-publish","has-post-thumbnail","hentry"],"acf":[],"_links":{"self":[{"href":"https:\/\/www.stravex.com\/de\/wp-json\/wp\/v2\/pages\/4194","targetHints":{"allow":["GET"]}}],"collection":[{"href":"https:\/\/www.stravex.com\/de\/wp-json\/wp\/v2\/pages"}],"about":[{"href":"https:\/\/www.stravex.com\/de\/wp-json\/wp\/v2\/types\/page"}],"author":[{"embeddable":true,"href":"https:\/\/www.stravex.com\/de\/wp-json\/wp\/v2\/users\/1"}],"replies":[{"embeddable":true,"href":"https:\/\/www.stravex.com\/de\/wp-json\/wp\/v2\/comments?post=4194"}],"version-history":[{"count":3,"href":"https:\/\/www.stravex.com\/de\/wp-json\/wp\/v2\/pages\/4194\/revisions"}],"predecessor-version":[{"id":5377,"href":"https:\/\/www.stravex.com\/de\/wp-json\/wp\/v2\/pages\/4194\/revisions\/5377"}],"wp:featuredmedia":[{"embeddable":true,"href":"https:\/\/www.stravex.com\/de\/wp-json\/wp\/v2\/media\/2304"}],"wp:attachment":[{"href":"https:\/\/www.stravex.com\/de\/wp-json\/wp\/v2\/media?parent=4194"}],"curies":[{"name":"wp","href":"https:\/\/api.w.org\/{rel}","templated":true}]}}