{"id":4192,"date":"2025-07-06T18:42:47","date_gmt":"2025-07-06T16:42:47","guid":{"rendered":"https:\/\/www.stravex.com\/?page_id=4192"},"modified":"2026-01-01T14:46:49","modified_gmt":"2026-01-01T13:46:49","slug":"spedition-singapur-malaysia-philippinen-indonesien-logistik","status":"publish","type":"page","link":"https:\/\/www.stravex.com\/de\/spedition-singapur-malaysia-philippinen-indonesien-logistik","title":{"rendered":"Spedition nach Singapur, Indonesien, Malaysia und auf die Philippinen"},"content":{"rendered":"<div id=\"pl-4192\"  class=\"panel-layout\" ><div id=\"pg-4192-0\"  class=\"panel-grid panel-no-style\" ><div id=\"pgc-4192-0-0\"  class=\"panel-grid-cell\" ><div id=\"panel-4192-0-0-0\" class=\"so-panel widget widget_sow-image panel-first-child panel-last-child\" data-index=\"0\" ><div\n\t\t\t\n\t\t\tclass=\"so-widget-sow-image so-widget-sow-image-default-6ec9e3772f75-4192\"\n\t\t\t\n\t\t>\n<div class=\"sow-image-container\">\n\t\t\t<a href=\"\/wp-content\/uploads\/2025\/06\/asie.jpg\"\n\t\t\t\t\t>\n\t\t\t<img \n\tsrc=\"https:\/\/www.stravex.com\/wp-content\/uploads\/2025\/06\/asie-360x240.jpg\" width=\"360\" height=\"240\" srcset=\"https:\/\/www.stravex.com\/wp-content\/uploads\/2025\/06\/asie-360x240.jpg 360w, https:\/\/www.stravex.com\/wp-content\/uploads\/2025\/06\/asie-300x200.jpg 300w, https:\/\/www.stravex.com\/wp-content\/uploads\/2025\/06\/asie-1024x683.jpg 1024w, https:\/\/www.stravex.com\/wp-content\/uploads\/2025\/06\/asie-768x512.jpg 768w, https:\/\/www.stravex.com\/wp-content\/uploads\/2025\/06\/asie-1536x1024.jpg 1536w, https:\/\/www.stravex.com\/wp-content\/uploads\/2025\/06\/asie-272x182.jpg 272w, https:\/\/www.stravex.com\/wp-content\/uploads\/2025\/06\/asie.jpg 1920w\" sizes=\"(max-width: 360px) 100vw, 360px\" title=\"Transport von\/nach Singapur, Indonesien, Malaysia und den Philippinen\" alt=\"Transport Deutschland Vietnam, Schifffahrt Deutschland Kambodscha, Fracht \u00d6sterreich Laos, Transport Deutschland Kambodscha, Schifffahrt Deutschland Vietnam, Fracht \u00d6sterreich Laos,Transport Deutschland Kambodscha, Schifffahrt Deutschland Kambodscha, Fracht \u00d6sterreich Myanmar\" \t\tclass=\"so-widget-image\"\/>\n\t\t\t<\/a><\/div>\n\n<\/div><\/div><\/div><div id=\"pgc-4192-0-1\"  class=\"panel-grid-cell\" ><div id=\"panel-4192-0-1-0\" class=\"so-panel widget widget_black-studio-tinymce widget_black_studio_tinymce panel-first-child panel-last-child\" data-index=\"1\" ><div class=\"textwidget\"><h2><span style=\"font-size: 30px;\">Unser Logistikunternehmen bietet die folgenden zuverl\u00e4ssigen Transporte von Deutschland, \u00d6sterreich und der Schweiz nach S\u00fcdostasien an:<\/span><\/h2>\n<\/div><\/div><\/div><\/div><div id=\"pg-4192-1\"  class=\"panel-grid panel-no-style\" ><div id=\"pgc-4192-1-0\"  class=\"panel-grid-cell\" ><div id=\"panel-4192-1-0-0\" class=\"so-panel widget widget_black-studio-tinymce widget_black_studio_tinymce panel-first-child panel-last-child\" data-index=\"2\" ><div class=\"textwidget\"><ul>\n<li><a title=\"Seetransporte\" href=\"https:\/\/www.stravex.com\/de\/seefracht-deutschland-container\" target=\"_blank\" rel=\"noopener\"><strong>Seetransporte<\/strong><\/a>\n<ul>\n<li>Seefracht von Containern (FCL) nach Singapur, Port Klang und Tanjung Pelepas (Malaysia), Tanjung Priok and Belawan (Indonesien), sowie Manila und Cebu (die Philippinen) aus Hamburg, Bremerhaven, Rotterdam und Atwerpen<\/li>\n<li>W\u00f6chentliche Sammelgutcontainer (LCL) zwischen Hamburg und wichtigen s\u00fcdasiatischen H\u00e4fen, einschlie\u00dflich Vorlauf und Nachlauf zwischen Versendern und Empf\u00e4ngern<\/li>\n<li><a href=\"https:\/\/www.stravex.com\/de\/schwertransporte-deutschland-spedition\" target=\"_blank\" rel=\"noopener\">Projekt- und Schwertransporte<\/a> von Baumaschinen, Bef\u00f6rderungsmitteln und Industrieanlagen<\/li>\n<li>Multimodale Transporte nach S\u00fcdostasien<\/li>\n<li>Optimale Logistikl\u00f6sungen f\u00fcr den Warenverkehr zwischen Singapur, Malaysia, Indonesien, den Philippinnen und <a href=\"https:\/\/www.stravex.com\/de\/spedition-ukraine-logistik\" target=\"_blank\" rel=\"noopener\">der Ukraine<\/a><\/li>\n<\/ul>\n<\/li>\n<\/ul>\n<ul>\n<li><a title=\"Lufttransporte\" href=\"https:\/\/www.stravex.com\/de\/luftfracht-deutschland-lufttransporte\" target=\"_blank\" rel=\"noopener\"><strong>Lufttransporte<\/strong><\/a>\n<ul>\n<li>Luftfracht\u00a0mit Singapore Airlines, Malaysia Airlines, Garuda Indonesia, Philippine Airlines, Etihad, Emirates, Lufthansa, KLM, Swiss Air, Fedex, DHL und weiteren Fluglinien<\/li>\n<li>Direkte Verbindungen zwischen Changi International Airport in Singapur, Kuala Lumpur International Airport (Malaysia), Soekarno-Hatta Airport in Jakarta (Indonesien), Ninoy Aquina Airport in Manila (die Philippinen) und Deutschland, \u00d6sterreich und der Schweiz<\/li>\n<li>LKW-Transporte zu allen Flugh\u00e4fen<\/li>\n<li>Verzollung an den Flugh\u00e4fen<\/li>\n<li>Sondertarife f\u00fcr Lieferungen von\/nach Singapur und Manila nach\/von Frankfurt am Main, Luxemburg and Amsterdam<\/li>\n<\/ul>\n<\/li>\n<\/ul>\n<p>&nbsp;<\/p>\n<p>Wir f\u00fchren Transporte aus S\u00fcdostasien in die meisten L\u00e4nder in Amerika, Afrika und in die folgenden europ\u00e4ischen und zentralasiatischen L\u00e4nder durch:\u00a0Belgien, Bulgarien, D\u00e4nemark, Deutschland, Estland, Finnland, Frankreich, Griechenland, Gro\u00dfbritannien, Italien, Irland, Kasachstan, Kroatien, Lettland, Litauen, Luxemburg, Malta, den Niederlanden, Norwegen, Polen, Portugal, \u00d6sterreich, Rum\u00e4nien, Schweden, der Schweiz, der Slowakei, Slowenien, Spanien, Tschechien, Turkmenistan, der Ukraine, Ungarn, Usbekistan und Zypern.<\/p>\n<p>&nbsp;<\/p>\n<p><strong>Haben Sie Fragen zu Transporten zwischen <a href=\"https:\/\/www.stravex.com\/de\/spedition-hamburg-deutschland-logistik-transport\" target=\"_blank\" rel=\"noopener\">Deutschland<\/a>, <a href=\"https:\/\/www.stravex.com\/de\/spedition-osterreich-transport\" target=\"_blank\" rel=\"noopener\">\u00d6sterreich<\/a>, <a href=\"https:\/\/www.stravex.com\/de\/spedition-schweiz-transport\" target=\"_blank\" rel=\"noopener\">der Schweiz<\/a> und Singapur, Indonesien, Malaysia und den Philippinen?<\/strong><\/p>\n<p><strong>Kontaktieren Sie uns! Unser kompetentes Team freut sich auf Ihre Anfrage:<\/strong><\/p>\n<p><strong>\ud83d\udcde Telefon:\u00a0\u00a0<a href=\"tel:+4940334870300\" target=\"_blank\" rel=\"noopener\">+4940334870300<\/a><\/strong><\/p>\n<p><strong>\u2709\ufe0f E-Mail:\u00a0\u00a0\u00a0<\/strong>\u00a0\u00a0<strong><span id=\"cloak3fb41297fcbca028103e4eb7df9569f9\"><a href=\"mailto:info@stravex.com\" target=\"_blank\" rel=\"noopener\">info@stravex.com<\/a><\/span><\/strong><\/p>\n<hr \/>\n<\/div><\/div><\/div><\/div><\/div>","protected":false},"excerpt":{"rendered":"<p>Effiziente Logistik von und nach S\u00fcdostasien<\/p>\n","protected":false},"author":1,"featured_media":2599,"parent":0,"menu_order":0,"comment_status":"closed","ping_status":"closed","template":"page-service.php","meta":{"_acf_changed":false,"footnotes":""},"class_list":["post-4192","page","type-page","status-publish","has-post-thumbnail","hentry"],"acf":[],"_links":{"self":[{"href":"https:\/\/www.stravex.com\/de\/wp-json\/wp\/v2\/pages\/4192","targetHints":{"allow":["GET"]}}],"collection":[{"href":"https:\/\/www.stravex.com\/de\/wp-json\/wp\/v2\/pages"}],"about":[{"href":"https:\/\/www.stravex.com\/de\/wp-json\/wp\/v2\/types\/page"}],"author":[{"embeddable":true,"href":"https:\/\/www.stravex.com\/de\/wp-json\/wp\/v2\/users\/1"}],"replies":[{"embeddable":true,"href":"https:\/\/www.stravex.com\/de\/wp-json\/wp\/v2\/comments?post=4192"}],"version-history":[{"count":4,"href":"https:\/\/www.stravex.com\/de\/wp-json\/wp\/v2\/pages\/4192\/revisions"}],"predecessor-version":[{"id":5387,"href":"https:\/\/www.stravex.com\/de\/wp-json\/wp\/v2\/pages\/4192\/revisions\/5387"}],"wp:featuredmedia":[{"embeddable":true,"href":"https:\/\/www.stravex.com\/de\/wp-json\/wp\/v2\/media\/2599"}],"wp:attachment":[{"href":"https:\/\/www.stravex.com\/de\/wp-json\/wp\/v2\/media?parent=4192"}],"curies":[{"name":"wp","href":"https:\/\/api.w.org\/{rel}","templated":true}]}}