{"id":4188,"date":"2025-07-06T18:17:25","date_gmt":"2025-07-06T16:17:25","guid":{"rendered":"https:\/\/www.stravex.com\/?page_id=4188"},"modified":"2026-01-01T14:15:12","modified_gmt":"2026-01-01T13:15:12","slug":"spedition-nach-indien-transport","status":"publish","type":"page","link":"https:\/\/www.stravex.com\/de\/spedition-nach-indien-transport","title":{"rendered":"Spedition nach Indien: Luftfracht und Seefracht"},"content":{"rendered":"<div id=\"pl-4188\"  class=\"panel-layout\" ><div id=\"pg-4188-0\"  class=\"panel-grid panel-no-style\" ><div id=\"pgc-4188-0-0\"  class=\"panel-grid-cell\" ><div id=\"panel-4188-0-0-0\" class=\"so-panel widget widget_sow-image panel-first-child panel-last-child\" data-index=\"0\" ><div\n\t\t\t\n\t\t\tclass=\"so-widget-sow-image so-widget-sow-image-default-6ec9e3772f75-4188\"\n\t\t\t\n\t\t>\n<div class=\"sow-image-container\">\n\t\t\t<a href=\"\/wp-content\/uploads\/2025\/06\/India.jpg\"\n\t\t\t\t\t>\n\t\t\t<img \n\tsrc=\"https:\/\/www.stravex.com\/wp-content\/uploads\/2025\/06\/India-360x240.jpg\" width=\"360\" height=\"240\" srcset=\"https:\/\/www.stravex.com\/wp-content\/uploads\/2025\/06\/India-360x240.jpg 360w, https:\/\/www.stravex.com\/wp-content\/uploads\/2025\/06\/India-300x200.jpg 300w, https:\/\/www.stravex.com\/wp-content\/uploads\/2025\/06\/India-768x512.jpg 768w, https:\/\/www.stravex.com\/wp-content\/uploads\/2025\/06\/India-272x182.jpg 272w, https:\/\/www.stravex.com\/wp-content\/uploads\/2025\/06\/India.jpg 827w\" sizes=\"(max-width: 360px) 100vw, 360px\" title=\"Spedition India\" alt=\"Schwertransport Indien, Spedition Indien, Fracht Indien\" \t\tclass=\"so-widget-image\"\/>\n\t\t\t<\/a><\/div>\n\n<\/div><\/div><\/div><div id=\"pgc-4188-0-1\"  class=\"panel-grid-cell\" ><div id=\"panel-4188-0-1-0\" class=\"so-panel widget widget_black-studio-tinymce widget_black_studio_tinymce panel-first-child panel-last-child\" data-index=\"1\" ><div class=\"textwidget\"><h2><span style=\"font-size: 30px;\">Professionelle Logistik nach Indien: Schwer- und Containertransporte, See- und Luftfracht<\/span><\/h2>\n<\/div><\/div><\/div><\/div><div id=\"pg-4188-1\"  class=\"panel-grid panel-no-style\" ><div id=\"pgc-4188-1-0\"  class=\"panel-grid-cell\" ><div id=\"panel-4188-1-0-0\" class=\"so-panel widget widget_black-studio-tinymce widget_black_studio_tinymce panel-first-child panel-last-child\" data-index=\"2\" ><div class=\"textwidget\"><h3><span style=\"font-size: 24px;\">Unser Logistikunternehmen bietet die folgenden professionellen Transporte nach\/von Indien von\/nach Deutschland, \u00d6sterreich und der Schweiz an:<\/span><\/h3>\n<ul>\n<li><a title=\"Seetransporte\" href=\"https:\/\/www.stravex.com\/de\/seefracht-deutschland-container\" target=\"_blank\" rel=\"noopener\"><strong>Seetransporte<\/strong><\/a>\n<ul>\n<li>Containertransporte (FCL) von Deutschland zu indischen H\u00e4fen Nhava Sheva, Mundra, Mumbai, Chennai, Ennore, Kolkata, Cochin, Kandla, Tuticorin, Visakhapatnam, Krishnapatnam, Hazira und Haldia<\/li>\n<li>W\u00f6chentliche Sammelgutcontainer (LCL) von und nach Hamburg<\/li>\n<li>Lieferungen in Indien zwischen den H\u00e4fen und Versendern bzw. Empf\u00e4ngern<\/li>\n<li><a href=\"https:\/\/www.stravex.com\/de\/schwertransporte-deutschland-spedition\" target=\"_blank\" rel=\"noopener\">Projekt- und Schwertransporte<\/a> von Baumaschinen, Bef\u00f6rderungsmitteln und Industrieanlagen\u00a0zwischen<a href=\"https:\/\/www.stravex.com\/de\/spedition-hamburg-deutschland-logistik-transport\" target=\"_blank\" rel=\"noopener\"> Deutschland<\/a> und Indien<\/li>\n<li>Multimodale Logistikl\u00f6sungen von\/nach Indien und nach\/von Deutschland, Europa, Amerika, Asien und Afrika<\/li>\n<li>Lieferungen zwischen Indien und <a href=\"https:\/\/www.stravex.com\/de\/spedition-ukraine-logistik\" target=\"_blank\" rel=\"noopener\">der Ukraine<\/a> \u00fcber Hamburg<\/li>\n<\/ul>\n<\/li>\n<\/ul>\n<ul>\n<li><strong><a title=\"Lufttransporte\" href=\"https:\/\/www.stravex.com\/de\/luftfracht-deutschland-lufttransporte\" target=\"_blank\" rel=\"noopener\">Lufttransporte<\/a><\/strong>\n<ul>\n<li>Luftfracht nach\/von Indira Gandhi International Airport in Delhi, Chhatrapati Shivaji Maharaj International Airport in Mumbai, Chennai International Airport in Madras und Kempegowda International Airport in Bangalore von\/nach Frankfurt und weiteren europ\u00e4ischen Flugh\u00e4fen:\n<ul>\n<li>Vor- und Nachlauftransporte<\/li>\n<li>Verzollung an den Flugh\u00e4fen<\/li>\n<li>Luftfracht mit Air India, Lufthansa, Turkish Airlines, Etihad Airlines, British Airways, Emirates, Air France und weiteren Fluglinien<\/li>\n<\/ul>\n<\/li>\n<\/ul>\n<\/li>\n<\/ul>\n<p>&nbsp;<\/p>\n<p>Wir organisieren Logistik nach Indien aus den meisten L\u00e4ndern von Amerika, Asien, Afrika, Australien und den folgenden europ\u00e4ischen und mittelasiatischen L\u00e4ndern:\u00a0Belgien, Bulgarien, D\u00e4nemark, Deutschland, Estland, Finnland, Frankreich, Griechenland, Gro\u00dfbritannien, Italien, Irland, Kasachstan, Kroatien, Lettland, Litauen, Luxemburg, Malta, den Niederlanden, Norwegen, Polen, Portugal, \u00d6sterreich, Rum\u00e4nien, Schweden, der Schweiz, der Slowakei, Slowenien, Spanien, Tschechien, Turkmenistan, der Ukraine, Ungarn, Usbekistan und Zypern.<\/p>\n<p>&nbsp;<\/p>\n<p><strong>Haben Sie Fragen zu Lieferungen zwischen <a href=\"https:\/\/www.stravex.com\/de\/spedition-hamburg-deutschland-logistik-transport\" target=\"_blank\" rel=\"noopener\">Deutschland<\/a>, <a href=\"https:\/\/www.stravex.com\/de\/spedition-osterreich-transport\" target=\"_blank\" rel=\"noopener\">\u00d6sterreich<\/a>, <a href=\"https:\/\/www.stravex.com\/de\/spedition-schweiz-transport\" target=\"_blank\" rel=\"noopener\">der Schweiz<\/a> und Indien?\u00a0<\/strong><strong>Kontaktieren Sie uns! Unser kompetentes Team freut sich auf Ihre Anfrage:<\/strong><\/p>\n<p><strong>\ud83d\udcde Telefon:\u00a0\u00a0<a href=\"tel:+4940334870300\" target=\"_blank\" rel=\"noopener\">+4940334870300<\/a><\/strong><\/p>\n<p><strong>\u2709\ufe0f E-Mail:\u00a0\u00a0\u00a0<\/strong>\u00a0\u00a0<strong><a href=\"mailto:info@stravex.com\" target=\"_blank\" rel=\"noopener\">info@stravex.com<\/a><\/strong><\/p>\n<hr \/>\n<p>&nbsp;<\/p>\n<\/div><\/div><\/div><\/div><\/div>","protected":false},"excerpt":{"rendered":"<p>Professionelle Logistik nach Indien: Schwer- und Containertransporte<\/p>\n","protected":false},"author":1,"featured_media":2292,"parent":0,"menu_order":0,"comment_status":"closed","ping_status":"closed","template":"page-service.php","meta":{"_acf_changed":false,"footnotes":""},"class_list":["post-4188","page","type-page","status-publish","has-post-thumbnail","hentry"],"acf":[],"_links":{"self":[{"href":"https:\/\/www.stravex.com\/de\/wp-json\/wp\/v2\/pages\/4188","targetHints":{"allow":["GET"]}}],"collection":[{"href":"https:\/\/www.stravex.com\/de\/wp-json\/wp\/v2\/pages"}],"about":[{"href":"https:\/\/www.stravex.com\/de\/wp-json\/wp\/v2\/types\/page"}],"author":[{"embeddable":true,"href":"https:\/\/www.stravex.com\/de\/wp-json\/wp\/v2\/users\/1"}],"replies":[{"embeddable":true,"href":"https:\/\/www.stravex.com\/de\/wp-json\/wp\/v2\/comments?post=4188"}],"version-history":[{"count":3,"href":"https:\/\/www.stravex.com\/de\/wp-json\/wp\/v2\/pages\/4188\/revisions"}],"predecessor-version":[{"id":5382,"href":"https:\/\/www.stravex.com\/de\/wp-json\/wp\/v2\/pages\/4188\/revisions\/5382"}],"wp:featuredmedia":[{"embeddable":true,"href":"https:\/\/www.stravex.com\/de\/wp-json\/wp\/v2\/media\/2292"}],"wp:attachment":[{"href":"https:\/\/www.stravex.com\/de\/wp-json\/wp\/v2\/media?parent=4188"}],"curies":[{"name":"wp","href":"https:\/\/api.w.org\/{rel}","templated":true}]}}