{"id":4186,"date":"2025-07-06T18:10:55","date_gmt":"2025-07-06T16:10:55","guid":{"rendered":"https:\/\/www.stravex.com\/?page_id=4186"},"modified":"2026-01-01T14:53:24","modified_gmt":"2026-01-01T13:53:24","slug":"spedition-suedkorea-logistik","status":"publish","type":"page","link":"https:\/\/www.stravex.com\/de\/spedition-suedkorea-logistik","title":{"rendered":"Spedition nach S\u00fcdkorea: Luftfracht und Seefracht"},"content":{"rendered":"<div id=\"pl-4186\"  class=\"panel-layout\" ><div id=\"pg-4186-0\"  class=\"panel-grid panel-no-style\" ><div id=\"pgc-4186-0-0\"  class=\"panel-grid-cell\" ><div id=\"panel-4186-0-0-0\" class=\"so-panel widget widget_sow-image panel-first-child panel-last-child\" data-index=\"0\" ><div\n\t\t\t\n\t\t\tclass=\"so-widget-sow-image so-widget-sow-image-default-6ec9e3772f75-4186\"\n\t\t\t\n\t\t>\n<div class=\"sow-image-container\">\n\t\t\t<a href=\"\/wp-content\/uploads\/2025\/06\/S\u0413\u0458dKorea.jpg\"\n\t\t\t\t\t>\n\t\t\t<img \n\tsrc=\"https:\/\/www.stravex.com\/wp-content\/uploads\/2025\/06\/S\u0413\u0458dKorea-360x240.jpg\" width=\"360\" height=\"240\" srcset=\"https:\/\/www.stravex.com\/wp-content\/uploads\/2025\/06\/S\u0413\u0458dKorea-360x240.jpg 360w, https:\/\/www.stravex.com\/wp-content\/uploads\/2025\/06\/S\u0413\u0458dKorea-300x200.jpg 300w, https:\/\/www.stravex.com\/wp-content\/uploads\/2025\/06\/S\u0413\u0458dKorea-768x512.jpg 768w, https:\/\/www.stravex.com\/wp-content\/uploads\/2025\/06\/S\u0413\u0458dKorea-272x182.jpg 272w, https:\/\/www.stravex.com\/wp-content\/uploads\/2025\/06\/S\u0413\u0458dKorea.jpg 827w\" sizes=\"(max-width: 360px) 100vw, 360px\" title=\"Spedition S\u00fcdkorea, Fracht S\u00fcdkorea, Transporte nach S\u00fcdkorea, Logistik Duetschland S\u00fcdkorea \" alt=\"Spedition S\u00fcdkorea, Fracht S\u00fcdkorea, Transporte nach S\u00fcdkorea, Logistik Duetschland S\u00fcdkorea\" \t\tclass=\"so-widget-image\"\/>\n\t\t\t<\/a><\/div>\n\n<\/div><\/div><\/div><div id=\"pgc-4186-0-1\"  class=\"panel-grid-cell\" ><div id=\"panel-4186-0-1-0\" class=\"so-panel widget widget_black-studio-tinymce widget_black_studio_tinymce panel-first-child panel-last-child\" data-index=\"1\" ><div class=\"textwidget\"><h2><span style=\"font-size: 30px;\">Optimale Logistik von und nach S\u00fcdkorea<\/span><\/h2>\n<\/div><\/div><\/div><\/div><div id=\"pg-4186-1\"  class=\"panel-grid panel-no-style\" ><div id=\"pgc-4186-1-0\"  class=\"panel-grid-cell\" ><div id=\"panel-4186-1-0-0\" class=\"so-panel widget widget_black-studio-tinymce widget_black_studio_tinymce panel-first-child panel-last-child\" data-index=\"2\" ><div class=\"textwidget\"><h3><span style=\"font-size: 24px;\">Unsere Spedition bietet die folgenden professionellen Transporte von\/nach Deutschland, \u00d6sterreich und der Schweiz nach\/von S\u00fcdkorea an<\/span><\/h3>\n<ul>\n<li><a title=\"Seetransporte\" href=\"https:\/\/www.stravex.com\/de\/seefracht-deutschland-container\" target=\"_blank\" rel=\"noopener\"><strong>Seetransporte<\/strong><\/a>\n<ul>\n<li>Containertransporte (FCL) nach Port of Busan, Port of Incheon (Seoul) und Port of Donghae von Hamburg, Bremerhaven, Antwerpen, Rotterdam und anderen europ\u00e4ischen H\u00e4fen<\/li>\n<li>W\u00f6chentliche Sammelgutcontainer (LCL) zwischen Hamburg und S\u00fcdkorea<\/li>\n<li>Europaweite Container- und St\u00fcckguttransporte vom\/bis zum Hafen Hamburg<\/li>\n<li>Transporte in S\u00fcdkorea bis zu den H\u00e4fen Busan, Incheon, Donghae<\/li>\n<li><a href=\"https:\/\/www.stravex.com\/de\/schwertransporte-deutschland-spedition\" target=\"_blank\" rel=\"noopener\">Projekt- und Schwertransporte<\/a> von Baumaschinen, Bef\u00f6rderungsmitteln und Industrieanlagen zwischen <a href=\"https:\/\/www.stravex.com\/de\/spedition-hamburg-deutschland-logistik-transport\" target=\"_blank\" rel=\"noopener\">Deutschland<\/a>, <a href=\"https:\/\/www.stravex.com\/de\/spedition-osterreich-transport\" target=\"_blank\" rel=\"noopener\">\u00d6sterreich<\/a> und <a href=\"https:\/\/www.stravex.com\/de\/spedition-schweiz-transport\" target=\"_blank\" rel=\"noopener\">der Schweiz<\/a> und S\u00fcdkorea<\/li>\n<li>Multimodale Transporte zwischen S\u00fcdkorea und Deutschland, Europa, Amerika, Asien und Afrika<\/li>\n<li>Logistikl\u00f6sungen zwischen S\u00fcdkorea und <a href=\"https:\/\/www.stravex.com\/de\/spedition-ukraine-logistik\" target=\"_blank\" rel=\"noopener\">der Ukraine<\/a> \u00fcber Hamburg<\/li>\n<\/ul>\n<\/li>\n<\/ul>\n<ul>\n<li><strong><a title=\"Lufttransporte\" href=\"https:\/\/www.stravex.com\/de\/luftfracht-deutschland-lufttransporte\" target=\"_blank\" rel=\"noopener\">Lufttransporte<\/a><\/strong>\n<ul>\n<li>Luftfracht nach Incheon International Airport in Seoul und Gimhae International Airport in Busan von Frankfurt und anderen europ\u00e4ischen Flugh\u00e4fen:\n<ul>\n<li>LKW-Transporte in S\u00fcdkorea<\/li>\n<li>Europaweite Transporte von\/zu europ\u00e4ischen Flugh\u00e4fen f\u00fcr weitere Fracht nach\/von S\u00fcdkorea<\/li>\n<li>Verzollung an den Flugh\u00e4fen<\/li>\n<li>Luftfracht mit Frachtern und regul\u00e4ren Passagierflugzeugen von\u00a0Korean Air, Lufthansa, Asiana Airlines, British Airways, Emirates, Lufthansa, Air France und weiteren Fluggesellschaften<\/li>\n<\/ul>\n<\/li>\n<\/ul>\n<\/li>\n<\/ul>\n<p>&nbsp;<\/p>\n<p>Wir organisieren Logistik nach S\u00fcdkorea aus den meisten L\u00e4ndern von Amerika, Asien, Afrika, Australien und den folgenden europ\u00e4ischen und zentralasiatischen L\u00e4ndern durch:\u00a0Belgien, Bulgarien, D\u00e4nemark, Deutschland, Estland, Finnland, Frankreich, Griechenland, Gro\u00dfbritannien, Italien, Irland, Kasachstan, Kroatien, Lettland, Litauen, Luxemburg, Malta, den Niederlanden, Norwegen, Polen, Portugal, \u00d6sterreich, Rum\u00e4nien, Schweden, der Schweiz, der Slowakei, Slowenien, Spanien, Tschechien, Turkmenistan, der Ukraine, Ungarn, Usbekistan und Zypern.<\/p>\n<p>&nbsp;<\/p>\n<p><strong>Haben Sie Fragen zu Lieferungen zwischen Deutschland, \u00d6sterreich, der Schweiz und S\u00fcdkorea?\u00a0<\/strong><strong>Kontaktieren Sie uns! Unser kompetentes Team freut sich auf Ihre Anfrage:<\/strong><\/p>\n<p><strong>\ud83d\udcde Telefon:\u00a0<a href=\"tel:+4940334870300\" target=\"_blank\" rel=\"noopener\">+4940334870300<\/a><\/strong><\/p>\n<p><strong>\u2709\ufe0f E-Mail:\u00a0\u00a0\u00a0<\/strong>\u00a0<strong><span id=\"cloakcdafebe7040e636cb8ef991d556a3f26\"><span id=\"cloakd22827b3697b16958a132361179baa07\"><a href=\"mailto:info@stravex.com\" target=\"_blank\" rel=\"noopener\">info@stravex.com<\/a><\/span><\/span><\/strong><\/p>\n<hr \/>\n<p>&nbsp;<\/p>\n<\/div><\/div><\/div><\/div><\/div>","protected":false},"excerpt":{"rendered":"<p>Professionelle Logistik nach und von S\u00fcdkorea <\/p>\n","protected":false},"author":1,"featured_media":3073,"parent":0,"menu_order":0,"comment_status":"closed","ping_status":"closed","template":"page-service.php","meta":{"_acf_changed":false,"footnotes":""},"class_list":["post-4186","page","type-page","status-publish","has-post-thumbnail","hentry"],"acf":[],"_links":{"self":[{"href":"https:\/\/www.stravex.com\/de\/wp-json\/wp\/v2\/pages\/4186","targetHints":{"allow":["GET"]}}],"collection":[{"href":"https:\/\/www.stravex.com\/de\/wp-json\/wp\/v2\/pages"}],"about":[{"href":"https:\/\/www.stravex.com\/de\/wp-json\/wp\/v2\/types\/page"}],"author":[{"embeddable":true,"href":"https:\/\/www.stravex.com\/de\/wp-json\/wp\/v2\/users\/1"}],"replies":[{"embeddable":true,"href":"https:\/\/www.stravex.com\/de\/wp-json\/wp\/v2\/comments?post=4186"}],"version-history":[{"count":4,"href":"https:\/\/www.stravex.com\/de\/wp-json\/wp\/v2\/pages\/4186\/revisions"}],"predecessor-version":[{"id":5388,"href":"https:\/\/www.stravex.com\/de\/wp-json\/wp\/v2\/pages\/4186\/revisions\/5388"}],"wp:featuredmedia":[{"embeddable":true,"href":"https:\/\/www.stravex.com\/de\/wp-json\/wp\/v2\/media\/3073"}],"wp:attachment":[{"href":"https:\/\/www.stravex.com\/de\/wp-json\/wp\/v2\/media?parent=4186"}],"curies":[{"name":"wp","href":"https:\/\/api.w.org\/{rel}","templated":true}]}}