{"id":4183,"date":"2025-07-06T18:03:58","date_gmt":"2025-07-06T16:03:58","guid":{"rendered":"https:\/\/www.stravex.com\/?page_id=4183"},"modified":"2026-03-15T13:18:35","modified_gmt":"2026-03-15T12:18:35","slug":"spedition-japan-logistik","status":"publish","type":"page","link":"https:\/\/www.stravex.com\/de\/spedition-japan-logistik","title":{"rendered":"Transporte von und nach Japan"},"content":{"rendered":"<div id=\"pl-4183\"  class=\"panel-layout\" ><div id=\"pg-4183-0\"  class=\"panel-grid panel-no-style\" ><div id=\"pgc-4183-0-0\"  class=\"panel-grid-cell\" ><div id=\"panel-4183-0-0-0\" class=\"so-panel widget widget_sow-image panel-first-child panel-last-child\" data-index=\"0\" ><div\n\t\t\t\n\t\t\tclass=\"so-widget-sow-image so-widget-sow-image-default-6ec9e3772f75-4183\"\n\t\t\t\n\t\t>\n<div class=\"sow-image-container\">\n\t\t\t<a href=\"\/wp-content\/uploads\/2025\/07\/JapanFlag.jpg\"\n\t\t\t\t\t>\n\t\t\t<img \n\tsrc=\"https:\/\/www.stravex.com\/wp-content\/uploads\/2025\/07\/JapanFlag-360x240.jpg\" width=\"360\" height=\"240\" srcset=\"https:\/\/www.stravex.com\/wp-content\/uploads\/2025\/07\/JapanFlag-360x240.jpg 360w, https:\/\/www.stravex.com\/wp-content\/uploads\/2025\/07\/JapanFlag-272x182.jpg 272w\" sizes=\"(max-width: 360px) 100vw, 360px\" title=\"Transport Japan\" alt=\"Spedition Japan. Transport Japan Deutschland, Luftfracht Japan, Container nach Japan, Logistik Japan\" \t\tclass=\"so-widget-image\"\/>\n\t\t\t<\/a><\/div>\n\n<\/div><\/div><\/div><div id=\"pgc-4183-0-1\"  class=\"panel-grid-cell\" ><div id=\"panel-4183-0-1-0\" class=\"so-panel widget widget_black-studio-tinymce widget_black_studio_tinymce panel-first-child panel-last-child\" data-index=\"1\" ><div class=\"textwidget\"><h2><span style=\"font-size: 30px;\"><strong>Professionelle Logistik nach Japan: Schwer- und Containertransporte, See- und Luftfracht <\/strong><\/span><\/h2>\n<\/div><\/div><\/div><\/div><div id=\"pg-4183-1\"  class=\"panel-grid panel-no-style\" ><div id=\"pgc-4183-1-0\"  class=\"panel-grid-cell\" ><div id=\"panel-4183-1-0-0\" class=\"so-panel widget widget_black-studio-tinymce widget_black_studio_tinymce panel-first-child panel-last-child\" data-index=\"2\" ><div class=\"textwidget\"><h3><span style=\"font-size: 24px;\"><strong>Unsere Spedition bietet die folgenden Transporte zwischen <a href=\"https:\/\/www.stravex.com\/de\/spedition-hamburg-deutschland-logistik-transport\" target=\"_blank\" rel=\"noopener\">Deutschland<\/a>, <a href=\"https:\/\/www.stravex.com\/de\/spedition-osterreich-transport\" target=\"_blank\" rel=\"noopener\">\u00d6sterreich,<\/a>\u00a0<a href=\"https:\/\/www.stravex.com\/de\/spedition-schweiz-transport\" target=\"_blank\" rel=\"noopener\">der Schweiz<\/a> und Japan an:<\/strong><\/span><\/h3>\n<p>&nbsp;<\/p>\n<ul>\n<li><a title=\"Seetransporte\" href=\"https:\/\/www.stravex.com\/de\/seefracht-deutschland-container\" target=\"_blank\" rel=\"noopener\"><strong>Seetransporte<\/strong><\/a><strong>\u00a0Japan<\/strong>\n<ul>\n<li>Containertransporte (FCL) von\/nach Port of Tokyo, Kobe Port, Port of Nagoya, Port of Osaka, Port of Yokohama nach\/von Hamburg, Bremerhaven, Antwerpen, Rotterdam<\/li>\n<li>W\u00f6chentliche Sammelgutcontainer (LCL) zwischen Hamburg und Japan<\/li>\n<li><a href=\"https:\/\/www.stravex.com\/de\/schwertransporte-deutschland-spedition\" target=\"_blank\" rel=\"noopener\">Projekt- und Schwertransporte<\/a> von Baumaschinen, Bef\u00f6rderungsmitteln und Industrieanlagen<\/li>\n<li>Logistikl\u00f6sungen zwischen Japan und <a href=\"https:\/\/www.stravex.com\/de\/spedition-ukraine-logistik\" target=\"_blank\" rel=\"noopener\">der Ukraine<\/a> \u00fcber Hamburg<\/li>\n<\/ul>\n<\/li>\n<\/ul>\n<p>&nbsp;<\/p>\n<ul>\n<li><strong><a title=\"Lufttransporte\" href=\"https:\/\/www.stravex.com\/de\/luftfracht-deutschland-lufttransporte\" target=\"_blank\" rel=\"noopener\">Lufttransporte<\/a>\u00a0Japan<\/strong>\n<ul>\n<li>Luftfracht nach\/von Tokyo International Airports Haneda und Narita, Kansai International Airport Osaka, Chubu Centrair International Airport Nagoya von\/nach Frankfurt und anderen europ\u00e4ischen Flugh\u00e4fen:\n<ul>\n<li>Vor- und Nachlauf per LKW<\/li>\n<li>Verzollung an den Flugh\u00e4fen<\/li>\n<li>Luftfracht mit JAL Japan Airlines, Lufthansa, Austrian Airlines, ANA All Nippon Airways, British Airways, Emirates, Swiss Air, Air France etc.<\/li>\n<\/ul>\n<\/li>\n<\/ul>\n<\/li>\n<\/ul>\n<p>&nbsp;<\/p>\n<p>Wir organisieren Logistik f\u00fcr Transporte nach Japan aus den meisten L\u00e4ndern von Amerika, Asien, Afrika, Australien und den folgenden europ\u00e4ischen und zentralasiatischen L\u00e4ndern:\u00a0Belgien, Bulgarien, D\u00e4nemark, Deutschland, Estland, Finnland, Frankreich, Griechenland, Gro\u00dfbritannien, Italien, Irland, Kasachstan, Kroatien, Lettland, Litauen, Luxemburg, Malta, den Niederlanden, Norwegen, Polen, Portugal, \u00d6sterreich, Rum\u00e4nien, Schweden, der Schweiz, der Slowakei, Slowenien, Spanien, Tschechien, Turkmenistan, der Ukraine, Ungarn, Usbekistan und Zypern.<\/p>\n<p>&nbsp;<\/p>\n<h3><strong>Haben Sie Fragen zu Lieferungen zwischen Deutschland, \u00d6sterreich, der Schweiz und Japan? <\/strong><strong>Kontaktieren Sie uns! Unser kompetentes Team freut sich auf Ihre Anfrage:<\/strong><\/h3>\n<p><strong>\ud83d\udcde Telefon:\u00a0<a href=\"tel:+4940334870300\" target=\"_blank\" rel=\"noopener\">+4940334870300<\/a><\/strong><\/p>\n<p><strong>\u2709\ufe0f E-Mail:\u00a0\u00a0\u00a0<\/strong>\u00a0<strong><span id=\"cloakcdafebe7040e636cb8ef991d556a3f26\"><span id=\"cloak4648a2658b85bcb387f6c4a2d611cfa8\"><a href=\"mailto:info@stravex.com\" target=\"_blank\" rel=\"noopener\">info@stravex.com<\/a><\/span><\/span><\/strong><\/p>\n<hr \/>\n<p>&nbsp;<\/p>\n<\/div><\/div><\/div><\/div><\/div>","protected":false},"excerpt":{"rendered":"<p>Logistik nach Japan: Luftfracht, Schwer- und Containertransporte<\/p>\n","protected":false},"author":1,"featured_media":2574,"parent":0,"menu_order":0,"comment_status":"closed","ping_status":"closed","template":"page-service.php","meta":{"_acf_changed":false,"footnotes":""},"class_list":["post-4183","page","type-page","status-publish","has-post-thumbnail","hentry"],"acf":[],"_links":{"self":[{"href":"https:\/\/www.stravex.com\/de\/wp-json\/wp\/v2\/pages\/4183","targetHints":{"allow":["GET"]}}],"collection":[{"href":"https:\/\/www.stravex.com\/de\/wp-json\/wp\/v2\/pages"}],"about":[{"href":"https:\/\/www.stravex.com\/de\/wp-json\/wp\/v2\/types\/page"}],"author":[{"embeddable":true,"href":"https:\/\/www.stravex.com\/de\/wp-json\/wp\/v2\/users\/1"}],"replies":[{"embeddable":true,"href":"https:\/\/www.stravex.com\/de\/wp-json\/wp\/v2\/comments?post=4183"}],"version-history":[{"count":5,"href":"https:\/\/www.stravex.com\/de\/wp-json\/wp\/v2\/pages\/4183\/revisions"}],"predecessor-version":[{"id":6026,"href":"https:\/\/www.stravex.com\/de\/wp-json\/wp\/v2\/pages\/4183\/revisions\/6026"}],"wp:featuredmedia":[{"embeddable":true,"href":"https:\/\/www.stravex.com\/de\/wp-json\/wp\/v2\/media\/2574"}],"wp:attachment":[{"href":"https:\/\/www.stravex.com\/de\/wp-json\/wp\/v2\/media?parent=4183"}],"curies":[{"name":"wp","href":"https:\/\/api.w.org\/{rel}","templated":true}]}}