{"id":4179,"date":"2025-07-06T17:58:21","date_gmt":"2025-07-06T15:58:21","guid":{"rendered":"https:\/\/www.stravex.com\/?page_id=4179"},"modified":"2026-01-01T14:26:04","modified_gmt":"2026-01-01T13:26:04","slug":"spedition-israel","status":"publish","type":"page","link":"https:\/\/www.stravex.com\/de\/spedition-israel","title":{"rendered":"Spedition nach Israel: Luft- und Seefracht"},"content":{"rendered":"<div id=\"pl-4179\"  class=\"panel-layout\" ><div id=\"pg-4179-0\"  class=\"panel-grid panel-no-style\" ><div id=\"pgc-4179-0-0\"  class=\"panel-grid-cell\" ><div id=\"panel-4179-0-0-0\" class=\"so-panel widget widget_sow-image panel-first-child panel-last-child\" data-index=\"0\" ><div\n\t\t\t\n\t\t\tclass=\"so-widget-sow-image so-widget-sow-image-default-6ec9e3772f75-4179\"\n\t\t\t\n\t\t>\n<div class=\"sow-image-container\">\n\t\t\t<a href=\"\/wp-content\/uploads\/2025\/06\/Israel.jpg\"\n\t\t\t\t\t>\n\t\t\t<img \n\tsrc=\"https:\/\/www.stravex.com\/wp-content\/uploads\/2025\/06\/Israel-360x240.jpg\" width=\"360\" height=\"240\" srcset=\"https:\/\/www.stravex.com\/wp-content\/uploads\/2025\/06\/Israel-360x240.jpg 360w, https:\/\/www.stravex.com\/wp-content\/uploads\/2025\/06\/Israel-272x182.jpg 272w\" sizes=\"(max-width: 360px) 100vw, 360px\" title=\"Container Deutschland Israel, Fracht Israel\" alt=\"Container Deutschland Israel, Fracht Israel\" \t\tclass=\"so-widget-image\"\/>\n\t\t\t<\/a><\/div>\n\n<\/div><\/div><\/div><div id=\"pgc-4179-0-1\"  class=\"panel-grid-cell\" ><div id=\"panel-4179-0-1-0\" class=\"so-panel widget widget_black-studio-tinymce widget_black_studio_tinymce panel-first-child panel-last-child\" data-index=\"1\" ><div class=\"textwidget\"><h2><span style=\"font-size: 30px;\"><strong>Professionelle und kundenorientierte Logistik zwischen Israel und Europa<\/strong><\/span><\/h2>\n<\/div><\/div><\/div><\/div><div id=\"pg-4179-1\"  class=\"panel-grid panel-no-style\" ><div id=\"pgc-4179-1-0\"  class=\"panel-grid-cell\" ><div id=\"panel-4179-1-0-0\" class=\"so-panel widget widget_black-studio-tinymce widget_black_studio_tinymce panel-first-child panel-last-child\" data-index=\"2\" ><div class=\"textwidget\"><h3><span style=\"font-size: 24px;\">Unsere Spedition bietet die folgenden Transporte von Deutschland, \u00d6sterreich und Schweiz nach Israel und umgekehrt an:<\/span><\/h3>\n<ul>\n<li><a title=\"Seetransporte\" href=\"https:\/\/www.stravex.com\/de\/seefracht-deutschland-container\" target=\"_blank\" rel=\"noopener\"><strong>Seetransporte<\/strong><\/a>\n<ul>\n<li>Containertransporte (FCL) nach Haifa und Ashdod von Hamburg, Bremerhaven, Antwerpen und Rotterdam<\/li>\n<li>W\u00f6chentliche Sammelgutcontainer (LCL) zwischen Hamburg und Israel (Haifa, Ashdod)<\/li>\n<li>Europaweite Container- und St\u00fcckguttransporte vom und bis zum Hafen Hamburg<\/li>\n<li>Transporte in Israel von und bis zu den H\u00e4fen Haifa und Ashdod<\/li>\n<li><a href=\"https:\/\/www.stravex.com\/de\/schwertransporte-deutschland-spedition\" target=\"_blank\" rel=\"noopener\">Projekt \u2013 und Schwertransporte<\/a> nach Israel f\u00fcr Baumaschinen, Bef\u00f6rderungsmittel und Industrieanlagen<\/li>\n<li>Logistik zwischen Israel und der <a href=\"https:\/\/www.stravex.com\/de\/spedition-ukraine-logistik\" target=\"_blank\" rel=\"noopener\">Ukraine<\/a> \u00fcber Hamburg<\/li>\n<\/ul>\n<\/li>\n<\/ul>\n<ul>\n<li><strong><a title=\"Lufttransporte\" href=\"https:\/\/www.stravex.com\/de\/luftfracht-deutschland-lufttransporte\" target=\"_blank\" rel=\"noopener\">Lufttransporte<\/a><\/strong>\n<ul>\n<li>Luftfracht nach Ben Gurion International Airport (Tel Aviv) von Frankfurt am Main, Z\u00fcrich, Wien, L\u00fcttich und anderen europ\u00e4ischen Flugh\u00e4fen\n<ul>\n<li>Vor- und Nachlauf\u00a0von und zu europ\u00e4ischen Flugh\u00e4fen<\/li>\n<li>Luftfracht\u00a0nach <a href=\"https:\/\/www.stravex.com\/de\/spedition-hamburg-deutschland-logistik-transport\" target=\"_blank\" rel=\"noopener\">Deutschland<\/a>, <a href=\"https:\/\/www.stravex.com\/de\/spedition-osterreich-transport\" target=\"_blank\" rel=\"noopener\">\u00d6sterreich<\/a>, in <a href=\"https:\/\/www.stravex.com\/de\/spedition-schweiz-transport\" target=\"_blank\" rel=\"noopener\">die Schweiz<\/a> und andere europ\u00e4ische L\u00e4nder\u00a0mit Frachtern und regul\u00e4ren Passagierflugzeugen von\u00a0El Al, Arkia, Emirates, Lufthansa, KLM, Swiss Air und anderen Fluglinien<\/li>\n<\/ul>\n<\/li>\n<li>Sondertarife f\u00fcr Lieferungen aus Israel nach Frankfurt am Main (Deutschland) und L\u00fcttich (Belgien)<\/li>\n<\/ul>\n<\/li>\n<\/ul>\n<p>&nbsp;<\/p>\n<p>Wir f\u00fchren Transporte nach Israel aus den meisten L\u00e4ndern in Amerika, Asien, Afrika, Australien sowie aus den folgenden europ\u00e4ischen und zentralasiatischen L\u00e4ndern durch:\u00a0Belgien, Bulgarien, D\u00e4nemark, Deutschland, Estland, Finnland, Frankreich, Griechenland, Gro\u00dfbritannien, Italien, Irland, Kasachstan, Kroatien, Lettland, Litauen, Luxemburg, Malta, den Niederlanden, Norwegen, Polen, Portugal, \u00d6sterreich, Rum\u00e4nien, Schweden, der Schweiz, der Slowakei, Slowenien, Spanien, Tschechien, Turkmenistan, der Ukraine, Ungarn, Usbekistan und Zypern.<\/p>\n<p>&nbsp;<\/p>\n<p><strong>Haben Sie Fragen zu Lieferungen zwischen Deutschland, \u00d6sterreich, der Schweiz und Israel? Kontaktieren Sie uns! Unser kompetentes Team freut sich auf Ihre Anfrage - per Telefon <a href=\"tel:+4940334870300\" target=\"_blank\" rel=\"noopener\">+4940334870300<\/a> oder E-Mail an <span id=\"cloaka1f7651fe8238f6752fc2dc6f785bad1\"><a href=\"mailto:info@stravex.com\" target=\"_blank\" rel=\"noopener\">info@stravex.com<\/a><\/span>.<\/strong><\/p>\n<hr \/>\n<p>&nbsp;<\/p>\n<\/div><\/div><\/div><\/div><\/div>","protected":false},"excerpt":{"rendered":"<p>Professionelle Logistik zwischen Israel und Europa<\/p>\n","protected":false},"author":1,"featured_media":3070,"parent":0,"menu_order":0,"comment_status":"closed","ping_status":"closed","template":"page-service.php","meta":{"_acf_changed":false,"footnotes":""},"class_list":["post-4179","page","type-page","status-publish","has-post-thumbnail","hentry"],"acf":[],"_links":{"self":[{"href":"https:\/\/www.stravex.com\/de\/wp-json\/wp\/v2\/pages\/4179","targetHints":{"allow":["GET"]}}],"collection":[{"href":"https:\/\/www.stravex.com\/de\/wp-json\/wp\/v2\/pages"}],"about":[{"href":"https:\/\/www.stravex.com\/de\/wp-json\/wp\/v2\/types\/page"}],"author":[{"embeddable":true,"href":"https:\/\/www.stravex.com\/de\/wp-json\/wp\/v2\/users\/1"}],"replies":[{"embeddable":true,"href":"https:\/\/www.stravex.com\/de\/wp-json\/wp\/v2\/comments?post=4179"}],"version-history":[{"count":4,"href":"https:\/\/www.stravex.com\/de\/wp-json\/wp\/v2\/pages\/4179\/revisions"}],"predecessor-version":[{"id":5384,"href":"https:\/\/www.stravex.com\/de\/wp-json\/wp\/v2\/pages\/4179\/revisions\/5384"}],"wp:featuredmedia":[{"embeddable":true,"href":"https:\/\/www.stravex.com\/de\/wp-json\/wp\/v2\/media\/3070"}],"wp:attachment":[{"href":"https:\/\/www.stravex.com\/de\/wp-json\/wp\/v2\/media?parent=4179"}],"curies":[{"name":"wp","href":"https:\/\/api.w.org\/{rel}","templated":true}]}}