{"id":4176,"date":"2025-07-06T17:46:25","date_gmt":"2025-07-06T15:46:25","guid":{"rendered":"https:\/\/www.stravex.com\/?page_id=4176"},"modified":"2026-02-08T19:40:41","modified_gmt":"2026-02-08T18:40:41","slug":"spedition-saudi-arabien","status":"publish","type":"page","link":"https:\/\/www.stravex.com\/de\/spedition-saudi-arabien","title":{"rendered":"Spedition nach Saudi-Arabien, Bahrain, Katar, Kuwait und Oman"},"content":{"rendered":"<div id=\"pl-4176\"  class=\"panel-layout\" ><div id=\"pg-4176-0\"  class=\"panel-grid panel-no-style\" ><div id=\"pgc-4176-0-0\"  class=\"panel-grid-cell\" ><div id=\"panel-4176-0-0-0\" class=\"so-panel widget widget_sow-image panel-first-child panel-last-child\" data-index=\"0\" ><div\n\t\t\t\n\t\t\tclass=\"so-widget-sow-image so-widget-sow-image-default-6ec9e3772f75-4176\"\n\t\t\t\n\t\t>\n<div class=\"sow-image-container\">\n\t\t\t<a href=\"\/wp-content\/uploads\/2025\/06\/SaudiArabien.jpg\"\n\t\t\t\t\t>\n\t\t\t<img \n\tsrc=\"https:\/\/www.stravex.com\/wp-content\/uploads\/2025\/06\/SaudiArabien-360x240.jpg\" width=\"360\" height=\"240\" srcset=\"https:\/\/www.stravex.com\/wp-content\/uploads\/2025\/06\/SaudiArabien-360x240.jpg 360w, https:\/\/www.stravex.com\/wp-content\/uploads\/2025\/06\/SaudiArabien-272x182.jpg 272w\" sizes=\"(max-width: 360px) 100vw, 360px\" title=\"Spedition Saudi Arabien, Projekt Transport Oman, Maschinentransport Bahrain, Container Kuweit\" alt=\"Spedition Saudi Arabien, Projekt Transport Oman, Maschinentransport Bahrain, Container Kuweit\" \t\tclass=\"so-widget-image\"\/>\n\t\t\t<\/a><\/div>\n\n<\/div><\/div><\/div><div id=\"pgc-4176-0-1\"  class=\"panel-grid-cell\" ><div id=\"panel-4176-0-1-0\" class=\"so-panel widget widget_black-studio-tinymce widget_black_studio_tinymce panel-first-child panel-last-child\" data-index=\"1\" ><div class=\"textwidget\"><h2><span style=\"font-size: 30px;\"><strong>Zuverl\u00e4ssige Logistik in die L\u00e4nder des Persischen Golfs<\/strong><\/span><\/h2>\n<\/div><\/div><\/div><\/div><div id=\"pg-4176-1\"  class=\"panel-grid panel-no-style\" ><div id=\"pgc-4176-1-0\"  class=\"panel-grid-cell\" ><div id=\"panel-4176-1-0-0\" class=\"so-panel widget widget_black-studio-tinymce widget_black_studio_tinymce panel-first-child panel-last-child\" data-index=\"2\" ><div class=\"textwidget\"><p><span class=\"lh-12\"><strong><span style=\"font-size: 24px;\">Unser Logistikunternehmen bietet die folgenden professionellen Transporte von Deutschland, \u00d6sterreich und der Schweiz nach Saudi-Arabien, Bahrain, Katar, Kuwait und Oman an:<\/span><\/strong><\/span><\/p>\n<ul>\n<li><a title=\"Seetransporte\" href=\"https:\/\/www.stravex.com\/de\/seefracht-deutschland-container\" target=\"_blank\" rel=\"noopener\"><strong>Seetransporte<\/strong><\/a>\n<ul>\n<li>Containertransporte (FCL) nach Jeddah, Yanbu und Dammam (Saudi Arabien), Doha (Katar), Salalah (Oman), Shuwaikh (Kuwait), Mina Salman (Bahrain) von Hamburg, Bremerhaven, Antwerpen, Rotterdam und anderen europ\u00e4ischen H\u00e4fen<\/li>\n<li>W\u00f6chentliche Sammelgutcontainer (LCL) zwischen Hamburg und den H\u00e4fen am Persischen Golf<\/li>\n<li>Europaweite Container- und St\u00fcckguttransporte vom und bis zum Hafen Hamburg<\/li>\n<li><a href=\"https:\/\/www.stravex.com\/de\/schwertransporte-deutschland-spedition\" target=\"_blank\" rel=\"noopener\"><strong>Projekt- und Schwertransporte<\/strong><\/a> von Baumaschinen, Bef\u00f6rderungsmitteln und Industrieanlagen<\/li>\n<li>Multimodale Transporte zwischen den L\u00e4ndern am Persischen Golf und Deutschland, Europa, Amerika, Asien und Afrika<\/li>\n<li>Logistik zwischen Saudi-Arabien und <strong><a href=\"https:\/\/www.stravex.com\/de\/spedition-ukraine-logistik\" target=\"_blank\" rel=\"noopener\">der Ukraine<\/a> <\/strong>\u00fcber Hamburg<\/li>\n<\/ul>\n<\/li>\n<\/ul>\n<ul>\n<li><strong><a title=\"Lufttransporte\" href=\"https:\/\/www.stravex.com\/de\/luftfracht-deutschland-lufttransporte\" target=\"_blank\" rel=\"noopener\">Lufttransporte<\/a><\/strong>\n<ul>\n<li>Luftfracht nach King Abdulaziz International Airport in Jeddah, King Khalid International Airport in Riad und King Fahd International Airport in Ad Dammam, Muscat International Airport in Oman, Bahrain International Airport in al-Muharraq, Hamad International Airport in Doha und Kuwait International Airport von Frankfurt, Z\u00fcrich, Luxemburg, London und anderen europ\u00e4ischen Flugh\u00e4fen:\n<ul>\n<li>Europaweite Transporte zu europ\u00e4ischen Flugh\u00e4fen f\u00fcr weitere Fracht in die L\u00e4nder<\/li>\n<li>Verzollung in den Flugh\u00e4fen<\/li>\n<li>Luftfracht mit Frachtern und regul\u00e4ren Passagierflugzeugen von Saudia, Kuwait Airways, Oman Air, Qatar Airways,\u00a0Emirates, Etihad, Lufthansa, Swiss Air, Cargolux, British Airways und anderen Fluglinien<\/li>\n<\/ul>\n<\/li>\n<\/ul>\n<\/li>\n<\/ul>\n<p>&nbsp;<\/p>\n<p>Wir f\u00fchren Transporte zu den L\u00e4ndern am Persischen Golf aus den meisten L\u00e4ndern von Amerika, Asien, Afrika, Australien und den folgenden europ\u00e4ischen und zentralasiatischen L\u00e4ndern durch:\u00a0Belgien, Bulgarien, D\u00e4nemark, Deutschland, Estland, Finnland, Frankreich, Griechenland, Gro\u00dfbritannien, Italien, Irland, Kasachstan, Kroatien, Lettland, Litauen, Luxemburg, Malta, den Niederlanden, Norwegen, Polen, Portugal, \u00d6sterreich, Rum\u00e4nien, Schweden, der Schweiz, der Slowakei, Slowenien, Spanien, Tschechien, Turkmenistan, der Ukraine, Ungarn, Usbekistan und Zypern.<\/p>\n<p>&nbsp;<\/p>\n<p><strong>Haben Sie Fragen zu Lieferungen von <a href=\"https:\/\/www.stravex.com\/de\/spedition-hamburg-deutschland-logistik-transport\" target=\"_blank\" rel=\"noopener\">Deutschland<\/a>, <a href=\"https:\/\/www.stravex.com\/de\/spedition-osterreich-transport\" target=\"_blank\" rel=\"noopener\">\u00d6sterreich<\/a> und <a href=\"https:\/\/www.stravex.com\/de\/spedition-schweiz-transport\" target=\"_blank\" rel=\"noopener\">der Schweiz<\/a> nach Saudi-Arabien, Bahrain, Katar, Kuwait &amp; Oman? Kontaktieren Sie uns! Unser kompetentes Team freut sich auf Ihre Anfrage per Telefon <a href=\"tel:+4940334870300\" target=\"_blank\" rel=\"noopener\">+4940334870300<\/a>\u00a0\u00a0oder E-Mail an\u00a0<span id=\"cloaka6b837478c11ebb9f90e13234c61f788\"><a href=\"mailto:info@stravex.com\" target=\"_blank\" rel=\"noopener\">info@stravex.com<\/a><\/span>\u00a0.<\/strong><\/p>\n<hr \/>\n<p>&nbsp;<\/p>\n<\/div><\/div><\/div><\/div><\/div>","protected":false},"excerpt":{"rendered":"<p>Zuverl\u00e4ssige Logistik in die L\u00e4nder des Persischen Golfs <\/p>\n","protected":false},"author":1,"featured_media":2337,"parent":0,"menu_order":0,"comment_status":"closed","ping_status":"closed","template":"page-service.php","meta":{"_acf_changed":false,"footnotes":""},"class_list":["post-4176","page","type-page","status-publish","has-post-thumbnail","hentry"],"acf":[],"_links":{"self":[{"href":"https:\/\/www.stravex.com\/de\/wp-json\/wp\/v2\/pages\/4176","targetHints":{"allow":["GET"]}}],"collection":[{"href":"https:\/\/www.stravex.com\/de\/wp-json\/wp\/v2\/pages"}],"about":[{"href":"https:\/\/www.stravex.com\/de\/wp-json\/wp\/v2\/types\/page"}],"author":[{"embeddable":true,"href":"https:\/\/www.stravex.com\/de\/wp-json\/wp\/v2\/users\/1"}],"replies":[{"embeddable":true,"href":"https:\/\/www.stravex.com\/de\/wp-json\/wp\/v2\/comments?post=4176"}],"version-history":[{"count":4,"href":"https:\/\/www.stravex.com\/de\/wp-json\/wp\/v2\/pages\/4176\/revisions"}],"predecessor-version":[{"id":5692,"href":"https:\/\/www.stravex.com\/de\/wp-json\/wp\/v2\/pages\/4176\/revisions\/5692"}],"wp:featuredmedia":[{"embeddable":true,"href":"https:\/\/www.stravex.com\/de\/wp-json\/wp\/v2\/media\/2337"}],"wp:attachment":[{"href":"https:\/\/www.stravex.com\/de\/wp-json\/wp\/v2\/media?parent=4176"}],"curies":[{"name":"wp","href":"https:\/\/api.w.org\/{rel}","templated":true}]}}