{"id":4172,"date":"2025-07-06T17:38:17","date_gmt":"2025-07-06T15:38:17","guid":{"rendered":"https:\/\/www.stravex.com\/?page_id=4172"},"modified":"2026-03-15T13:22:08","modified_gmt":"2026-03-15T12:22:08","slug":"spedition-dubai-transport-vae-logistik-emirate","status":"publish","type":"page","link":"https:\/\/www.stravex.com\/de\/spedition-dubai-transport-vae-logistik-emirate","title":{"rendered":"Spedition in die VAE (Vereinigte Arabische Emirate)"},"content":{"rendered":"<div id=\"pl-4172\"  class=\"panel-layout\" ><div id=\"pg-4172-0\"  class=\"panel-grid panel-no-style\" ><div id=\"pgc-4172-0-0\"  class=\"panel-grid-cell\" ><div id=\"panel-4172-0-0-0\" class=\"so-panel widget widget_sow-image panel-first-child panel-last-child\" data-index=\"0\" ><div\n\t\t\t\n\t\t\tclass=\"so-widget-sow-image so-widget-sow-image-default-6ec9e3772f75-4172\"\n\t\t\t\n\t\t>\n<div class=\"sow-image-container\">\n\t\t\t<a href=\"\/wp-content\/uploads\/2025\/06\/uae.jpg\"\n\t\t\t\t\t>\n\t\t\t<img \n\tsrc=\"https:\/\/www.stravex.com\/wp-content\/uploads\/2025\/06\/uae-360x240.jpg\" width=\"360\" height=\"240\" srcset=\"https:\/\/www.stravex.com\/wp-content\/uploads\/2025\/06\/uae-360x240.jpg 360w, https:\/\/www.stravex.com\/wp-content\/uploads\/2025\/06\/uae-272x182.jpg 272w\" sizes=\"(max-width: 360px) 100vw, 360px\" title=\"Spedition Emirate, Transport Deutschland Emirate, Luftfracht Dubai Emirate, container transport Jebel Ali Emirate, See transport VAE \" alt=\"Spedition Emirate, Transport Deutschland Emirate, Luftfracht Dubai Emirate, container transport Jebel Ali Emirate, See transport VAE\" \t\tclass=\"so-widget-image\"\/>\n\t\t\t<\/a><\/div>\n\n<\/div><\/div><\/div><div id=\"pgc-4172-0-1\"  class=\"panel-grid-cell\" ><div id=\"panel-4172-0-1-0\" class=\"so-panel widget widget_black-studio-tinymce widget_black_studio_tinymce panel-first-child panel-last-child\" data-index=\"1\" ><div class=\"textwidget\"><h2><span style=\"font-size: 30px;\"><strong>Zuverl\u00e4ssige Lieferungen in die Vereinigten Arabischen Emirate (Dubai, Abu Dhabi, Sharjah etc.)<\/strong><\/span><\/h2>\n<\/div><\/div><\/div><\/div><div id=\"pg-4172-1\"  class=\"panel-grid panel-no-style\" ><div id=\"pgc-4172-1-0\"  class=\"panel-grid-cell\" ><div id=\"panel-4172-1-0-0\" class=\"so-panel widget widget_black-studio-tinymce widget_black_studio_tinymce panel-first-child panel-last-child\" data-index=\"2\" ><div class=\"textwidget\"><h3><span style=\"font-size: 24px;\"><strong>Unsere Spedition bietet die folgenden Transporte von Deutschland, \u00d6sterreich und der Schweiz in die VAE an:<\/strong><\/span><\/h3>\n<p>&nbsp;<\/p>\n<ul>\n<li><a title=\"seetransporte\" href=\"https:\/\/www.stravex.com\/de\/seefracht-deutschland-container\" target=\"_blank\" rel=\"noopener\"><strong>Seetransporte<\/strong><\/a>\n<ul>\n<li>Containertransporte (FCL) nach Jebel Ali (Dubai), Port Mina Zayed (Abu Dhabi), Mina Khalid Port (Sharjah)<\/li>\n<li>W\u00f6chentliche Sammelgutcontainer (LCL) zwischen Hamburg und Jebel Ali (Dubai)<\/li>\n<li>Europaweite Container- und St\u00fcckguttransporte vom und bis zum Hafen Hamburg<\/li>\n<li>Transporte von und bis zu den H\u00e4fen in Dubai und anderen Emiraten<\/li>\n<li><strong><a href=\"https:\/\/www.stravex.com\/de\/schwertransporte-deutschland-spedition\" target=\"_blank\" rel=\"noopener\">Projekt\u2013 und Schwertransporte<\/a><\/strong> von Baumaschinen, Bef\u00f6rderungsmitteln und Industrieanlagen von Deutschland nach Jebel Ali (Dubai)<\/li>\n<li>Multimodale Logistik zwischen den Vereinigten Arabischen Emiraten und <a href=\"https:\/\/www.stravex.com\/de\/spedition-hamburg-deutschland-logistik-transport\" target=\"_blank\" rel=\"noopener\"><strong>Deutschland<\/strong><\/a>, <a href=\"https:\/\/www.stravex.com\/de\/spedition-europa-transporte\" target=\"_blank\" rel=\"noopener\"><strong>Europa<\/strong>,<\/a> <a href=\"https:\/\/www.stravex.com\/de\/spedition-nordamerika\" target=\"_blank\" rel=\"noopener\"><strong>Amerika<\/strong><\/a>, <a href=\"https:\/\/www.stravex.com\/de\/spedition-asien\" target=\"_blank\" rel=\"noopener\"><strong>Asien<\/strong><\/a> &amp; <a href=\"https:\/\/www.stravex.com\/de\/spedition-afrika\" target=\"_blank\" rel=\"noopener\"><strong>Afrika<\/strong><\/a><\/li>\n<li>Transporte zwischen den Vereinigten Arabischen Emiraten und <a href=\"https:\/\/www.stravex.com\/de\/spedition-ukraine-logistik\" target=\"_blank\" rel=\"noopener\"><strong>der Ukraine<\/strong><\/a> \u00fcber Hamburg<\/li>\n<\/ul>\n<\/li>\n<\/ul>\n<p>&nbsp;<\/p>\n<ul>\n<li><a title=\"lufttransporte\" href=\"https:\/\/www.stravex.com\/de\/luftfracht-deutschland-lufttransporte\" target=\"_blank\" rel=\"noopener\"><strong>Lufttransporte<\/strong><\/a><strong>\u00a0<\/strong>\n<ul>\n<li>Luftfracht nach Dubai und Abu Dhabi von <a href=\"https:\/\/www.stravex.com\/de\/spedition-hamburg-deutschland-logistik-transport\" target=\"_blank\" rel=\"noopener\"><strong>Deutschland<\/strong><\/a>, <strong><a href=\"https:\/\/www.stravex.com\/de\/spedition-osterreich-transport\" target=\"_blank\" rel=\"noopener\">\u00d6sterreich<\/a><\/strong> und <a href=\"https:\/\/www.stravex.com\/de\/spedition-schweiz-transport\" target=\"_blank\" rel=\"noopener\"><strong>der Schweiz<\/strong><\/a>\n<ul>\n<li>LKW-Transporte in Dubai und anderen Emiraten<\/li>\n<\/ul>\n<ul>\n<li>Europaweite Transporte von und zu europ\u00e4ischen Flugh\u00e4fen f\u00fcr weitere Fracht nach und von Dubai<\/li>\n<\/ul>\n<ul>\n<li>Verzollung in Flugh\u00e4fen<\/li>\n<\/ul>\n<ul>\n<li>Luftfracht mit Frachtern und regul\u00e4ren Passagierflugzeugen von\u00a0Emirates, Etihad Airlines, Lufthansa, KLM, Swiss Air und anderen Fluglinien<\/li>\n<\/ul>\n<\/li>\n<li>Sondertarife f\u00fcr Lieferungen zwischen Dubai, Frankfurt und Hamburg<\/li>\n<\/ul>\n<\/li>\n<\/ul>\n<p>&nbsp;<\/p>\n<p>Wir f\u00fchren Transporte in die Vereinigten Arabischen Emirate aus den meisten L\u00e4ndern in Amerika, Asien, Afrika sowie den folgenden europ\u00e4ischen und zentralasiatischen L\u00e4ndern durch:\u00a0Belgien, Bulgarien, D\u00e4nemark, Deutschland, Estland, Finnland, Frankreich, Griechenland, Gro\u00dfbritannien, Italien, Irland, Kasachstan, Kroatien, Lettland, Litauen, Luxemburg, Malta, den Niederlanden, Norwegen, Polen, Portugal, \u00d6sterreich, Rum\u00e4nien, Schweden, der Schweiz, der Slowakei, Slowenien, Spanien, Tschechien, Turkmenistan, der Ukraine, Ungarn, Usbekistan und Zypern.<\/p>\n<p>&nbsp;<\/p>\n<p><strong>Haben Sie Fragen zu Lieferungen zwischen Deutshland, \u00d6sterreich, der Schweiz und den VAE? <\/strong><strong>Kontaktieren Sie uns! Unser kompetentes Team freut sich auf Ihre Anfrage:<\/strong><\/p>\n<p><strong>\ud83d\udcde Telefon:\u00a0\u00a0<a href=\"tel:+4940334870300\" target=\"_blank\" rel=\"noopener\">+4940334870300<\/a><\/strong><\/p>\n<p><strong>\u2709\ufe0f E-Mail:\u00a0\u00a0\u00a0<\/strong>\u00a0<strong><span id=\"cloakfdf1c06ad7ca18ece31a11f3965a848e\"><a href=\"mailto:info@stravex.com\" target=\"_blank\" rel=\"noopener\">info@stravex.com<\/a><\/span><\/strong><\/p>\n<hr \/>\n<p>&nbsp;<\/p>\n<\/div><\/div><\/div><\/div><\/div>","protected":false},"excerpt":{"rendered":"<p>Effiziente Transporte in die Vereinigten Arabischen Emirate <\/p>\n","protected":false},"author":1,"featured_media":2358,"parent":0,"menu_order":0,"comment_status":"closed","ping_status":"closed","template":"page-service.php","meta":{"_acf_changed":false,"footnotes":""},"class_list":["post-4172","page","type-page","status-publish","has-post-thumbnail","hentry"],"acf":[],"_links":{"self":[{"href":"https:\/\/www.stravex.com\/de\/wp-json\/wp\/v2\/pages\/4172","targetHints":{"allow":["GET"]}}],"collection":[{"href":"https:\/\/www.stravex.com\/de\/wp-json\/wp\/v2\/pages"}],"about":[{"href":"https:\/\/www.stravex.com\/de\/wp-json\/wp\/v2\/types\/page"}],"author":[{"embeddable":true,"href":"https:\/\/www.stravex.com\/de\/wp-json\/wp\/v2\/users\/1"}],"replies":[{"embeddable":true,"href":"https:\/\/www.stravex.com\/de\/wp-json\/wp\/v2\/comments?post=4172"}],"version-history":[{"count":9,"href":"https:\/\/www.stravex.com\/de\/wp-json\/wp\/v2\/pages\/4172\/revisions"}],"predecessor-version":[{"id":4859,"href":"https:\/\/www.stravex.com\/de\/wp-json\/wp\/v2\/pages\/4172\/revisions\/4859"}],"wp:featuredmedia":[{"embeddable":true,"href":"https:\/\/www.stravex.com\/de\/wp-json\/wp\/v2\/media\/2358"}],"wp:attachment":[{"href":"https:\/\/www.stravex.com\/de\/wp-json\/wp\/v2\/media?parent=4172"}],"curies":[{"name":"wp","href":"https:\/\/api.w.org\/{rel}","templated":true}]}}