{"id":4158,"date":"2025-07-06T15:46:55","date_gmt":"2025-07-06T13:46:55","guid":{"rendered":"https:\/\/www.stravex.com\/?page_id=4158"},"modified":"2026-02-08T18:52:23","modified_gmt":"2026-02-08T17:52:23","slug":"spedition-schweden-finnland-norwegen-daenemark","status":"publish","type":"page","link":"https:\/\/www.stravex.com\/de\/spedition-schweden-finnland-norwegen-daenemark","title":{"rendered":"Spedition Schweden, Finnland, D\u00e4nemark &#038; Norwegen"},"content":{"rendered":"<div id=\"pl-4158\"  class=\"panel-layout\" ><div id=\"pg-4158-0\"  class=\"panel-grid panel-no-style\" ><div id=\"pgc-4158-0-0\"  class=\"panel-grid-cell\" ><div id=\"panel-4158-0-0-0\" class=\"so-panel widget widget_sow-image panel-first-child panel-last-child\" data-index=\"0\" ><div\n\t\t\t\n\t\t\tclass=\"so-widget-sow-image so-widget-sow-image-default-6ec9e3772f75-4158\"\n\t\t\t\n\t\t>\n<div class=\"sow-image-container\">\n\t\t\t<a href=\"\/wp-content\/uploads\/2025\/07\/Scandinavia-v1.png\"\n\t\t\t\t\t>\n\t\t\t<img \n\tsrc=\"https:\/\/www.stravex.com\/wp-content\/uploads\/2025\/07\/Scandinavia-v1-300x229.png\" width=\"300\" height=\"229\" srcset=\"https:\/\/www.stravex.com\/wp-content\/uploads\/2025\/07\/Scandinavia-v1-300x229.png 300w, https:\/\/www.stravex.com\/wp-content\/uploads\/2025\/07\/Scandinavia-v1-1024x781.png 1024w, https:\/\/www.stravex.com\/wp-content\/uploads\/2025\/07\/Scandinavia-v1-768x586.png 768w, https:\/\/www.stravex.com\/wp-content\/uploads\/2025\/07\/Scandinavia-v1-1536x1172.png 1536w, https:\/\/www.stravex.com\/wp-content\/uploads\/2025\/07\/Scandinavia-v1.png 1920w\" sizes=\"(max-width: 300px) 100vw, 300px\" title=\"Spedition Finnland, D\u00e4nemark, Schweden und Norwegen\" alt=\"Spedition Finnland, D\u00e4nemark, Schweden &amp; Norwegen | Sichere Transporte nach Skandinavien | Schwertransporte, Expresstransporte, Container, See- &amp; Luftfracht\" \t\tclass=\"so-widget-image\"\/>\n\t\t\t<\/a><\/div>\n\n<\/div><\/div><\/div><div id=\"pgc-4158-0-1\"  class=\"panel-grid-cell\" ><div id=\"panel-4158-0-1-0\" class=\"so-panel widget widget_black-studio-tinymce widget_black_studio_tinymce panel-first-child panel-last-child\" data-index=\"1\" ><div class=\"textwidget\"><h2><span style=\"font-size: 30px;\">Zuverl\u00e4ssige Frachtservices und Logistik von Deutschland nach Finnland, Norwegen, Schweden und D\u00e4nemark<\/span><\/h2>\n<\/div><\/div><\/div><\/div><div id=\"pg-4158-1\"  class=\"panel-grid panel-no-style\" ><div id=\"pgc-4158-1-0\"  class=\"panel-grid-cell\" ><div id=\"panel-4158-1-0-0\" class=\"so-panel widget widget_black-studio-tinymce widget_black_studio_tinymce panel-first-child panel-last-child\" data-index=\"2\" ><div class=\"textwidget\"><h3><span style=\"font-size: 24px;\"><strong>Unsere professionellen Transporte von und nach Skandinavien:<\/strong><\/span><\/h3>\n<ul>\n<li><a title=\"LKW Transporte\" href=\"https:\/\/www.stravex.com\/de\/lkw-deutschland-containertransporte-hamburg\" target=\"_blank\" rel=\"noopener\"><strong>LKW-Transporte<\/strong><\/a>\u00a0<strong>Skandinavien<\/strong>\n<ul>\n<li>Lieferungen aus <a href=\"https:\/\/www.stravex.com\/de\/spedition-hamburg-deutschland-logistik-transport\" target=\"_blank\" rel=\"noopener\"><strong>Deutschland<\/strong><\/a>, <strong><a href=\"https:\/\/www.stravex.com\/de\/spedition-osterreich-transport\" target=\"_blank\" rel=\"noopener\">\u00d6sterreich<\/a><\/strong> und <a href=\"https:\/\/www.stravex.com\/de\/spedition-schweiz-transport\" target=\"_blank\" rel=\"noopener\"><strong>der Schweiz<\/strong><\/a> nach Schweden, D\u00e4nemark, Norwegen und Finnland<\/li>\n<li>Komplett- und Teilladungen, Sammelgut<\/li>\n<li>Expressversand bei eiligen G\u00fctern<\/li>\n<li><a href=\"https:\/\/www.stravex.com\/de\/schwertransporte-deutschland-spedition\" target=\"_blank\" rel=\"noopener\"><strong>Projekt-, Gro\u00dfraum- und Schwerguttransporte<\/strong><\/a><\/li>\n<li>Europaweite Gefahrgut-, Thermo- und K\u00fchltransporte<\/li>\n<li>Lieferungen von Skandinavien in <strong><a href=\"https:\/\/www.stravex.com\/de\/spedition-ukraine-logistik\" target=\"_blank\" rel=\"noopener\">die Ukraine<\/a><\/strong> einschlie\u00dflich Milit\u00e4r- und Dual-Use-G\u00fcter<\/li>\n<\/ul>\n<\/li>\n<\/ul>\n<ul>\n<li><a title=\"Seetransporte\" href=\"https:\/\/www.stravex.com\/de\/seefracht-deutschland-container\" target=\"_blank\" rel=\"noopener\"><strong>Seetransporte<\/strong><\/a>\u00a0<strong>Skandinavien<\/strong>\n<ul>\n<li>Weltweite Lieferungen von Containern (FCL) von <a href=\"https:\/\/www.stravex.com\/de\/spedition-china-logistik-hongkong-transport\" target=\"_blank\" rel=\"noopener\"><strong>China<\/strong><\/a>, <a href=\"https:\/\/www.stravex.com\/de\/spedition-japan-logistik\" target=\"_blank\" rel=\"noopener\"><strong>Japan<\/strong><\/a>, <a href=\"https:\/\/www.stravex.com\/de\/spedition-usa-transporte-fracht\" target=\"_blank\" rel=\"noopener\"><strong>den USA<\/strong><\/a> und anderen internationalen M\u00e4rkten \u00fcber die H\u00e4fen Helsinki, Kotka, G\u00f6teborg, Helsingborg, Trelleborg, Aarhus, Kopenhagen, Bergen, Oslo und Trondheim<\/li>\n<li>W\u00f6chentliche Sammelgutcontainer (LCL) aus vielen Hubs in Amerika, Asien und Afrika<\/li>\n<li>Projektcargo und St\u00fcckgut<\/li>\n<\/ul>\n<\/li>\n<\/ul>\n<ul>\n<li><a title=\"Lufttransporte\" href=\"https:\/\/www.stravex.com\/de\/luftfracht-deutschland-lufttransporte\" target=\"_blank\" rel=\"noopener\"><strong>Lufttransporte<\/strong><\/a>\u00a0<strong>Skandinavien<\/strong>\n<ul>\n<li>Weltweite direkte und indirekte Verbindungen von\/nach Flugh\u00e4fen Kopenhagen-Kastrup, Oslo-Gardermoen, Helsinki-Vantaa und Stockholm-Arlanda<\/li>\n<li>Bef\u00f6rderung mit Finnair, SAS Scandinavian Airlines, Korean Air, Air China, Emirates, Lufthansa, KLM, Swiss Air und weiteren internationalen Fluglinien<\/li>\n<\/ul>\n<\/li>\n<\/ul>\n<p>&nbsp;<\/p>\n<p>Wir f\u00fchren Transporte zwischen Skandinavien und den folgenden L\u00e4ndern Europas und Zentralasiens durch:\u00a0Belgien, Bulgarien, D\u00e4nemark, Deutschland, Estland, Finnland, Frankreich, Griechenland, Gro\u00dfbritannien, Irland, Kasachstan, Kroatien, Lettland, Litauen, Luxemburg, Malta, den Niederlanden, Norwegen, Polen, Portugal, \u00d6sterreich, Rum\u00e4nien, Schweden, der Schweiz, der Slowakei, Slowenien, Spanien, Tschechien, Turkmenistan, der Ukraine, Ungarn, Usbekistan und Zypern.<\/p>\n<p>&nbsp;<\/p>\n<p><strong><a href=\"https:\/\/www.stravex.com\/de\/kontakt\" target=\"_blank\" rel=\"noopener\">Kontaktieren Sie<\/a>\u00a0uns jetzt\u00a0bei allen Fragen zu G\u00fctertransporten von Deutschland nach Schweden, Finnland, D\u00e4nemark und Norwegen!\u00a0Unser kompetentes Team freut sich auf Ihre Anfrage\u00a0<\/strong>.<\/p>\n<hr \/>\n<p>&nbsp;<\/p>\n<\/div><\/div><\/div><\/div><\/div>","protected":false},"excerpt":{"rendered":"<p>Transporte nach D\u00e4nemark, Finnland, Norwegen &#038; Schweden<\/p>\n","protected":false},"author":1,"featured_media":2736,"parent":0,"menu_order":0,"comment_status":"closed","ping_status":"closed","template":"page-service.php","meta":{"_acf_changed":false,"footnotes":""},"class_list":["post-4158","page","type-page","status-publish","has-post-thumbnail","hentry"],"acf":[],"_links":{"self":[{"href":"https:\/\/www.stravex.com\/de\/wp-json\/wp\/v2\/pages\/4158","targetHints":{"allow":["GET"]}}],"collection":[{"href":"https:\/\/www.stravex.com\/de\/wp-json\/wp\/v2\/pages"}],"about":[{"href":"https:\/\/www.stravex.com\/de\/wp-json\/wp\/v2\/types\/page"}],"author":[{"embeddable":true,"href":"https:\/\/www.stravex.com\/de\/wp-json\/wp\/v2\/users\/1"}],"replies":[{"embeddable":true,"href":"https:\/\/www.stravex.com\/de\/wp-json\/wp\/v2\/comments?post=4158"}],"version-history":[{"count":6,"href":"https:\/\/www.stravex.com\/de\/wp-json\/wp\/v2\/pages\/4158\/revisions"}],"predecessor-version":[{"id":5690,"href":"https:\/\/www.stravex.com\/de\/wp-json\/wp\/v2\/pages\/4158\/revisions\/5690"}],"wp:featuredmedia":[{"embeddable":true,"href":"https:\/\/www.stravex.com\/de\/wp-json\/wp\/v2\/media\/2736"}],"wp:attachment":[{"href":"https:\/\/www.stravex.com\/de\/wp-json\/wp\/v2\/media?parent=4158"}],"curies":[{"name":"wp","href":"https:\/\/api.w.org\/{rel}","templated":true}]}}