{"id":4154,"date":"2025-06-29T15:39:22","date_gmt":"2025-06-29T13:39:22","guid":{"rendered":"https:\/\/www.stravex.com\/?page_id=4154"},"modified":"2026-03-15T12:22:25","modified_gmt":"2026-03-15T11:22:25","slug":"spedition-belgien-niederlande-transporte","status":"publish","type":"page","link":"https:\/\/www.stravex.com\/de\/spedition-belgien-niederlande-transporte","title":{"rendered":"Spedition nach Belgien, Luxemburg und in die Niederlande"},"content":{"rendered":"<div id=\"pl-4154\"  class=\"panel-layout\" ><div id=\"pg-4154-0\"  class=\"panel-grid panel-no-style\" ><div id=\"pgc-4154-0-0\"  class=\"panel-grid-cell\" ><div id=\"panel-4154-0-0-0\" class=\"so-panel widget widget_sow-image panel-first-child panel-last-child\" data-index=\"0\" ><div\n\t\t\t\n\t\t\tclass=\"so-widget-sow-image so-widget-sow-image-default-6ec9e3772f75-4154\"\n\t\t\t\n\t\t>\n<div class=\"sow-image-container\">\n\t\t\t<a href=\"\/wp-content\/uploads\/2025\/07\/BeneluxFlag-v1.png\"\n\t\t\t\t\t>\n\t\t\t<img \n\tsrc=\"https:\/\/www.stravex.com\/wp-content\/uploads\/2025\/07\/BeneluxFlag-v1-360x240.png\" width=\"360\" height=\"240\" srcset=\"https:\/\/www.stravex.com\/wp-content\/uploads\/2025\/07\/BeneluxFlag-v1-360x240.png 360w, https:\/\/www.stravex.com\/wp-content\/uploads\/2025\/07\/BeneluxFlag-v1-272x182.png 272w\" sizes=\"(max-width: 360px) 100vw, 360px\" title=\"Spedition Belgien, Niederlande und Luxemburg\" alt=\"Spedition Deutschland Belgien, Niederlande &amp; Luxemburg, Express- und Schwertransporte Niederlande, Fracht Belgien\" \t\tclass=\"so-widget-image\"\/>\n\t\t\t<\/a><\/div>\n\n<\/div><\/div><\/div><div id=\"pgc-4154-0-1\"  class=\"panel-grid-cell\" ><div id=\"panel-4154-0-1-0\" class=\"so-panel widget widget_black-studio-tinymce widget_black_studio_tinymce panel-first-child panel-last-child\" data-index=\"1\" ><div class=\"textwidget\"><h2><span style=\"font-size: 30px;\"><strong>Zuverl\u00e4ssige Fracht- und Logistikservices nach Belgien, Luxemburg und in die Niederlande<\/strong><\/span><\/h2>\n<\/div><\/div><\/div><\/div><div id=\"pg-4154-1\"  class=\"panel-grid panel-no-style\" ><div id=\"pgc-4154-1-0\"  class=\"panel-grid-cell\" ><div id=\"panel-4154-1-0-0\" class=\"so-panel widget widget_black-studio-tinymce widget_black_studio_tinymce panel-first-child panel-last-child\" data-index=\"2\" ><div class=\"textwidget\"><h3><span style=\"font-size: 24px;\"><span class=\"BZ_Pyq_fadeIn\">Transport &amp; <\/span><span class=\"BZ_Pyq_fadeIn\">Logistik <\/span><span class=\"BZ_Pyq_fadeIn\">in <\/span><span class=\"BZ_Pyq_fadeIn\">die <\/span><span class=\"BZ_Pyq_fadeIn\">Benelux-<\/span><span class=\"BZ_Pyq_fadeIn\">L\u00e4nder \u2013 <\/span><span class=\"BZ_Pyq_fadeIn\">Professionelle <\/span><span class=\"BZ_Pyq_fadeIn\">Transporte <\/span><span class=\"BZ_Pyq_fadeIn\">nach <\/span><span class=\"BZ_Pyq_fadeIn\">Belgien, <\/span><span class=\"BZ_Pyq_fadeIn\">Niederlande <\/span><span class=\"BZ_Pyq_fadeIn\">und <\/span><span class=\"BZ_Pyq_fadeIn\">Luxemburg<\/span>:<\/span><\/h3>\n<p>&nbsp;<\/p>\n<ul>\n<li><a title=\"LKW Transporte\" href=\"https:\/\/www.stravex.com\/de\/lkw-deutschland-containertransporte-hamburg\" target=\"_blank\" rel=\"noopener\"><strong>LKW-Transporte<\/strong><\/a>\u00a0<strong>Benelux<\/strong>\n<ul>\n<li>Lieferungen zwischen den Niederlanden, Belgien, Luxemburg, <a href=\"https:\/\/www.stravex.com\/de\/spedition-hamburg-deutschland-logistik-transport\" target=\"_blank\" rel=\"noopener\"><strong>Deutschland<\/strong><\/a>, <strong><a href=\"https:\/\/www.stravex.com\/de\/spedition-osterreich-transport\" target=\"_blank\" rel=\"noopener\">\u00d6sterreich<\/a>,<\/strong> <a href=\"https:\/\/www.stravex.com\/de\/spedition-schweiz-transport\" target=\"_blank\" rel=\"noopener\"><strong>der Schweiz<\/strong><\/a> und allen europ\u00e4ischen und mittelasiatischen L\u00e4ndern<\/li>\n<li>Komplettladungen, Teilladungen, Sammelgut<\/li>\n<li>Express-Transporte bei eiligen G\u00fctern<\/li>\n<li><strong><a href=\"https:\/\/www.stravex.com\/de\/schwertransporte-deutschland-spedition\" target=\"_blank\" rel=\"noopener\">Projekttransporte, Gro\u00dfraumtransporte und Schwerguttransporte<\/a><\/strong><\/li>\n<li>Europaweite Gefahrgut-, Thermo- und K\u00fchltransporte<\/li>\n<li>Transporte von Holland, Belgien und Luxemburg in <a href=\"https:\/\/www.stravex.com\/de\/spedition-ukraine-logistik\" target=\"_blank\" rel=\"noopener\"><strong>die Ukraine<\/strong><\/a> einschlie\u00dflich Milit\u00e4r- und Dual-Use-G\u00fcter<\/li>\n<\/ul>\n<\/li>\n<li><a title=\"Seetransporte\" href=\"https:\/\/www.stravex.com\/de\/seefracht-deutschland-container\" target=\"_blank\" rel=\"noopener\"><strong>Seetransporte<\/strong><\/a>\u00a0<strong>Benelux<\/strong>\n<ul>\n<li>Weltweite Containerbef\u00f6rderung (FCL) von <a href=\"https:\/\/www.stravex.com\/de\/spedition-china-logistik-hongkong-transport\" target=\"_blank\" rel=\"noopener\"><strong>China<\/strong><\/a>, den <strong><a href=\"https:\/\/www.stravex.com\/de\/spedition-usa-transporte-fracht\" target=\"_blank\" rel=\"noopener\">USA<\/a><\/strong>, <strong><a href=\"https:\/\/www.stravex.com\/de\/spedition-canada\" target=\"_blank\" rel=\"noopener\">Kanada<\/a><\/strong> etc. \u00fcber die H\u00e4fen Rotterdam, Amsterdam und Antwerpen<\/li>\n<li>W\u00f6chentliche Sammelgutcontainer LCL aus vielen Hubs in Amerika, Asien &amp; Afrika<\/li>\n<li>Projektcargo und St\u00fcckgut<\/li>\n<\/ul>\n<\/li>\n<li><a title=\"Lufttransporte\" href=\"https:\/\/www.stravex.com\/de\/luftfracht-deutschland-lufttransporte\" target=\"_blank\" rel=\"noopener\"><strong>Lufttransporte<\/strong><\/a>\u00a0<strong>Benelux<\/strong>\n<ul>\n<li>Luftfracht von\/nach Flugh\u00e4fen Amsterdam Airport Schiphol, Luxemburg, L\u00fcttich &amp; Br\u00fcssel-Zaventem<\/li>\n<li>Sondertarife f\u00fcr Lieferungen mit ASL Airlines Belgium nach <strong><a href=\"https:\/\/www.stravex.com\/de\/spedition-japan-logistik\" target=\"_blank\" rel=\"noopener\">Japan<\/a><\/strong>, <strong><a href=\"https:\/\/www.stravex.com\/de\/spedition-israel\" target=\"_blank\" rel=\"noopener\">Israel<\/a><\/strong> &amp; <span style=\"text-decoration: underline;\"><strong><a href=\"https:\/\/www.stravex.com\/de\/spedition-sudafrika-angola\" target=\"_blank\" rel=\"noopener\">S\u00fcdafrika<\/a><\/strong><\/span><\/li>\n<\/ul>\n<\/li>\n<li><a title=\"Bahntransporte\" href=\"https:\/\/www.stravex.com\/de\/bahnfracht-deutschland-spedition\" target=\"_blank\" rel=\"noopener\"><strong>Bahntransporte<\/strong><\/a>\u00a0<strong>Benelux<\/strong>\n<ul>\n<li>Regelm\u00e4\u00dfige Containertransporte per Bahn von\/nach <a href=\"https:\/\/www.stravex.com\/de\/spedition-china-logistik-hongkong-transport\" target=\"_blank\" rel=\"noopener\">China<\/a> mit verk\u00fcrzten Transitzeiten<\/li>\n<li>Sichere Bahntransporte nach <a href=\"https:\/\/www.stravex.com\/de\/spedition-kasachstan\" target=\"_blank\" rel=\"noopener\"><strong>Kasachstan<\/strong><\/a>, <a href=\"https:\/\/www.stravex.com\/de\/spedition-usbekistan\" target=\"_blank\" rel=\"noopener\"><strong>Usbekistan<\/strong><\/a>, <a href=\"https:\/\/www.stravex.com\/de\/spedition-turkmenistan\" target=\"_blank\" rel=\"noopener\"><strong>Turkmenistan<\/strong><\/a> und in andere mittelasiatische L\u00e4nder<\/li>\n<li>Transporte mit Waggons und Flachwaggons, inklusive Umladung auf LKWs<\/li>\n<li>Kombinierte Transporte (LKW\/Bahn, Schiff\/Bahn)<\/li>\n<\/ul>\n<\/li>\n<\/ul>\n<p>&nbsp;<\/p>\n<p>Wir f\u00fchren Transporte zwischen Benelux sowie den folgenden L\u00e4ndern Europas und Zentralasiens durch:\u00a0Bulgarien, D\u00e4nemark, Deutschland, Estland, Finnland, Frankreich, Griechenland, Gro\u00dfbritannien, Italien, Irland, Kasachstan, Kroatien, Lettland, Litauen, Malta, Norwegen, Polen, Portugal, \u00d6sterreich, Rum\u00e4nien, Schweden, der Schweiz, der Slowakei, Slowenien, Spanien, Tschechien, Turkmenistan, der Ukraine, Ungarn, Usbekistan und Zypern.<\/p>\n<p>&nbsp;<\/p>\n<p><strong>Ihre\u00a0professionelle Spedition\u00a0f\u00fcr internationale Transporte zwischen Deutschland, den Niederlanden, Belgien &amp; Luxemburg: Wir bringen Ihre Waren p\u00fcnktlich und sicher ans Ziel.<\/strong><strong>\u00a0<\/strong><a href=\"https:\/\/www.stravex.com\/de\/kontakt\" target=\"_blank\" rel=\"noopener\"><strong>Kontaktieren Sie<\/strong><\/a><strong>\u00a0uns jetzt f\u00fcr ein unverbindliches Angebot!<\/strong><\/p>\n<hr \/>\n<p>&nbsp;<\/p>\n<\/div><\/div><\/div><\/div><\/div>","protected":false},"excerpt":{"rendered":"<p>Effiziente Logistik nach Belgien, Luxemburg und in die Niederlande <\/p>\n","protected":false},"author":1,"featured_media":2535,"parent":0,"menu_order":0,"comment_status":"closed","ping_status":"closed","template":"page-service.php","meta":{"_acf_changed":false,"footnotes":""},"class_list":["post-4154","page","type-page","status-publish","has-post-thumbnail","hentry"],"acf":[],"_links":{"self":[{"href":"https:\/\/www.stravex.com\/de\/wp-json\/wp\/v2\/pages\/4154","targetHints":{"allow":["GET"]}}],"collection":[{"href":"https:\/\/www.stravex.com\/de\/wp-json\/wp\/v2\/pages"}],"about":[{"href":"https:\/\/www.stravex.com\/de\/wp-json\/wp\/v2\/types\/page"}],"author":[{"embeddable":true,"href":"https:\/\/www.stravex.com\/de\/wp-json\/wp\/v2\/users\/1"}],"replies":[{"embeddable":true,"href":"https:\/\/www.stravex.com\/de\/wp-json\/wp\/v2\/comments?post=4154"}],"version-history":[{"count":12,"href":"https:\/\/www.stravex.com\/de\/wp-json\/wp\/v2\/pages\/4154\/revisions"}],"predecessor-version":[{"id":6012,"href":"https:\/\/www.stravex.com\/de\/wp-json\/wp\/v2\/pages\/4154\/revisions\/6012"}],"wp:featuredmedia":[{"embeddable":true,"href":"https:\/\/www.stravex.com\/de\/wp-json\/wp\/v2\/media\/2535"}],"wp:attachment":[{"href":"https:\/\/www.stravex.com\/de\/wp-json\/wp\/v2\/media?parent=4154"}],"curies":[{"name":"wp","href":"https:\/\/api.w.org\/{rel}","templated":true}]}}