{"id":4152,"date":"2025-06-29T15:20:30","date_gmt":"2025-06-29T13:20:30","guid":{"rendered":"https:\/\/www.stravex.com\/?page_id=4152"},"modified":"2026-03-15T12:32:00","modified_gmt":"2026-03-15T11:32:00","slug":"spedition-tschechien-slowakei-ungarn","status":"publish","type":"page","link":"https:\/\/www.stravex.com\/de\/spedition-tschechien-slowakei-ungarn","title":{"rendered":"Spedition nach Tschechien, Ungarn und in die Slowakei"},"content":{"rendered":"<div id=\"pl-4152\"  class=\"panel-layout\" ><div id=\"pg-4152-0\"  class=\"panel-grid panel-no-style\" ><div id=\"pgc-4152-0-0\"  class=\"panel-grid-cell\" ><div id=\"panel-4152-0-0-0\" class=\"so-panel widget widget_sow-image panel-first-child panel-last-child\" data-index=\"0\" ><div\n\t\t\t\n\t\t\tclass=\"so-widget-sow-image so-widget-sow-image-default-6ec9e3772f75-4152\"\n\t\t\t\n\t\t>\n<div class=\"sow-image-container\">\n\t\t\t<a href=\"\/wp-content\/uploads\/2025\/07\/cz-2.png\"\n\t\t\t\t\t>\n\t\t\t<img \n\tsrc=\"https:\/\/www.stravex.com\/wp-content\/uploads\/2025\/07\/cz-2-360x240.png\" width=\"360\" height=\"240\" srcset=\"https:\/\/www.stravex.com\/wp-content\/uploads\/2025\/07\/cz-2-360x240.png 360w, https:\/\/www.stravex.com\/wp-content\/uploads\/2025\/07\/cz-2-272x182.png 272w\" sizes=\"(max-width: 360px) 100vw, 360px\" title=\"Spedition Tschechien\" alt=\"Spedition Tschechien, Bahntransporte Tschechien, Transport Ungarn, Spedition Slowakei, Spedition Ungarn, Transporte in Slowakei\" \t\tclass=\"so-widget-image\"\/>\n\t\t\t<\/a><\/div>\n\n<\/div><\/div><\/div><div id=\"pgc-4152-0-1\"  class=\"panel-grid-cell\" ><div id=\"panel-4152-0-1-0\" class=\"so-panel widget widget_black-studio-tinymce widget_black_studio_tinymce panel-first-child panel-last-child\" data-index=\"1\" ><div class=\"textwidget\"><h2><span style=\"font-size: 30px;\"><strong>Professionelle Logistikl\u00f6sungen zwischen Deutschland, Tschechien, Ungarn und der Slowakei<\/strong><\/span><\/h2>\n<\/div><\/div><\/div><\/div><div id=\"pg-4152-1\"  class=\"panel-grid panel-no-style\" ><div id=\"pgc-4152-1-0\"  class=\"panel-grid-cell\" ><div id=\"panel-4152-1-0-0\" class=\"so-panel widget widget_black-studio-tinymce widget_black_studio_tinymce panel-first-child panel-last-child\" data-index=\"2\" ><div class=\"textwidget\"><h3><span style=\"font-size: 24px;\"><strong>Unser Logistikunternehmen bietet Ihnen die folgenden Transporte nach Tschechien, Ungarn und in die Slowakei an:<\/strong><\/span><\/h3>\n<p>&nbsp;<\/p>\n<ul>\n<li><a href=\"https:\/\/www.stravex.com\/de\/lkw-deutschland-containertransporte-hamburg\" target=\"_blank\" rel=\"noopener\"><strong>LKW-Transporte<\/strong><\/a><strong> Tschechien, Ungarn und die Slowakei\u00a0<\/strong>\n<ul>\n<li>Lieferungen zwischen Tschechien, der Slowakei, Ungarn, <a href=\"https:\/\/www.stravex.com\/de\/spedition-hamburg-deutschland-logistik-transport\" target=\"_blank\" rel=\"noopener\"><strong>Deutschland<\/strong><\/a>, <strong><a href=\"https:\/\/www.stravex.com\/de\/spedition-osterreich-transport\" target=\"_blank\" rel=\"noopener\">\u00d6sterreich<\/a><\/strong>, <a href=\"https:\/\/www.stravex.com\/de\/spedition-schweiz-transport\" target=\"_blank\" rel=\"noopener\"><strong>der Schweiz<\/strong><\/a> und allen europ\u00e4ischen und mittelasiatischen L\u00e4ndern<\/li>\n<li>Komplett- und Teilladungen, Sammelgut<\/li>\n<li>Express-Transporte bei eiligen G\u00fctern<\/li>\n<li><strong><a href=\"https:\/\/www.stravex.com\/de\/schwertransporte-deutschland-spedition\" target=\"_blank\" rel=\"noopener\">Projekt-, Gro\u00dfraum- und Schwerguttransporte<\/a><\/strong> nach Tschechien, Ungarn und in die Slowakei<\/li>\n<li>Europaweite Gefahrgut-, Thermo- und K\u00fchltransporte<\/li>\n<li>Transporte\u00a0in die Ukraine einschlie\u00dflich Milit\u00e4r- und \u201eDual Use\u201c-G\u00fcter<\/li>\n<\/ul>\n<\/li>\n<li><a href=\"https:\/\/www.stravex.com\/de\/seefracht-deutschland-container\" target=\"_blank\" rel=\"noopener\"><strong>Seetransporte<\/strong><\/a>\u00a0<strong>Tschechien, Ungarn und die Slowakei\u00a0<\/strong>\n<ul>\n<li>Weltweite Seetransporte nach Mitteleuropa \u00fcber Hamburg, Wilhelmshaven und Bremerhaven\n<ul>\n<li>Containertransporte FCL und w\u00f6chentliche Sammelgutcontainer LCL\n<ul>\n<li>von\/nach <strong><a href=\"https:\/\/www.stravex.com\/de\/spedition-china-logistik-hongkong-transport\" target=\"_blank\" rel=\"noopener\">China<\/a><\/strong> und anderen asiatischen L\u00e4ndern<\/li>\n<li>von\/nach <strong><a href=\"https:\/\/www.stravex.com\/de\/spedition-mexiko-transporte\" target=\"_blank\" rel=\"noopener\">Mexiko<\/a><\/strong>, <a href=\"https:\/\/www.stravex.com\/de\/spedition-canada\" target=\"_blank\" rel=\"noopener\"><strong>Kanada<\/strong><\/a> und anderen nord- und s\u00fcdamerikanischen L\u00e4ndern<\/li>\n<\/ul>\n<\/li>\n<li>Agent in den H\u00e4fen Hamburg, Wilhelmshaven, Bremerhaven, L\u00fcbeck und Kiel<\/li>\n<\/ul>\n<\/li>\n<\/ul>\n<\/li>\n<\/ul>\n<ul>\n<li><a href=\"https:\/\/www.stravex.com\/de\/luftfracht-deutschland-lufttransporte\" target=\"_blank\" rel=\"noopener\"><strong>Lufttransporte<\/strong><\/a>\u00a0<strong>Tschechien, Ungarn und die Slowakei\u00a0<\/strong>\n<ul>\n<li>Luftfracht aus Prag mit Vorlauf in der ganzen Tschechischen Republik und der Slowakei<\/li>\n<li>Lufttransporte nach Prag aus der ganzen Welt: Fracht-, Charter- und als Cargo in Passagierflugzeugen<\/li>\n<li>Sondertarife f\u00fcr Lieferungen von und nach China<\/li>\n<li>Agentur im Flughafen Prag<\/li>\n<\/ul>\n<\/li>\n<\/ul>\n<ul>\n<li><a href=\"https:\/\/www.stravex.com\/de\/bahnfracht-deutschland-spedition\" target=\"_blank\" rel=\"noopener\"><strong>Bahntransporte<\/strong><\/a><strong>\u00a0Tschechien, die Slowakei und Ungarn<\/strong>\n<ul>\n<li>Regelm\u00e4\u00dfige Containertransporte per Bahn aus deutschen H\u00e4fen an die Empf\u00e4nger in Tschechien, Ungarn und der Slowakei<\/li>\n<li>Sichere und kosteng\u00fcnstige Bahntransporte aus Tschechien nach Kasachstan, Usbekistan, Turkmenistan und in andere mittelasiatische L\u00e4nder<\/li>\n<li>Transporte mit Waggons und Flachwaggons, inklusive Umladung auf LKWs<\/li>\n<li>Kombinierte Transporte (LKW\/Bahn, Schiff\/Bahn)<\/li>\n<\/ul>\n<\/li>\n<\/ul>\n<p>&nbsp;<\/p>\n<p>Wir f\u00fchren Transporte zwischen Tschechien, Ungarn, der Slowakei und den folgenden L\u00e4ndern Europas und Zentralasiens durch:\u00a0Belgien, Bulgarien, D\u00e4nemark, Deutschland, Estland, Finnland, Frankreich, Griechenland, Gro\u00dfbritannien, Italien, Irland, Kasachstan, Kroatien, Lettland, Litauen, Luxemburg, Malta, den Niederlanden, Norwegen, Polen, Portugal, \u00d6sterreich, Rum\u00e4nien, Schweden, der Schweiz, Slowenien, Spanien, Turkmenistan, der Ukraine, Usbekistan und Zypern.<\/p>\n<p><strong><a href=\"https:\/\/www.stravex.com\/de\/kontakt\" target=\"_blank\" rel=\"noopener\">Kontaktieren Sie\u00a0<\/a> uns jetzt bei allen Fragen zu Transporten zwischen Tschechien, Ungarn, der Slowakei und Deutschland!\u00a0 <\/strong><strong>Unser kompetentes Team freut sich auf Ihre Anfrage.<\/strong><\/p>\n<hr \/>\n<p>&nbsp;<\/p>\n<\/div><\/div><\/div><\/div><\/div>","protected":false},"excerpt":{"rendered":"<p>Transporte zwischen Deutschland, Tschechien, Ungarn &#038; Slowakei<\/p>\n","protected":false},"author":1,"featured_media":2530,"parent":0,"menu_order":0,"comment_status":"closed","ping_status":"closed","template":"page-service.php","meta":{"_acf_changed":false,"footnotes":""},"class_list":["post-4152","page","type-page","status-publish","has-post-thumbnail","hentry"],"acf":[],"_links":{"self":[{"href":"https:\/\/www.stravex.com\/de\/wp-json\/wp\/v2\/pages\/4152","targetHints":{"allow":["GET"]}}],"collection":[{"href":"https:\/\/www.stravex.com\/de\/wp-json\/wp\/v2\/pages"}],"about":[{"href":"https:\/\/www.stravex.com\/de\/wp-json\/wp\/v2\/types\/page"}],"author":[{"embeddable":true,"href":"https:\/\/www.stravex.com\/de\/wp-json\/wp\/v2\/users\/1"}],"replies":[{"embeddable":true,"href":"https:\/\/www.stravex.com\/de\/wp-json\/wp\/v2\/comments?post=4152"}],"version-history":[{"count":8,"href":"https:\/\/www.stravex.com\/de\/wp-json\/wp\/v2\/pages\/4152\/revisions"}],"predecessor-version":[{"id":6016,"href":"https:\/\/www.stravex.com\/de\/wp-json\/wp\/v2\/pages\/4152\/revisions\/6016"}],"wp:featuredmedia":[{"embeddable":true,"href":"https:\/\/www.stravex.com\/de\/wp-json\/wp\/v2\/media\/2530"}],"wp:attachment":[{"href":"https:\/\/www.stravex.com\/de\/wp-json\/wp\/v2\/media?parent=4152"}],"curies":[{"name":"wp","href":"https:\/\/api.w.org\/{rel}","templated":true}]}}