{"id":4150,"date":"2025-07-06T15:14:21","date_gmt":"2025-07-06T13:14:21","guid":{"rendered":"https:\/\/www.stravex.com\/?page_id=4150"},"modified":"2026-03-15T12:11:13","modified_gmt":"2026-03-15T11:11:13","slug":"spedition-moldawien-transport-moldau","status":"publish","type":"page","link":"https:\/\/www.stravex.com\/de\/spedition-moldawien-transport-moldau","title":{"rendered":"Effiziente Logistik in die Republik Moldau"},"content":{"rendered":"<div id=\"pl-4150\"  class=\"panel-layout\" ><div id=\"pg-4150-0\"  class=\"panel-grid panel-no-style\" ><div id=\"pgc-4150-0-0\"  class=\"panel-grid-cell\" ><div id=\"panel-4150-0-0-0\" class=\"so-panel widget widget_sow-image panel-first-child panel-last-child\" data-index=\"0\" ><div\n\t\t\t\n\t\t\tclass=\"so-widget-sow-image so-widget-sow-image-default-6ec9e3772f75-4150\"\n\t\t\t\n\t\t>\n<div class=\"sow-image-container\">\n\t\t\t<a href=\"\/wp-content\/uploads\/2025\/06\/Moldau.jpg\"\n\t\t\t\t\t>\n\t\t\t<img \n\tsrc=\"https:\/\/www.stravex.com\/wp-content\/uploads\/2025\/06\/Moldau-360x240.jpg\" width=\"360\" height=\"240\" srcset=\"https:\/\/www.stravex.com\/wp-content\/uploads\/2025\/06\/Moldau-360x240.jpg 360w, https:\/\/www.stravex.com\/wp-content\/uploads\/2025\/06\/Moldau-272x182.jpg 272w\" sizes=\"(max-width: 360px) 100vw, 360px\" title=\"Spedition Republik Moldau\" alt=\"Spedition Deutschland Moldawien, Transport Moldau, Fracht nach Republik Moldau\" \t\tclass=\"so-widget-image\"\/>\n\t\t\t<\/a><\/div>\n\n<\/div><\/div><\/div><div id=\"pgc-4150-0-1\"  class=\"panel-grid-cell\" ><div id=\"panel-4150-0-1-0\" class=\"so-panel widget widget_black-studio-tinymce widget_black_studio_tinymce panel-first-child panel-last-child\" data-index=\"1\" ><div class=\"textwidget\"><h2><span style=\"font-size: 30px;\"><strong>Zuverl\u00e4ssige Lieferungen von und nach Moldawien<\/strong><\/span><\/h2>\n<\/div><\/div><\/div><\/div><div id=\"pg-4150-1\"  class=\"panel-grid panel-no-style\" ><div id=\"pgc-4150-1-0\"  class=\"panel-grid-cell\" ><div id=\"panel-4150-1-0-0\" class=\"so-panel widget widget_black-studio-tinymce widget_black_studio_tinymce panel-first-child panel-last-child\" data-index=\"2\" ><div class=\"textwidget\"><p><span style=\"font-size: 24px;\"><strong>Unser Logistikunternehmen bietet die folgenden Transporte von Deutschland, \u00d6sterreich, der Schweiz nach Moldau an:<\/strong><\/span><\/p>\n<p>&nbsp;<\/p>\n<ul>\n<li><a title=\"LKW Transporte\" href=\"https:\/\/www.stravex.com\/de\/lkw-deutschland-containertransporte-hamburg\" target=\"_blank\" rel=\"noopener\"><strong>LKW-Transporte<\/strong><\/a>\u00a0<strong>Moldau<\/strong>\n<ul>\n<li>T\u00e4gliche Komplett- und Teilladungen, Sammelgut von <a href=\"https:\/\/www.stravex.com\/de\/spedition-hamburg-deutschland-logistik-transport\" target=\"_blank\" rel=\"noopener\"><strong>Deutschland<\/strong><\/a>,<strong><a href=\"https:\/\/www.stravex.com\/de\/spedition-osterreich-transport\" target=\"_blank\" rel=\"noopener\"> \u00d6sterreich<\/a><\/strong> und<strong> <a href=\"https:\/\/www.stravex.com\/de\/spedition-schweiz-transport\" target=\"_blank\" rel=\"noopener\">der Schweiz<\/a><\/strong><\/li>\n<li>Express-Lieferungen bei eiligen G\u00fctern<\/li>\n<li><span style=\"text-decoration: underline;\"><strong><a href=\"https:\/\/www.stravex.com\/de\/schwertransporte-deutschland-spedition\" target=\"_blank\" rel=\"noopener\">Projekt-, Gro\u00dfraum- und Schwertransporte<\/a><\/strong><\/span><\/li>\n<li>Gefahrgut-, Thermo- und K\u00fchltransporte<\/li>\n<\/ul>\n<\/li>\n<\/ul>\n<p>&nbsp;<\/p>\n<ul>\n<li><a title=\"Seetransporte\" href=\"https:\/\/www.stravex.com\/de\/seefracht-deutschland-container\" target=\"_blank\" rel=\"noopener\"><strong>Seetransporte<\/strong><\/a>\u00a0<strong>Moldau<\/strong>\n<ul>\n<li>Seetransporte nach Moldawien \u00fcber Hamburg aus Asien, Amerika und Afrika\n<ul>\n<li>Weltweite Containertransporte (FCL)<\/li>\n<li>Sammelguttransporte (LCL) mit der Umladung in Hamburg<\/li>\n<li>Transport von St\u00fcckgut<\/li>\n<\/ul>\n<\/li>\n<\/ul>\n<\/li>\n<\/ul>\n<p>&nbsp;<\/p>\n<ul>\n<li><a title=\"Lufttransporte\" href=\"https:\/\/www.stravex.com\/de\/luftfracht-deutschland-lufttransporte\" target=\"_blank\" rel=\"noopener\"><strong>Lufttransporte<\/strong><\/a>\u00a0<strong>Moldau<\/strong>\n<ul>\n<li>Luftfracht nach Chisinau aus Europa, Asien und Amerika\n<ul>\n<li>Weitere Bef\u00f6rderung innerhalb des Landes<\/li>\n<\/ul>\n<\/li>\n<li>Lufttransport nach Chisinau mit weiterer Bef\u00f6rderung in die Ukraine<\/li>\n<\/ul>\n<\/li>\n<\/ul>\n<p>&nbsp;<\/p>\n<p>Wir f\u00fchren regelm\u00e4\u00dfige Transporte zwischen der Republik Moldau und den meisten L\u00e4ndern von Amerika, Asien, Afrika, Australien sowie den folgenden europ\u00e4ischen und mittelasiatischen L\u00e4ndern durch:\u00a0Belgien, Bulgarien, D\u00e4nemark, Deutschland, Estland, Finnland, Frankreich, Griechenland, Gro\u00dfbritannien, Italien, Irland, Kasachstan, Kroatien, Lettland, Litauen, Luxemburg, Malta, den Niederlanden, Norwegen, Polen, Portugal, \u00d6sterreich, Rum\u00e4nien, Schweden, der Schweiz, der Slowakei, Slowenien, Spanien, Tschechien, Turkmenistan, der Ukraine, Ungarn, Usbekistan und Zypern.<\/p>\n<p>&nbsp;<\/p>\n<h3><strong>Haben Sie Fragen zu Logistikl\u00f6sungen zwischen\u00a0der Schweiz,\u00a0Deutschland, \u00d6sterreich und der Republik Moldau? Kontaktieren Sie uns gerne! Unser kompetentes Team freut sich auf Ihre Anfrage:<\/strong><\/h3>\n<p>&nbsp;<\/p>\n<p><strong>\ud83d\udcde Telefon:\u00a0\u00a0<a href=\"tel:+4940334870300\" target=\"_blank\" rel=\"noopener\">+4940334870300<\/a><\/strong><\/p>\n<p><strong>\u2709\ufe0f E-Mail:\u00a0\u00a0\u00a0<\/strong>\u00a0\u00a0<strong><span id=\"cloakb8d283422ab6f559c857aed48ea16065\"><a href=\"mailto:info@stravex.com\" target=\"_blank\" rel=\"noopener\">info@stravex.com<\/a><\/span><\/strong><\/p>\n<hr \/>\n<\/div><\/div><\/div><\/div><\/div>","protected":false},"excerpt":{"rendered":"<p>Transporte nach Moldawien von Deutschland, \u00d6sterreich &#038; der Schweiz<\/p>\n","protected":false},"author":1,"featured_media":2322,"parent":0,"menu_order":0,"comment_status":"closed","ping_status":"closed","template":"page-service.php","meta":{"_acf_changed":false,"footnotes":""},"class_list":["post-4150","page","type-page","status-publish","has-post-thumbnail","hentry"],"acf":[],"_links":{"self":[{"href":"https:\/\/www.stravex.com\/de\/wp-json\/wp\/v2\/pages\/4150","targetHints":{"allow":["GET"]}}],"collection":[{"href":"https:\/\/www.stravex.com\/de\/wp-json\/wp\/v2\/pages"}],"about":[{"href":"https:\/\/www.stravex.com\/de\/wp-json\/wp\/v2\/types\/page"}],"author":[{"embeddable":true,"href":"https:\/\/www.stravex.com\/de\/wp-json\/wp\/v2\/users\/1"}],"replies":[{"embeddable":true,"href":"https:\/\/www.stravex.com\/de\/wp-json\/wp\/v2\/comments?post=4150"}],"version-history":[{"count":6,"href":"https:\/\/www.stravex.com\/de\/wp-json\/wp\/v2\/pages\/4150\/revisions"}],"predecessor-version":[{"id":6007,"href":"https:\/\/www.stravex.com\/de\/wp-json\/wp\/v2\/pages\/4150\/revisions\/6007"}],"wp:featuredmedia":[{"embeddable":true,"href":"https:\/\/www.stravex.com\/de\/wp-json\/wp\/v2\/media\/2322"}],"wp:attachment":[{"href":"https:\/\/www.stravex.com\/de\/wp-json\/wp\/v2\/media?parent=4150"}],"curies":[{"name":"wp","href":"https:\/\/api.w.org\/{rel}","templated":true}]}}