{"id":4146,"date":"2025-06-29T15:11:41","date_gmt":"2025-06-29T13:11:41","guid":{"rendered":"https:\/\/www.stravex.com\/?page_id=4146"},"modified":"2026-02-08T18:21:44","modified_gmt":"2026-02-08T17:21:44","slug":"spedition-zypern-logistik","status":"publish","type":"page","link":"https:\/\/www.stravex.com\/de\/spedition-zypern-logistik","title":{"rendered":"Spedition Zypern: Transporte von Deutschland, \u00d6sterreich und aus der Schweiz"},"content":{"rendered":"<div id=\"pl-4146\"  class=\"panel-layout\" ><div id=\"pg-4146-0\"  class=\"panel-grid panel-no-style\" ><div id=\"pgc-4146-0-0\"  class=\"panel-grid-cell\" ><div id=\"panel-4146-0-0-0\" class=\"so-panel widget widget_sow-image panel-first-child panel-last-child\" data-index=\"0\" ><div\n\t\t\t\n\t\t\tclass=\"so-widget-sow-image so-widget-sow-image-default-6ec9e3772f75-4146\"\n\t\t\t\n\t\t>\n<div class=\"sow-image-container\">\n\t\t\t<a href=\"\/wp-content\/uploads\/2025\/06\/cuprysflag.jpg\"\n\t\t\t\t\t>\n\t\t\t<img \n\tsrc=\"https:\/\/www.stravex.com\/wp-content\/uploads\/2025\/06\/cuprysflag-360x240.jpg\" width=\"360\" height=\"240\" srcset=\"https:\/\/www.stravex.com\/wp-content\/uploads\/2025\/06\/cuprysflag-360x240.jpg 360w, https:\/\/www.stravex.com\/wp-content\/uploads\/2025\/06\/cuprysflag-272x182.jpg 272w\" sizes=\"(max-width: 360px) 100vw, 360px\" title=\"Spedition Zypern\" alt=\"Spedition Deutschland Zypern, Lieferung Schweiz Zypern, Transport \u00d6sterreich Zypern, Logistik Zypern\" \t\tclass=\"so-widget-image\"\/>\n\t\t\t<\/a><\/div>\n\n<\/div><\/div><\/div><div id=\"pgc-4146-0-1\"  class=\"panel-grid-cell\" ><div id=\"panel-4146-0-1-0\" class=\"so-panel widget widget_black-studio-tinymce widget_black_studio_tinymce panel-first-child panel-last-child\" data-index=\"1\" ><div class=\"textwidget\"><h2><span style=\"font-size: 30px;\"><strong>Kundenorientierte Logistikl\u00f6sungen f\u00fcr Ihre Lieferungen nach Zypern<\/strong><\/span><\/h2>\n<\/div><\/div><\/div><\/div><div id=\"pg-4146-1\"  class=\"panel-grid panel-no-style\" ><div id=\"pgc-4146-1-0\"  class=\"panel-grid-cell\" ><div id=\"panel-4146-1-0-0\" class=\"so-panel widget widget_black-studio-tinymce widget_black_studio_tinymce panel-first-child panel-last-child\" data-index=\"2\" ><div class=\"textwidget\"><h2><strong>Unsere Spedition bietet professionelle Transporte zwischen Zypern und Deutschland an:<\/strong><\/h2>\n<ul>\n<li><a title=\"Seetransporte\" href=\"https:\/\/www.stravex.com\/de\/seefracht-deutschland-container\" target=\"_blank\" rel=\"noopener\"><strong>Seetransporte<\/strong><\/a>\u00a0<strong>Zypern<\/strong>\n<ul>\n<li>Containertransporte (FCL) nach Limassol von Hamburg, Bremerhaven, Antwerpen, Rotterdam sowie weiteren europ\u00e4ischen H\u00e4fen<\/li>\n<li>W\u00f6chentliche Sammelgutcontainer (LCL) zwischen Hamburg und Zypern (Limassol)<\/li>\n<li>Europaweite Container- und St\u00fcckguttransporte vom und bis zum Hafen Hamburg<\/li>\n<li>Transporte innerhalb Zyperns bis zum Hafen Limassol<\/li>\n<li><a href=\"https:\/\/www.stravex.com\/de\/schwertransporte-deutschland-spedition\" target=\"_blank\" rel=\"noopener\"><strong>Projekt\u2013 und Schwertransporte<\/strong><\/a> von Baumaschinen, Bef\u00f6rderungsmittel und Industrieanlagen\u00a0zwischen Deutschland und Zypern<\/li>\n<li>Multimodale Logistikl\u00f6sungen zwischen Zypern und Europa, Amerika, Asien &amp; Afrika<\/li>\n<li>Lieferungen zwischen Zypern und <a href=\"https:\/\/www.stravex.com\/de\/spedition-ukraine-logistik\" target=\"_blank\" rel=\"noopener\"><strong>der Ukraine<\/strong><\/a> \u00fcber Hamburg<\/li>\n<\/ul>\n<\/li>\n<\/ul>\n<ul>\n<li><strong><a title=\"Lufttransporte\" href=\"https:\/\/www.stravex.com\/de\/luftfracht-deutschland-lufttransporte\" target=\"_blank\" rel=\"noopener\">Lufttransporte<\/a>\u00a0Zypern<\/strong>\n<ul>\n<li>Luftfracht zum Larnaka International Airport ab Frankfurt und anderen europ\u00e4ischen Flugh\u00e4fen\n<ul>\n<li>Lufttransporte zwischen europ\u00e4ischen Flugh\u00e4fen und dem Flughafen Paphos<\/li>\n<li>LKW-Transporte auf Zypern<\/li>\n<li>Europaweite Logistik von und zu europ\u00e4ischen Flugh\u00e4fen f\u00fcr weitere Fracht nach\/von Zypern<\/li>\n<li>Verzollung an Flugh\u00e4fen<\/li>\n<li>Luftfracht nach Zypern mit Frachtern und regul\u00e4ren Passagierflugzeugen von\u00a0Aegean Airlines, Cyprus Airways, El Al, Emirates, Lufthansa, KLM, Swiss Air und anderen Fluglinien<\/li>\n<\/ul>\n<\/li>\n<\/ul>\n<\/li>\n<\/ul>\n<p>&nbsp;<\/p>\n<p>Wir f\u00fchren Transporte nach Zypern aus den meisten L\u00e4ndern von Amerika, Asien, Afrika, Australien sowie aus den folgenden europ\u00e4ischen und zentralasiatischen L\u00e4ndern durch: Belgien, Bulgarien, D\u00e4nemark, Deutschland, Estland, Finnland, Frankreich, Griechenland, Gro\u00dfbritannien, Italien, Irland, Kasachstan, Kroatien, Lettland, Litauen, Luxemburg, Malta, den Niederlanden, Norwegen, Polen, Portugal, \u00d6sterreich, Rum\u00e4nien, Schweden, der Schweiz, der Slowakei, Slowenien, Spanien, Tschechien, Turkmenistan, der Ukraine, Ungarn und Usbekistan.<\/p>\n<p>&nbsp;<\/p>\n<p><strong>Kontaktieren Sie uns bei Fragen zu Lieferungen von <a href=\"https:\/\/www.stravex.com\/de\/spedition-hamburg-deutschland-logistik-transport\" target=\"_blank\" rel=\"noopener\">Deutschland<\/a>, <a href=\"https:\/\/www.stravex.com\/de\/spedition-osterreich-transport\" target=\"_blank\" rel=\"noopener\">\u00d6sterreich<\/a> und <a href=\"https:\/\/www.stravex.com\/de\/spedition-schweiz-transport\" target=\"_blank\" rel=\"noopener\">der Schweiz<\/a> nach Zypern! Unser kompetentes Team freut sich auf Ihre Anfrage per Telefon unter <a href=\"tel:+4940334870300\" target=\"_blank\" rel=\"noopener\">+4940334870300<\/a><\/strong><strong> oder E-Mail an <span id=\"cloakd745775c02eed8d5139d1c05cefe9fb1\"><a href=\"mailto:info@stravex.com\" target=\"_blank\" rel=\"noopener\">info@stravex.com<\/a><\/span><\/strong>.<\/p>\n<\/div><\/div><\/div><\/div><\/div>","protected":false},"excerpt":{"rendered":"<p>Kundenorientierte Logistikl\u00f6sungen f\u00fcr Ihre Lieferungen nach Zypern<\/p>\n","protected":false},"author":1,"featured_media":3079,"parent":0,"menu_order":0,"comment_status":"closed","ping_status":"closed","template":"page-service.php","meta":{"_acf_changed":false,"footnotes":""},"class_list":["post-4146","page","type-page","status-publish","has-post-thumbnail","hentry"],"acf":[],"_links":{"self":[{"href":"https:\/\/www.stravex.com\/de\/wp-json\/wp\/v2\/pages\/4146","targetHints":{"allow":["GET"]}}],"collection":[{"href":"https:\/\/www.stravex.com\/de\/wp-json\/wp\/v2\/pages"}],"about":[{"href":"https:\/\/www.stravex.com\/de\/wp-json\/wp\/v2\/types\/page"}],"author":[{"embeddable":true,"href":"https:\/\/www.stravex.com\/de\/wp-json\/wp\/v2\/users\/1"}],"replies":[{"embeddable":true,"href":"https:\/\/www.stravex.com\/de\/wp-json\/wp\/v2\/comments?post=4146"}],"version-history":[{"count":5,"href":"https:\/\/www.stravex.com\/de\/wp-json\/wp\/v2\/pages\/4146\/revisions"}],"predecessor-version":[{"id":5685,"href":"https:\/\/www.stravex.com\/de\/wp-json\/wp\/v2\/pages\/4146\/revisions\/5685"}],"wp:featuredmedia":[{"embeddable":true,"href":"https:\/\/www.stravex.com\/de\/wp-json\/wp\/v2\/media\/3079"}],"wp:attachment":[{"href":"https:\/\/www.stravex.com\/de\/wp-json\/wp\/v2\/media?parent=4146"}],"curies":[{"name":"wp","href":"https:\/\/api.w.org\/{rel}","templated":true}]}}