{"id":4142,"date":"2025-06-29T15:35:30","date_gmt":"2025-06-29T13:35:30","guid":{"rendered":"https:\/\/www.stravex.com\/?page_id=4142"},"modified":"2026-03-15T12:13:32","modified_gmt":"2026-03-15T11:13:32","slug":"spedition-griechenland-logistik","status":"publish","type":"page","link":"https:\/\/www.stravex.com\/de\/spedition-griechenland-logistik","title":{"rendered":"Spedition Griechenland: Transporte von Deutschland, \u00d6sterreich und aus der Schweiz"},"content":{"rendered":"<div id=\"pl-4142\"  class=\"panel-layout\" ><div id=\"pg-4142-0\"  class=\"panel-grid panel-no-style\" ><div id=\"pgc-4142-0-0\"  class=\"panel-grid-cell\" ><div id=\"panel-4142-0-0-0\" class=\"so-panel widget widget_sow-image panel-first-child panel-last-child\" data-index=\"0\" ><div\n\t\t\t\n\t\t\tclass=\"so-widget-sow-image so-widget-sow-image-default-6ec9e3772f75-4142\"\n\t\t\t\n\t\t>\n<div class=\"sow-image-container\">\n\t\t\t<a href=\"\/wp-content\/uploads\/2025\/07\/GreeceFlag.jpg\"\n\t\t\t\t\t>\n\t\t\t<img \n\tsrc=\"https:\/\/www.stravex.com\/wp-content\/uploads\/2025\/07\/GreeceFlag-360x240.jpg\" width=\"360\" height=\"240\" srcset=\"https:\/\/www.stravex.com\/wp-content\/uploads\/2025\/07\/GreeceFlag-360x240.jpg 360w, https:\/\/www.stravex.com\/wp-content\/uploads\/2025\/07\/GreeceFlag-300x200.jpg 300w, https:\/\/www.stravex.com\/wp-content\/uploads\/2025\/07\/GreeceFlag-1024x683.jpg 1024w, https:\/\/www.stravex.com\/wp-content\/uploads\/2025\/07\/GreeceFlag-768x512.jpg 768w, https:\/\/www.stravex.com\/wp-content\/uploads\/2025\/07\/GreeceFlag-1536x1024.jpg 1536w, https:\/\/www.stravex.com\/wp-content\/uploads\/2025\/07\/GreeceFlag-272x182.jpg 272w, https:\/\/www.stravex.com\/wp-content\/uploads\/2025\/07\/GreeceFlag.jpg 1920w\" sizes=\"(max-width: 360px) 100vw, 360px\" title=\"Spedition Griechenland\" alt=\"Spedition Griechenland, Transporte Deutschland Griechenland, Schwetransporte Griechenland, LKW Transport Griechenland\" \t\tclass=\"so-widget-image\"\/>\n\t\t\t<\/a><\/div>\n\n<\/div><\/div><\/div><div id=\"pgc-4142-0-1\"  class=\"panel-grid-cell\" ><div id=\"panel-4142-0-1-0\" class=\"so-panel widget widget_black-studio-tinymce widget_black_studio_tinymce panel-first-child panel-last-child\" data-index=\"1\" ><div class=\"textwidget\"><h2><span style=\"font-size: 30px;\"><strong>Professionelle Logistikl\u00f6sungen von und nach Griechenland <\/strong><\/span><\/h2>\n<\/div><\/div><\/div><\/div><div id=\"pg-4142-1\"  class=\"panel-grid panel-no-style\" ><div id=\"pgc-4142-1-0\"  class=\"panel-grid-cell\" ><div id=\"panel-4142-1-0-0\" class=\"so-panel widget widget_black-studio-tinymce widget_black_studio_tinymce panel-first-child panel-last-child\" data-index=\"2\" ><div class=\"textwidget\"><h2><strong>Unsere Spedition bietet Ihnen die folgenden professionellen Transporte zwischen Deutschland, \u00d6sterreich, der Schweiz und Griechenland:<\/strong><\/h2>\n<p>&nbsp;<\/p>\n<ul>\n<li><a title=\"LKW Transporte\" href=\"https:\/\/www.stravex.com\/de\/lkw-deutschland-containertransporte-hamburg\" target=\"_blank\" rel=\"noopener\"><strong>LKW-Transporte<\/strong><\/a>\u00a0<strong>Griechenland<\/strong>\n<ul>\n<li>Regelm\u00e4\u00dfige Lieferungen zwischen Griechenland, <strong><a href=\"https:\/\/www.stravex.com\/de\/spedition-hamburg-deutschland-logistik-transport\" target=\"_blank\" rel=\"noopener\">Deutschland<\/a>, <a href=\"https:\/\/www.stravex.com\/de\/spedition-osterreich-transport\" target=\"_blank\" rel=\"noopener\">\u00d6sterreich<\/a><\/strong>, <strong><a href=\"https:\/\/www.stravex.com\/de\/spedition-schweiz-transport\" target=\"_blank\" rel=\"noopener\">der Schweiz<\/a><\/strong> und anderen europ\u00e4ischen sowie mittelasiatischen L\u00e4ndern\n<ul>\n<li>Komplettladungen, Teilladungen und Sammelgut<\/li>\n<\/ul>\n<\/li>\n<li>Expressversand f\u00fcr eilige G\u00fcter<\/li>\n<li><strong><a href=\"https:\/\/www.stravex.com\/de\/schwertransporte-deutschland-spedition\" target=\"_blank\" rel=\"noopener\">Projekt-, Gro\u00dfraum- und Schwerguttransporte<\/a><\/strong> nach Griechenland<\/li>\n<li>Gefahrgut-, Thermo- und K\u00fchltransporte<\/li>\n<li>Lieferungen aus Griechenland in die <strong><a href=\"https:\/\/www.stravex.com\/de\/spedition-ukraine-logistik\" target=\"_blank\" rel=\"noopener\">Ukraine<\/a><\/strong>, einschlie\u00dflich Milit\u00e4r- und \u201eDual Use\u201c-G\u00fcter<\/li>\n<\/ul>\n<\/li>\n<\/ul>\n<p>&nbsp;<\/p>\n<ul>\n<li><a title=\"Seetransporte\" href=\"https:\/\/www.stravex.com\/de\/seefracht-deutschland-container\" target=\"_blank\" rel=\"noopener\"><strong>Seetransporte<\/strong><\/a>\u00a0<strong>Griechenland<\/strong>\n<ul>\n<li>Containertransporte (FCL) und Sammelgutsendungen (LCL) nach Griechenland von <a href=\"https:\/\/www.stravex.com\/de\/spedition-china-logistik-hongkong-transport\" target=\"_blank\" rel=\"noopener\"><strong>China<\/strong><\/a>,\u00a0<a href=\"https:\/\/www.stravex.com\/de\/spedition-japan-logistik\" target=\"_blank\" rel=\"noopener\"><strong>Japan<\/strong><\/a>, <a href=\"https:\/\/www.stravex.com\/de\/spedition-usa-transporte-fracht\" target=\"_blank\" rel=\"noopener\"><strong>den USA<\/strong><\/a>, <strong><a href=\"https:\/\/www.stravex.com\/de\/spedition-mexiko-transporte\" target=\"_blank\" rel=\"noopener\">Mexiko<\/a><\/strong> etc. \u00fcber die H\u00e4fen von Pir\u00e4us und Thessaloniki<\/li>\n<li>St\u00fcckgut und Projektcargo<\/li>\n<\/ul>\n<\/li>\n<\/ul>\n<p>&nbsp;<\/p>\n<ul>\n<li><a title=\"Lufttransporte\" href=\"https:\/\/www.stravex.com\/de\/luftfracht-deutschland-lufttransporte\" target=\"_blank\" rel=\"noopener\"><strong>Luftfracht<\/strong><\/a>\u00a0<strong>Griechenland<\/strong>\n<ul>\n<li>Luftfracht nach Flughafen Athen-Eleftherios Venizelos aus Europa, Amerika, Asien &amp; Afrika<\/li>\n<li>Sondertarife f\u00fcr Lieferungen von und nach China<\/li>\n<\/ul>\n<\/li>\n<\/ul>\n<p>&nbsp;<\/p>\n<p>Wir f\u00fchren Transporte zwischen Griechenland und den folgenden L\u00e4ndern Europas und Zentralasiens durch:\u00a0Belgien, Bulgarien, D\u00e4nemark, Deutschland, Estland, Finnland, Frankreich, Gro\u00dfbritannien, Italien, Irland, Kasachstan, Kroatien, Lettland, Litauen, Luxemburg, Malta, den Niederlanden, Norwegen, Polen, Portugal, \u00d6sterreich, Rum\u00e4nien, Schweden, der Schweiz, der Slowakei, Slowenien, Spanien, Tschechien, Turkmenistan, der Ukraine, Ungarn, Usbekistan und Zypern.<\/p>\n<p>&nbsp;<\/p>\n<h3><strong>Kontaktieren Sie uns f\u00fcr Ihre Transporte nach Griechenland von Deutschland, \u00d6sterreich und aus der Schweiz! Unser erfahrenes Team freut sich auf Ihre Anfrage per Telefon <\/strong><strong><a href=\"tel:+4940334870300\" target=\"_blank\" rel=\"noopener\">+4940334870300<\/a><\/strong> <strong>oder E-Mail an <span id=\"cloak7d84649e17f8cc9b8ae0e1767a1ebab1\"><a href=\"mailto:info@stravex.com\" target=\"_blank\" rel=\"noopener\">info@stravex.com.<\/a><\/span>\u00a0<\/strong><\/h3>\n<hr \/>\n<p>&nbsp;<\/p>\n<\/div><\/div><\/div><\/div><\/div>","protected":false},"excerpt":{"rendered":"<p>Professionelle Logistikl\u00f6sungen von und nach Griechenland <\/p>\n","protected":false},"author":1,"featured_media":2870,"parent":0,"menu_order":0,"comment_status":"closed","ping_status":"closed","template":"page-service.php","meta":{"_acf_changed":false,"footnotes":""},"class_list":["post-4142","page","type-page","status-publish","has-post-thumbnail","hentry"],"acf":[],"_links":{"self":[{"href":"https:\/\/www.stravex.com\/de\/wp-json\/wp\/v2\/pages\/4142","targetHints":{"allow":["GET"]}}],"collection":[{"href":"https:\/\/www.stravex.com\/de\/wp-json\/wp\/v2\/pages"}],"about":[{"href":"https:\/\/www.stravex.com\/de\/wp-json\/wp\/v2\/types\/page"}],"author":[{"embeddable":true,"href":"https:\/\/www.stravex.com\/de\/wp-json\/wp\/v2\/users\/1"}],"replies":[{"embeddable":true,"href":"https:\/\/www.stravex.com\/de\/wp-json\/wp\/v2\/comments?post=4142"}],"version-history":[{"count":6,"href":"https:\/\/www.stravex.com\/de\/wp-json\/wp\/v2\/pages\/4142\/revisions"}],"predecessor-version":[{"id":6008,"href":"https:\/\/www.stravex.com\/de\/wp-json\/wp\/v2\/pages\/4142\/revisions\/6008"}],"wp:featuredmedia":[{"embeddable":true,"href":"https:\/\/www.stravex.com\/de\/wp-json\/wp\/v2\/media\/2870"}],"wp:attachment":[{"href":"https:\/\/www.stravex.com\/de\/wp-json\/wp\/v2\/media?parent=4142"}],"curies":[{"name":"wp","href":"https:\/\/api.w.org\/{rel}","templated":true}]}}