{"id":4137,"date":"2025-07-06T16:00:28","date_gmt":"2025-07-06T14:00:28","guid":{"rendered":"https:\/\/www.stravex.com\/?page_id=4137"},"modified":"2026-02-26T17:24:38","modified_gmt":"2026-02-26T16:24:38","slug":"spedition-serbien-kroatien-slowenien-albanien","status":"publish","type":"page","link":"https:\/\/www.stravex.com\/de\/spedition-serbien-kroatien-slowenien-albanien","title":{"rendered":"Spedition nach Serbien, Kroatien, Slowenien, Montenegro und Albanien"},"content":{"rendered":"<div id=\"pl-4137\"  class=\"panel-layout\" ><div id=\"pg-4137-0\"  class=\"panel-grid panel-no-style\" ><div id=\"pgc-4137-0-0\"  class=\"panel-grid-cell\" ><div id=\"panel-4137-0-0-0\" class=\"so-panel widget widget_sow-image panel-first-child panel-last-child\" data-index=\"0\" ><div\n\t\t\t\n\t\t\tclass=\"so-widget-sow-image so-widget-sow-image-default-6ec9e3772f75-4137\"\n\t\t\t\n\t\t>\n<div class=\"sow-image-container\">\n\t\t\t<a href=\"\/wp-content\/uploads\/2025\/06\/Serbien.jpg\"\n\t\t\t\t\t>\n\t\t\t<img \n\tsrc=\"https:\/\/www.stravex.com\/wp-content\/uploads\/2025\/06\/Serbien-360x240.jpg\" width=\"360\" height=\"240\" srcset=\"https:\/\/www.stravex.com\/wp-content\/uploads\/2025\/06\/Serbien-360x240.jpg 360w, https:\/\/www.stravex.com\/wp-content\/uploads\/2025\/06\/Serbien-272x182.jpg 272w\" sizes=\"(max-width: 360px) 100vw, 360px\" title=\"Spedition Serbien und Montenegro\" alt=\"Transport Deutschland Serbien, Spedition Serbien, Fracht Montenegro, Spedition Slowenien, Bosnien,Transport Kroatien\" \t\tclass=\"so-widget-image\"\/>\n\t\t\t<\/a><\/div>\n\n<\/div><\/div><\/div><div id=\"pgc-4137-0-1\"  class=\"panel-grid-cell\" ><div id=\"panel-4137-0-1-0\" class=\"so-panel widget widget_black-studio-tinymce widget_black_studio_tinymce panel-first-child panel-last-child\" data-index=\"1\" ><div class=\"textwidget\"><h2><span style=\"font-size: 30px;\"><strong>Professionelle Logistikl\u00f6sungen f\u00fcr Serbien, Montenegro, Kroatien, Slowenien, Albanien, Bosnien und Herzegowina sowie in die Republik Nordmazedonien <\/strong><\/span><\/h2>\n<\/div><\/div><\/div><\/div><div id=\"pg-4137-1\"  class=\"panel-grid panel-no-style\" ><div id=\"pgc-4137-1-0\"  class=\"panel-grid-cell\" ><div id=\"panel-4137-1-0-0\" class=\"so-panel widget widget_black-studio-tinymce widget_black_studio_tinymce panel-first-child panel-last-child\" data-index=\"2\" ><div class=\"textwidget\"><h3>Unser Transportunternehmen bietet Ihnen umfassende Transportl\u00f6sungen<br \/>\nvon der Schweiz, Deutschland und \u00d6sterreich in den Balkan an:<\/h3>\n<p>&nbsp;<\/p>\n<ul>\n<li><a href=\"https:\/\/www.stravex.com\/de\/lkw-deutschland-containertransporte-hamburg\" target=\"_blank\" rel=\"noopener\"><strong>LKW-Transporte<\/strong><\/a>\n<ul>\n<li>T\u00e4gliche Komplettladungen, Teilladungen und Sammelguttransporte nach Serbien, Montenegro, Kroatien und Slowenien<\/li>\n<li>Express-Lieferungen f\u00fcr zeitkritische G\u00fcter<\/li>\n<li><a href=\"https:\/\/www.stravex.com\/de\/schwertransporte-deutschland-spedition\" target=\"_blank\" rel=\"noopener\">Projekt-, Gro\u00dfraum- und Schwertransporte<\/a><\/li>\n<li>Gefahrgut-, Thermo- und K\u00fchltransporte f\u00fcr spezielle Anforderungen<\/li>\n<\/ul>\n<\/li>\n<\/ul>\n<p>&nbsp;<\/p>\n<p>Wir f\u00fchren regelm\u00e4\u00dfige Transporte zwischen Balkanl\u00e4ndern und den meisten L\u00e4ndern von Amerika, Asien, Afrika, Australien sowie den folgenden europ\u00e4ischen und mittelasiatischen L\u00e4ndern durch:\u00a0Belgien, Bulgarien, D\u00e4nemark, Deutschland, Estland, Finnland, Frankreich, Griechenland, Gro\u00dfbritannien, Italien, Irland, Kasachstan, Lettland, Litauen, Luxemburg, Malta, den Niederlanden, Norwegen, Polen, Portugal, \u00d6sterreich, Rum\u00e4nien, Schweden, der Schweiz, der Slowakei, Spanien, Tschechien, Turkmenistan, der Ukraine, Ungarn, Usbekistan und Zypern.<\/p>\n<p>&nbsp;<\/p>\n<p><span style=\"font-size: 24px;\"><strong>Unsere St\u00e4rken - Ihre Vorteile<\/strong><\/span><\/p>\n<ul>\n<li><strong>Erfahrung und Kompetenz:<\/strong>\u00a0Ma\u00dfgeschneiderte L\u00f6sungen f\u00fcr Ihre Transportanforderungen<\/li>\n<li><strong>Zuverl\u00e4ssigkeit und Flexibilit\u00e4t:<\/strong>\u00a0P\u00fcnktliche Lieferungen auch bei anspruchsvollen Projekten<\/li>\n<li><strong>Umfassender Logistikservice:<\/strong>\u00a0Von der Planung \u00fcber die Abwicklung bis hin zur Verzollung<\/li>\n<\/ul>\n<p>&nbsp;<\/p>\n<p><strong>Haben Sie Fragen zu Lieferungen zwischen <a href=\"https:\/\/www.stravex.com\/de\/spedition-hamburg-deutschland-logistik-transport\" target=\"_blank\" rel=\"noopener\">Deutschland<\/a>, <a href=\"https:\/\/www.stravex.com\/de\/spedition-osterreich-transport\" target=\"_blank\" rel=\"noopener\">\u00d6sterreich<\/a> oder <a href=\"https:\/\/www.stravex.com\/de\/spedition-schweiz-transport\" target=\"_blank\" rel=\"noopener\">der Schweiz<\/a> und den Balkanl\u00e4ndern wie Serbien, Montenegro, Kroatien, Slowenien, Bosnien und Herzegowina, Nordmazedonien oder Albanien?\u00a0Kontaktieren Sie uns! Unser kompetentes Team freut sich auf Ihre Anfrage:<\/strong><\/p>\n<p><strong>\ud83d\udcde Telefon:\u00a0\u00a0<\/strong><strong><a href=\"tel:+4940334870300\" target=\"_blank\" rel=\"noopener\">+4940334870300<\/a><\/strong><\/p>\n<p><strong>\u2709\ufe0f E-Mail:\u00a0\u00a0\u00a0<\/strong>\u00a0\u00a0<strong><a href=\"mailto:info@stravex.com\" target=\"_blank\" rel=\"noopener\">info@stravex.com<\/a><\/strong><\/p>\n<hr \/>\n<p>&nbsp;<\/p>\n<\/div><\/div><\/div><\/div><\/div>","protected":false},"excerpt":{"rendered":"<p>Professionelle Transport- und Logistikl\u00f6sungen f\u00fcr die Balkanl\u00e4nder<\/p>\n","protected":false},"author":1,"featured_media":2346,"parent":0,"menu_order":0,"comment_status":"closed","ping_status":"closed","template":"page-service.php","meta":{"_acf_changed":false,"footnotes":""},"class_list":["post-4137","page","type-page","status-publish","has-post-thumbnail","hentry"],"acf":[],"_links":{"self":[{"href":"https:\/\/www.stravex.com\/de\/wp-json\/wp\/v2\/pages\/4137","targetHints":{"allow":["GET"]}}],"collection":[{"href":"https:\/\/www.stravex.com\/de\/wp-json\/wp\/v2\/pages"}],"about":[{"href":"https:\/\/www.stravex.com\/de\/wp-json\/wp\/v2\/types\/page"}],"author":[{"embeddable":true,"href":"https:\/\/www.stravex.com\/de\/wp-json\/wp\/v2\/users\/1"}],"replies":[{"embeddable":true,"href":"https:\/\/www.stravex.com\/de\/wp-json\/wp\/v2\/comments?post=4137"}],"version-history":[{"count":12,"href":"https:\/\/www.stravex.com\/de\/wp-json\/wp\/v2\/pages\/4137\/revisions"}],"predecessor-version":[{"id":5984,"href":"https:\/\/www.stravex.com\/de\/wp-json\/wp\/v2\/pages\/4137\/revisions\/5984"}],"wp:featuredmedia":[{"embeddable":true,"href":"https:\/\/www.stravex.com\/de\/wp-json\/wp\/v2\/media\/2346"}],"wp:attachment":[{"href":"https:\/\/www.stravex.com\/de\/wp-json\/wp\/v2\/media?parent=4137"}],"curies":[{"name":"wp","href":"https:\/\/api.w.org\/{rel}","templated":true}]}}