{"id":4133,"date":"2025-06-29T15:58:40","date_gmt":"2025-06-29T13:58:40","guid":{"rendered":"https:\/\/www.stravex.com\/?page_id=4133"},"modified":"2026-02-08T18:00:10","modified_gmt":"2026-02-08T17:00:10","slug":"spedition-ukraine-logistik","status":"publish","type":"page","link":"https:\/\/www.stravex.com\/de\/spedition-ukraine-logistik","title":{"rendered":"Spedition Ukraine &#8211; Transporte &#038; Logistik in die Ukraine aus Deutschland, \u00d6sterreich &#038; der Schweiz"},"content":{"rendered":"<div id=\"pl-4133\"  class=\"panel-layout\" ><div id=\"pg-4133-0\"  class=\"panel-grid panel-no-style\" ><div id=\"pgc-4133-0-0\"  class=\"panel-grid-cell\" ><div id=\"panel-4133-0-0-0\" class=\"so-panel widget widget_sow-image panel-first-child panel-last-child\" data-index=\"0\" ><div\n\t\t\t\n\t\t\tclass=\"so-widget-sow-image so-widget-sow-image-default-6ec9e3772f75-4133\"\n\t\t\t\n\t\t>\n<div class=\"sow-image-container\">\n\t\t\t<a href=\"\/wp-content\/uploads\/2025\/06\/Ukraina.jpg\"\n\t\t\t\t\t>\n\t\t\t<img \n\tsrc=\"https:\/\/www.stravex.com\/wp-content\/uploads\/2025\/06\/Ukraina-360x240.jpg\" width=\"360\" height=\"240\" srcset=\"https:\/\/www.stravex.com\/wp-content\/uploads\/2025\/06\/Ukraina-360x240.jpg 360w, https:\/\/www.stravex.com\/wp-content\/uploads\/2025\/06\/Ukraina-272x182.jpg 272w\" sizes=\"(max-width: 360px) 100vw, 360px\" title=\"Spedition Ukraine\" alt=\"Spedition Ukraine, Transport in und aus der Ukraine von Deutschland, \u00d6sterreich &amp; Schweiz, Schwertransport Ukraine, Container Ukraine, Transport Schweiz Ukraine\" \t\tclass=\"so-widget-image\"\/>\n\t\t\t<\/a><\/div>\n\n<\/div><\/div><\/div><div id=\"pgc-4133-0-1\"  class=\"panel-grid-cell\" ><div id=\"panel-4133-0-1-0\" class=\"so-panel widget widget_black-studio-tinymce widget_black_studio_tinymce panel-first-child panel-last-child\" data-index=\"1\" ><div class=\"textwidget\"><h2>\n  <strong style=\"font-size:30px;\">Ukraine-Logistik:<\/strong><br \/>\n  <strong style=\"font-size:30px;\">effiziente und optimale Transportl\u00f6sungen<\/strong><br \/>\n<\/h2>\n<\/div><\/div><\/div><\/div><div id=\"pg-4133-1\"  class=\"panel-grid panel-no-style\" ><div id=\"pgc-4133-1-0\"  class=\"panel-grid-cell\" ><div id=\"panel-4133-1-0-0\" class=\"so-panel widget widget_black-studio-tinymce widget_black_studio_tinymce panel-first-child panel-last-child\" data-index=\"2\" ><div class=\"textwidget\"><p><span style=\"font-size: 24px; line-height: 0.9;\"><strong>Spedition und Transporte in die Ukraine \u2013 das bieten wir unseren Kunden an:<\/strong><\/span><\/p>\n<p>&nbsp;<\/p>\n<ul>\n<li><strong><a href=\"https:\/\/www.stravex.com\/de\/lkw-deutschland-containertransporte-hamburg\" target=\"_blank\" rel=\"noopener\">LKW-Transporte<\/a> in die\/aus der Ukraine\u00a0<\/strong>\n<ul>\n<li>Regelm\u00e4\u00dfige Komplettladungen, Teilladungen und Sammelgut zwischen der Ukraine, Deutschland und anderen europ\u00e4ischen L\u00e4ndern<\/li>\n<li>Express-Transporte bei eiligen G\u00fctern<\/li>\n<li><a href=\"https:\/\/www.stravex.com\/de\/schwertransporte-deutschland-spedition\" target=\"_blank\" rel=\"noopener\">Projekt-, Gro\u00dfraum- und Schwertransporte<\/a> in die Ukraine<\/li>\n<li>Gefahrgut-, Thermo- und K\u00fchltransporte<\/li>\n<li>Container- und Milit\u00e4rtransporte in die Ukraine<\/li>\n<li>\u201eT\u00fcr-zur-T\u00fcr\u201c Lieferungen inklusive Verzollung in der Ukraine<\/li>\n<\/ul>\n<\/li>\n<\/ul>\n<ul>\n<li><a href=\"https:\/\/www.stravex.com\/de\/seefracht-deutschland-container\" target=\"_blank\" rel=\"noopener\"><strong>Seetransporte<\/strong><\/a> <strong>in die\/aus der Ukraine<\/strong>\n<ul>\n<li>Seetransporte \u00fcber den Hafen Hamburg aus den <a href=\"https:\/\/www.stravex.com\/de\/spedition-usa-transporte-fracht\" target=\"_blank\" rel=\"noopener\">USA<\/a>, <a href=\"https:\/\/www.stravex.com\/de\/spedition-china-logistik-hongkong-transport\" target=\"_blank\" rel=\"noopener\">China<\/a>, <a href=\"https:\/\/www.stravex.com\/de\/spedition-dubai-transport-vae-logistik-emirate\" target=\"_blank\" rel=\"noopener\">Dubai (VAE)<\/a> und anderen L\u00e4ndern\n<ul>\n<li>Weltweite Containertransporte (FCL)\u00a0in die Ukraine \u00fcber Hamburg, Gdansk und Gdynia<\/li>\n<li>W\u00f6chentliche Teilladungen (LCL) aus Amerika, Asien und Afrika<\/li>\n<\/ul>\n<\/li>\n<li>Containerumschlag (Cross-Docking) in Hamburg, Wilhelmshaven und Bremerhaven<\/li>\n<\/ul>\n<\/li>\n<\/ul>\n<ul>\n<li><a href=\"https:\/\/www.stravex.com\/de\/luftfracht-deutschland-lufttransporte\" target=\"_blank\" rel=\"noopener\"><strong>Lufttransporte<\/strong><\/a><strong> in die\/aus der Ukraine<\/strong>\n<ul>\n<li>Luftfracht in die Ukraine \u00fcber Flugh\u00e4fen\u00a0Frankfurt, Hamburg, Berlin, Warschau und Prag\n<ul>\n<li>weitere Lieferung in die Ukraine per LKW<\/li>\n<li>Agenten an den Flugh\u00e4fen<\/li>\n<\/ul>\n<\/li>\n<\/ul>\n<\/li>\n<\/ul>\n<ul>\n<li><a href=\"https:\/\/www.stravex.com\/de\/bahnfracht-deutschland-spedition\" target=\"_blank\" rel=\"noopener\"><strong>Bahntransporte<\/strong><\/a><strong> in die\/aus der Ukraine<\/strong>\n<ul>\n<li>Containertransporte in die Ukraine per Bahn aus <a href=\"https:\/\/www.stravex.com\/de\/spedition-hamburg-deutschland-logistik-transport\" target=\"_blank\" rel=\"noopener\">Deutschland<\/a>, <a href=\"https:\/\/www.stravex.com\/de\/spedition-polen-logistik\" target=\"_blank\" rel=\"noopener\">Polen<\/a> und anderen <a href=\"https:\/\/www.stravex.com\/de\/spedition-europa-transporte\" target=\"_blank\" rel=\"noopener\">EU-L\u00e4ndern<\/a><\/li>\n<li>Kombinierte Transporte (LKW\/Bahn, Schiff\/Bahn)<\/li>\n<li>Transporte mit Waggons und Flachwaggons, inklusive Umladung auf LKWs\/andere Waggons<\/li>\n<\/ul>\n<\/li>\n<\/ul>\n<p>&nbsp;<\/p>\n<p>Wir f\u00fchren regelm\u00e4\u00dfige Transporte zwischen der Ukraine und den meisten L\u00e4ndern von Amerika, Asien, Afrika, Australien sowie den folgenden L\u00e4ndern Europas und Zentralasiens durch:\u00a0Belgien, Bulgarien, D\u00e4nemark, Deutschland, Estland, Finnland, Frankreich, Griechenland, Gro\u00dfbritannien, Italien, Irland, Kasachstan, Kroatien, Lettland, Litauen, Luxemburg, Malta, den Niederlanden, Norwegen, Polen, Portugal, \u00d6sterreich, Rum\u00e4nien, Schweden, der Schweiz, der Slowakei, Slowenien, Spanien, Tschechien, Turkmenistan, Ungarn, Usbekistan und Zypern.<\/p>\n<p>&nbsp;<\/p>\n<p><strong>Stravex organisiert den Einkauf, das Sammeln und den Transport humanit\u00e4rer Hilfe zu bed\u00fcrftigen Stellen in der Ukraine und deren Verteilung:\u00a0<a href=\"http:\/\/www.hamburgukraine.de\/\" target=\"_blank\" rel=\"noopener nofollow\">www.hamburgukraine.de<\/a><\/strong><\/p>\n<p>&nbsp;<\/p>\n<p><a href=\"https:\/\/www.stravex.com\/de\/kontakt\" target=\"_blank\" rel=\"noopener\"><strong>Kontaktieren Sie<\/strong><\/a>\u00a0<strong>uns jetzt\u00a0\u00a0bei Fragen zu Transporten in die Ukraine aus Deutschland, \u00d6sterreich, der Schweiz und anderen europ\u00e4ischen L\u00e4ndern! Unser kompetentes Team freut sich auf Ihre Anfrage.<\/strong><\/p>\n<hr \/>\n<p>&nbsp;<\/p>\n<\/div><\/div><\/div><\/div><\/div>","protected":false},"excerpt":{"rendered":"<p>Optimale Transportl\u00f6sungen f\u00fcr Ihre Ukraine-Logistik <\/p>\n","protected":false},"author":1,"featured_media":2364,"parent":0,"menu_order":0,"comment_status":"closed","ping_status":"closed","template":"page-service.php","meta":{"_acf_changed":false,"footnotes":""},"class_list":["post-4133","page","type-page","status-publish","has-post-thumbnail","hentry"],"acf":[],"_links":{"self":[{"href":"https:\/\/www.stravex.com\/de\/wp-json\/wp\/v2\/pages\/4133","targetHints":{"allow":["GET"]}}],"collection":[{"href":"https:\/\/www.stravex.com\/de\/wp-json\/wp\/v2\/pages"}],"about":[{"href":"https:\/\/www.stravex.com\/de\/wp-json\/wp\/v2\/types\/page"}],"author":[{"embeddable":true,"href":"https:\/\/www.stravex.com\/de\/wp-json\/wp\/v2\/users\/1"}],"replies":[{"embeddable":true,"href":"https:\/\/www.stravex.com\/de\/wp-json\/wp\/v2\/comments?post=4133"}],"version-history":[{"count":10,"href":"https:\/\/www.stravex.com\/de\/wp-json\/wp\/v2\/pages\/4133\/revisions"}],"predecessor-version":[{"id":5682,"href":"https:\/\/www.stravex.com\/de\/wp-json\/wp\/v2\/pages\/4133\/revisions\/5682"}],"wp:featuredmedia":[{"embeddable":true,"href":"https:\/\/www.stravex.com\/de\/wp-json\/wp\/v2\/media\/2364"}],"wp:attachment":[{"href":"https:\/\/www.stravex.com\/de\/wp-json\/wp\/v2\/media?parent=4133"}],"curies":[{"name":"wp","href":"https:\/\/api.w.org\/{rel}","templated":true}]}}