{"id":4129,"date":"2025-06-29T15:48:23","date_gmt":"2025-06-29T13:48:23","guid":{"rendered":"https:\/\/www.stravex.com\/?page_id=4129"},"modified":"2026-01-01T15:13:53","modified_gmt":"2026-01-01T14:13:53","slug":"spedition-polen-logistik","status":"publish","type":"page","link":"https:\/\/www.stravex.com\/de\/spedition-polen-logistik","title":{"rendered":"Spedition Polen: Transporte nach Deutschland, \u00d6sterreich und in die Schweiz"},"content":{"rendered":"<div id=\"pl-4129\"  class=\"panel-layout\" ><div id=\"pg-4129-0\"  class=\"panel-grid panel-no-style\" ><div id=\"pgc-4129-0-0\"  class=\"panel-grid-cell\" ><div id=\"panel-4129-0-0-0\" class=\"so-panel widget widget_sow-image panel-first-child panel-last-child\" data-index=\"0\" ><div\n\t\t\t\n\t\t\tclass=\"so-widget-sow-image so-widget-sow-image-default-6ec9e3772f75-4129\"\n\t\t\t\n\t\t>\n<div class=\"sow-image-container\">\n\t\t\t<a href=\"\/wp-content\/uploads\/2025\/06\/Poland.jpg\"\n\t\t\t\t\t>\n\t\t\t<img \n\tsrc=\"https:\/\/www.stravex.com\/wp-content\/uploads\/2025\/06\/Poland-360x240.jpg\" width=\"360\" height=\"240\" srcset=\"https:\/\/www.stravex.com\/wp-content\/uploads\/2025\/06\/Poland-360x240.jpg 360w, https:\/\/www.stravex.com\/wp-content\/uploads\/2025\/06\/Poland-272x182.jpg 272w\" sizes=\"(max-width: 360px) 100vw, 360px\" title=\"Spedition Polen\" alt=\"Spedition Polen Deutschland, Schwertransport Polen, Container von Hamburg nach Polen\" \t\tclass=\"so-widget-image\"\/>\n\t\t\t<\/a><\/div>\n\n<\/div><\/div><\/div><div id=\"pgc-4129-0-1\"  class=\"panel-grid-cell\" ><div id=\"panel-4129-0-1-0\" class=\"so-panel widget widget_black-studio-tinymce widget_black_studio_tinymce panel-first-child panel-last-child\" data-index=\"1\" ><div class=\"textwidget\"><h2><span style=\"font-size: 30px;\"><strong>Professionelle Logistikl\u00f6sungen zwischen Deutschland und Polen<\/strong><\/span><\/h2>\n<\/div><\/div><\/div><\/div><div id=\"pg-4129-1\"  class=\"panel-grid panel-no-style\" ><div id=\"pgc-4129-1-0\"  class=\"panel-grid-cell\" ><div id=\"panel-4129-1-0-0\" class=\"so-panel widget widget_black-studio-tinymce widget_black_studio_tinymce panel-first-child panel-last-child\" data-index=\"2\" ><div class=\"textwidget\"><h3><span style=\"font-size: 24px;\"><strong>Unser Logistikunternehmen bietet Ihnen die folgenden kundenorientierten Transporte von Deutschland, \u00d6sterreich und der Schweiz nach Polen und umgekehrt an: <\/strong><\/span><\/h3>\n<ul>\n<li><a title=\"LKW Transporte\" href=\"https:\/\/www.stravex.com\/de\/lkw-deutschland-containertransporte-hamburg\" target=\"_blank\" rel=\"noopener\"><strong>LKW-Transporte<\/strong><\/a>\u00a0<strong>Polen<\/strong>\n<ul>\n<li>T\u00e4gliche Komplettladungen, Teilladungen, Sammelguttransporte zwischen <a href=\"https:\/\/www.stravex.com\/de\/spedition-hamburg-deutschland-logistik-transport\" target=\"_blank\" rel=\"noopener\">Deutschland<\/a>, <a href=\"https:\/\/www.stravex.com\/de\/spedition-osterreich-transport\" target=\"_blank\" rel=\"noopener\">\u00d6sterreich<\/a>, <a href=\"https:\/\/www.stravex.com\/de\/spedition-schweiz-transport\" target=\"_blank\" rel=\"noopener\">der Schweiz<\/a> und Polen<\/li>\n<li>Express-Transporte nach und von Polen<\/li>\n<li>Projekt-, Schwergut- und Gro\u00dfraumladungen<\/li>\n<li>Gefahrgut-, Thermo- und K\u00fchltransporte<\/li>\n<li>Containertransporte nach Polen aus Hafen Hamburg und Bremerhaven<\/li>\n<\/ul>\n<\/li>\n<\/ul>\n<ul>\n<li><a title=\"Seetransporte\" href=\"https:\/\/www.stravex.com\/de\/seefracht-deutschland-container\" target=\"_blank\" rel=\"noopener\"><strong>Seetransporte<\/strong><\/a>\u00a0<strong>Polen<\/strong>\n<ul>\n<li>Seefracht von\/nach Gdansk und Gdynia nach\/von Asien, Amerika und Afrika\n<ul>\n<li>Weltweiter Versand<\/li>\n<li>W\u00f6chentliche Sammelgutcontainer<\/li>\n<li>Transport von St\u00fcckgut<\/li>\n<\/ul>\n<\/li>\n<li>Nachlauf und Vorlauf innerhalb Polens und in <a href=\"https:\/\/www.stravex.com\/de\/spedition-ukraine-logistik\" target=\"_blank\" rel=\"noopener\">die Ukraine<\/a><\/li>\n<li>Agentur in den H\u00e4fen Gdansk und Gdynia<\/li>\n<\/ul>\n<\/li>\n<\/ul>\n<ul>\n<li><strong><a title=\"Luftfracht\" href=\"https:\/\/www.stravex.com\/de\/luftfracht-deutschland-lufttransporte\" target=\"_blank\" rel=\"noopener\">Lufttransporte<\/a>\u00a0Polen<\/strong>\n<ul>\n<li>Luftfracht nach Frankfurt mit weiterer Lieferung nach Polen<\/li>\n<li>Luftfracht nach Warschau mit anschlie\u00dfender Verteilung in ganz Polen und die Ukraine<\/li>\n<li>Sondertarife f\u00fcr Ladungen aus <a href=\"https:\/\/www.stravex.com\/de\/spedition-china-logistik-hongkong-transport\" target=\"_blank\" rel=\"noopener\">China<\/a><\/li>\n<\/ul>\n<\/li>\n<\/ul>\n<ul>\n<li><strong><a title=\"Bahntransporte\" href=\"https:\/\/www.stravex.com\/de\/bahnfracht-deutschland-spedition\" target=\"_blank\" rel=\"noopener\">Bahntransporte<\/a>\u00a0Polen<\/strong>\n<ul>\n<li>Containertransporte zwischen Polen, China und Mittelasien<\/li>\n<li>Umladung aus den Bahnwaggons in die LKWs an der Ostgrenze (Helm, Terespol, Lublin &amp; Malaszewicze)<\/li>\n<li>Kombinierte Transporte (LKW\/Bahn, Schiff\/Bahn)<\/li>\n<\/ul>\n<\/li>\n<\/ul>\n<p>&nbsp;<\/p>\n<p>Wir f\u00fchren regelm\u00e4\u00dfige Transporte zwischen Polen, den meisten L\u00e4ndern von Amerika, Asien, Afrika, Australien und den folgenden L\u00e4ndern Europas und Zentralasiens durch:\u00a0Belgien, Bulgarien, D\u00e4nemark, Deutschland, Estland, Finnland, Frankreich, Griechenland, Gro\u00dfbritannien, Italien, Irland, Kasachstan, Kroatien, Lettland, Litauen, Luxemburg, Malta, den Niederlanden, Norwegen, Portugal, \u00d6sterreich, Rum\u00e4nien, Schweden, der Schweiz, der Slowakei, Slowenien, Spanien, Tschechien, Turkmenistan, der Ukraine, Ungarn, Usbekistan und Zypern.<\/p>\n<p>&nbsp;<\/p>\n<p><strong><a href=\"https:\/\/www.stravex.com\/de\/kontakt\" target=\"_blank\" rel=\"noopener\">Kontaktieren Sie\u00a0<\/a> uns jetzt bei allen Fragen zu Transporten zwischen Polen, Deutschland und anderen europ\u00e4ischen L\u00e4ndern! Unser kompetentes Team freut sich auf Ihre Anfrage.<\/strong><\/p>\n<hr \/>\n<\/div><\/div><\/div><\/div><\/div>","protected":false},"excerpt":{"rendered":"<p>Professionelle Logistikl\u00f6sungen zwischen Deutschland und Polen <\/p>\n","protected":false},"author":1,"featured_media":2331,"parent":0,"menu_order":0,"comment_status":"closed","ping_status":"closed","template":"page-service.php","meta":{"_acf_changed":false,"footnotes":""},"class_list":["post-4129","page","type-page","status-publish","has-post-thumbnail","hentry"],"acf":[],"_links":{"self":[{"href":"https:\/\/www.stravex.com\/de\/wp-json\/wp\/v2\/pages\/4129","targetHints":{"allow":["GET"]}}],"collection":[{"href":"https:\/\/www.stravex.com\/de\/wp-json\/wp\/v2\/pages"}],"about":[{"href":"https:\/\/www.stravex.com\/de\/wp-json\/wp\/v2\/types\/page"}],"author":[{"embeddable":true,"href":"https:\/\/www.stravex.com\/de\/wp-json\/wp\/v2\/users\/1"}],"replies":[{"embeddable":true,"href":"https:\/\/www.stravex.com\/de\/wp-json\/wp\/v2\/comments?post=4129"}],"version-history":[{"count":5,"href":"https:\/\/www.stravex.com\/de\/wp-json\/wp\/v2\/pages\/4129\/revisions"}],"predecessor-version":[{"id":5391,"href":"https:\/\/www.stravex.com\/de\/wp-json\/wp\/v2\/pages\/4129\/revisions\/5391"}],"wp:featuredmedia":[{"embeddable":true,"href":"https:\/\/www.stravex.com\/de\/wp-json\/wp\/v2\/media\/2331"}],"wp:attachment":[{"href":"https:\/\/www.stravex.com\/de\/wp-json\/wp\/v2\/media?parent=4129"}],"curies":[{"name":"wp","href":"https:\/\/api.w.org\/{rel}","templated":true}]}}