{"id":4124,"date":"2025-07-06T14:41:10","date_gmt":"2025-07-06T12:41:10","guid":{"rendered":"https:\/\/www.stravex.com\/?page_id=4124"},"modified":"2026-01-02T13:58:15","modified_gmt":"2026-01-02T12:58:15","slug":"spedition-england-irland-logistik-transport","status":"publish","type":"page","link":"https:\/\/www.stravex.com\/de\/spedition-england-irland-logistik-transport","title":{"rendered":"Spedition und Zoll: England, Nordirland, Schottland, Wales &#038; Irland"},"content":{"rendered":"<div id=\"pl-4124\"  class=\"panel-layout\" ><div id=\"pg-4124-0\"  class=\"panel-grid panel-no-style\" ><div id=\"pgc-4124-0-0\"  class=\"panel-grid-cell\" ><div id=\"panel-4124-0-0-0\" class=\"so-panel widget widget_sow-image panel-first-child panel-last-child\" data-index=\"0\" ><div\n\t\t\t\n\t\t\tclass=\"so-widget-sow-image so-widget-sow-image-default-8b5b6f678277-4124\"\n\t\t\t\n\t\t>\n<div class=\"sow-image-container\">\n\t\t\t<a href=\"\/wp-content\/uploads\/2025\/06\/uk_flag.jpg\"\n\t\t\t\t\t>\n\t\t\t<img \n\tsrc=\"https:\/\/www.stravex.com\/wp-content\/uploads\/2025\/06\/uk_flag-360x240.jpg\" width=\"360\" height=\"240\" srcset=\"https:\/\/www.stravex.com\/wp-content\/uploads\/2025\/06\/uk_flag-360x240.jpg 360w, https:\/\/www.stravex.com\/wp-content\/uploads\/2025\/06\/uk_flag-272x182.jpg 272w\" sizes=\"(max-width: 360px) 100vw, 360px\" title=\"Spedition Gro\u00dfbritannien\" alt=\"Spedition Gro\u00dfbritannien\" \t\tclass=\"so-widget-image\"\/>\n\t\t\t<\/a><\/div>\n\n<\/div><\/div><\/div><div id=\"pgc-4124-0-1\"  class=\"panel-grid-cell\" ><div id=\"panel-4124-0-1-0\" class=\"so-panel widget widget_black-studio-tinymce widget_black_studio_tinymce panel-first-child panel-last-child\" data-index=\"1\" ><div class=\"textwidget\"><h2><span style=\"font-size: 30px;\"><strong>Internationale Transporte nach England, Schottland, Nordirland, Wales, Irland: Effiziente Logistikl\u00f6sungen <\/strong><\/span><\/h2>\n<\/div><\/div><\/div><\/div><div id=\"pg-4124-1\"  class=\"panel-grid panel-no-style\" ><div id=\"pgc-4124-1-0\"  class=\"panel-grid-cell\" ><div id=\"panel-4124-1-0-0\" class=\"so-panel widget widget_black-studio-tinymce widget_black_studio_tinymce panel-first-child panel-last-child\" data-index=\"2\" ><div class=\"textwidget\"><h3><span style=\"font-size: 24px;\">Unser Logistikunternehmen bietet die folgenden professionellen Transporte von Deutschland, \u00d6sterreich und der Schweiz nach Gro\u00dfbritannien sowie die Zollabwicklung an:<\/span><\/h3>\n<ul>\n<li><a title=\"LKW Transporte\" href=\"https:\/\/www.stravex.com\/de\/lkw-deutschland-containertransporte-hamburg\" target=\"_blank\" rel=\"noopener\"><strong>LKW-Transporte<\/strong><\/a>\u00a0<strong>Gro\u00dfbritannien<\/strong>\n<ul>\n<li>Lieferungen zwischen England, Schottland, Nordirland, Wales, Irland und <a href=\"https:\/\/www.stravex.com\/de\/spedition-hamburg-deutschland-logistik-transport\" target=\"_blank\" rel=\"noopener\">Deutschland<\/a>, <a href=\"https:\/\/www.stravex.com\/de\/spedition-osterreich-transport\" target=\"_blank\" rel=\"noopener\">\u00d6sterreich<\/a>, <a href=\"https:\/\/www.stravex.com\/de\/spedition-schweiz-transport\" target=\"_blank\" rel=\"noopener\">der Schweiz<\/a> sowie weiteren europ\u00e4ischen L\u00e4ndern\n<ul>\n<li>Komplett- und Teilladungen, Sammelgut<\/li>\n<\/ul>\n<\/li>\n<li>Express-Lieferungen bei eiligen G\u00fctern<\/li>\n<li><a href=\"https:\/\/www.stravex.com\/de\/schwertransporte-deutschland-spedition\" target=\"_blank\" rel=\"noopener\">Projekt-, Gro\u00dfraum- und Schwertransporte<\/a> nach UK<\/li>\n<li>Europaweite Gefahrgut-, Thermo- und K\u00fchltransporte<\/li>\n<li>Lieferungen in <a href=\"https:\/\/www.stravex.com\/de\/spedition-ukraine-logistik\" target=\"_blank\" rel=\"noopener\">die Ukraine<\/a><\/li>\n<li>Erledigung der Zollformalit\u00e4ten in Gro\u00dfbritannien und der EU<\/li>\n<\/ul>\n<\/li>\n<\/ul>\n<ul>\n<li><a title=\"Seetransporte\" href=\"https:\/\/www.stravex.com\/de\/seefracht-deutschland-container\" target=\"_blank\" rel=\"noopener\"><strong>Seetransporte<\/strong><\/a>\u00a0<strong>Gro\u00dfbritannien<\/strong>\n<ul>\n<li>Weltweite Seefracht von\/nach UK\n<ul>\n<li>Regelm\u00e4\u00dfige Containertransporte (FCL) und w\u00f6chentliche Sammelgutcontainer (LCL)\n<ul>\n<li>von <a href=\"https:\/\/www.stravex.com\/de\/spedition-china-logistik-hongkong-transport\" target=\"_blank\" rel=\"noopener\">China<\/a> und anderen asiatischen L\u00e4ndern<\/li>\n<li>aus den <a href=\"https:\/\/www.stravex.com\/de\/spedition-usa-transporte-fracht\" target=\"_blank\" rel=\"noopener\">USA<\/a>, <a href=\"https:\/\/www.stravex.com\/de\/spedition-canada\" target=\"_blank\" rel=\"noopener\">Kanada<\/a> und anderen nord- und s\u00fcdamerikanischen L\u00e4ndern<\/li>\n<li>nach<a href=\"https:\/\/www.stravex.com\/de\/spedition-afrika\" target=\"_blank\" rel=\"noopener\"> Afrika<\/a> und in den Nahen Osten<\/li>\n<\/ul>\n<\/li>\n<li>RoRo- und Projekttransporte f\u00fcr Schwerg\u00fcter nach England \u00fcber Deutschland, die Niederlande und Belgien<\/li>\n<\/ul>\n<\/li>\n<\/ul>\n<\/li>\n<\/ul>\n<ul>\n<li><strong><a title=\"Lufttransporte\" href=\"https:\/\/www.stravex.com\/de\/luftfracht-deutschland-lufttransporte\" target=\"_blank\" rel=\"noopener\">Lufttransporte<\/a>\u00a0Gro\u00dfbritannien<\/strong>\n<ul>\n<li>Luftfracht nach London, Manchester, Bristol, Edinburgh, Dublin, Glasgow etc. mit Vorlauf<\/li>\n<li>Luftcargo aus der ganzen Welt mit den Fracht-, Charter- und als Cargo in Passagierflugzeugen<\/li>\n<li>Sondertarife f\u00fcr Lieferungen von und nach China<\/li>\n<li>Handling Agent am Flughafen London<\/li>\n<\/ul>\n<\/li>\n<\/ul>\n<p>&nbsp;<\/p>\n<p>Wir f\u00fchren Transporte zwischen Gro\u00dfbritannien, Irland und den folgenden L\u00e4ndern Europas und Zentralasiens durch: Belgien, Bulgarien, D\u00e4nemark, Deutschland, Estland, Finnland, Frankreich, Griechenland, Italien, Kasachstan, Kroatien, Lettland, Litauen, Luxemburg, Malta, den Niederlanden, Norwegen, \u00d6sterreich, Polen, Portugal, Rum\u00e4nien, Schweden, der Schweiz, Serbien, der Slowakei, Slowenien, Spanien, Tschechien, Turkmenistan, der Ukraine, Ungarn, Usbekistan und Zypern.<\/p>\n<p>&nbsp;<\/p>\n<p><strong>Kontaktieren Sie uns bei allen Fragen zu Transporten zwischen England, Nordirland, Schottland, Wales, Irland sowie Deutschland, \u00d6sterreich, der Schweiz und anderen europ\u00e4ischen L\u00e4ndern! Unser kompetentes Team freut sich auf Ihre Anfrage - per Telefon <a href=\"tel:+4940334870300\" target=\"_blank\" rel=\"noopener\">+4940334870300<\/a> oder E-Mail an <span id=\"cloakfc7a1c70d78b4ccece43407a7f038053\"><a href=\"mailto:info@stravex.com\" target=\"_blank\" rel=\"noopener\">info@stravex.com<\/a><\/span><\/strong><strong>.<\/strong><\/p>\n<hr \/>\n<p>&nbsp;<\/p>\n<\/div><\/div><\/div><\/div><\/div>","protected":false},"excerpt":{"rendered":"<p>Internationale Transporte nach Gro\u00dfbritannien und Irland<\/p>\n","protected":false},"author":1,"featured_media":2361,"parent":0,"menu_order":0,"comment_status":"closed","ping_status":"closed","template":"page-service.php","meta":{"_acf_changed":false,"footnotes":""},"class_list":["post-4124","page","type-page","status-publish","has-post-thumbnail","hentry"],"acf":[],"_links":{"self":[{"href":"https:\/\/www.stravex.com\/de\/wp-json\/wp\/v2\/pages\/4124","targetHints":{"allow":["GET"]}}],"collection":[{"href":"https:\/\/www.stravex.com\/de\/wp-json\/wp\/v2\/pages"}],"about":[{"href":"https:\/\/www.stravex.com\/de\/wp-json\/wp\/v2\/types\/page"}],"author":[{"embeddable":true,"href":"https:\/\/www.stravex.com\/de\/wp-json\/wp\/v2\/users\/1"}],"replies":[{"embeddable":true,"href":"https:\/\/www.stravex.com\/de\/wp-json\/wp\/v2\/comments?post=4124"}],"version-history":[{"count":5,"href":"https:\/\/www.stravex.com\/de\/wp-json\/wp\/v2\/pages\/4124\/revisions"}],"predecessor-version":[{"id":5415,"href":"https:\/\/www.stravex.com\/de\/wp-json\/wp\/v2\/pages\/4124\/revisions\/5415"}],"wp:featuredmedia":[{"embeddable":true,"href":"https:\/\/www.stravex.com\/de\/wp-json\/wp\/v2\/media\/2361"}],"wp:attachment":[{"href":"https:\/\/www.stravex.com\/de\/wp-json\/wp\/v2\/media?parent=4124"}],"curies":[{"name":"wp","href":"https:\/\/api.w.org\/{rel}","templated":true}]}}