{"id":4122,"date":"2025-06-29T15:27:44","date_gmt":"2025-06-29T13:27:44","guid":{"rendered":"https:\/\/www.stravex.com\/?page_id=4122"},"modified":"2026-01-20T15:59:34","modified_gmt":"2026-01-20T14:59:34","slug":"spedition-frankreich-transport-monako","status":"publish","type":"page","link":"https:\/\/www.stravex.com\/de\/spedition-frankreich-transport-monako","title":{"rendered":"Spedition von und nach Frankreich und Monaco"},"content":{"rendered":"<div id=\"pl-4122\"  class=\"panel-layout\" ><div id=\"pg-4122-0\"  class=\"panel-grid panel-no-style\" ><div id=\"pgc-4122-0-0\"  class=\"panel-grid-cell\" ><div id=\"panel-4122-0-0-0\" class=\"so-panel widget widget_sow-image panel-first-child panel-last-child\" data-index=\"0\" ><div\n\t\t\t\n\t\t\tclass=\"so-widget-sow-image so-widget-sow-image-default-6ec9e3772f75-4122\"\n\t\t\t\n\t\t>\n<div class=\"sow-image-container\">\n\t\t\t<a href=\"\/wp-content\/uploads\/2025\/07\/France-v1.png\"\n\t\t\t\t\t>\n\t\t\t<img \n\tsrc=\"https:\/\/www.stravex.com\/wp-content\/uploads\/2025\/07\/France-v1-360x240.png\" width=\"360\" height=\"240\" srcset=\"https:\/\/www.stravex.com\/wp-content\/uploads\/2025\/07\/France-v1-360x240.png 360w, https:\/\/www.stravex.com\/wp-content\/uploads\/2025\/07\/France-v1-300x200.png 300w, https:\/\/www.stravex.com\/wp-content\/uploads\/2025\/07\/France-v1-1024x683.png 1024w, https:\/\/www.stravex.com\/wp-content\/uploads\/2025\/07\/France-v1-768x512.png 768w, https:\/\/www.stravex.com\/wp-content\/uploads\/2025\/07\/France-v1-1536x1024.png 1536w, https:\/\/www.stravex.com\/wp-content\/uploads\/2025\/07\/France-v1-272x182.png 272w, https:\/\/www.stravex.com\/wp-content\/uploads\/2025\/07\/France-v1.png 1920w\" sizes=\"(max-width: 360px) 100vw, 360px\" title=\"Spedition Frankreich und Monako\" alt=\"Spedition Frankreich und MonakoSpedition f\u00fcr Transporte nach Frankreich von Deutschland, \u00d6sterreich und der Schweiz | Regelm\u00e4\u00dfige Fracht und Expresstransporte nach Frankreich\" \t\tclass=\"so-widget-image\"\/>\n\t\t\t<\/a><\/div>\n\n<\/div><\/div><\/div><div id=\"pgc-4122-0-1\"  class=\"panel-grid-cell\" ><div id=\"panel-4122-0-1-0\" class=\"so-panel widget widget_black-studio-tinymce widget_black_studio_tinymce panel-first-child panel-last-child\" data-index=\"1\" ><div class=\"textwidget\"><h2><span style=\"font-size: 30px;\"><strong>Internationale Transporte zwischen Frankreich, Deutschland, \u00d6sterreich &amp; der Schweiz: Effiziente Logistikl\u00f6sungen<\/strong><\/span><\/h2>\n<\/div><\/div><\/div><\/div><div id=\"pg-4122-1\"  class=\"panel-grid panel-no-style\" ><div id=\"pgc-4122-1-0\"  class=\"panel-grid-cell\" ><div id=\"panel-4122-1-0-0\" class=\"so-panel widget widget_black-studio-tinymce widget_black_studio_tinymce panel-first-child panel-last-child\" data-index=\"2\" ><div class=\"textwidget\"><h3><span style=\"font-size: 24px;\"><strong>Unsere Transport- und Logistikleistungen f\u00fcr Frankreich und Monaco:<\/strong><\/span><\/h3>\n<ul>\n<li><a title=\"Seetransporte\" href=\"https:\/\/www.stravex.com\/de\/lkw-deutschland-containertransporte-hamburg\" target=\"_blank\" rel=\"noopener\">\u00a0<\/a><strong><a title=\"Seetransporte\" href=\"https:\/\/www.stravex.com\/de\/lkw-deutschland-containertransporte-hamburg\" target=\"_blank\" rel=\"noopener\">LKW-Transporte<\/a><\/strong>\u00a0<strong>Frankreich<\/strong>\n<ul>\n<li>Regelm\u00e4\u00dfige Verladungen zwischen Frankreich, <a href=\"https:\/\/www.stravex.com\/de\/spedition-hamburg-deutschland-logistik-transport\" target=\"_blank\" rel=\"noopener\">Deutschland<\/a>, <a href=\"https:\/\/www.stravex.com\/de\/spedition-osterreich-transport\" target=\"_blank\" rel=\"noopener\">\u00d6sterreich<\/a>, <a href=\"https:\/\/www.stravex.com\/de\/spedition-schweiz-transport\" target=\"_blank\" rel=\"noopener\">der Schweiz<\/a> und allen europ\u00e4ischen und mittelasiatischen L\u00e4ndern\n<ul>\n<li>Komplett- und Teilladungen, Sammelgut<\/li>\n<\/ul>\n<\/li>\n<li>Expressversand bei eiligen G\u00fctern<\/li>\n<li><a href=\"https:\/\/www.stravex.com\/de\/schwertransporte-deutschland-spedition\" target=\"_blank\" rel=\"noopener\">Projekt-, Gro\u00dfraum- und Schwertransporte<\/a><\/li>\n<li>Europaweite Gefahrgut-, Thermo- und K\u00fchltransporte<\/li>\n<li>Frachtlieferungen von Frankreich in <a href=\"https:\/\/www.stravex.com\/de\/spedition-ukraine-logistik\" target=\"_blank\" rel=\"noopener\">die Ukraine<\/a> einschlie\u00dflich Milit\u00e4r- und \u201eDual Use\u201c- G\u00fcter<\/li>\n<\/ul>\n<\/li>\n<\/ul>\n<ul>\n<li><a title=\"Seetransporte\" href=\"https:\/\/www.stravex.com\/de\/seefracht-deutschland-container\" target=\"_blank\" rel=\"noopener\"><strong>Seefracht<\/strong><\/a>\u00a0<strong>Frankreich<\/strong>\n<ul>\n<li>Weltweite Bef\u00f6rderung von Containern (FCL) von <a href=\"https:\/\/www.stravex.com\/de\/spedition-china-logistik-hongkong-transport\" target=\"_blank\" rel=\"noopener\">China<\/a>, <a href=\"https:\/\/www.stravex.com\/de\/spedition-usa-transporte-fracht\" target=\"_blank\" rel=\"noopener\">den USA<\/a>, <a href=\"https:\/\/www.stravex.com\/de\/spedition-canada\" target=\"_blank\" rel=\"noopener\">Kanada<\/a> etc. \u00fcber die H\u00e4fen Le Havre und Marseille<\/li>\n<li>W\u00f6chentliche Sammelgutcontainer (LCL) nach Frankreich aus vielen Hubs in Amerika, Asien und Afrika<\/li>\n<\/ul>\n<\/li>\n<\/ul>\n<ul>\n<li><a title=\"Lufttransporte\" href=\"https:\/\/www.stravex.com\/de\/luftfracht-deutschland-lufttransporte\" target=\"_blank\" rel=\"noopener\"><strong>Luftfracht<\/strong><\/a>\u00a0<strong>Frankreich<\/strong>\n<ul>\n<li>Luftfracht von\/nach Flugh\u00e4fen Paris-Charles-de-Gaulle, Paris-Orly, Nizza C\u00f4te d\u2019Azur, Airport Marseille Provence und Airport de Lyon-Saint-Exupery<\/li>\n<li>Sondertarife f\u00fcr Lieferungen von und nach China und Kanada<\/li>\n<li>Flughafenagenten in Paris und Lyon<\/li>\n<\/ul>\n<\/li>\n<\/ul>\n<ul>\n<li><a title=\"Bahntransporte\" href=\"https:\/\/www.stravex.com\/de\/bahnfracht-deutschland-spedition\" target=\"_blank\" rel=\"noopener\"><strong>Bahntransporte<\/strong><\/a>\u00a0<strong>Frankreich<\/strong>\n<ul>\n<li>Regelm\u00e4\u00dfige Containertransporte per Bahn von Frankreich nach China mit verk\u00fcrzten Transitzeiten<\/li>\n<li>Sichere Bahntransporte von Frankreich nach Kasachstan, Usbekistan, Turkmenistan und in die anderen mittelasiatischen L\u00e4nder<\/li>\n<li>Kombinierte Transporte (LKW\/Bahn, Schiff\/Bahn)<\/li>\n<\/ul>\n<\/li>\n<\/ul>\n<p>&nbsp;<\/p>\n<p>Wir f\u00fchren Transporte zwischen Frankreich, Monaco und den folgenden L\u00e4ndern Europas und Zentralasiens durch: Belgien, Bulgarien, D\u00e4nemark, Deutschland, Estland, Finnland, Griechenland, Gro\u00dfbritannien, Irland, Italien, Kasachstan, Kroatien, Lettland, Litauen, Luxemburg, Malta, den Niederlanden, Norwegen, \u00d6sterreich, Polen, Portugal, Rum\u00e4nien, Schweden, der Schweiz, Serbien, der Slowakei, Slowenien, Spanien, Tschechien, Turkmenistan, der Ukraine, Ungarn, Usbekistan und Zypern.<\/p>\n<p>&nbsp;<\/p>\n<p><strong>Ihre professionelle Spedition f\u00fcr Transporte zwischen Deutschland und Frankreich &amp; Monaco: Wir bringen Ihre Waren p\u00fcnktlich und sicher ans Ziel.<\/strong><strong>\u00a0<\/strong><a href=\"https:\/\/www.stravex.com\/de\/kontakt\" target=\"_blank\" rel=\"noopener\"><strong>Kontaktieren Sie<\/strong><\/a>\u00a0<strong>uns jetzt f\u00fcr ein unverbindliches Angebot!<\/strong><\/p>\n<hr \/>\n<p>&nbsp;<\/p>\n<\/div><\/div><\/div><\/div><\/div>","protected":false},"excerpt":{"rendered":"<p>Ihre Spedition f\u00fcr Transporte nach Frankreich und Monaco<\/p>\n","protected":false},"author":1,"featured_media":2493,"parent":0,"menu_order":0,"comment_status":"closed","ping_status":"closed","template":"page-service.php","meta":{"_acf_changed":false,"footnotes":""},"class_list":["post-4122","page","type-page","status-publish","has-post-thumbnail","hentry"],"acf":[],"_links":{"self":[{"href":"https:\/\/www.stravex.com\/de\/wp-json\/wp\/v2\/pages\/4122","targetHints":{"allow":["GET"]}}],"collection":[{"href":"https:\/\/www.stravex.com\/de\/wp-json\/wp\/v2\/pages"}],"about":[{"href":"https:\/\/www.stravex.com\/de\/wp-json\/wp\/v2\/types\/page"}],"author":[{"embeddable":true,"href":"https:\/\/www.stravex.com\/de\/wp-json\/wp\/v2\/users\/1"}],"replies":[{"embeddable":true,"href":"https:\/\/www.stravex.com\/de\/wp-json\/wp\/v2\/comments?post=4122"}],"version-history":[{"count":4,"href":"https:\/\/www.stravex.com\/de\/wp-json\/wp\/v2\/pages\/4122\/revisions"}],"predecessor-version":[{"id":5669,"href":"https:\/\/www.stravex.com\/de\/wp-json\/wp\/v2\/pages\/4122\/revisions\/5669"}],"wp:featuredmedia":[{"embeddable":true,"href":"https:\/\/www.stravex.com\/de\/wp-json\/wp\/v2\/media\/2493"}],"wp:attachment":[{"href":"https:\/\/www.stravex.com\/de\/wp-json\/wp\/v2\/media?parent=4122"}],"curies":[{"name":"wp","href":"https:\/\/api.w.org\/{rel}","templated":true}]}}