{"id":4119,"date":"2025-06-29T15:54:24","date_gmt":"2025-06-29T13:54:24","guid":{"rendered":"https:\/\/www.stravex.com\/?page_id=4119"},"modified":"2026-01-01T20:15:36","modified_gmt":"2026-01-01T19:15:36","slug":"spedition-italien-transport-logistik","status":"publish","type":"page","link":"https:\/\/www.stravex.com\/de\/spedition-italien-transport-logistik","title":{"rendered":"Spedition von Deutschland, \u00d6sterreich und der Schweiz nach Italien"},"content":{"rendered":"<div id=\"pl-4119\"  class=\"panel-layout\" ><div id=\"pg-4119-0\"  class=\"panel-grid panel-no-style\" ><div id=\"pgc-4119-0-0\"  class=\"panel-grid-cell\" ><div id=\"panel-4119-0-0-0\" class=\"so-panel widget widget_sow-image panel-first-child panel-last-child\" data-index=\"0\" ><div\n\t\t\t\n\t\t\tclass=\"so-widget-sow-image so-widget-sow-image-default-6ec9e3772f75-4119\"\n\t\t\t\n\t\t>\n<div class=\"sow-image-container\">\n\t\t\t<a href=\"\/wp-content\/uploads\/2025\/07\/ItalyFlag.jpg\"\n\t\t\t\t\t>\n\t\t\t<img \n\tsrc=\"https:\/\/www.stravex.com\/wp-content\/uploads\/2025\/07\/ItalyFlag-360x240.jpg\" width=\"360\" height=\"240\" srcset=\"https:\/\/www.stravex.com\/wp-content\/uploads\/2025\/07\/ItalyFlag-360x240.jpg 360w, https:\/\/www.stravex.com\/wp-content\/uploads\/2025\/07\/ItalyFlag-272x182.jpg 272w\" sizes=\"(max-width: 360px) 100vw, 360px\" title=\"Spedition Italien\" alt=\"Spedition Italien, Transporte von Deutschland, \u00d6sterreich, Schweiz nach Italien\" \t\tclass=\"so-widget-image\"\/>\n\t\t\t<\/a><\/div>\n\n<\/div><\/div><\/div><div id=\"pgc-4119-0-1\"  class=\"panel-grid-cell\" ><div id=\"panel-4119-0-1-0\" class=\"so-panel widget widget_black-studio-tinymce widget_black_studio_tinymce panel-first-child panel-last-child\" data-index=\"1\" ><div class=\"textwidget\"><h2><span style=\"font-size: 30px;\"><strong>Internationale Transporte zwischen Italien, Deutschland, \u00d6sterreich &amp; der Schweiz: Effiziente Logistikl\u00f6sungen<\/strong><\/span><\/h2>\n<\/div><\/div><\/div><\/div><div id=\"pg-4119-1\"  class=\"panel-grid panel-no-style\" ><div id=\"pgc-4119-1-0\"  class=\"panel-grid-cell\" ><div id=\"panel-4119-1-0-0\" class=\"so-panel widget widget_black-studio-tinymce widget_black_studio_tinymce panel-first-child panel-last-child\" data-index=\"2\" ><div class=\"textwidget\"><h3><span style=\"font-size: 24px;\">Unsere professionelle Transport- und Logistikleistungen f\u00fcr Italien:<\/span><\/h3>\n<ul>\n<li><a title=\"LKW Transporte\" href=\"https:\/\/www.stravex.com\/de\/lkw-deutschland-containertransporte-hamburg\" target=\"_blank\" rel=\"noopener\"><strong>LKW-Transporte<\/strong><\/a>\u00a0<strong>Italien<\/strong>\n<ul>\n<li>Lieferungen zwischen Italien, <a href=\"https:\/\/www.stravex.com\/de\/spedition-hamburg-deutschland-logistik-transport\" target=\"_blank\" rel=\"noopener\">Deutschland<\/a>, <a href=\"https:\/\/www.stravex.com\/de\/spedition-osterreich-transport\" target=\"_blank\" rel=\"noopener\">\u00d6sterreich<\/a>, <a href=\"https:\/\/www.stravex.com\/de\/spedition-schweiz-transport\" target=\"_blank\" rel=\"noopener\">der Schweiz<\/a> und allen europ\u00e4ischen und mittelasiatischen L\u00e4ndern\n<ul>\n<li>Komplettladungen, Teilladungen, Sammelgut<\/li>\n<\/ul>\n<\/li>\n<li>Expresstransporte nach Italien bei eiligen G\u00fctern<\/li>\n<li><a href=\"https:\/\/www.stravex.com\/de\/schwertransporte-deutschland-spedition\" target=\"_blank\" rel=\"noopener\">Projekt-, Gro\u00dfraum- und Schwertransporte<\/a><\/li>\n<li>Europaweite Gefahrgut-, Thermo- und K\u00fchltransporte<\/li>\n<li>Verladungen in <a href=\"https:\/\/www.stravex.com\/de\/spedition-ukraine-logistik\" target=\"_blank\" rel=\"noopener\">die Ukraine<\/a> einschlie\u00dflich Milit\u00e4r- und \u201eDual Use\u201c- G\u00fcter<\/li>\n<\/ul>\n<\/li>\n<\/ul>\n<ul>\n<li><a title=\"Seetransporte\" href=\"https:\/\/www.stravex.com\/de\/seefracht-deutschland-container\" target=\"_blank\" rel=\"noopener\"><strong>Seetransporte<\/strong><\/a>\u00a0<strong>Italien<\/strong>\n<ul>\n<li>Weltweite Bef\u00f6rderung von Containern (FCL) von <a href=\"https:\/\/www.stravex.com\/de\/spedition-china-logistik-hongkong-transport\" target=\"_blank\" rel=\"noopener\">China<\/a>, <a href=\"https:\/\/www.stravex.com\/de\/spedition-usa-transporte-fracht\" target=\"_blank\" rel=\"noopener\">den USA<\/a>, <a href=\"https:\/\/www.stravex.com\/de\/spedition-canada\" target=\"_blank\" rel=\"noopener\">Kanada<\/a> etc. \u00fcber die H\u00e4fen Gioia Tauro, Genua, Le Spezia, Livorno und Triest<\/li>\n<li>W\u00f6chentliche Sammelgutcontainer (LCL) nach Italien aus Hubs in Amerika, Asien und Afrika<\/li>\n<li>Projektcargo und St\u00fcckgut<\/li>\n<\/ul>\n<\/li>\n<\/ul>\n<ul>\n<li><strong><a title=\"Lufttransporte\" href=\"https:\/\/www.stravex.com\/de\/luftfracht-deutschland-lufttransporte\" target=\"_blank\" rel=\"noopener\">Lufttransporte<\/a>\u00a0Italien<\/strong>\n<ul>\n<li>Luftfracht von\/nach Flugh\u00e4fen Leonardo da Vinci in Rome und Malpensa International Airport in Mailand<\/li>\n<li>Sondertarife f\u00fcr Lieferungen Italien-China<\/li>\n<li>Flughafenagenten in Rom und Mailand<\/li>\n<\/ul>\n<\/li>\n<\/ul>\n<ul>\n<li><strong><a title=\"Bahntransporte\" href=\"https:\/\/www.stravex.com\/de\/bahnfracht-deutschland-spedition\" target=\"_blank\" rel=\"noopener\">Bahntransporte<\/a>\u00a0Italien<\/strong>\n<ul>\n<li>Regelm\u00e4\u00dfiger Containerversand per Bahn zwischen Italien und China mit verk\u00fcrzten Transitzeiten<\/li>\n<li>Sichere Lieferungen aus Italien nach <a href=\"https:\/\/www.stravex.com\/de\/spedition-kasachstan\" target=\"_blank\" rel=\"noopener\">Kasachstan<\/a>, <a href=\"https:\/\/www.stravex.com\/de\/spedition-usbekistan\" target=\"_blank\" rel=\"noopener\">Usbekistan<\/a>, <a href=\"https:\/\/www.stravex.com\/de\/spedition-turkmenistan\" target=\"_blank\" rel=\"noopener\">Turkmenistan<\/a> und in die anderen mittelasiatischen L\u00e4nder<\/li>\n<li>Kombinierte Transporte (LKW\/Bahn, Schiff\/Bahn)<\/li>\n<\/ul>\n<\/li>\n<\/ul>\n<p>&nbsp;<\/p>\n<p>Wir f\u00fchren Transporte zwischen Italien\u00a0und den folgenden L\u00e4ndern Europas und Zentralasiens durch: Belgien, Bulgarien, D\u00e4nemark, Deutschland, Estland, Finnland, Frankreich, Griechenland, Gro\u00dfbritannien, Irland, Kasachstan, Kroatien, Lettland, Litauen, Luxemburg, Malta, den Niederlanden, Norwegen, \u00d6sterreich, Polen, Portugal, Rum\u00e4nien, Schweden, der Schweiz, Serbien, der Slowakei, Slowenien, Spanien, Tschechien, Turkmenistan, der Ukraine, Ungarn, Usbekistan und Zypern.<\/p>\n<p>&nbsp;<\/p>\n<p><strong>Ihre professionelle Spedition f\u00fcr internationale Transporte zwischen Deutschland und Italien: Wir bringen Ihre Waren p\u00fcnktlich und sicher ans Ziel. <\/strong><a href=\"https:\/\/www.stravex.com\/de\/kontakt\" target=\"_blank\" rel=\"noopener\"><strong>Kontaktieren Sie<\/strong><\/a> <strong>uns jetzt f\u00fcr ein unverbindliches Angebot!<\/strong><\/p>\n<hr \/>\n<p>&nbsp;<\/p>\n<\/div><\/div><\/div><\/div><\/div>","protected":false},"excerpt":{"rendered":"<p>Transporte zwischen Italien, Deutschland, \u00d6sterreich &#038; der Schweiz<\/p>\n","protected":false},"author":1,"featured_media":2481,"parent":0,"menu_order":0,"comment_status":"closed","ping_status":"closed","template":"page-service.php","meta":{"_acf_changed":false,"footnotes":""},"class_list":["post-4119","page","type-page","status-publish","has-post-thumbnail","hentry"],"acf":[],"_links":{"self":[{"href":"https:\/\/www.stravex.com\/de\/wp-json\/wp\/v2\/pages\/4119","targetHints":{"allow":["GET"]}}],"collection":[{"href":"https:\/\/www.stravex.com\/de\/wp-json\/wp\/v2\/pages"}],"about":[{"href":"https:\/\/www.stravex.com\/de\/wp-json\/wp\/v2\/types\/page"}],"author":[{"embeddable":true,"href":"https:\/\/www.stravex.com\/de\/wp-json\/wp\/v2\/users\/1"}],"replies":[{"embeddable":true,"href":"https:\/\/www.stravex.com\/de\/wp-json\/wp\/v2\/comments?post=4119"}],"version-history":[{"count":5,"href":"https:\/\/www.stravex.com\/de\/wp-json\/wp\/v2\/pages\/4119\/revisions"}],"predecessor-version":[{"id":5400,"href":"https:\/\/www.stravex.com\/de\/wp-json\/wp\/v2\/pages\/4119\/revisions\/5400"}],"wp:featuredmedia":[{"embeddable":true,"href":"https:\/\/www.stravex.com\/de\/wp-json\/wp\/v2\/media\/2481"}],"wp:attachment":[{"href":"https:\/\/www.stravex.com\/de\/wp-json\/wp\/v2\/media?parent=4119"}],"curies":[{"name":"wp","href":"https:\/\/api.w.org\/{rel}","templated":true}]}}