{"id":4113,"date":"2025-07-06T14:13:17","date_gmt":"2025-07-06T12:13:17","guid":{"rendered":"https:\/\/www.stravex.com\/?page_id=4113"},"modified":"2026-01-20T15:54:58","modified_gmt":"2026-01-20T14:54:58","slug":"spedition-schweiz-transport","status":"publish","type":"page","link":"https:\/\/www.stravex.com\/de\/spedition-schweiz-transport","title":{"rendered":"Internationale Spedition Schweiz: Transporte per LKW, Bahn, Flug und Schiff"},"content":{"rendered":"<div id=\"pl-4113\"  class=\"panel-layout\" ><div id=\"pg-4113-0\"  class=\"panel-grid panel-no-style\" ><div id=\"pgc-4113-0-0\"  class=\"panel-grid-cell\" ><div id=\"panel-4113-0-0-0\" class=\"so-panel widget widget_sow-image panel-first-child panel-last-child\" data-index=\"0\" ><div\n\t\t\t\n\t\t\tclass=\"so-widget-sow-image so-widget-sow-image-default-6ec9e3772f75-4113\"\n\t\t\t\n\t\t>\n<div class=\"sow-image-container\">\n\t\t\t<a href=\"\/wp-content\/uploads\/2025\/06\/Schweiz.jpg\"\n\t\t\t\t\t>\n\t\t\t<img \n\tsrc=\"https:\/\/www.stravex.com\/wp-content\/uploads\/2025\/06\/Schweiz-360x204.jpg\" width=\"360\" height=\"204\" sizes=\"(max-width: 360px) 100vw, 360px\" title=\"Spedition Schweiz\" alt=\"Spedition Schweiz Deutschland, Transport Schweiz Ukraine, Luft Fracht Schweiz China, Seefracht Schweiz USA, Container aus Schweiz\" \t\tclass=\"so-widget-image\"\/>\n\t\t\t<\/a><\/div>\n\n<\/div><\/div><\/div><div id=\"pgc-4113-0-1\"  class=\"panel-grid-cell\" ><div id=\"panel-4113-0-1-0\" class=\"so-panel widget widget_black-studio-tinymce widget_black_studio_tinymce panel-first-child panel-last-child\" data-index=\"1\" ><div class=\"textwidget\"><h2><span style=\"font-size: 30px;\"><strong>Effiziente Logistik: Transporte Schweiz - Deutschland, EU, USA, China und weltweit<\/strong><\/span><\/h2>\n<\/div><\/div><\/div><\/div><div id=\"pg-4113-1\"  class=\"panel-grid panel-no-style\" ><div id=\"pgc-4113-1-0\"  class=\"panel-grid-cell\" ><div id=\"panel-4113-1-0-0\" class=\"so-panel widget widget_black-studio-tinymce widget_black_studio_tinymce panel-first-child panel-last-child\" data-index=\"2\" ><div class=\"textwidget\"><h3>Zollabwicklung (Verzollung) zwischen der Schweiz, Deutschland und EU-L\u00e4ndern<\/h3>\n<ul>\n<li><a href=\"https:\/\/www.stravex.com\/de\/lkw-deutschland-containertransporte-hamburg\" target=\"_blank\" rel=\"noopener\"><strong>LKW-Transporte<\/strong><\/a>\u00a0<strong>Schweiz<\/strong>\n<ul>\n<li>Regelm\u00e4\u00dfige Transporte zwischen der Schweiz, <a href=\"https:\/\/www.stravex.com\/de\/spedition-hamburg-deutschland-logistik-transport\" target=\"_blank\" rel=\"noopener\">Deutschland<\/a> und weiteren L\u00e4ndern in der EU (<a href=\"https:\/\/www.stravex.com\/de\/spedition-italien-transport-logistik\" target=\"_blank\" rel=\"noopener\">Italien<\/a>, <a href=\"https:\/\/www.stravex.com\/de\/spedition-osterreich-transport\" target=\"_blank\" rel=\"noopener\">\u00d6sterreich<\/a>, <a href=\"https:\/\/www.stravex.com\/de\/spedition-polen-logistik\" target=\"_blank\" rel=\"noopener\">Polen<\/a>, etc.) sowie aus Mittelasien (<a href=\"https:\/\/www.stravex.com\/de\/spedition-usbekistan\" target=\"_blank\" rel=\"noopener\">Usbekistan<\/a>, <a href=\"https:\/\/www.stravex.com\/de\/spedition-kasachstan\" target=\"_blank\" rel=\"noopener\">Kasachstan<\/a>, <a href=\"https:\/\/www.stravex.com\/de\/spedition-mongolei\" target=\"_blank\" rel=\"noopener\">die Mongolei<\/a> etc.) europ\u00e4ischen und mittelasiatischen L\u00e4ndern\n<ul>\n<li>Komplett- und Teilladungen, Sammelgut<\/li>\n<\/ul>\n<\/li>\n<li>Verladungen aus der Schweiz in <a href=\"https:\/\/www.stravex.com\/de\/spedition-ukraine-logistik\" target=\"_blank\" rel=\"noopener\">die Ukraine<\/a><\/li>\n<li>Express-Lieferungen bei eiligen G\u00fctern<\/li>\n<li>Projekt-, Gro\u00dfraum- und Schwerguttransporte aus der Schweiz<\/li>\n<li>Containertransporte in die Schweiz von Deutschland, den Niederlanden und Belgien \u00fcber die H\u00e4fen Hamburg, Bremerhaven, Wilhelmshaven, Antwerpen und Rotterdam<\/li>\n<li>Europaweite Gefahrgut-, Thermo- und K\u00fchltransporte<\/li>\n<li>Erledigung der Zollformalit\u00e4ten (Verzollung und Transit) in der Schweiz und den EU-L\u00e4ndern<\/li>\n<\/ul>\n<\/li>\n<\/ul>\n<ul>\n<li><a href=\"https:\/\/www.stravex.com\/de\/seefracht-deutschland-container\" target=\"_blank\" rel=\"noopener\"><strong>Seefracht<\/strong><\/a> <strong>Schweiz<\/strong>\n<ul>\n<li>Weltweite Seefrachte aus der und in die Schweiz \u00fcber Deutschland (H\u00e4fen Hamburg, Wilhelmshaven und Bremerhaven), Belgien (Hafen Antwerpen) und die Niederlande (Hafen Rotterdam)\n<ul>\n<li>Containertransporte FCL und w\u00f6chentliche Sammelgutcontainer LCL\u00a0in die Schweiz \u00fcber Hamburg\n<ul>\n<li>von China und anderen asiatischen L\u00e4ndern<\/li>\n<li>aus <a href=\"https:\/\/www.stravex.com\/de\/spedition-usa-transporte-fracht\" target=\"_blank\" rel=\"noopener\">den USA<\/a>, <a href=\"https:\/\/www.stravex.com\/de\/spedition-canada\" target=\"_blank\" rel=\"noopener\">Kanada<\/a> und anderen nord- und s\u00fcdamerikanischen L\u00e4ndern<\/li>\n<\/ul>\n<\/li>\n<li>Hafenagentur in Hamburg, Wilhelmshaven, Bremerhaven, L\u00fcbeck und Kiel<\/li>\n<\/ul>\n<\/li>\n<\/ul>\n<\/li>\n<\/ul>\n<ul>\n<li><strong><a href=\"https:\/\/www.stravex.com\/de\/luftfracht-deutschland-lufttransporte\" target=\"_blank\" rel=\"noopener\">Luftfracht<\/a> Schweiz<\/strong>\n<ul>\n<li>Luftfracht von Z\u00fcrich, Basel und Genf mit Vorlauf in der ganzen Schweiz<\/li>\n<li>Lufttransporte in die Schweiz aus der ganzen Welt mit Frachter und Passagierflugzeugen<\/li>\n<li>Sondertarife f\u00fcr Lieferungen von und nach <a href=\"https:\/\/www.stravex.com\/de\/spedition-china-logistik-hongkong-transport\" target=\"_blank\" rel=\"noopener\">China<\/a> und <a href=\"https:\/\/www.stravex.com\/de\/spedition-japan-logistik\" target=\"_blank\" rel=\"noopener\">Japan<\/a><\/li>\n<li>Agentur am Flughafen Z\u00fcrich<\/li>\n<\/ul>\n<\/li>\n<\/ul>\n<ul>\n<li><a href=\"https:\/\/www.stravex.com\/de\/bahnfracht-deutschland-spedition\" target=\"_blank\" rel=\"noopener\"><strong>Bahntransporte<\/strong><\/a> <strong>Schweiz<\/strong>\n<ul>\n<li>Regelm\u00e4\u00dfige Containertransporte per Bahn von China in die Schweiz mit verk\u00fcrzten Transitzeiten<\/li>\n<li>Sichere und kosteng\u00fcnstige Bahntransporte aus der Schweiz nach Kasachstan, Usbekistan, Turkmenistan und in die anderen mittelasiatischen L\u00e4ndern<\/li>\n<li>Transporte mit Waggons und Flachwaggons, inklusive Umladung auf LKWs<\/li>\n<li>Kombinierte Transporte (LKW\/Bahn, Schiff\/Bahn)<\/li>\n<\/ul>\n<\/li>\n<\/ul>\n<p>&nbsp;<\/p>\n<p>Wir f\u00fchren Transporte zwischen der Schweiz und den folgenden L\u00e4ndern Europas und Zentralasiens durch: Belgien, Bulgarien, D\u00e4nemark, Deutschland, Estland, Finnland, Frankreich, Griechenland, Gro\u00dfbritannien, Irland, Italien, Kasachstan, Kroatien, Lettland, Litauen, Luxemburg, Malta, den Niederlanden, Norwegen, \u00d6sterreich, Polen, Portugal, Rum\u00e4nien, Schweden, Serbien, der Slowakei, Slowenien, Spanien, Tschechien, Turkmenistan, der Ukraine, Ungarn, Usbekistan und Zypern<\/p>\n<p>&nbsp;<\/p>\n<p><strong>Ihre professionelle Spedition f\u00fcr internationale Transporte aus der und in die Schweiz<\/strong>: <strong>Wir bringen Ihre Waren p\u00fcnktlich und sicher ans Ziel. <\/strong><a href=\"https:\/\/www.stravex.com\/de\/kontakt\" target=\"_blank\" rel=\"noopener\"><strong>Kontaktieren Sie<\/strong><\/a><strong> uns jetzt f\u00fcr ein unverbindliches Angebot!<\/strong><\/p>\n<hr \/>\n<p>&nbsp;<\/p>\n<\/div><\/div><\/div><\/div><\/div>","protected":false},"excerpt":{"rendered":"<p>Frachttransporte Schweiz- die EU, die USA &#038; weltweit<\/p>\n","protected":false},"author":1,"featured_media":2471,"parent":0,"menu_order":0,"comment_status":"closed","ping_status":"closed","template":"page-service.php","meta":{"_acf_changed":false,"footnotes":""},"class_list":["post-4113","page","type-page","status-publish","has-post-thumbnail","hentry"],"acf":[],"_links":{"self":[{"href":"https:\/\/www.stravex.com\/de\/wp-json\/wp\/v2\/pages\/4113","targetHints":{"allow":["GET"]}}],"collection":[{"href":"https:\/\/www.stravex.com\/de\/wp-json\/wp\/v2\/pages"}],"about":[{"href":"https:\/\/www.stravex.com\/de\/wp-json\/wp\/v2\/types\/page"}],"author":[{"embeddable":true,"href":"https:\/\/www.stravex.com\/de\/wp-json\/wp\/v2\/users\/1"}],"replies":[{"embeddable":true,"href":"https:\/\/www.stravex.com\/de\/wp-json\/wp\/v2\/comments?post=4113"}],"version-history":[{"count":7,"href":"https:\/\/www.stravex.com\/de\/wp-json\/wp\/v2\/pages\/4113\/revisions"}],"predecessor-version":[{"id":4770,"href":"https:\/\/www.stravex.com\/de\/wp-json\/wp\/v2\/pages\/4113\/revisions\/4770"}],"wp:featuredmedia":[{"embeddable":true,"href":"https:\/\/www.stravex.com\/de\/wp-json\/wp\/v2\/media\/2471"}],"wp:attachment":[{"href":"https:\/\/www.stravex.com\/de\/wp-json\/wp\/v2\/media?parent=4113"}],"curies":[{"name":"wp","href":"https:\/\/api.w.org\/{rel}","templated":true}]}}