{"id":4102,"date":"2025-08-17T15:07:55","date_gmt":"2025-08-17T13:07:55","guid":{"rendered":"https:\/\/www.stravex.com\/?page_id=4102"},"modified":"2026-01-01T13:46:25","modified_gmt":"2026-01-01T12:46:25","slug":"spedition-marokko-aegypten-tunesien-algerien","status":"publish","type":"page","link":"https:\/\/www.stravex.com\/de\/spedition-marokko-aegypten-tunesien-algerien","title":{"rendered":"Spedition Marokko, \u00c4gypten, Tunesien und Algerien"},"content":{"rendered":"<div id=\"pl-4102\"  class=\"panel-layout\" ><div id=\"pg-4102-0\"  class=\"panel-grid panel-no-style\" ><div id=\"pgc-4102-0-0\"  class=\"panel-grid-cell\" ><div id=\"panel-4102-0-0-0\" class=\"so-panel widget widget_sow-image panel-first-child panel-last-child\" data-index=\"0\" ><div\n\t\t\t\n\t\t\tclass=\"so-widget-sow-image so-widget-sow-image-default-6ec9e3772f75-4102\"\n\t\t\t\n\t\t>\n<div class=\"sow-image-container\">\n\t\t\t<a href=\"\/wp-content\/uploads\/2025\/07\/Afrika.jpg\"\n\t\t\t\t\t>\n\t\t\t<img loading=\"lazy\" decoding=\"async\" src=\"https:\/\/www.stravex.com\/wp-content\/uploads\/2025\/07\/Afrika-273x300.jpg\" width=\"273\" height=\"300\" srcset=\"https:\/\/www.stravex.com\/wp-content\/uploads\/2025\/07\/Afrika-273x300.jpg 273w, https:\/\/www.stravex.com\/wp-content\/uploads\/2025\/07\/Afrika-932x1024.jpg 932w, https:\/\/www.stravex.com\/wp-content\/uploads\/2025\/07\/Afrika-768x844.jpg 768w, https:\/\/www.stravex.com\/wp-content\/uploads\/2025\/07\/Afrika-1398x1536.jpg 1398w, https:\/\/www.stravex.com\/wp-content\/uploads\/2025\/07\/Afrika.jpg 1748w\" sizes=\"auto, (max-width: 273px) 100vw, 273px\" title=\"Transport nach \u00c4thiopien, Kenia, Sudan, S\u00fcdsudan und Dschibuti\" alt=\"\" class=\"so-widget-image\">\n\t\t\t<\/a><\/div>\n\n<\/div><\/div><\/div><div id=\"pgc-4102-0-1\"  class=\"panel-grid-cell\" ><div id=\"panel-4102-0-1-0\" class=\"so-panel widget widget_black-studio-tinymce widget_black_studio_tinymce panel-first-child panel-last-child\" data-index=\"1\" ><div class=\"textwidget\"><h2><span style=\"font-size: 30px;\"><strong>Unser Logistikunternehmen bietet die folgenden professionellen Transporte von Europa nach Nordafrika:<\/strong><\/span><\/h2>\n<\/div><\/div><\/div><\/div><div id=\"pg-4102-1\"  class=\"panel-grid panel-no-style\" ><div id=\"pgc-4102-1-0\"  class=\"panel-grid-cell\" ><div id=\"panel-4102-1-0-0\" class=\"so-panel widget widget_black-studio-tinymce widget_black_studio_tinymce panel-first-child panel-last-child\" data-index=\"2\" ><div class=\"textwidget\"><ul>\n<li><a href=\"https:\/\/www.stravex.com\/de\/seefracht-deutschland-container\" target=\"_blank\" rel=\"noopener\"><strong>Seetransporte<\/strong><\/a>\n<ul>\n<li>Containertransporte (FCL) von <a href=\"https:\/\/www.stravex.com\/de\/spedition-hamburg-deutschland-logistik-transport\" target=\"_blank\" rel=\"noopener\">Deutschland<\/a>, <a href=\"https:\/\/www.stravex.com\/de\/spedition-osterreich-transport\" target=\"_blank\" rel=\"noopener\">\u00d6sterreich<\/a> und aus <a href=\"https:\/\/www.stravex.com\/de\/spedition-schweiz-transport\" target=\"_blank\" rel=\"noopener\">der Schweiz<\/a> nach\n<ul>\n<li><strong>Marokko:<\/strong> Port of Tanger Med und Port of Casablanca<\/li>\n<li><strong>\u00c4gypten:<\/strong> Port of Said, Damietta Port und Ain Sokhna Port<\/li>\n<li><strong>Tunesien:<\/strong> Port of Rades<\/li>\n<li><strong>Algerien:<\/strong> Port of Algiers und Port of Oran<\/li>\n<li>von Hamburg, Wilhelmshaven, Bremerhaven, Antwerpen und Rotterdam<\/li>\n<li>W\u00f6chentliche Sammelgutcontainer (LCL) zwischen Hamburg und nordafrikanischen H\u00e4fen<\/li>\n<li>Europaweite Container- und St\u00fcckguttransporte von und zu den H\u00e4fen<\/li>\n<li><a href=\"https:\/\/www.stravex.com\/de\/schwertransporte-deutschland-spedition\" target=\"_blank\" rel=\"noopener\">Projekt- und Schwertransporte<\/a> von Baumaschinen, Bef\u00f6rderungsmitteln und Industrieanlagen<\/li>\n<li>Logistikl\u00f6sungen zwischen nordafrikanischen L\u00e4ndern und der Ukraine \u00fcber den Hafen Hamburg<\/li>\n<\/ul>\n<\/li>\n<\/ul>\n<\/li>\n<\/ul>\n<ul>\n<li><a href=\"https:\/\/www.stravex.com\/de\/luftfracht-deutschland-lufttransporte\" target=\"_blank\" rel=\"noopener\"><strong>Lufttransporte<\/strong><\/a>\n<ul>\n<li>Luftfracht nach\n<ul>\n<li><strong>\u00c4gypten:<\/strong>\u00a0Cairo International Airport in Kairo und Borg El Arab Airport in Alexandria<\/li>\n<li><strong>Marokko:<\/strong>\u00a0Mohammed V International Airport in Casablanca und Marrakesh Menara Airport<\/li>\n<li><strong>Tunesien:<\/strong>\u00a0Tunis\u2013Carthage International Airport in Tunis und Enfidha\u2013Hammamet International Airport in Enfidha<\/li>\n<li><strong>Algerien:<\/strong> Houari Boumediene Airport in Algier<\/li>\n<li>von Frankfurt, London, Paris und weiteren europ\u00e4ischen Hubs<\/li>\n<li>Vor- und Nachlauf\u00a0zu und von europ\u00e4ischen Flugh\u00e4fen<\/li>\n<li>Verzollung an den Flugh\u00e4fen<\/li>\n<li>Luftfracht mit Lufthansa Cargo, KLM, Turkish Airlines, British Airways, Emirates SkyCargo, Air France und anderen Airlines<\/li>\n<\/ul>\n<\/li>\n<\/ul>\n<\/li>\n<\/ul>\n<p>&nbsp;<\/p>\n<p>Wir f\u00fchren Transporte nach Nordafrika aus den meisten L\u00e4ndern von Amerika, Asien, Afrika, Australien und den folgenden europ\u00e4ischen und zentralasiatischen L\u00e4ndern durch: Belgien, Bulgarien, D\u00e4nemark, Deutschland, Estland, Finnland, Frankreich, Griechenland, Gro\u00dfbritannien, Italien, Irland, Kasachstan, Kroatien, Lettland, Litauen, Luxemburg, Malta, den Niederlanden, Norwegen, Polen, Portugal, \u00d6sterreich, Rum\u00e4nien, Schweden, der Schweiz, der Slowakei, Slowenien, Spanien, Tschechien, Turkmenistan, der Ukraine, Ungarn, Usbekistan und Zypern.<\/p>\n<p>&nbsp;<\/p>\n<p><strong>Haben Sie Fragen zu Lieferungen zwischen Deutschland, \u00d6sterreich, der Schweiz und <\/strong><strong>Marokko, \u00c4gypten, Tunesien oder Algerien<\/strong><strong>? Kontaktieren Sie uns! Unser kompetentes Team freut sich auf Ihre Anfrage - per Telefon <a href=\"tel:+4940334870300\">+4940334870300<\/a> oder E-Mail <a href=\"mailto:info@stravex.com\">info@stravex.com<\/a>.<\/strong><\/p>\n<hr \/>\n<p>&nbsp;<\/p>\n<\/div><\/div><\/div><\/div><\/div>","protected":false},"excerpt":{"rendered":"<p>Unser Logistikunternehmen bietet die folgenden professionellen Transporte von Europa nach Nordafrika <\/p>\n","protected":false},"author":1,"featured_media":3821,"parent":0,"menu_order":0,"comment_status":"closed","ping_status":"closed","template":"page-service.php","meta":{"_acf_changed":false,"footnotes":""},"class_list":["post-4102","page","type-page","status-publish","has-post-thumbnail","hentry"],"acf":[],"_links":{"self":[{"href":"https:\/\/www.stravex.com\/de\/wp-json\/wp\/v2\/pages\/4102","targetHints":{"allow":["GET"]}}],"collection":[{"href":"https:\/\/www.stravex.com\/de\/wp-json\/wp\/v2\/pages"}],"about":[{"href":"https:\/\/www.stravex.com\/de\/wp-json\/wp\/v2\/types\/page"}],"author":[{"embeddable":true,"href":"https:\/\/www.stravex.com\/de\/wp-json\/wp\/v2\/users\/1"}],"replies":[{"embeddable":true,"href":"https:\/\/www.stravex.com\/de\/wp-json\/wp\/v2\/comments?post=4102"}],"version-history":[{"count":6,"href":"https:\/\/www.stravex.com\/de\/wp-json\/wp\/v2\/pages\/4102\/revisions"}],"predecessor-version":[{"id":5378,"href":"https:\/\/www.stravex.com\/de\/wp-json\/wp\/v2\/pages\/4102\/revisions\/5378"}],"wp:featuredmedia":[{"embeddable":true,"href":"https:\/\/www.stravex.com\/de\/wp-json\/wp\/v2\/media\/3821"}],"wp:attachment":[{"href":"https:\/\/www.stravex.com\/de\/wp-json\/wp\/v2\/media?parent=4102"}],"curies":[{"name":"wp","href":"https:\/\/api.w.org\/{rel}","templated":true}]}}