{"id":4093,"date":"2025-07-12T15:43:45","date_gmt":"2025-07-12T13:43:45","guid":{"rendered":"https:\/\/www.stravex.com\/?page_id=4093"},"modified":"2025-12-31T14:40:30","modified_gmt":"2025-12-31T13:40:30","slug":"spedition-osterreich-transport","status":"publish","type":"page","link":"https:\/\/www.stravex.com\/de\/spedition-osterreich-transport","title":{"rendered":"Internationale Transporte von und nach \u00d6sterreich"},"content":{"rendered":"<div id=\"pl-4093\"  class=\"panel-layout\" ><div id=\"pg-4093-0\"  class=\"panel-grid panel-no-style\" ><div id=\"pgc-4093-0-0\"  class=\"panel-grid-cell\" ><div id=\"panel-4093-0-0-0\" class=\"so-panel widget widget_sow-image panel-first-child panel-last-child\" data-index=\"0\" ><div\n\t\t\t\n\t\t\tclass=\"so-widget-sow-image so-widget-sow-image-default-6ec9e3772f75-4093\"\n\t\t\t\n\t\t>\n<div class=\"sow-image-container\">\n\t\t\t<a href=\"\/wp-content\/uploads\/2025\/07\/Austria.jpg\"\n\t\t\t\t\t>\n\t\t\t<img \n\tsrc=\"https:\/\/www.stravex.com\/wp-content\/uploads\/2025\/07\/Austria-360x204.jpg\" width=\"360\" height=\"204\" sizes=\"(max-width: 360px) 100vw, 360px\" title=\"Internationale Spedition \u00d6sterreich\" alt=\"Internationale Spedition \u00d6sterreich\" \t\tclass=\"so-widget-image\"\/>\n\t\t\t<\/a><\/div>\n\n<\/div><\/div><\/div><div id=\"pgc-4093-0-1\"  class=\"panel-grid-cell\" ><div id=\"panel-4093-0-1-0\" class=\"so-panel widget widget_black-studio-tinymce widget_black_studio_tinymce panel-first-child panel-last-child\" data-index=\"1\" ><div class=\"textwidget\"><h2><span style=\"font-size: 30px;\"><strong>Effiziente Logistik: Transporte \u00d6sterreich - Deutschland, EU, USA, China und weltweit <\/strong><\/span><\/h2>\n<\/div><\/div><\/div><\/div><div id=\"pg-4093-1\"  class=\"panel-grid panel-no-style\" ><div id=\"pgc-4093-1-0\"  class=\"panel-grid-cell\" ><div id=\"panel-4093-1-0-0\" class=\"so-panel widget widget_black-studio-tinymce widget_black_studio_tinymce panel-first-child panel-last-child\" data-index=\"2\" ><div class=\"textwidget\"><h3>Zollabwicklung (Verzollung) in \u00d6sterreich, Deutschland und EU-L\u00e4ndern<\/h3>\n<ul>\n<li><a href=\"https:\/\/www.stravex.com\/de\/lkw-deutschland-containertransporte-hamburg\" target=\"_blank\" rel=\"noopener\"><strong>LKW-Transporte<\/strong><\/a> <strong>\u00d6sterreich<\/strong>\n<ul>\n<li>Regelm\u00e4\u00dfige Transporte zwischen \u00d6sterreich, <a href=\"https:\/\/www.stravex.com\/de\/spedition-hamburg-deutschland-logistik-transport\" target=\"_blank\" rel=\"noopener\">Deutschland,<\/a> <a href=\"https:\/\/www.stravex.com\/de\/spedition-schweiz-transport\" target=\"_blank\" rel=\"noopener\">der Schweiz<\/a> und weiteren L\u00e4ndern in der EU\u00a0(<a href=\"https:\/\/www.stravex.com\/de\/spedition-italien-transport-logistik\" target=\"_blank\" rel=\"noopener\">Italien<\/a>, <a href=\"https:\/\/www.stravex.com\/de\/spedition-tschechien-slowakei-ungarn\" target=\"_blank\" rel=\"noopener\">Tschechien<\/a>, <a href=\"https:\/\/www.stravex.com\/de\/spedition-polen-logistik\" target=\"_blank\" rel=\"noopener\">Polen<\/a>, etc.)\u00a0sowie aus Mittelasien\u00a0(<a href=\"https:\/\/www.stravex.com\/de\/spedition-usbekistan\" target=\"_blank\" rel=\"noopener\">Usbekistan<\/a>, <a href=\"https:\/\/www.stravex.com\/de\/spedition-kasachstan\" target=\"_blank\" rel=\"noopener\">Kasachstan<\/a>, <a href=\"https:\/\/www.stravex.com\/de\/spedition-mongolei\" target=\"_blank\" rel=\"noopener\">die Mongolei<\/a> etc.) europ\u00e4ischen und mittelasiatischen L\u00e4ndern\n<ul>\n<li>Komplett- und Teilladungen, Sammelgut<\/li>\n<\/ul>\n<\/li>\n<li>Verladung aus \u00d6sterreich in<a href=\"https:\/\/www.stravex.com\/de\/spedition-ukraine-logistik\" target=\"_blank\" rel=\"noopener\"> die Ukraine<\/a><\/li>\n<li>Express-Lieferungen bei eiligen G\u00fctern<\/li>\n<li><a href=\"https:\/\/www.stravex.com\/de\/schwertransporte-deutschland-spedition\" target=\"_blank\" rel=\"noopener\">Projekt-, Gro\u00dfraum- und Schwerguttransporte<\/a> aus \u00d6sterreich<\/li>\n<li>Containertransporte nach \u00d6sterreich von Deutschland, den Niederlanden und Belgien \u00fcber die H\u00e4fen Hamburg, Bremerhaven, Wilhelmshaven, Antwerpen und Rotterdam<\/li>\n<li>Europaweite Gefahrgut-, Thermo- und K\u00fchltransporte<\/li>\n<li>Erledigung der Zollformalit\u00e4ten in \u00d6sterreich<\/li>\n<\/ul>\n<\/li>\n<\/ul>\n<ul>\n<li><a href=\"https:\/\/www.stravex.com\/de\/seefracht-deutschland-container\" target=\"_blank\" rel=\"noopener\"><strong>Seefracht<\/strong><\/a>\u00a0<strong>\u00d6sterreich<\/strong>\n<ul>\n<li>Weltweite Seefrachte von und nach \u00d6sterreich \u00fcber Deutschland (H\u00e4fen Hamburg, Wilhelmshaven und Bremerhaven), Belgien (Hafen Antwerpen) und die Niederlande (Hafen Rotterdam)\n<ul>\n<li>Containertransporte FCL und w\u00f6chentliche Sammelgutcontainer LCL\u00a0nach \u00d6sterreich \u00fcber Hamburg\n<ul>\n<li>von China und anderen asiatischen L\u00e4ndern<\/li>\n<li>aus <a href=\"https:\/\/www.stravex.com\/de\/spedition-usa-transporte-fracht\" target=\"_blank\" rel=\"noopener\">den USA<\/a>, <a href=\"https:\/\/www.stravex.com\/de\/spedition-canada\" target=\"_blank\" rel=\"noopener\">Kanada<\/a> und anderen nord- und s\u00fcdamerikanischen L\u00e4ndern<\/li>\n<\/ul>\n<\/li>\n<li>Hafenagentur in Hamburg, Wilhelmshaven, Bremerhaven, L\u00fcbeck und Kiel<\/li>\n<\/ul>\n<\/li>\n<\/ul>\n<\/li>\n<\/ul>\n<ul>\n<li><a href=\"https:\/\/www.stravex.com\/de\/luftfracht-deutschland-lufttransporte\" target=\"_blank\" rel=\"noopener\"><strong>Luftfracht<\/strong><\/a>\u00a0<strong>\u00d6sterreich<\/strong>\n<ul>\n<li>Luftfracht von Wien mit Vorlauf in ganzen \u00d6sterreich<\/li>\n<li>Lufttransporte nach \u00d6sterreich aus der ganzen Welt mit Frachter und Passagierflugzeugen<\/li>\n<li>Sondertarife f\u00fcr Lieferungen von und nach <a href=\"https:\/\/www.stravex.com\/de\/spedition-china-logistik-hongkong-transport\" target=\"_blank\" rel=\"noopener\">China<\/a> und <a href=\"https:\/\/www.stravex.com\/de\/spedition-japan-logistik\" target=\"_blank\" rel=\"noopener\">Japan<\/a><\/li>\n<li>Agentur am Flughafen Wien<\/li>\n<\/ul>\n<\/li>\n<\/ul>\n<ul>\n<li><a href=\"https:\/\/www.stravex.com\/de\/bahnfracht-deutschland-spedition\" target=\"_blank\" rel=\"noopener\"><strong>Bahntransporte<\/strong><\/a>\u00a0<strong>\u00d6sterreich<\/strong>\n<ul>\n<li>Regelm\u00e4\u00dfige Containertransporte per Bahn von China nach \u00d6sterreich mit verk\u00fcrzten Transitzeiten<\/li>\n<li>Sichere und kosteng\u00fcnstige Bahntransporte aus \u00d6sterreich nach Kasachstan, Usbekistan, Turkmenistan und in die anderen mittelasiatischen L\u00e4ndern<\/li>\n<li>Transporte mit Waggons und Flachwaggons, inklusive Umladung auf LKWs<\/li>\n<li>Kombinierte Transporte (LKW\/Bahn, Schiff\/Bahn)<\/li>\n<\/ul>\n<\/li>\n<\/ul>\n<p>&nbsp;<\/p>\n<p>Wir f\u00fchren Transporte zwischen \u00d6sterreich und\u00a0den folgenden L\u00e4ndern Europas und Zentralasiens durch: Belgien, Bulgarien, D\u00e4nemark, Deutschland, Estland, Finnland, Frankreich, Griechenland, Gro\u00dfbritannien, Irland, Italien, Kasachstan, Kroatien, Lettland, Litauen, Luxemburg, Malta, den Niederlanden, Norwegen, Polen, Portugal, Rum\u00e4nien, Schweden, der Schweiz, Serbien, der Slowakei, Slowenien, Spanien, Tschechien, Turkmenistan, der Ukraine, Ungarn, Usbekistan und Zypern<\/p>\n<p>&nbsp;<\/p>\n<p><strong>Ihre professionelle Spedition f\u00fcr internationale Transporte von und nach \u00d6sterreich<\/strong>: <strong>Wir bringen Ihre Waren p\u00fcnktlich und sicher ans Ziel. <\/strong><a href=\"https:\/\/www.stravex.com\/de\/kontakt\"><strong>Kontaktieren Sie<\/strong><\/a><strong> uns jetzt f\u00fcr ein unverbindliches Angebot!<\/strong><\/p>\n<hr \/>\n<p>&nbsp;<\/p>\n<\/div><\/div><\/div><\/div><\/div>","protected":false},"excerpt":{"rendered":"<p>Effiziente Logistik \u00d6sterreich &#8211; Deutschland, Europa &#038; weltweit<\/p>\n","protected":false},"author":1,"featured_media":3055,"parent":0,"menu_order":0,"comment_status":"closed","ping_status":"closed","template":"page-service.php","meta":{"_acf_changed":false,"footnotes":""},"class_list":["post-4093","page","type-page","status-publish","has-post-thumbnail","hentry"],"acf":[],"_links":{"self":[{"href":"https:\/\/www.stravex.com\/de\/wp-json\/wp\/v2\/pages\/4093","targetHints":{"allow":["GET"]}}],"collection":[{"href":"https:\/\/www.stravex.com\/de\/wp-json\/wp\/v2\/pages"}],"about":[{"href":"https:\/\/www.stravex.com\/de\/wp-json\/wp\/v2\/types\/page"}],"author":[{"embeddable":true,"href":"https:\/\/www.stravex.com\/de\/wp-json\/wp\/v2\/users\/1"}],"replies":[{"embeddable":true,"href":"https:\/\/www.stravex.com\/de\/wp-json\/wp\/v2\/comments?post=4093"}],"version-history":[{"count":7,"href":"https:\/\/www.stravex.com\/de\/wp-json\/wp\/v2\/pages\/4093\/revisions"}],"predecessor-version":[{"id":5359,"href":"https:\/\/www.stravex.com\/de\/wp-json\/wp\/v2\/pages\/4093\/revisions\/5359"}],"wp:featuredmedia":[{"embeddable":true,"href":"https:\/\/www.stravex.com\/de\/wp-json\/wp\/v2\/media\/3055"}],"wp:attachment":[{"href":"https:\/\/www.stravex.com\/de\/wp-json\/wp\/v2\/media?parent=4093"}],"curies":[{"name":"wp","href":"https:\/\/api.w.org\/{rel}","templated":true}]}}