{"id":4090,"date":"2025-07-12T11:53:14","date_gmt":"2025-07-12T09:53:14","guid":{"rendered":"https:\/\/www.stravex.com\/?page_id=4090"},"modified":"2026-01-01T15:30:27","modified_gmt":"2026-01-01T14:30:27","slug":"spedition-taiwan-logistik","status":"publish","type":"page","link":"https:\/\/www.stravex.com\/de\/spedition-taiwan-logistik","title":{"rendered":"Spedition Taiwan: Internationale G\u00fctertransporte &#038; Logistik"},"content":{"rendered":"<div id=\"pl-4090\"  class=\"panel-layout\" ><div id=\"pg-4090-0\"  class=\"panel-grid panel-no-style\" ><div id=\"pgc-4090-0-0\"  class=\"panel-grid-cell\" ><div id=\"panel-4090-0-0-0\" class=\"so-panel widget widget_sow-image panel-first-child panel-last-child\" data-index=\"0\" ><div\n\t\t\t\n\t\t\tclass=\"so-widget-sow-image so-widget-sow-image-default-6ec9e3772f75-4090\"\n\t\t\t\n\t\t>\n<div class=\"sow-image-container\">\n\t\t\t<a href=\"\/wp-content\/uploads\/2025\/07\/Taiwan-2.png\"\n\t\t\t\t\t>\n\t\t\t<img \n\tsrc=\"https:\/\/www.stravex.com\/wp-content\/uploads\/2025\/07\/Taiwan-2-360x240.png\" width=\"360\" height=\"240\" srcset=\"https:\/\/www.stravex.com\/wp-content\/uploads\/2025\/07\/Taiwan-2-360x240.png 360w, https:\/\/www.stravex.com\/wp-content\/uploads\/2025\/07\/Taiwan-2-300x200.png 300w, https:\/\/www.stravex.com\/wp-content\/uploads\/2025\/07\/Taiwan-2-768x512.png 768w, https:\/\/www.stravex.com\/wp-content\/uploads\/2025\/07\/Taiwan-2-272x182.png 272w, https:\/\/www.stravex.com\/wp-content\/uploads\/2025\/07\/Taiwan-2.png 912w\" sizes=\"(max-width: 360px) 100vw, 360px\" title=\"spedition China, Fracht Hongkong, transport nach China, Hongkong &#038; Taiwan, fracht honkong, transport Deutschland China, Container China\" alt=\"spedition China, Fracht Hongkong, transport nach China, Hongkong &amp; Taiwan, fracht honkong, transport Deutschland China, Container China\" \t\tclass=\"so-widget-image\"\/>\n\t\t\t<\/a><\/div>\n\n<\/div><\/div><\/div><div id=\"pgc-4090-0-1\"  class=\"panel-grid-cell\" ><div id=\"panel-4090-0-1-0\" class=\"so-panel widget widget_black-studio-tinymce widget_black_studio_tinymce panel-first-child panel-last-child\" data-index=\"1\" ><div class=\"textwidget\"><h2><span style=\"font-size: 30px;\"><strong>Seefracht &amp; Luftfracht von und nach Taiwan \u2013 zuverl\u00e4ssig &amp; effizient <\/strong><\/span><\/h2>\n<\/div><\/div><\/div><\/div><div id=\"pg-4090-1\"  class=\"panel-grid panel-no-style\" ><div id=\"pgc-4090-1-0\"  class=\"panel-grid-cell\" ><div id=\"panel-4090-1-0-0\" class=\"so-panel widget widget_black-studio-tinymce widget_black_studio_tinymce panel-first-child panel-last-child\" data-index=\"2\" ><div class=\"textwidget\"><p><span style=\"font-size: 24px;\"><strong>Unsere Spedition bietet folgende Logistikl\u00f6sungen f\u00fcr den Import &amp; Export zwischen Deutschland, \u00d6sterreich, der Schweiz und Taiwan an:<\/strong><\/span><\/p>\n<p>&nbsp;<\/p>\n<ul>\n<li><a href=\"https:\/\/www.stravex.com\/de\/seefracht-deutschland-container\" target=\"_blank\" rel=\"noopener\"><strong>Seetransporte<\/strong><\/a>\u00a0<strong>Taiwan<\/strong>\n<ul>\n<li><strong>Containertransporte (FCL):<\/strong>\u00a0Regul\u00e4re Verschiffung von Containern in den Fernen Osten (z. B. Hongkong, Taipei, Shanghai, Ningbo, Shenzhen, Qingdao, Yantian, Xiamen, Tianjin, Nansha und Guangzhou) aus Hamburg, Bremerhaven, Antwerpen und weiteren europ\u00e4ischen H\u00e4fen<\/li>\n<li><strong>Sammelgutcontainer (LCL):<\/strong>\u00a0W\u00f6chentliche LCL-Verbindungen per Schiff zwischen Hamburg und den wichtigsten H\u00e4fen Chinas sowie Vorl\u00e4ufe innerhalb Chinas, Hongkongs und Taiwans<\/li>\n<li><a href=\"https:\/\/www.stravex.com\/de\/schwertransporte-deutschland-spedition\" target=\"_blank\" rel=\"noopener\"><strong>Projekt- und Schwertransporte:<\/strong><\/a>\u00a0Sichere Bef\u00f6rderung von Baumaschinen, Transportmitteln und Industrieanlagen<\/li>\n<li><strong>Multimodale Logistikl\u00f6sungen:<\/strong> Transportabwicklung zwischen Taiwan und <a href=\"https:\/\/www.stravex.com\/de\/spedition-ukraine-logistik\" target=\"_blank\" rel=\"noopener\">der Ukraine<\/a> \u00fcber Hamburg<\/li>\n<\/ul>\n<\/li>\n<\/ul>\n<ul>\n<li><a href=\"https:\/\/www.stravex.com\/de\/luftfracht-deutschland-lufttransporte\" target=\"_blank\" rel=\"noopener\"><strong>Luftfracht<\/strong><\/a>\u00a0<strong>Taiwan<\/strong>\n<ul>\n<li><strong>Regelm\u00e4\u00dfige Lufttransporte:<\/strong> weltweite Flugverbindungen \u00fcber Taiwan Taoyuan International Airport (Taipei) und <strong>Kaohsiung International Airport<\/strong><\/li>\n<li><strong>Flughafenlogistik<\/strong><strong>:<\/strong>\u00a0landesweite LKW-Transporte zu Flughafen Taipei<\/li>\n<li><strong>Luftcargo:<\/strong>\u00a0Schnelle und effiziente Transporte mit Frachtern und Passagierflugzeugen f\u00fchrender Airlines wie China Airlines, EVA Air, China Eastern Airlines, Air Cargo China, Emirates, DHL, Fedex, Lufthansa, KLM, Cargolux, Fedex, Swiss Air und anderen<\/li>\n<li><strong>Sondertarife<\/strong><strong>:<\/strong>\u00a0Attraktive Konditionen f\u00fcr Lieferungen von\/nach Taipei nach\/von Frankfurt am Main<\/li>\n<\/ul>\n<\/li>\n<\/ul>\n<p>&nbsp;<\/p>\n<p>Wir organisieren Transporte aus Taiwan\u00a0in die meisten L\u00e4nder in Amerika, Afrika, Europa und Zentralasien, darunter:\u00a0Belgien, Bulgarien, D\u00e4nemark, Deutschland, Estland, Finnland, Frankreich, Griechenland, Gro\u00dfbritannien, Italien, Irland, Kasachstan, Kroatien, Lettland, Litauen, Luxemburg, Malta, den Niederlanden, Norwegen, Polen, Portugal, \u00d6sterreich, Rum\u00e4nien, Schweden, der Schweiz, der Slowakei, Slowenien, Spanien, Tschechien, Turkmenistan, der Ukraine, Ungarn, Usbekistan und Zypern.<\/p>\n<p>&nbsp;<\/p>\n<p><strong>Planen Sie einen Transport zwischen <a href=\"https:\/\/www.stravex.com\/de\/spedition-hamburg-deutschland-logistik-transport\" target=\"_blank\" rel=\"noopener\">Deutschland<\/a>, <a href=\"https:\/\/www.stravex.com\/de\/spedition-osterreich-transport\" target=\"_blank\" rel=\"noopener\">\u00d6sterreich<\/a> oder <a href=\"https:\/\/www.stravex.com\/de\/spedition-schweiz-transport\" target=\"_blank\" rel=\"noopener\">der Schweiz<\/a> und Taiwan? Unser erfahrene Fachspedition freut sich darauf, Ihnen ein individuelles Angebot zu erstellen. Kontaktieren Sie uns jetzt!<\/strong><\/p>\n<p>&nbsp;<\/p>\n<p><strong>\ud83d\udcde<\/strong><strong> Telefon:\u00a0\u00a0<a href=\"tel:+4940334870300\">+4940334870300<\/a><\/strong><\/p>\n<p><strong>\u2709\ufe0f<\/strong><strong> E-Mail:<\/strong><strong>\u00a0\u00a0<\/strong><strong>\u00a0<\/strong>\u00a0<strong>\u00a0<a href=\"mailto:info@stravex.com\">info@stravex.com<\/a><\/strong><\/p>\n<hr \/>\n<p>&nbsp;<\/p>\n<\/div><\/div><\/div><\/div><\/div>","protected":false},"excerpt":{"rendered":"<p>Seefracht &#038; Luftfracht Taiwan \u2013  effiziente Transporte nach Taiwan<\/p>\n","protected":false},"author":1,"featured_media":2992,"parent":0,"menu_order":0,"comment_status":"closed","ping_status":"closed","template":"page-service.php","meta":{"_acf_changed":false,"footnotes":""},"class_list":["post-4090","page","type-page","status-publish","has-post-thumbnail","hentry"],"acf":[],"_links":{"self":[{"href":"https:\/\/www.stravex.com\/de\/wp-json\/wp\/v2\/pages\/4090","targetHints":{"allow":["GET"]}}],"collection":[{"href":"https:\/\/www.stravex.com\/de\/wp-json\/wp\/v2\/pages"}],"about":[{"href":"https:\/\/www.stravex.com\/de\/wp-json\/wp\/v2\/types\/page"}],"author":[{"embeddable":true,"href":"https:\/\/www.stravex.com\/de\/wp-json\/wp\/v2\/users\/1"}],"replies":[{"embeddable":true,"href":"https:\/\/www.stravex.com\/de\/wp-json\/wp\/v2\/comments?post=4090"}],"version-history":[{"count":3,"href":"https:\/\/www.stravex.com\/de\/wp-json\/wp\/v2\/pages\/4090\/revisions"}],"predecessor-version":[{"id":5393,"href":"https:\/\/www.stravex.com\/de\/wp-json\/wp\/v2\/pages\/4090\/revisions\/5393"}],"wp:featuredmedia":[{"embeddable":true,"href":"https:\/\/www.stravex.com\/de\/wp-json\/wp\/v2\/media\/2992"}],"wp:attachment":[{"href":"https:\/\/www.stravex.com\/de\/wp-json\/wp\/v2\/media?parent=4090"}],"curies":[{"name":"wp","href":"https:\/\/api.w.org\/{rel}","templated":true}]}}