{"id":4086,"date":"2025-07-06T18:23:36","date_gmt":"2025-07-06T16:23:36","guid":{"rendered":"https:\/\/www.stravex.com\/?page_id=4086"},"modified":"2026-03-15T13:27:16","modified_gmt":"2026-03-15T12:27:16","slug":"spedition-china-logistik-hongkong-transport","status":"publish","type":"page","link":"https:\/\/www.stravex.com\/de\/spedition-china-logistik-hongkong-transport","title":{"rendered":"Spedition China &#038; Hongkong: See-, Bahn-, LKW- &#038; Luftfracht, Containertransporte"},"content":{"rendered":"<div id=\"pl-4086\"  class=\"panel-layout\" ><div id=\"pg-4086-0\"  class=\"panel-grid panel-no-style\" ><div id=\"pgc-4086-0-0\"  class=\"panel-grid-cell\" ><div id=\"panel-4086-0-0-0\" class=\"so-panel widget widget_sow-image panel-first-child panel-last-child\" data-index=\"0\" ><div\n\t\t\t\n\t\t\tclass=\"so-widget-sow-image so-widget-sow-image-default-8b5b6f678277-4086\"\n\t\t\t\n\t\t>\n<div class=\"sow-image-container\">\n\t\t\t<a href=\"\/wp-content\/uploads\/2025\/06\/maps-china.jpg\"\n\t\t\t\t\t>\n\t\t\t<img \n\tsrc=\"https:\/\/www.stravex.com\/wp-content\/uploads\/2025\/06\/maps-china-360x240.jpg\" width=\"360\" height=\"240\" srcset=\"https:\/\/www.stravex.com\/wp-content\/uploads\/2025\/06\/maps-china-360x240.jpg 360w, https:\/\/www.stravex.com\/wp-content\/uploads\/2025\/06\/maps-china-272x182.jpg 272w\" sizes=\"(max-width: 360px) 100vw, 360px\" title=\"China\" alt=\"spedition China, Fracht Hongkong, transport nach China, Hongkong &amp; Taiwan, fracht honkong, transport Deutschland China, Container China\" \t\tclass=\"so-widget-image\"\/>\n\t\t\t<\/a><\/div>\n\n<\/div><\/div><\/div><div id=\"pgc-4086-0-1\"  class=\"panel-grid-cell\" ><div id=\"panel-4086-0-1-0\" class=\"so-panel widget widget_black-studio-tinymce widget_black_studio_tinymce panel-first-child panel-last-child\" data-index=\"1\" ><div class=\"textwidget\"><h2><span style=\"font-size: 30px;\">China: Seefracht, Luftfracht, Bahntransport und multimodale Logistik<\/span><\/h2>\n<\/div><\/div><\/div><\/div><div id=\"pg-4086-1\"  class=\"panel-grid panel-no-style\" ><div id=\"pgc-4086-1-0\"  class=\"panel-grid-cell\" ><div id=\"panel-4086-1-0-0\" class=\"so-panel widget widget_black-studio-tinymce widget_black_studio_tinymce panel-first-child panel-last-child\" data-index=\"2\" ><div class=\"textwidget\"><p><span style=\"font-size: 24px; line-height: 0.8;\"><strong>Unser Logistikunternehmen bietet die folgenden umfassenden Transportl\u00f6sungen f\u00fcr den G\u00fcterversand von &amp; nach China und Hongkong:<\/strong><\/span><\/p>\n<p>&nbsp;<\/p>\n<ul>\n<li><a href=\"https:\/\/www.stravex.com\/de\/seefracht-deutschland-container\" target=\"_blank\" rel=\"noopener\"><strong>Seetransporte<\/strong><\/a>\u00a0<strong>von und nach China &amp; Hongkong <\/strong>\n<ul>\n<li><strong>Containertransporte (FCL):<\/strong>\u00a0Regul\u00e4re Verschiffung von Containern in den Fernen Osten (z. B. Hongkong, Shanghai, Ningbo, Shenzhen, Qingdao, Yantian, Xiamen, Tianjin, Nansha und Guangzhou) aus Hamburg, Bremerhaven, Antwerpen und weiteren europ\u00e4ischen H\u00e4fen<\/li>\n<li><strong>Sammelgutcontainer (LCL):<\/strong>\u00a0W\u00f6chentliche LCL-Verbindungen per Schiff zwischen Hamburg und den wichtigsten H\u00e4fen Chinas sowie Vorl\u00e4ufe innerhalb Chinas &amp; Hongkongs<\/li>\n<li><strong>Projekt- und Schwertransporte China:<\/strong> Sichere Bef\u00f6rderung von <a href=\"https:\/\/www.stravex.com\/de\/spedition-hamburg-deutschland-logistik-transport\" target=\"_blank\" rel=\"noopener\">Deutschland<\/a>, <a href=\"https:\/\/www.stravex.com\/de\/spedition-osterreich-transport\" target=\"_blank\" rel=\"noopener\">\u00d6sterreich<\/a> und aus <a href=\"https:\/\/www.stravex.com\/de\/spedition-schweiz-transport\" target=\"_blank\" rel=\"noopener\">der Schweiz<\/a> von Baumaschinen, Transportmitteln und Industrieanlagen<\/li>\n<li><strong>Multimodale Logistikl\u00f6sungen:<\/strong>\u00a0Transportabwicklung zwischen China, Hongkong und der Ukraine \u00fcber Hamburg<\/li>\n<\/ul>\n<\/li>\n<\/ul>\n<p>&nbsp;<\/p>\n<ul>\n<li><a href=\"https:\/\/www.stravex.com\/de\/bahnfracht-deutschland-spedition\" target=\"_blank\" rel=\"noopener\"><strong>Bahntransporte<\/strong><\/a>\u00a0<strong>entlang der Neuen Seidenstra\u00dfe<\/strong>\n<ul>\n<li><strong>Regelm\u00e4\u00dfige Bahntransporte:<\/strong>\u00a0Frachtverbindungen zwischen den Bahnh\u00f6fen Yiwu, Zhengzhou, Huangdao, Wuhan, Suzhou (China) und europ\u00e4ischen Standorten wie Hamburg, Duisburg, M\u00fcnchen sowie Warschau und Malaszewicze (Polen)<\/li>\n<li><strong>Sammelgutcontainer (LCL):<\/strong>\u00a0W\u00f6chentliche Bahntransporte von China nach Hamburg und Warschau mit anschlie\u00dfender Distribution in ganz Europa<\/li>\n<\/ul>\n<\/li>\n<\/ul>\n<p>&nbsp;<\/p>\n<ul>\n<li><a href=\"https:\/\/www.stravex.com\/de\/luftfracht-deutschland-lufttransporte\" target=\"_blank\" rel=\"noopener\"><strong>Luftfracht<\/strong><\/a>\u00a0<strong>nach\/von China &amp; Hongkong <\/strong>\n<ul>\n<li><strong>Flughafenlogistik<\/strong><strong>:<\/strong>\u00a0LKW-Transporte zu Flugh\u00e4fen in China, inklusive Verzollung vor Ort<\/li>\n<li><strong>Luftfracht:<\/strong>\u00a0Schnelle und effiziente Transporte mit Frachtern und Passagierflugzeugen f\u00fchrender Airlines wie China Southern Airline, Cathay Pacific, Air Cargo China, Emirates, Lufthansa, Cargolux und anderen<\/li>\n<li><strong>Sondertarife<\/strong><strong>:<\/strong> Attraktive Konditionen f\u00fcr Lieferungen von Flugh\u00e4fen wie Beijing, Shanghai, Shenzen und Hongkong nach Europa (z. B. Frankfurt, Amsterdam, Luxemburg)<\/li>\n<\/ul>\n<\/li>\n<\/ul>\n<p>Wir organisieren Transporte zwischen China &amp; Hongkong und den meisten L\u00e4nder in Amerika, Afrika, Europa und Zentralasien, darunter: Belgien, Bulgarien, D\u00e4nemark, Deutschland, Estland, Finnland, Frankreich, Griechenland, Gro\u00dfbritannien, Italien, Irland, Kasachstan, Kroatien, Lettland, Litauen, Luxemburg, Malta, den Niederlanden, Norwegen, Polen, Portugal, \u00d6sterreich, Rum\u00e4nien, Schweden, der Schweiz, der Slowakei, Slowenien, Spanien, Tschechien, der Ukraine, Ungarn, Usbekistan und Zypern.<\/p>\n<p><strong>Planen Sie einen Transport zwischen Deutschland, \u00d6sterreich oder der Schweiz und China oder Hongkong? Unsere erfahrene Spedition freut sich darauf, Ihnen ein individuelles Angebot zu erstellen. Kontaktieren Sie uns jetzt!<\/strong><\/p>\n<p><strong>\ud83d\udcde<\/strong><strong> Telefon:\u00a0\u00a0<a href=\"tel:+4940334870300\">+4940334870300<\/a><\/strong><\/p>\n<p><strong>\u2709\ufe0f<\/strong><strong> E-Mail:<\/strong><strong>\u00a0\u00a0<\/strong><strong>\u00a0<\/strong>\u00a0<strong>\u00a0<a href=\"mailto:info@stravex.com\">info@stravex.com<\/a><\/strong><\/p>\n<hr \/>\n<p data-start=\"2317\" data-end=\"2424\">\n<\/div><\/div><\/div><\/div><\/div>","protected":false},"excerpt":{"rendered":"<p>Effiziente Logistik zwischen China, Deutschland, \u00d6sterreich &#038; der Schweiz<\/p>\n","protected":false},"author":1,"featured_media":2949,"parent":0,"menu_order":0,"comment_status":"closed","ping_status":"closed","template":"page-service.php","meta":{"_acf_changed":false,"footnotes":""},"class_list":["post-4086","page","type-page","status-publish","has-post-thumbnail","hentry"],"acf":[],"_links":{"self":[{"href":"https:\/\/www.stravex.com\/de\/wp-json\/wp\/v2\/pages\/4086","targetHints":{"allow":["GET"]}}],"collection":[{"href":"https:\/\/www.stravex.com\/de\/wp-json\/wp\/v2\/pages"}],"about":[{"href":"https:\/\/www.stravex.com\/de\/wp-json\/wp\/v2\/types\/page"}],"author":[{"embeddable":true,"href":"https:\/\/www.stravex.com\/de\/wp-json\/wp\/v2\/users\/1"}],"replies":[{"embeddable":true,"href":"https:\/\/www.stravex.com\/de\/wp-json\/wp\/v2\/comments?post=4086"}],"version-history":[{"count":9,"href":"https:\/\/www.stravex.com\/de\/wp-json\/wp\/v2\/pages\/4086\/revisions"}],"predecessor-version":[{"id":6028,"href":"https:\/\/www.stravex.com\/de\/wp-json\/wp\/v2\/pages\/4086\/revisions\/6028"}],"wp:featuredmedia":[{"embeddable":true,"href":"https:\/\/www.stravex.com\/de\/wp-json\/wp\/v2\/media\/2949"}],"wp:attachment":[{"href":"https:\/\/www.stravex.com\/de\/wp-json\/wp\/v2\/media?parent=4086"}],"curies":[{"name":"wp","href":"https:\/\/api.w.org\/{rel}","templated":true}]}}