{"id":4081,"date":"2025-07-06T18:35:26","date_gmt":"2025-07-06T16:35:26","guid":{"rendered":"https:\/\/www.stravex.com\/?page_id=4081"},"modified":"2026-01-01T19:50:23","modified_gmt":"2026-01-01T18:50:23","slug":"spedition-vietnam-laos-kambodscha-myanmar","status":"publish","type":"page","link":"https:\/\/www.stravex.com\/de\/spedition-vietnam-laos-kambodscha-myanmar","title":{"rendered":"Spedition Vietnam, Laos, Kambodscha und Myanmar"},"content":{"rendered":"<div id=\"pl-4081\"  class=\"panel-layout\" ><div id=\"pg-4081-0\"  class=\"panel-grid panel-no-style\" ><div id=\"pgc-4081-0-0\"  class=\"panel-grid-cell\" ><div id=\"panel-4081-0-0-0\" class=\"so-panel widget widget_sow-image panel-first-child panel-last-child\" data-index=\"0\" ><div\n\t\t\t\n\t\t\tclass=\"so-widget-sow-image so-widget-sow-image-default-6ec9e3772f75-4081\"\n\t\t\t\n\t\t>\n<div class=\"sow-image-container\">\n\t\t\t<a href=\"\/wp-content\/uploads\/2025\/06\/asie.jpg\"\n\t\t\t\t\t>\n\t\t\t<img \n\tsrc=\"https:\/\/www.stravex.com\/wp-content\/uploads\/2025\/06\/asie-360x240.jpg\" width=\"360\" height=\"240\" srcset=\"https:\/\/www.stravex.com\/wp-content\/uploads\/2025\/06\/asie-360x240.jpg 360w, https:\/\/www.stravex.com\/wp-content\/uploads\/2025\/06\/asie-300x200.jpg 300w, https:\/\/www.stravex.com\/wp-content\/uploads\/2025\/06\/asie-1024x683.jpg 1024w, https:\/\/www.stravex.com\/wp-content\/uploads\/2025\/06\/asie-768x512.jpg 768w, https:\/\/www.stravex.com\/wp-content\/uploads\/2025\/06\/asie-1536x1024.jpg 1536w, https:\/\/www.stravex.com\/wp-content\/uploads\/2025\/06\/asie-272x182.jpg 272w, https:\/\/www.stravex.com\/wp-content\/uploads\/2025\/06\/asie.jpg 1920w\" sizes=\"(max-width: 360px) 100vw, 360px\" title=\"Transport von\/nach Singapur, Indonesien, Malaysia und den Philippinen\" alt=\"Transport Deutschland Vietnam, Schifffahrt Deutschland Kambodscha, Fracht \u00d6sterreich Laos, Transport Deutschland Kambodscha, Schifffahrt Deutschland Vietnam, Fracht \u00d6sterreich Laos,Transport Deutschland Kambodscha, Schifffahrt Deutschland Kambodscha, Fracht \u00d6sterreich Myanmar\" \t\tclass=\"so-widget-image\"\/>\n\t\t\t<\/a><\/div>\n\n<\/div><\/div><\/div><div id=\"pgc-4081-0-1\"  class=\"panel-grid-cell\" ><div id=\"panel-4081-0-1-0\" class=\"so-panel widget widget_black-studio-tinymce widget_black_studio_tinymce panel-first-child panel-last-child\" data-index=\"1\" ><div class=\"textwidget\"><h2><span style=\"font-size: 30px;\"><strong>Professionelle Logistik nach S\u00fcdostasien: Schwer- und Containertransporte, See- und Luftfracht<\/strong><\/span><\/h2>\n<\/div><\/div><\/div><\/div><div id=\"pg-4081-1\"  class=\"panel-grid panel-no-style\" ><div id=\"pgc-4081-1-0\"  class=\"panel-grid-cell\" ><div id=\"panel-4081-1-0-0\" class=\"so-panel widget widget_black-studio-tinymce widget_black_studio_tinymce panel-first-child panel-last-child\" data-index=\"2\" ><div class=\"textwidget\"><p><span class=\"lh-12\" style=\"font-size: 24px;\"><strong>Unsere Spedition bietet die folgenden professionellen Transporte von Deutschland, \u00d6sterreich und aus der Schweiz nach Vietnam, Laos, Kambodscha und Myanmar an:<\/strong><\/span><\/p>\n<ul>\n<li><a href=\"https:\/\/www.stravex.com\/de\/seefracht-deutschland-container\" target=\"_blank\" rel=\"noopener\"><strong>Seetransporte<\/strong><\/a>\n<ul>\n<li>Containertransporte (FCL) nach Saigon und Hai Phong (Vietnam),\u00a0Sihanoukville (Kambodscha), Yangon (Myanmar) von Bremerhaven, Hamburg, Antwerpen, Rotterdam<\/li>\n<li>W\u00f6chentliche Sammelgutcontainer (LCL) zwischen Europa und gro\u00dfen s\u00fcdasiatischen H\u00e4fen mit Vorlauf und Nachlauf zwischen Versendern und Empf\u00e4ngern<\/li>\n<li><a href=\"https:\/\/www.stravex.com\/de\/schwertransporte-deutschland-spedition\" target=\"_blank\" rel=\"noopener\">Projekt- und Schwertransporte<\/a> von Baumaschinen, Bef\u00f6rderungsmitteln und Industrieanlagen<\/li>\n<li>Logistikl\u00f6sungen f\u00fcr Lieferungen zwischen Vietnam, Mitteleuropa und <a href=\"https:\/\/www.stravex.com\/de\/spedition-ukraine-logistik\" target=\"_blank\" rel=\"noopener\">der Ukraine<\/a> \u00fcber Hamburg<\/li>\n<\/ul>\n<\/li>\n<\/ul>\n<ul>\n<li><a href=\"https:\/\/www.stravex.com\/de\/luftfracht-deutschland-lufttransporte\" target=\"_blank\" rel=\"noopener\"><strong>Lufttransporte<\/strong><\/a>\n<ul>\n<li>Luftfracht nach Vietnam, Laos, Kambodscha und Myanmar\n<ul>\n<li>LKW-Transporte zu allen Flugh\u00e4fen<\/li>\n<li>Verzollung an den Flugh\u00e4fen<\/li>\n<li>Luftfracht mit Frachtern und regul\u00e4ren Passagierflugzeugen von Singapore Airlines, Malaysia Airlines, Laos Airlines, Philippine Airlines, Vietnam Airlines, Thai Airways, Emirates, Lufthansa, KLM, Swiss International Air Lines, Fedex, DHL und weiteren Fluglinien<\/li>\n<\/ul>\n<\/li>\n<li>Luftfracht von\/nach Noi Bai airport in Hanoi und Tan Son Nhat Airport in Ho Chi Minh City (Vietnam), Phnom Penh Airport (Kambodscha), Vientiane Wattay Airport (Laos) und\u00a0Yangon International Airport (Myanmar) nach\/von Deutschland, \u00d6sterreich, der Schweiz und etc.<\/li>\n<li>Sondertarife f\u00fcr Lieferungen aus Ho Chi Minh City nach Frankfurt am Main, Luxemburg und Amsterdam<\/li>\n<\/ul>\n<\/li>\n<\/ul>\n<p>&nbsp;<\/p>\n<p>Wir organisieren Logistik zwischen S\u00fcdostasien, den meisten L\u00e4ndern in Amerika, Afrika und den folgenden europ\u00e4ischen und zentralasiatischen L\u00e4nder:\u00a0Belgien, Bulgarien, D\u00e4nemark, Deutschland, Estland, Finnland, Frankreich, Griechenland, Gro\u00dfbritannien, Italien, Irland, Kasachstan, Kroatien, Lettland, Litauen, Luxemburg, Malta, den Niederlanden, Norwegen, Polen, Portugal, \u00d6sterreich, Rum\u00e4nien, Schweden, der Schweiz, der Slowakei, Slowenien, Spanien, Tschechien, Turkmenistan, der Ukraine, Ungarn, Usbekistan und Zypern.<\/p>\n<p>&nbsp;<\/p>\n<p><strong>Haben Sie Fragen zu Transporten zwischen <a href=\"https:\/\/www.stravex.com\/de\/spedition-hamburg-deutschland-logistik-transport\" target=\"_blank\" rel=\"noopener\">Deutschland<\/a>, <a href=\"https:\/\/www.stravex.com\/de\/spedition-osterreich-transport\" target=\"_blank\" rel=\"noopener\">\u00d6sterreich<\/a>, <a href=\"https:\/\/www.stravex.com\/de\/spedition-schweiz-transport\" target=\"_blank\" rel=\"noopener\">der Schweiz<\/a> und Vietnam, Laos, Kambodscha und Myanmar?\u00a0Kontaktieren Sie uns! Unser kompetentes Team freut sich auf Ihre Anfrage:<\/strong><\/p>\n<p><strong>\ud83d\udcde<\/strong><strong> Telefon:\u00a0\u00a0<a href=\"tel:+4940334870300\">+4940334870300<\/a><\/strong><\/p>\n<p><strong>\u2709\ufe0f<\/strong><strong> E-Mail:<\/strong><strong>\u00a0\u00a0<\/strong><strong>\u00a0<\/strong>\u00a0<strong>\u00a0<a href=\"mailto:info@stravex.com\">info@stravex.com<\/a><\/strong><\/p>\n<hr \/>\n<p>&nbsp;<\/p>\n<\/div><\/div><\/div><\/div><\/div>","protected":false},"excerpt":{"rendered":"<p>Professionelle Logistik nach S\u00fcdostasien: See- und Luftfracht<\/p>\n","protected":false},"author":1,"featured_media":2591,"parent":0,"menu_order":0,"comment_status":"closed","ping_status":"closed","template":"page-service.php","meta":{"_acf_changed":false,"footnotes":""},"class_list":["post-4081","page","type-page","status-publish","has-post-thumbnail","hentry"],"acf":[],"_links":{"self":[{"href":"https:\/\/www.stravex.com\/de\/wp-json\/wp\/v2\/pages\/4081","targetHints":{"allow":["GET"]}}],"collection":[{"href":"https:\/\/www.stravex.com\/de\/wp-json\/wp\/v2\/pages"}],"about":[{"href":"https:\/\/www.stravex.com\/de\/wp-json\/wp\/v2\/types\/page"}],"author":[{"embeddable":true,"href":"https:\/\/www.stravex.com\/de\/wp-json\/wp\/v2\/users\/1"}],"replies":[{"embeddable":true,"href":"https:\/\/www.stravex.com\/de\/wp-json\/wp\/v2\/comments?post=4081"}],"version-history":[{"count":4,"href":"https:\/\/www.stravex.com\/de\/wp-json\/wp\/v2\/pages\/4081\/revisions"}],"predecessor-version":[{"id":5398,"href":"https:\/\/www.stravex.com\/de\/wp-json\/wp\/v2\/pages\/4081\/revisions\/5398"}],"wp:featuredmedia":[{"embeddable":true,"href":"https:\/\/www.stravex.com\/de\/wp-json\/wp\/v2\/media\/2591"}],"wp:attachment":[{"href":"https:\/\/www.stravex.com\/de\/wp-json\/wp\/v2\/media?parent=4081"}],"curies":[{"name":"wp","href":"https:\/\/api.w.org\/{rel}","templated":true}]}}