{"id":4077,"date":"2025-07-12T11:16:30","date_gmt":"2025-07-12T09:16:30","guid":{"rendered":"https:\/\/www.stravex.com\/?page_id=4077"},"modified":"2026-03-15T13:33:41","modified_gmt":"2026-03-15T12:33:41","slug":"spedition-thailand-transporte","status":"publish","type":"page","link":"https:\/\/www.stravex.com\/de\/spedition-thailand-transporte","title":{"rendered":"Spedition Thailand: Zuverl\u00e4ssige Transporte nach S\u00fcdostasien"},"content":{"rendered":"<div id=\"pl-4077\"  class=\"panel-layout\" ><div id=\"pg-4077-0\"  class=\"panel-grid panel-no-style\" ><div id=\"pgc-4077-0-0\"  class=\"panel-grid-cell\" ><div id=\"panel-4077-0-0-0\" class=\"so-panel widget widget_sow-image panel-first-child panel-last-child\" data-index=\"0\" ><div\n\t\t\t\n\t\t\tclass=\"so-widget-sow-image so-widget-sow-image-default-6ec9e3772f75-4077\"\n\t\t\t\n\t\t>\n<div class=\"sow-image-container\">\n\t\t\t<a href=\"\/wp-content\/uploads\/2025\/07\/Thailand.jpg\"\n\t\t\t\t\t>\n\t\t\t<img \n\tsrc=\"https:\/\/www.stravex.com\/wp-content\/uploads\/2025\/07\/Thailand-360x240.jpg\" width=\"360\" height=\"240\" srcset=\"https:\/\/www.stravex.com\/wp-content\/uploads\/2025\/07\/Thailand-360x240.jpg 360w, https:\/\/www.stravex.com\/wp-content\/uploads\/2025\/07\/Thailand-300x200.jpg 300w, https:\/\/www.stravex.com\/wp-content\/uploads\/2025\/07\/Thailand-1024x682.jpg 1024w, https:\/\/www.stravex.com\/wp-content\/uploads\/2025\/07\/Thailand-768x511.jpg 768w, https:\/\/www.stravex.com\/wp-content\/uploads\/2025\/07\/Thailand-272x182.jpg 272w, https:\/\/www.stravex.com\/wp-content\/uploads\/2025\/07\/Thailand.jpg 1080w\" sizes=\"(max-width: 360px) 100vw, 360px\" title=\"Transport von\/nach Thailand\" alt=\"Transport Deutschland Thailand, Transport Deutschland Thailand\" \t\tclass=\"so-widget-image\"\/>\n\t\t\t<\/a><\/div>\n\n<\/div><\/div><\/div><div id=\"pgc-4077-0-1\"  class=\"panel-grid-cell\" ><div id=\"panel-4077-0-1-0\" class=\"so-panel widget widget_black-studio-tinymce widget_black_studio_tinymce panel-first-child panel-last-child\" data-index=\"1\" ><div class=\"textwidget\"><h2><span style=\"font-size: 30px;\"><strong>Professionelle Logistik nach Thailand: Schwer- und Containertransporte, See- und Luftfracht<\/strong><\/span><\/h2>\n<\/div><\/div><\/div><\/div><div id=\"pg-4077-1\"  class=\"panel-grid panel-no-style\" ><div id=\"pgc-4077-1-0\"  class=\"panel-grid-cell\" ><div id=\"panel-4077-1-0-0\" class=\"so-panel widget widget_black-studio-tinymce widget_black_studio_tinymce panel-first-child panel-last-child\" data-index=\"2\" ><div class=\"textwidget\"><p>&nbsp;<\/p>\n<p><span style=\"font-size: 24px;\"><strong>Unsere Spedition bietet die folgenden professionellen Transporte zwischen Deutschland, \u00d6sterreich, der Schweiz und Thailand an:<\/strong><\/span><\/p>\n<p>&nbsp;<\/p>\n<ul>\n<li><a href=\"https:\/\/www.stravex.com\/de\/seefracht-deutschland-container\" target=\"_blank\" rel=\"noopener\"><strong>Seetransporte<\/strong><\/a><strong>\u00a0Thailand<\/strong>\n<ul>\n<li>Containertransporte (FCL) nach Saigon und Hai Phong (Vietnam), Laem Chabang und Bangkok (Thailand), Sihanoukville (Kambodscha), Yangon (Myanmar) von Bremerhaven, Hamburg, Antwerpen und Rotterdam<\/li>\n<li>W\u00f6chentliche Sammelgutcontainer (LCL) zwischen Europa und Thailand mit Vorlauf und Nachlauf zwischen Versendern und Empf\u00e4ngern<\/li>\n<li>Projekt- und Schwertransporte nach Thailand von Baumaschinen, Bef\u00f6rderungsmitteln und Industrieanlagen<\/li>\n<li>Logistikl\u00f6sungen f\u00fcr Lieferungen zwischen Thailand, Mitteleuropa und der Ukraine \u00fcber Hamburg<\/li>\n<\/ul>\n<\/li>\n<\/ul>\n<p>&nbsp;<\/p>\n<ul>\n<li><a href=\"https:\/\/www.stravex.com\/de\/luftfracht-deutschland-lufttransporte\" target=\"_blank\" rel=\"noopener\"><strong>Lufttransporte<\/strong><\/a> <strong>Thailand<\/strong>\n<ul>\n<li>Luftfracht von\/nach Deutschland, \u00d6sterreich und der Schweiz nach\/von Suvarnabhumi Airport in Bangkok und Phuket International Airport in Thailand\n<ul>\n<li>LKW-Transporte zu allen Flugh\u00e4fen<\/li>\n<li>Verzollung an den Flugh\u00e4fen<\/li>\n<li>Luftfracht mit Frachtern und regul\u00e4ren Passagierflugzeugen von Singapore Airlines, Malaysia Airlines, Thai Airways, Emirates, Lufthansa, KLM, Swiss International Air Lines, Fedex, DHL und weiteren Fluglinien<\/li>\n<\/ul>\n<\/li>\n<li>Sondertarife f\u00fcr Lieferungen aus Bangkok nach Frankfurt am Main<\/li>\n<\/ul>\n<\/li>\n<\/ul>\n<p>&nbsp;<\/p>\n<p>Wir organisieren Logistik zwischen Thailand und den folgenden europ\u00e4ischen und zentralasiatischen L\u00e4ndern:\u00a0Belgien, Bulgarien, D\u00e4nemark, Deutschland, Estland, Finnland, Frankreich, Griechenland, Gro\u00dfbritannien, Italien, Irland, Kasachstan, Kroatien, Lettland, Litauen, Luxemburg, Malta, den Niederlanden, Norwegen, Polen, Portugal, \u00d6sterreich, Rum\u00e4nien, Schweden, der Schweiz, der Slowakei, Slowenien, Spanien, Tschechien, Turkmenistan, der Ukraine, Ungarn, Usbekistan und Zypern.<\/p>\n<p>&nbsp;<\/p>\n<h3><strong>Haben Sie Fragen zu Transporten zwischen Deutschland, \u00d6sterreich, der Schweiz und Thailand?\u00a0Kontaktieren Sie uns! Unser kompetentes Team freut sich auf Ihre Anfrage:<\/strong><\/h3>\n<p><strong>\ud83d\udcde<\/strong><strong> Telefon:\u00a0\u00a0<a href=\"tel:+4940334870300\">+4940334870300<\/a><\/strong><\/p>\n<p><strong>\u2709\ufe0f<\/strong><strong> E-Mail:<\/strong><strong>\u00a0\u00a0<\/strong><strong>\u00a0<\/strong>\u00a0<strong>\u00a0<a href=\"mailto:info@stravex.com\">info@stravex.com<\/a><\/strong><\/p>\n<hr \/>\n<p>&nbsp;<\/p>\n<\/div><\/div><\/div><\/div><\/div>","protected":false},"excerpt":{"rendered":"<p>Logistik nach Thailand: Luftfracht, Schwer- und Containertransporte<\/p>\n","protected":false},"author":1,"featured_media":2964,"parent":0,"menu_order":0,"comment_status":"closed","ping_status":"closed","template":"page-service.php","meta":{"_acf_changed":false,"footnotes":""},"class_list":["post-4077","page","type-page","status-publish","has-post-thumbnail","hentry"],"acf":[],"_links":{"self":[{"href":"https:\/\/www.stravex.com\/de\/wp-json\/wp\/v2\/pages\/4077","targetHints":{"allow":["GET"]}}],"collection":[{"href":"https:\/\/www.stravex.com\/de\/wp-json\/wp\/v2\/pages"}],"about":[{"href":"https:\/\/www.stravex.com\/de\/wp-json\/wp\/v2\/types\/page"}],"author":[{"embeddable":true,"href":"https:\/\/www.stravex.com\/de\/wp-json\/wp\/v2\/users\/1"}],"replies":[{"embeddable":true,"href":"https:\/\/www.stravex.com\/de\/wp-json\/wp\/v2\/comments?post=4077"}],"version-history":[{"count":9,"href":"https:\/\/www.stravex.com\/de\/wp-json\/wp\/v2\/pages\/4077\/revisions"}],"predecessor-version":[{"id":6031,"href":"https:\/\/www.stravex.com\/de\/wp-json\/wp\/v2\/pages\/4077\/revisions\/6031"}],"wp:featuredmedia":[{"embeddable":true,"href":"https:\/\/www.stravex.com\/de\/wp-json\/wp\/v2\/media\/2964"}],"wp:attachment":[{"href":"https:\/\/www.stravex.com\/de\/wp-json\/wp\/v2\/media?parent=4077"}],"curies":[{"name":"wp","href":"https:\/\/api.w.org\/{rel}","templated":true}]}}