{"id":4068,"date":"2025-07-06T23:30:48","date_gmt":"2025-07-06T21:30:48","guid":{"rendered":"https:\/\/www.stravex.com\/?page_id=4068"},"modified":"2026-03-15T12:07:54","modified_gmt":"2026-03-15T11:07:54","slug":"spedition-peru-kolumbien-chile-ecuador-uruguay","status":"publish","type":"page","link":"https:\/\/www.stravex.com\/de\/spedition-peru-kolumbien-chile-ecuador-uruguay","title":{"rendered":"Luft- und Seetransporte nach Chile, Peru, Kolumbien, Uruguay, Ecuador und Paraguay"},"content":{"rendered":"<div id=\"pl-4068\"  class=\"panel-layout\" ><div id=\"pg-4068-0\"  class=\"panel-grid panel-no-style\" ><div id=\"pgc-4068-0-0\"  class=\"panel-grid-cell\" ><div id=\"panel-4068-0-0-0\" class=\"so-panel widget widget_sow-image panel-first-child panel-last-child\" data-index=\"0\" ><div\n\t\t\t\n\t\t\tclass=\"so-widget-sow-image so-widget-sow-image-default-6ec9e3772f75-4068\"\n\t\t\t\n\t\t>\n<div class=\"sow-image-container\">\n\t\t\t<a href=\"\/wp-content\/uploads\/2025\/07\/Southamerica.jpg\"\n\t\t\t\t\t>\n\t\t\t<img \n\tsrc=\"https:\/\/www.stravex.com\/wp-content\/uploads\/2025\/07\/Southamerica-360x240.jpg\" width=\"360\" height=\"240\" srcset=\"https:\/\/www.stravex.com\/wp-content\/uploads\/2025\/07\/Southamerica-360x240.jpg 360w, https:\/\/www.stravex.com\/wp-content\/uploads\/2025\/07\/Southamerica-272x182.jpg 272w\" sizes=\"(max-width: 360px) 100vw, 360px\" title=\"S\u00fcdamerika\" alt=\"Fracht nach Brasilien, Fracht Deutschland Argentinien, Fracht von Deutschland nach Chile, Seefracht Peru, Versand nach Kolumbien, Logistikanbieter Deutschland Brasilien, Versand Argentinien\" \t\tclass=\"so-widget-image\"\/>\n\t\t\t<\/a><\/div>\n\n<\/div><\/div><\/div><div id=\"pgc-4068-0-1\"  class=\"panel-grid-cell\" ><div id=\"panel-4068-0-1-0\" class=\"so-panel widget widget_black-studio-tinymce widget_black_studio_tinymce panel-first-child panel-last-child\" data-index=\"1\" ><div class=\"textwidget\"><h2><span style=\"font-size: 30px;\"><strong>Zuverl\u00e4ssige Lieferungen zwischen Deutschland, \u00d6sterreich, der Schweiz und Chile, Peru,<\/strong><\/span><span style=\"font-size: 30px;\"><strong> Ecuador, <\/strong><\/span><span style=\"font-size: 30px;\"><strong>Kolumbien, Uruguay und Paraguay<\/strong><\/span><\/h2>\n<\/div><\/div><\/div><\/div><div id=\"pg-4068-1\"  class=\"panel-grid panel-no-style\" ><div id=\"pgc-4068-1-0\"  class=\"panel-grid-cell\" ><div id=\"panel-4068-1-0-0\" class=\"so-panel widget widget_black-studio-tinymce widget_black_studio_tinymce panel-first-child panel-last-child\" data-index=\"2\" ><div class=\"textwidget\"><h2><strong>Unser Logistikunternehmen bietet die folgenden professionellen Frachtleistungen aus Europa nach S\u00fcdamerika an:<\/strong><\/h2>\n<ul>\n<li><a href=\"https:\/\/www.stravex.com\/de\/seetransporte-deutschland\" target=\"_blank\" rel=\"noopener\"><strong>Seetransporte<\/strong><\/a>\u00a0<strong>S\u00fcdamerika<\/strong>\n<ul>\n<li>Containertransporte (FCL) nach\n<ul>\n<li><strong>Ecuador<\/strong><strong>:<\/strong>Port of Guayaquil<\/li>\n<li><strong>Uruguay<\/strong><strong>:<\/strong>Puerto de Montevideo<\/li>\n<li><strong>Paraguay<\/strong>:\u00a0Port of Asunci\u00f3n<\/li>\n<li><strong>Peru<\/strong><strong>:<\/strong>Puerto del Callao<\/li>\n<li><strong>Kolumbien<\/strong><strong>:<\/strong>Puerto de Cartagena<\/li>\n<li><strong>Chile:<\/strong>Puerto de San Antonio and Puerto de Valpara\u00edso<\/li>\n<li>von Hamburg, Bremerhaven, Wilhelmshaven, Antwerpen, Rotterdam und anderen europ\u00e4ischen H\u00e4fen<\/li>\n<\/ul>\n<\/li>\n<li>W\u00f6chentliche Sammelgutcontainer (LCL) zwischen Hamburg und S\u00fcdamerika<\/li>\n<li>Europaweite Container- und St\u00fcckguttransporte vom\/bis zum Hafen Hamburg<\/li>\n<li>Projekt- und Schwertransporte von Baumaschinen, Bef\u00f6rderungsmitteln und Industrieanlagen<\/li>\n<li>Logistikl\u00f6sungen zwischen S\u00fcdamerika, Ost- und Mitteleuropa \u00fcber Hamburg<\/li>\n<\/ul>\n<\/li>\n<\/ul>\n<ul>\n<li><a href=\"https:\/\/www.stravex.com\/de\/luftfracht-deutschland-lufttransporte\" target=\"_blank\" rel=\"noopener\"><strong>Lufttransporte<\/strong><\/a> <strong>S\u00fcdamerika<\/strong>\n<ul>\n<li>Luftfracht von Frankfurt am Main, London, Madrid, Luxembourg und anderen europ\u00e4ischen Hubs nach\n<ul>\n<li><strong>Peru:<\/strong> Jorge Chavez international Airport (Lima)<\/li>\n<li><strong>Kolumbien<\/strong><strong>:<\/strong> El Dorado (Bogota)<\/li>\n<li><strong>Chile:<\/strong> Santiago international Airport (Santiago de Chile)<\/li>\n<li><strong>Ecuador<\/strong><strong>:<\/strong> Aeropuerto Intl. Mariscal Sucre (Quito)<\/li>\n<li><strong>Uruguay:<\/strong> Aeropuerto Intl. de Carrasco (Montevideo)<\/li>\n<li><strong>Paraguay<\/strong><strong>:<\/strong> Aeropuerto Intl. Silvio Pettirossi (Asuncion)<\/li>\n<\/ul>\n<\/li>\n<li>Vorlauf und Nachlauf mit LKWs und Verzollung an den Flugh\u00e4fen<\/li>\n<li>Luftfracht mit Aerolineas Argentinas, Lufthansa, Latam Airlines, KLM, Delta Airlines, American Airlines, Southwest Airlines, United Airlines, Swiss Air, Cargolux und weiteren Airlines<\/li>\n<\/ul>\n<\/li>\n<\/ul>\n<p>&nbsp;<\/p>\n<p>Wir f\u00fchren Transporte nach S\u00fcdamerika aus den meisten L\u00e4ndern von Asien, Afrika, Australien und den folgenden europ\u00e4ischen und zentralasiatischen L\u00e4ndern durch: Belgien, Bulgarien, D\u00e4nemark, Deutschland, Estland, Finnland, Frankreich, Griechenland, Gro\u00dfbritannien, Italien, Irland, Kasachstan, Kroatien, Lettland, Litauen, Luxemburg, Malta, den Niederlanden, Norwegen, Polen, Portugal, \u00d6sterreich, Rum\u00e4nien, Schweden, der Schweiz, der Slowakei, Slowenien, Spanien, Tschechien, Turkmenistan, der Ukraine, Ungarn, Usbekistan und Zypern.<\/p>\n<p><strong>Haben Sie Fragen zu Lieferungen zwischen <\/strong><strong>Chile, Peru, Kolumbien, Uruguay, Ecuador, Paraguay <\/strong><strong>und Europa? Kontaktieren Sie uns! Unser kompetentes Team freut sich auf Ihre Anfrage:<\/strong><\/p>\n<p><strong>\ud83d\udcde<\/strong><strong> Telefon:\u00a0\u00a0<a href=\"tel:+4940334870300\">+4940334870300<\/a><\/strong><\/p>\n<p><strong>\u2709\ufe0f<\/strong><strong> E-Mail:<\/strong><strong>\u00a0\u00a0<\/strong><strong>\u00a0<\/strong>\u00a0<strong>\u00a0<a href=\"mailto:info@stravex.com\">info@stravex.com<\/a><\/strong><\/p>\n<hr \/>\n<p data-start=\"2913\" data-end=\"3161\">\n<\/div><\/div><\/div><\/div><\/div>","protected":false},"excerpt":{"rendered":"<p>Zuverl\u00e4ssige Lieferungen von Deutschland, \u00d6sterreich &#038; der Schweiz nach S\u00fcdamerika <\/p>\n","protected":false},"author":1,"featured_media":3029,"parent":0,"menu_order":0,"comment_status":"closed","ping_status":"closed","template":"page-service.php","meta":{"_acf_changed":false,"footnotes":""},"class_list":["post-4068","page","type-page","status-publish","has-post-thumbnail","hentry"],"acf":[],"_links":{"self":[{"href":"https:\/\/www.stravex.com\/de\/wp-json\/wp\/v2\/pages\/4068","targetHints":{"allow":["GET"]}}],"collection":[{"href":"https:\/\/www.stravex.com\/de\/wp-json\/wp\/v2\/pages"}],"about":[{"href":"https:\/\/www.stravex.com\/de\/wp-json\/wp\/v2\/types\/page"}],"author":[{"embeddable":true,"href":"https:\/\/www.stravex.com\/de\/wp-json\/wp\/v2\/users\/1"}],"replies":[{"embeddable":true,"href":"https:\/\/www.stravex.com\/de\/wp-json\/wp\/v2\/comments?post=4068"}],"version-history":[{"count":6,"href":"https:\/\/www.stravex.com\/de\/wp-json\/wp\/v2\/pages\/4068\/revisions"}],"predecessor-version":[{"id":6005,"href":"https:\/\/www.stravex.com\/de\/wp-json\/wp\/v2\/pages\/4068\/revisions\/6005"}],"wp:featuredmedia":[{"embeddable":true,"href":"https:\/\/www.stravex.com\/de\/wp-json\/wp\/v2\/media\/3029"}],"wp:attachment":[{"href":"https:\/\/www.stravex.com\/de\/wp-json\/wp\/v2\/media?parent=4068"}],"curies":[{"name":"wp","href":"https:\/\/api.w.org\/{rel}","templated":true}]}}