{"id":4062,"date":"2025-07-12T15:04:10","date_gmt":"2025-07-12T13:04:10","guid":{"rendered":"https:\/\/www.stravex.com\/?page_id=4062"},"modified":"2026-01-20T15:50:31","modified_gmt":"2026-01-20T14:50:31","slug":"spedition-brasilien-transport-logistik","status":"publish","type":"page","link":"https:\/\/www.stravex.com\/de\/spedition-brasilien-transport-logistik","title":{"rendered":"Transporte nach Brasilien von Deutschland und Europa: See- &#038; Luftfracht"},"content":{"rendered":"<div id=\"pl-4062\"  class=\"panel-layout\" ><div id=\"pg-4062-0\"  class=\"panel-grid panel-no-style\" ><div id=\"pgc-4062-0-0\"  class=\"panel-grid-cell\" ><div id=\"panel-4062-0-0-0\" class=\"so-panel widget widget_sow-image panel-first-child panel-last-child\" data-index=\"0\" ><div\n\t\t\t\n\t\t\tclass=\"so-widget-sow-image so-widget-sow-image-default-6ec9e3772f75-4062\"\n\t\t\t\n\t\t>\n<div class=\"sow-image-container\">\n\t\t\t<a href=\"\/wp-content\/uploads\/2025\/07\/Brazil.jpg\"\n\t\t\t\t\t>\n\t\t\t<img \n\tsrc=\"https:\/\/www.stravex.com\/wp-content\/uploads\/2025\/07\/Brazil-360x240.jpg\" width=\"360\" height=\"240\" srcset=\"https:\/\/www.stravex.com\/wp-content\/uploads\/2025\/07\/Brazil-360x240.jpg 360w, https:\/\/www.stravex.com\/wp-content\/uploads\/2025\/07\/Brazil-272x182.jpg 272w\" sizes=\"(max-width: 360px) 100vw, 360px\" title=\"Brasilien\" alt=\"Fracht nach Brasilien, Logistikanbieter Deutschland Brasilien\" \t\tclass=\"so-widget-image\"\/>\n\t\t\t<\/a><\/div>\n\n<\/div><\/div><\/div><div id=\"pgc-4062-0-1\"  class=\"panel-grid-cell\" ><div id=\"panel-4062-0-1-0\" class=\"so-panel widget widget_black-studio-tinymce widget_black_studio_tinymce panel-first-child panel-last-child\" data-index=\"1\" ><div class=\"textwidget\"><h2><span style=\"font-size: 30px;\"><strong>Zuverl\u00e4ssige Lieferungen nach Brasilien von Deutschland, \u00d6sterreich und der Schweiz<\/strong><\/span><\/h2>\n<\/div><\/div><\/div><\/div><div id=\"pg-4062-1\"  class=\"panel-grid panel-no-style\" ><div id=\"pgc-4062-1-0\"  class=\"panel-grid-cell\" ><div id=\"panel-4062-1-0-0\" class=\"so-panel widget widget_black-studio-tinymce widget_black_studio_tinymce panel-first-child panel-last-child\" data-index=\"2\" ><div class=\"textwidget\"><h2><strong>Unser Logistikunternehmen bietet die folgenden professionellen Frachtleistungen von\/nach Europa nach\/von Brasilien an:<\/strong><\/h2>\n<ul>\n<li><a href=\"https:\/\/www.stravex.com\/de\/seefracht-deutschland-container\" target=\"_blank\" rel=\"noopener\"><strong>Seetransporte<\/strong><\/a>\u00a0<strong>Brasilien<\/strong>\n<ul>\n<li>Containertransporte (FCL) nach Porto de Santos (San Paulo), Porto de Itagua\u00ed (Rio de Janeiro) und Porto de Paranagu\u00e1 in Brasilien von Hamburg, Bremerhaven, Antwerpen, Rotterdam und anderen europ\u00e4ischen H\u00e4fen<\/li>\n<li>W\u00f6chentliche Sammelgutcontainer (LCL) zwischen Hamburg und Brasilien<\/li>\n<li>Europaweite Container- und St\u00fcckguttransporte vom\/bis zum Hafen Hamburg<\/li>\n<li><a href=\"https:\/\/www.stravex.com\/de\/schwertransporte-deutschland-spedition\" target=\"_blank\" rel=\"noopener\">Projekt- und Schwertransporte<\/a> von Baumaschinen, Bef\u00f6rderungsmitteln und Industrieanlagen<\/li>\n<li>Logistikl\u00f6sungen zwischen Brasilien, Mitteleuropa und <a href=\"https:\/\/www.stravex.com\/de\/spedition-ukraine-logistik\" target=\"_blank\" rel=\"noopener\">der Ukraine<\/a> \u00fcber Hamburg<\/li>\n<\/ul>\n<\/li>\n<\/ul>\n<ul>\n<li><a href=\"https:\/\/www.stravex.com\/de\/luftfracht-deutschland-lufttransporte\" target=\"_blank\" rel=\"noopener\"><strong>Lufttransporte<\/strong><\/a> <strong>Brasilien<\/strong>\n<ul>\n<li>Luftfracht nach und von Guarulhos International Airport Sao Paolo, Ant\u00f4nio Carlos Jobim International Airport in Rio de Janeiro und Bras\u00edlia-Presidente Juscelino Kubitschek International Airport von und nach Frankfurt am Main, M\u00fcnchen, London, Luxemburg, Z\u00fcrich und weiteren europ\u00e4ischen Flugh\u00e4fen<\/li>\n<li>Vorlauf und Nachlauf mit LKWs<\/li>\n<li>Verzollung an den Flugh\u00e4fen<\/li>\n<li>Luftfracht mit Lufthansa, Latam Airlines Brasil, KLM, Delta Airlines, American Airlines, Southwest Airlines, United Airlines, Swiss Air, Cargolux und weiteren Airlines<\/li>\n<\/ul>\n<\/li>\n<\/ul>\n<p>&nbsp;<\/p>\n<p>Wir f\u00fchren Warentransporte nach Brasilien aus den meisten L\u00e4ndern von Asien, Afrika, Australien und den folgenden europ\u00e4ischen und zentralasiatischen L\u00e4ndern durch: Belgien, Bulgarien, D\u00e4nemark, Deutschland, Estland, Finnland, Frankreich, Griechenland, Gro\u00dfbritannien, Italien, Irland, Kasachstan, Kroatien, Lettland, Litauen, Luxemburg, Malta, den Niederlanden, Norwegen, Polen, Portugal, \u00d6sterreich, Rum\u00e4nien, Schweden, der Schweiz, der Slowakei, Slowenien, Spanien, Tschechien, Turkmenistan, der Ukraine, Ungarn, Usbekistan und Zypern.<\/p>\n<p>&nbsp;<\/p>\n<p><strong>Haben Sie Fragen zu Lieferungen zwischen <a href=\"https:\/\/www.stravex.com\/de\/spedition-hamburg-deutschland-logistik-transport\" target=\"_blank\" rel=\"noopener\">Deutschland<\/a>, <a href=\"https:\/\/www.stravex.com\/de\/spedition-osterreich-transport\" target=\"_blank\" rel=\"noopener\">\u00d6sterreich<\/a>, <a href=\"https:\/\/www.stravex.com\/de\/spedition-schweiz-transport\" target=\"_blank\" rel=\"noopener\">der Schweiz<\/a> und Brasilien?<\/strong><\/p>\n<p><strong>Kontaktieren Sie uns! Unser kompetentes Team freut sich auf Ihre Anfrage:<\/strong><\/p>\n<p><strong>\ud83d\udcde<\/strong><strong> Telefon:\u00a0\u00a0<a href=\"tel:+4940334870300\">+4940334870300<\/a><\/strong><\/p>\n<p><strong>\u2709\ufe0f<\/strong><strong> E-Mail:<\/strong><strong>\u00a0\u00a0<\/strong><strong>\u00a0<\/strong>\u00a0\u00a0<strong><a href=\"mailto:info@stravex.com\">info@stravex.com<\/a><\/strong><\/p>\n<hr \/>\n<p>&nbsp;<\/p>\n<\/div><\/div><\/div><\/div><\/div>","protected":false},"excerpt":{"rendered":"<p>Zuverl\u00e4ssige Lieferungen von Deutschland, \u00d6sterreich und der Schweiz nach Brasilien <\/p>\n","protected":false},"author":1,"featured_media":3033,"parent":0,"menu_order":0,"comment_status":"closed","ping_status":"closed","template":"page-service.php","meta":{"_acf_changed":false,"footnotes":""},"class_list":["post-4062","page","type-page","status-publish","has-post-thumbnail","hentry"],"acf":[],"_links":{"self":[{"href":"https:\/\/www.stravex.com\/de\/wp-json\/wp\/v2\/pages\/4062","targetHints":{"allow":["GET"]}}],"collection":[{"href":"https:\/\/www.stravex.com\/de\/wp-json\/wp\/v2\/pages"}],"about":[{"href":"https:\/\/www.stravex.com\/de\/wp-json\/wp\/v2\/types\/page"}],"author":[{"embeddable":true,"href":"https:\/\/www.stravex.com\/de\/wp-json\/wp\/v2\/users\/1"}],"replies":[{"embeddable":true,"href":"https:\/\/www.stravex.com\/de\/wp-json\/wp\/v2\/comments?post=4062"}],"version-history":[{"count":5,"href":"https:\/\/www.stravex.com\/de\/wp-json\/wp\/v2\/pages\/4062\/revisions"}],"predecessor-version":[{"id":5667,"href":"https:\/\/www.stravex.com\/de\/wp-json\/wp\/v2\/pages\/4062\/revisions\/5667"}],"wp:featuredmedia":[{"embeddable":true,"href":"https:\/\/www.stravex.com\/de\/wp-json\/wp\/v2\/media\/3033"}],"wp:attachment":[{"href":"https:\/\/www.stravex.com\/de\/wp-json\/wp\/v2\/media?parent=4062"}],"curies":[{"name":"wp","href":"https:\/\/api.w.org\/{rel}","templated":true}]}}