{"id":4058,"date":"2025-07-12T15:14:40","date_gmt":"2025-07-12T13:14:40","guid":{"rendered":"https:\/\/www.stravex.com\/?page_id=4058"},"modified":"2026-03-15T12:02:32","modified_gmt":"2026-03-15T11:02:32","slug":"spedition-argentinien-fracht","status":"publish","type":"page","link":"https:\/\/www.stravex.com\/de\/spedition-argentinien-fracht","title":{"rendered":"Frachttransporte von und nach Argentinien"},"content":{"rendered":"<div id=\"pl-4058\"  class=\"panel-layout\" ><div id=\"pg-4058-0\"  class=\"panel-grid panel-no-style\" ><div id=\"pgc-4058-0-0\"  class=\"panel-grid-cell\" ><div id=\"panel-4058-0-0-0\" class=\"so-panel widget widget_sow-image panel-first-child panel-last-child\" data-index=\"0\" ><div\n\t\t\t\n\t\t\tclass=\"so-widget-sow-image so-widget-sow-image-default-6ec9e3772f75-4058\"\n\t\t\t\n\t\t>\n<div class=\"sow-image-container\">\n\t\t\t<a href=\"\/uploads\/2025\/07\/ArgentinaFlage.jpg\"\n\t\t\t\t\t>\n\t\t\t<img \n\tsrc=\"https:\/\/www.stravex.com\/wp-content\/uploads\/2025\/07\/ArgentinaFlage-360x240.jpg\" width=\"360\" height=\"240\" srcset=\"https:\/\/www.stravex.com\/wp-content\/uploads\/2025\/07\/ArgentinaFlage-360x240.jpg 360w, https:\/\/www.stravex.com\/wp-content\/uploads\/2025\/07\/ArgentinaFlage-300x200.jpg 300w, https:\/\/www.stravex.com\/wp-content\/uploads\/2025\/07\/ArgentinaFlage-1024x683.jpg 1024w, https:\/\/www.stravex.com\/wp-content\/uploads\/2025\/07\/ArgentinaFlage-768x512.jpg 768w, https:\/\/www.stravex.com\/wp-content\/uploads\/2025\/07\/ArgentinaFlage-272x182.jpg 272w, https:\/\/www.stravex.com\/wp-content\/uploads\/2025\/07\/ArgentinaFlage.jpg 1080w\" sizes=\"(max-width: 360px) 100vw, 360px\" title=\"Argentina\" alt=\"Speditions- und Versandservice nach Argentinien\" \t\tclass=\"so-widget-image\"\/>\n\t\t\t<\/a><\/div>\n\n<\/div><\/div><\/div><div id=\"pgc-4058-0-1\"  class=\"panel-grid-cell\" ><div id=\"panel-4058-0-1-0\" class=\"so-panel widget widget_black-studio-tinymce widget_black_studio_tinymce panel-first-child panel-last-child\" data-index=\"1\" ><div class=\"textwidget\"><h2><span style=\"font-size: 30px;\"><strong>Zuverl\u00e4ssige Lieferungen zwischen Deutschland, \u00d6sterreich, der Schweiz und Argentinien<\/strong><\/span><\/h2>\n<\/div><\/div><\/div><\/div><div id=\"pg-4058-1\"  class=\"panel-grid panel-no-style\" ><div id=\"pgc-4058-1-0\"  class=\"panel-grid-cell\" ><div id=\"panel-4058-1-0-0\" class=\"so-panel widget widget_black-studio-tinymce widget_black_studio_tinymce panel-first-child panel-last-child\" data-index=\"2\" ><div class=\"textwidget\"><h2><strong>Unser Logistikunternehmen bietet die folgenden professionellen Frachtleistungen von Europa nach S\u00fcdamerika an:<\/strong><\/h2>\n<p>&nbsp;<\/p>\n<ul>\n<li><a href=\"https:\/\/www.stravex.com\/de\/seefracht-deutschland-container\" target=\"_blank\" rel=\"noopener\"><strong>Seetransporte<\/strong><\/a>\u00a0<strong>Argentinien<\/strong>\n<ul>\n<li>Containertransporte (FCL) nach Argentinien (Buenos Aires inkl. Puerto de Exolgan, Bahio Blanco und San Lorenzo) von Hamburg, Bremerhaven, Antwerpen, Rotterdam und anderen europ\u00e4ischen H\u00e4fen<\/li>\n<li>W\u00f6chentliche Sammelgutcontainer (LCL) zwischen Hamburg und Argentinien<\/li>\n<li>Europaweite Container- und St\u00fcckguttransporte vom\/bis zum Hafen Hamburg<\/li>\n<li>Transporte in Argentinien bis zu den H\u00e4fen Buenos Aires und San Lorenzo<\/li>\n<li><span style=\"text-decoration: underline;\"><strong><a href=\"https:\/\/www.stravex.com\/de\/schwertransporte-deutschland-spedition\" target=\"_blank\" rel=\"noopener\">Projekt- und Schwertransporte<\/a> <\/strong><\/span>nach Argentinien von Baumaschinen, Bef\u00f6rderungsmitteln und Industrieanlagen<\/li>\n<li>Logistikl\u00f6sungen zwischen Argentinien, Mitteleuropa und <a href=\"https:\/\/www.stravex.com\/de\/spedition-ukraine-logistik\"><span style=\"text-decoration: underline;\"><strong>der<\/strong><\/span> <strong>Ukraine<\/strong><\/a> \u00fcber Hamburg<\/li>\n<\/ul>\n<\/li>\n<\/ul>\n<p>&nbsp;<\/p>\n<ul>\n<li><a href=\"https:\/\/www.stravex.com\/de\/luftfracht-deutschland-lufttransporte\" target=\"_blank\" rel=\"noopener\"><strong>Lufttransporte<\/strong><\/a><strong> Argentinien<\/strong>\n<ul>\n<li>Luftfracht nach und von Ezeiza international Airport in Buenos Aires von und nach Frankfurt am Main, M\u00fcnchen, London, Luxemburg, Z\u00fcrich und weiteren europ\u00e4ischen Flugh\u00e4fen:\n<ul>\n<li>Vorlauf und Nachlauf mit LKWs<\/li>\n<li>Verzollung an den Flugh\u00e4fen<\/li>\n<li>Luftfracht mit Aerolineas Argentinas, Lufthansa, KLM, Delta Airlines, American Airlines, Southwest Airlines, United Airlines, Swiss Air, Cargolux und weiteren Airlines<\/li>\n<\/ul>\n<\/li>\n<\/ul>\n<\/li>\n<\/ul>\n<p>&nbsp;<\/p>\n<p>Wir f\u00fchren Transporte nach Argentinien aus den meisten L\u00e4ndern von Asien, Afrika, Australien und den folgenden europ\u00e4ischen und zentralasiatischen L\u00e4ndern durch: Belgien, Bulgarien, D\u00e4nemark, Deutschland, Estland, Finnland, Frankreich, Griechenland, Gro\u00dfbritannien, Italien, Irland, Kasachstan, Kroatien, Lettland, Litauen, Luxemburg, Malta, den Niederlanden, Norwegen, Polen, Portugal, \u00d6sterreich, Rum\u00e4nien, Schweden, der Schweiz, der Slowakei, Slowenien, Spanien, Tschechien, Turkmenistan, der Ukraine, Ungarn, Usbekistan und Zypern.<\/p>\n<p>&nbsp;<\/p>\n<h3><strong>Haben Sie Fragen zu Frachtlieferungen zwischen Argentinien, Deutschland, \u00d6sterreich und der Schweiz? <\/strong><strong>Kontaktieren Sie uns! Unser kompetentes Team freut sich auf Ihre Anfrage:<\/strong><\/h3>\n<p><strong>\ud83d\udcde<\/strong><strong> Telefon:\u00a0<\/strong>\u00a0<strong><a href=\"tel:+4940334870300\">+4940334870300<\/a><\/strong><\/p>\n<p><strong>\u2709\ufe0f<\/strong><strong> E-Mail:<\/strong><strong>\u00a0\u00a0<\/strong><strong>\u00a0<\/strong>\u00a0\u00a0<strong><a href=\"mailto:info@stravex.com\">info@stravex.com<\/a><\/strong><\/p>\n<hr \/>\n<p>&nbsp;<\/p>\n<\/div><\/div><\/div><\/div><\/div>","protected":false},"excerpt":{"rendered":"<p>Zuverl\u00e4ssige Transporte nach Argentinien von Deutschland, der EU &#038; der Schweiz <\/p>\n","protected":false},"author":1,"featured_media":3256,"parent":0,"menu_order":0,"comment_status":"closed","ping_status":"closed","template":"page-service.php","meta":{"_acf_changed":false,"footnotes":""},"class_list":["post-4058","page","type-page","status-publish","has-post-thumbnail","hentry"],"acf":[],"_links":{"self":[{"href":"https:\/\/www.stravex.com\/de\/wp-json\/wp\/v2\/pages\/4058","targetHints":{"allow":["GET"]}}],"collection":[{"href":"https:\/\/www.stravex.com\/de\/wp-json\/wp\/v2\/pages"}],"about":[{"href":"https:\/\/www.stravex.com\/de\/wp-json\/wp\/v2\/types\/page"}],"author":[{"embeddable":true,"href":"https:\/\/www.stravex.com\/de\/wp-json\/wp\/v2\/users\/1"}],"replies":[{"embeddable":true,"href":"https:\/\/www.stravex.com\/de\/wp-json\/wp\/v2\/comments?post=4058"}],"version-history":[{"count":12,"href":"https:\/\/www.stravex.com\/de\/wp-json\/wp\/v2\/pages\/4058\/revisions"}],"predecessor-version":[{"id":6004,"href":"https:\/\/www.stravex.com\/de\/wp-json\/wp\/v2\/pages\/4058\/revisions\/6004"}],"wp:featuredmedia":[{"embeddable":true,"href":"https:\/\/www.stravex.com\/de\/wp-json\/wp\/v2\/media\/3256"}],"wp:attachment":[{"href":"https:\/\/www.stravex.com\/de\/wp-json\/wp\/v2\/media?parent=4058"}],"curies":[{"name":"wp","href":"https:\/\/api.w.org\/{rel}","templated":true}]}}