{"id":4045,"date":"2025-07-12T13:05:57","date_gmt":"2025-07-12T11:05:57","guid":{"rendered":"https:\/\/www.stravex.com\/?page_id=4045"},"modified":"2026-01-20T15:18:10","modified_gmt":"2026-01-20T14:18:10","slug":"spedition-canada","status":"publish","type":"page","link":"https:\/\/www.stravex.com\/de\/spedition-canada","title":{"rendered":"Internationale Spedition von und nach Kanada"},"content":{"rendered":"<div id=\"pl-4045\"  class=\"panel-layout\" ><div id=\"pg-4045-0\"  class=\"panel-grid panel-no-style\" ><div id=\"pgc-4045-0-0\"  class=\"panel-grid-cell\" ><div id=\"panel-4045-0-0-0\" class=\"so-panel widget widget_sow-image panel-first-child panel-last-child\" data-index=\"0\" ><div\n\t\t\t\n\t\t\tclass=\"so-widget-sow-image so-widget-sow-image-default-6ec9e3772f75-4045\"\n\t\t\t\n\t\t>\n<div class=\"sow-image-container\">\n\t\t\t<a href=\"\/wp-content\/uploads\/2025\/07\/Canada.jpg\"\n\t\t\t\t\t>\n\t\t\t<img \n\tsrc=\"https:\/\/www.stravex.com\/wp-content\/uploads\/2025\/07\/Canada-360x240.jpg\" width=\"360\" height=\"240\" srcset=\"https:\/\/www.stravex.com\/wp-content\/uploads\/2025\/07\/Canada-360x240.jpg 360w, https:\/\/www.stravex.com\/wp-content\/uploads\/2025\/07\/Canada-300x200.jpg 300w, https:\/\/www.stravex.com\/wp-content\/uploads\/2025\/07\/Canada-1024x683.jpg 1024w, https:\/\/www.stravex.com\/wp-content\/uploads\/2025\/07\/Canada-768x512.jpg 768w, https:\/\/www.stravex.com\/wp-content\/uploads\/2025\/07\/Canada-272x182.jpg 272w, https:\/\/www.stravex.com\/wp-content\/uploads\/2025\/07\/Canada.jpg 1080w\" sizes=\"(max-width: 360px) 100vw, 360px\" title=\"Kanada\" alt=\"spedition Kanada, Transport Kanada, fracht Kanada, container Kanada, transport nach Kanada, Logistik Kanada, Luftfracht Kanada\" \t\tclass=\"so-widget-image\"\/>\n\t\t\t<\/a><\/div>\n\n<\/div><\/div><\/div><div id=\"pgc-4045-0-1\"  class=\"panel-grid-cell\" ><div id=\"panel-4045-0-1-0\" class=\"so-panel widget widget_black-studio-tinymce widget_black_studio_tinymce panel-first-child panel-last-child\" data-index=\"1\" ><div class=\"textwidget\"><h2><span style=\"font-size: 30px;\"><strong>Kanada-Transporte: Seefracht und Luftfracht f\u00fcr Ihre Sendungen<\/strong><\/span><\/h2>\n<\/div><\/div><\/div><\/div><div id=\"pg-4045-1\"  class=\"panel-grid panel-no-style\" ><div id=\"pgc-4045-1-0\"  class=\"panel-grid-cell\" ><div id=\"panel-4045-1-0-0\" class=\"so-panel widget widget_black-studio-tinymce widget_black_studio_tinymce panel-first-child panel-last-child\" data-index=\"2\" ><div class=\"textwidget\"><p><span class=\"lh-08\" style=\"font-size: 24px;\"><strong>Professionelle Logistikl\u00f6sungen zwischen Deutschland, \u00d6sterreich, der Schweiz und Kanada:<\/strong><\/span><\/p>\n<p>&nbsp;<\/p>\n<ul>\n<li><a href=\"https:\/\/www.stravex.com\/de\/seefracht-deutschland-container\" target=\"_blank\" rel=\"noopener\"><strong>Seetransporte<\/strong><\/a><strong>\u00a0<\/strong><strong>Kanada<\/strong>\n<ul>\n<li>Containertransporte (FCL) von und nach Kanada (Port of Vancouver, Port of Montreal, Port of Halifax und Port of Prince Rupert) nach und von Hamburg, Bremerhaven, Wilhelmshaven, Antwerpen und Rotterdam<\/li>\n<li>W\u00f6chentliche Sammelgutcontainer (LCL) zwischen Hamburg und gro\u00dfen nordamerikanischen H\u00e4fen<\/li>\n<li>Projekt- und Schwertransporte von Baumaschinen, Bef\u00f6rderungsmitteln und Industrieanlagen von und nach Kanada<\/li>\n<li>Zuverl\u00e4ssige Logistikl\u00f6sungen f\u00fcr die Transporte von Kanada in <a href=\"https:\/\/www.stravex.com\/de\/spedition-ukraine-logistik\" target=\"_blank\" rel=\"noopener\">die Ukraine<\/a><\/li>\n<\/ul>\n<\/li>\n<\/ul>\n<ul>\n<li><a href=\"https:\/\/www.stravex.com\/de\/luftfracht-deutschland-lufttransporte\" target=\"_blank\" rel=\"noopener\"><strong>Lufttransporte<\/strong><\/a><strong>\u00a0<\/strong><strong>Kanada<\/strong>\n<ul>\n<li>Luftfracht von und nach Toronto Pearson International Airport, Vancouver International Airport und Montr\u00e9al-Pierre Elliott Trudeau International Airport nach und von Frankfurt am Main, London, Hamburg, Luxemburg, Z\u00fcrich und weiteren europ\u00e4ischen Flugh\u00e4fen:\n<ul>\n<li>LKW-Transporte zu kanadischen Flugh\u00e4fen<\/li>\n<li>Verzollung an den Flugh\u00e4fen<\/li>\n<li>Luftfracht mit Frachtern und regul\u00e4ren Passagierflugzeugen von Air Canada, Delta Airlines, American Airlines, Southwest Airlines, United Airlines, Lufthansa, KLM, Swiss International Air Lines, CargoLux usw.<\/li>\n<\/ul>\n<\/li>\n<li>Sondertarife f\u00fcr Lieferungen aus Frankfurt am Main, Luxemburg und Amsterdam nach Montreal in Kanada<\/li>\n<\/ul>\n<\/li>\n<\/ul>\n<p>&nbsp;<\/p>\n<p>Wir transportieren G\u00fcter aus Kanada in die folgenden europ\u00e4ischen und zentralasiatischen L\u00e4nder durch: Belgien, Bulgarien, D\u00e4nemark, Deutschland, Estland, Finnland, Frankreich, Griechenland, Gro\u00dfbritannien, Italien, Irland, Kasachstan, Kroatien, Lettland, Litauen, Luxemburg, Malta, die Niederlande, Norwegen, Polen, Portugal, \u00d6sterreich, Rum\u00e4nien, Schweden, die Schweiz, die Slowakei, Slowenien, Spanien, Tschechien, Turkmenistan, die Ukraine, Ungarn, Usbekistan und Zypern.<\/p>\n<p>&nbsp;<\/p>\n<p><strong>Haben Sie Fragen zu Warentransporten zwischen <a href=\"https:\/\/www.stravex.com\/de\/spedition-hamburg-deutschland-logistik-transport\" target=\"_blank\" rel=\"noopener\">Deutschland<\/a>, <a href=\"https:\/\/www.stravex.com\/de\/spedition-osterreich-transport\" target=\"_blank\" rel=\"noopener\">\u00d6sterreich<\/a>, <a href=\"https:\/\/www.stravex.com\/de\/spedition-schweiz-transport\" target=\"_blank\" rel=\"noopener\">der Schweiz<\/a> und Kanada?\u00a0Kontaktieren Sie uns! Unser kompetentes Team freut sich auf Ihre Anfrage:<\/strong><\/p>\n<p><strong>\ud83d\udcde<\/strong><strong> Telefon:\u00a0\u00a0<a href=\"tel:+4940334870300\">+4940334870300<\/a><\/strong><\/p>\n<p><strong>\u2709\ufe0f<\/strong><strong> E-Mail:<\/strong><strong>\u00a0\u00a0<\/strong><strong>\u00a0<\/strong>\u00a0\u00a0<strong><a href=\"mailto:info@stravex.com\">info@stravex.com<\/a><\/strong><\/p>\n<hr \/>\n<p>&nbsp;<\/p>\n<\/div><\/div><\/div><\/div><\/div>","protected":false},"excerpt":{"rendered":"<p>Deutschland-Kanada-Transporte: Seefracht und Luftfracht<\/p>\n","protected":false},"author":1,"featured_media":3085,"parent":0,"menu_order":0,"comment_status":"closed","ping_status":"closed","template":"page-service.php","meta":{"_acf_changed":false,"footnotes":""},"class_list":["post-4045","page","type-page","status-publish","has-post-thumbnail","hentry"],"acf":[],"_links":{"self":[{"href":"https:\/\/www.stravex.com\/de\/wp-json\/wp\/v2\/pages\/4045","targetHints":{"allow":["GET"]}}],"collection":[{"href":"https:\/\/www.stravex.com\/de\/wp-json\/wp\/v2\/pages"}],"about":[{"href":"https:\/\/www.stravex.com\/de\/wp-json\/wp\/v2\/types\/page"}],"author":[{"embeddable":true,"href":"https:\/\/www.stravex.com\/de\/wp-json\/wp\/v2\/users\/1"}],"replies":[{"embeddable":true,"href":"https:\/\/www.stravex.com\/de\/wp-json\/wp\/v2\/comments?post=4045"}],"version-history":[{"count":4,"href":"https:\/\/www.stravex.com\/de\/wp-json\/wp\/v2\/pages\/4045\/revisions"}],"predecessor-version":[{"id":5660,"href":"https:\/\/www.stravex.com\/de\/wp-json\/wp\/v2\/pages\/4045\/revisions\/5660"}],"wp:featuredmedia":[{"embeddable":true,"href":"https:\/\/www.stravex.com\/de\/wp-json\/wp\/v2\/media\/3085"}],"wp:attachment":[{"href":"https:\/\/www.stravex.com\/de\/wp-json\/wp\/v2\/media?parent=4045"}],"curies":[{"name":"wp","href":"https:\/\/api.w.org\/{rel}","templated":true}]}}