{"id":4042,"date":"2025-07-12T13:21:11","date_gmt":"2025-07-12T11:21:11","guid":{"rendered":"https:\/\/www.stravex.com\/?page_id=4042"},"modified":"2026-03-15T11:42:05","modified_gmt":"2026-03-15T10:42:05","slug":"spedition-usa-transporte-fracht","status":"publish","type":"page","link":"https:\/\/www.stravex.com\/de\/spedition-usa-transporte-fracht","title":{"rendered":"Internationale Spedition &#8211; Frachttransporte von den &#038; in die USA"},"content":{"rendered":"<div id=\"pl-4042\"  class=\"panel-layout\" ><div id=\"pg-4042-0\"  class=\"panel-grid panel-no-style\" ><div id=\"pgc-4042-0-0\"  class=\"panel-grid-cell\" ><div id=\"panel-4042-0-0-0\" class=\"so-panel widget widget_sow-image panel-first-child panel-last-child\" data-index=\"0\" ><div\n\t\t\t\n\t\t\tclass=\"so-widget-sow-image so-widget-sow-image-default-6ec9e3772f75-4042\"\n\t\t\t\n\t\t>\n<div class=\"sow-image-container\">\n\t\t\t<a href=\"\/wp-content\/uploads\/2025\/07\/USA.jpg\"\n\t\t\t\t\t>\n\t\t\t<img loading=\"lazy\" decoding=\"async\" src=\"https:\/\/www.stravex.com\/wp-content\/uploads\/2025\/07\/USA-360x240.jpg\" width=\"360\" height=\"240\" srcset=\"https:\/\/www.stravex.com\/wp-content\/uploads\/2025\/07\/USA-360x240.jpg 360w, https:\/\/www.stravex.com\/wp-content\/uploads\/2025\/07\/USA-300x200.jpg 300w, https:\/\/www.stravex.com\/wp-content\/uploads\/2025\/07\/USA-1024x683.jpg 1024w, https:\/\/www.stravex.com\/wp-content\/uploads\/2025\/07\/USA-768x512.jpg 768w, https:\/\/www.stravex.com\/wp-content\/uploads\/2025\/07\/USA-272x182.jpg 272w, https:\/\/www.stravex.com\/wp-content\/uploads\/2025\/07\/USA.jpg 1080w\" sizes=\"auto, (max-width: 360px) 100vw, 360px\" alt=\"spedition USA, Transport USA, fracht Amerika, container USA, transport nach\" class=\"so-widget-image\" title=\"\">\n\t\t\t<\/a><\/div>\n\n<\/div><\/div><\/div><div id=\"pgc-4042-0-1\"  class=\"panel-grid-cell\" ><div id=\"panel-4042-0-1-0\" class=\"so-panel widget widget_black-studio-tinymce widget_black_studio_tinymce panel-first-child panel-last-child\" data-index=\"1\" ><div class=\"textwidget\"><h2><span style=\"font-size: 30px;\"><strong>Transporte in die USA: See- und Luftfracht mit zuverl\u00e4ssigem Service<\/strong><\/span><\/h2>\n<\/div><\/div><\/div><\/div><div id=\"pg-4042-1\"  class=\"panel-grid panel-no-style\" ><div id=\"pgc-4042-1-0\"  class=\"panel-grid-cell\" ><div id=\"panel-4042-1-0-0\" class=\"so-panel widget widget_black-studio-tinymce widget_black_studio_tinymce panel-first-child panel-last-child\" data-index=\"2\" ><div class=\"textwidget\"><h2><span class=\"lh-08\" style=\"font-size: 24px;\"><strong>Professionelle Logistikl\u00f6sungen von Deutschland, \u00d6sterreich und aus der Schweiz in die USA:<\/strong><\/span><\/h2>\n<p>&nbsp;<\/p>\n<ul>\n<li><a href=\"https:\/\/www.stravex.com\/de\/seefracht-deutschland-container\" target=\"_blank\" rel=\"noopener\"><strong>Seetransporte<\/strong><\/a><strong>\u00a0<\/strong><strong>USA<\/strong>\n<ul>\n<li>Containertransporte (FCL) in die USA (Los Angeles, Long Beach, New York, Savannah, Seattle, Baltimore, Hampton, Louisiana, Houston, Charleston, Oakland, Miami, Tampa, Chicago) von Hamburg, Bremerhaven, Wilhelmshaven, Antwerpen und Rotterdam<\/li>\n<li>W\u00f6chentliche Sammelgutcontainer (LCL) zwischen Hamburg und gro\u00dfen nordamerikanischen H\u00e4fen<\/li>\n<li><a href=\"https:\/\/www.stravex.com\/de\/schwertransporte-deutschland-spedition\" target=\"_blank\" rel=\"noopener\">Projekt- und Schwertransporte<\/a> von Baumaschinen, Bef\u00f6rderungsmitteln und Industrieanlagen in die USA und aus den USA<\/li>\n<li>Zuverl\u00e4ssige Logistikl\u00f6sungen f\u00fcr die Transporte aus den USA in die Ukraine<\/li>\n<\/ul>\n<\/li>\n<\/ul>\n<ul>\n<li><a href=\"https:\/\/www.stravex.com\/de\/luftfracht-deutschland-lufttransporte\" target=\"_blank\" rel=\"noopener\"><strong>Lufttransporte<\/strong><\/a><strong>\u00a0<\/strong><strong>USA<\/strong>\n<ul>\n<li>Luftfracht von und nach Hartsfield-Jackson Atlanta International Airport, New York John F. Kennedy International Airport, Chicago O\u2019Hare International Airport, Los Angeles International Airport, Miami International Airport, Memphis International Airport in Tennessee, Louisville International Airport and Cincinnati Northern Kentucky International Airport nach und von Frankfurt am Main, M\u00fcnchen, Hamburg, Luxemburg, Z\u00fcrich und weiteren europ\u00e4ischen Flugh\u00e4fen:\n<ul>\n<li>LKW-Transporte zu amerikanischen Flugh\u00e4fen<\/li>\n<li>Verzollung an den Flugh\u00e4fen<\/li>\n<li>Luftfracht mit Frachtern und regul\u00e4ren Passagierflugzeugen\u00a0von Delta Airlines, American Airlines, Southwest Airlines, United Airlines, Lufthansa, KLM, Swiss International Air Lines, CargoLux usw.<\/li>\n<\/ul>\n<\/li>\n<li>Sondertarife f\u00fcr Lieferungen aus Frankfurt am Main, Luxemburg und Amsterdam nach New York, Atlanta und Chicago in den USA<\/li>\n<\/ul>\n<\/li>\n<\/ul>\n<p>&nbsp;<\/p>\n<p>Wir f\u00fchren Transporte zwischen Nordamerika und den folgenden europ\u00e4ischen und zentralasiatischen L\u00e4ndern durch: Belgien, Bulgarien, D\u00e4nemark, Deutschland, Estland, Finnland, Frankreich, Griechenland, Gro\u00dfbritannien, Italien, Irland, Kasachstan, Kroatien, Lettland, Litauen, Luxemburg, Malta, den Niederlanden, Norwegen, Polen, Portugal, \u00d6sterreich, Rum\u00e4nien, Schweden, der Schweiz, der Slowakei, Slowenien, Spanien, Tschechien, Turkmenistan, der Ukraine, Ungarn, Usbekistan und Zypern.<\/p>\n<p>&nbsp;<\/p>\n<p><strong>Haben Sie Fragen zu Transporten zwischen den USA, Deutschland, \u00d6sterreich und der Schweiz? Kontaktieren Sie uns! Unser kompetentes Team freut sich auf Ihre Anfrage:<\/strong><\/p>\n<p><strong>\ud83d\udcde<\/strong><strong> Telefon:\u00a0\u00a0<a href=\"tel:+4940334870300\">+4940334870300<\/a><\/strong><\/p>\n<p><strong>\u2709\ufe0f<\/strong><strong> E-Mail:\u00a0 \u00a0 <a href=\"mailto:info@stravex.com\">info@stravex.com<\/a><\/strong><\/p>\n<hr \/>\n<p>&nbsp;<\/p>\n<\/div><\/div><\/div><\/div><\/div>","protected":false},"excerpt":{"rendered":"<p>Transporte in die USA: Luftfracht und Seefracht<\/p>\n","protected":false},"author":1,"featured_media":3017,"parent":0,"menu_order":0,"comment_status":"closed","ping_status":"closed","template":"page-service.php","meta":{"_acf_changed":false,"footnotes":""},"class_list":["post-4042","page","type-page","status-publish","has-post-thumbnail","hentry"],"acf":[],"_links":{"self":[{"href":"https:\/\/www.stravex.com\/de\/wp-json\/wp\/v2\/pages\/4042","targetHints":{"allow":["GET"]}}],"collection":[{"href":"https:\/\/www.stravex.com\/de\/wp-json\/wp\/v2\/pages"}],"about":[{"href":"https:\/\/www.stravex.com\/de\/wp-json\/wp\/v2\/types\/page"}],"author":[{"embeddable":true,"href":"https:\/\/www.stravex.com\/de\/wp-json\/wp\/v2\/users\/1"}],"replies":[{"embeddable":true,"href":"https:\/\/www.stravex.com\/de\/wp-json\/wp\/v2\/comments?post=4042"}],"version-history":[{"count":9,"href":"https:\/\/www.stravex.com\/de\/wp-json\/wp\/v2\/pages\/4042\/revisions"}],"predecessor-version":[{"id":5999,"href":"https:\/\/www.stravex.com\/de\/wp-json\/wp\/v2\/pages\/4042\/revisions\/5999"}],"wp:featuredmedia":[{"embeddable":true,"href":"https:\/\/www.stravex.com\/de\/wp-json\/wp\/v2\/media\/3017"}],"wp:attachment":[{"href":"https:\/\/www.stravex.com\/de\/wp-json\/wp\/v2\/media?parent=4042"}],"curies":[{"name":"wp","href":"https:\/\/api.w.org\/{rel}","templated":true}]}}