{"id":4029,"date":"2015-04-23T12:31:54","date_gmt":"2015-04-23T10:31:54","guid":{"rendered":"https:\/\/www.stravex.com\/?page_id=4029"},"modified":"2026-02-04T20:24:51","modified_gmt":"2026-02-04T19:24:51","slug":"bahnfracht-deutschland-spedition","status":"publish","type":"page","link":"https:\/\/www.stravex.com\/de\/bahnfracht-deutschland-spedition","title":{"rendered":"Bahnfracht Deutschland"},"content":{"rendered":"<div id=\"pl-4029\"  class=\"panel-layout\" ><div id=\"pg-4029-0\"  class=\"panel-grid panel-no-style\" ><div id=\"pgc-4029-0-0\"  class=\"panel-grid-cell\" ><div id=\"panel-4029-0-0-0\" class=\"so-panel widget widget_media_image panel-first-child panel-last-child\" data-index=\"0\" ><img loading=\"lazy\" decoding=\"async\" width=\"1200\" height=\"680\" src=\"https:\/\/www.stravex.com\/wp-content\/uploads\/2025\/05\/rail.jpg\" class=\"image wp-image-1159  attachment-full size-full\" alt=\"Bahnfracht nach \u00d6sterreich, Tschechien, in die Schweiz | Bahntransporte Container von Deutschland nach China| Containerzug China Deutschland Schweiz\" style=\"max-width: 100%; height: auto;\" srcset=\"https:\/\/www.stravex.com\/wp-content\/uploads\/2025\/05\/rail.jpg 1200w, https:\/\/www.stravex.com\/wp-content\/uploads\/2025\/05\/rail-300x170.jpg 300w, https:\/\/www.stravex.com\/wp-content\/uploads\/2025\/05\/rail-1024x580.jpg 1024w, https:\/\/www.stravex.com\/wp-content\/uploads\/2025\/05\/rail-768x435.jpg 768w, https:\/\/www.stravex.com\/wp-content\/uploads\/2025\/05\/rail-360x204.jpg 360w\" sizes=\"auto, (max-width: 1200px) 100vw, 1200px\" title=\"\"><\/div><\/div><div id=\"pgc-4029-0-1\"  class=\"panel-grid-cell\" ><div id=\"panel-4029-0-1-0\" class=\"so-panel widget widget_black-studio-tinymce widget_black_studio_tinymce panel-first-child panel-last-child\" data-index=\"1\" ><div class=\"panel-widget-style panel-widget-style-for-4029-0-1-0\" ><div class=\"textwidget\"><h2><strong><span style=\"font-size: 30px;\">Bahnfracht: Eisenbahntransporte innerhalb Europas sowie nach China und Zentralasien<\/span><\/strong><\/h2>\n<p>&nbsp;<\/p>\n<\/div><\/div><\/div><\/div><\/div><div id=\"pg-4029-1\"  class=\"panel-grid panel-no-style\" ><div id=\"pgc-4029-1-0\"  class=\"panel-grid-cell\" ><div id=\"panel-4029-1-0-0\" class=\"so-panel widget widget_black-studio-tinymce widget_black_studio_tinymce panel-first-child panel-last-child\" data-index=\"2\" ><div class=\"textwidget\"><h2 class=\"line_down_up\"><span style=\"font-size: 24px;\">Regelm\u00e4\u00dfige Containertransporte per Bahn nach \u00d6sterreich, Ungarn, Tschechien und in die Schweiz\u00a0<\/span><\/h2>\n<p>Innerhalb Europas sind Bahntransporte eine ideale L\u00f6sung f\u00fcr schnelle und nachhaltige Logistik. Ob nach <a href=\"https:\/\/www.stravex.com\/de\/spedition-osterreich-transport\" target=\"_blank\" rel=\"noopener\"><strong>\u00d6sterreich<\/strong><\/a>,\u00a0<a href=\"https:\/\/www.stravex.com\/de\/spedition-tschechien-slowakei-ungarn\" target=\"_blank\" rel=\"noopener\"><strong>Tschechien<\/strong><\/a>, <strong><a href=\"https:\/\/www.stravex.com\/de\/spedition-italien-transport-logistik\" target=\"_blank\" rel=\"noopener\">Italien<\/a> <\/strong>oder in <strong><a href=\"https:\/\/www.stravex.com\/de\/spedition-schweiz-transport\" target=\"_blank\" rel=\"noopener\">die Schweiz<\/a><\/strong> \u2013 wir sorgen f\u00fcr effiziente Verbindungen und eine reibungslose Abwicklung Ihrer Bahnfracht.<\/p>\n<h2 class=\"line_down_up\"><span style=\"font-size: 24px;\">Optimale Bahntarife bei Containertransport Deutschland-China \/ Mittelasien-Deutschland<\/span><\/h2>\n<ul>\n<li>Der Bahntransport von\u00a0<a href=\"https:\/\/www.stravex.com\/de\/spedition-hamburg-deutschland-logistik-transport\" target=\"_blank\" rel=\"noopener\"><strong>Deutschland<\/strong><\/a>\u00a0nach\u00a0<strong><a href=\"https:\/\/www.stravex.com\/de\/spedition-china-logistik-hongkong-transport\" target=\"_blank\" rel=\"noopener\">China<\/a> <\/strong>bietet eine schnelle und zuverl\u00e4ssige Alternative zum See- und Luftfrachtverkehr. Wir organisieren w\u00f6chentliche Transporte von kompletten Containern (FCL) sowie Teilverladungen (LCL) mit direkten Containerz\u00fcgen zwischen China und Hamburg, M\u00fcnchen, L\u00fcttich, Warschau sowie Duisburg mit folgenden Vorteilen\n<ul>\n<li>Schneller als Seefracht, g\u00fcnstiger als Luftfracht<\/li>\n<li>Umweltfreundliche Transportoption<\/li>\n<li>Sichere und \u00fcberwachte Logistikprozesse<\/li>\n<\/ul>\n<\/li>\n<\/ul>\n<ul>\n<li style=\"list-style-type: none;\"><\/li>\n<\/ul>\n<ul>\n<li>Die Containertransporte nach Mittelasien per Bahn sind eine kosteng\u00fcnstigere und sichere Alternative im Vergleich zu LKW-Transporten und k\u00f6nnen sowie \u00fcber die Nord- als auch die S\u00fcdroute durchgef\u00fchrt werden\n<ul>\n<li>Wir transportieren Container und Projektladungen in folgende L\u00e4nder Mittelasiens: <a href=\"https:\/\/www.stravex.com\/de\/spedition-usbekistan\" target=\"_blank\" rel=\"noopener\"><strong>Usbekistan<\/strong><\/a>, <strong><a href=\"https:\/\/www.stravex.com\/de\/spedition-kasachstan\" target=\"_blank\" rel=\"noopener\">Kasachstan<\/a><\/strong>, <strong><a href=\"https:\/\/www.stravex.com\/de\/spedition-turkmenistan\" target=\"_blank\" rel=\"noopener\">Turkmenistan<\/a><\/strong>, <a href=\"https:\/\/www.stravex.com\/de\/spedition-kirgisistan\" target=\"_blank\" rel=\"noopener\"><strong>Kirgisistan<\/strong><\/a>, <a href=\"https:\/\/www.stravex.com\/de\/spedition-tadschikistan\" target=\"_blank\" rel=\"noopener\"><strong>Tadschikistan<\/strong><\/a> sowie in die <strong><a href=\"https:\/\/www.stravex.com\/de\/spedition-mongolei\" target=\"_blank\" rel=\"noopener\">Mongolei<\/a><\/strong><\/li>\n<\/ul>\n<\/li>\n<\/ul>\n<ul class=\"line_down_text\">\n<li>Unsere zus\u00e4tzliche Services bei Bahntransporten Europa-Asien-Europa:\n<ul>\n<li>Vorlauf und Nachlauf per <a href=\"https:\/\/www.stravex.com\/de\/lkw-deutschland-containertransporte-hamburg\" target=\"_blank\" rel=\"noopener\"><strong>LKW<\/strong><\/a> und <strong><a href=\"https:\/\/www.stravex.com\/de\/seefracht-deutschland-container\" target=\"_blank\" rel=\"noopener\">Schiff<\/a><\/strong><\/li>\n<li>Containerverkauf und \u2013miete<\/li>\n<li>Alle Containertypen (20' DV, 40' DV, 40 HC, 40 HCPW, 45\u2019, OTs, Flats)<\/li>\n<li>Konventionelle Bahntransporte:\n<ul>\n<li>Lieferungen von gro\u00dfen Warenpartien<\/li>\n<li><strong><a href=\"https:\/\/www.stravex.com\/de\/schwertransporte-deutschland-spedition\" target=\"_blank\" rel=\"noopener\">Schwer- und Gro\u00dfraumtransporte<\/a><\/strong><\/li>\n<li>Umladung Schiff\/Zug in Hamburg und Bremerhaven und Umladung Zug\/LKW an der Ostgrenze der EU (Lublin, Helm, Ma\u0142aszewicze)<\/li>\n<\/ul>\n<\/li>\n<\/ul>\n<\/li>\n<\/ul>\n<p>Bahntransporte vereinen Geschwindigkeit, Sicherheit und Nachhaltigkeit. Durch unsere Erfahrung und starken Partnernetzwerke bieten wir Ihnen erstklassige Logistikleistungen \u2013 sowohl f\u00fcr Ferntransporte nach China und Mittelasien als auch f\u00fcr regionale Bahnverbindungen innerhalb Europas.<\/p>\n<p><strong>Setzen Sie auf unsere Expertise im Bereich Containertransporte per Bahn und profitieren Sie von einem leistungsstarken Service. Kontaktieren Sie uns per Telefon unter <a href=\"tel:+4940334870300\" target=\"_blank\" rel=\"noopener\">+4940334870300<\/a> oder E-Mail an <\/strong><strong><span id=\"cloak5b297c2c4d00dac240482415312794c0\"><a href=\"mailto:info@stravex.com\" target=\"_blank\" rel=\"noopener\">info@stravex.com<\/a><\/span><\/strong><strong>!<\/strong><\/p>\n<hr \/>\n<p>&nbsp;<\/p>\n<\/div><\/div><\/div><\/div><\/div>","protected":false},"excerpt":{"rendered":"<p> Containertransporte per Bahn nach \u00d6sterreich, Ungarn, Tschechien, in die Schweiz sowie nach China &#038; Mittelasien <\/p>\n","protected":false},"author":1,"featured_media":1159,"parent":0,"menu_order":0,"comment_status":"closed","ping_status":"open","template":"page-service.php","meta":{"_acf_changed":false,"footnotes":""},"class_list":["post-4029","page","type-page","status-publish","has-post-thumbnail","hentry"],"acf":[],"_links":{"self":[{"href":"https:\/\/www.stravex.com\/de\/wp-json\/wp\/v2\/pages\/4029","targetHints":{"allow":["GET"]}}],"collection":[{"href":"https:\/\/www.stravex.com\/de\/wp-json\/wp\/v2\/pages"}],"about":[{"href":"https:\/\/www.stravex.com\/de\/wp-json\/wp\/v2\/types\/page"}],"author":[{"embeddable":true,"href":"https:\/\/www.stravex.com\/de\/wp-json\/wp\/v2\/users\/1"}],"replies":[{"embeddable":true,"href":"https:\/\/www.stravex.com\/de\/wp-json\/wp\/v2\/comments?post=4029"}],"version-history":[{"count":23,"href":"https:\/\/www.stravex.com\/de\/wp-json\/wp\/v2\/pages\/4029\/revisions"}],"predecessor-version":[{"id":5681,"href":"https:\/\/www.stravex.com\/de\/wp-json\/wp\/v2\/pages\/4029\/revisions\/5681"}],"wp:featuredmedia":[{"embeddable":true,"href":"https:\/\/www.stravex.com\/de\/wp-json\/wp\/v2\/media\/1159"}],"wp:attachment":[{"href":"https:\/\/www.stravex.com\/de\/wp-json\/wp\/v2\/media?parent=4029"}],"curies":[{"name":"wp","href":"https:\/\/api.w.org\/{rel}","templated":true}]}}