{"id":4006,"date":"2025-04-27T17:59:13","date_gmt":"2025-04-27T15:59:13","guid":{"rendered":"https:\/\/www.stravex.com\/?page_id=4006"},"modified":"2026-02-04T19:41:17","modified_gmt":"2026-02-04T18:41:17","slug":"lkw-deutschland-containertransporte-hamburg","status":"publish","type":"page","link":"https:\/\/www.stravex.com\/de\/lkw-deutschland-containertransporte-hamburg","title":{"rendered":"LKW Transporte in Deutschland, Europa und Asien"},"content":{"rendered":"<div id=\"pl-4006\"  class=\"panel-layout\" ><div id=\"pg-4006-0\"  class=\"panel-grid panel-no-style\" ><div id=\"pgc-4006-0-0\"  class=\"panel-grid-cell\" ><div id=\"panel-4006-0-0-0\" class=\"so-panel widget widget_media_image panel-first-child panel-last-child\" data-index=\"0\" ><img loading=\"lazy\" decoding=\"async\" width=\"1200\" height=\"680\" src=\"https:\/\/www.stravex.com\/wp-content\/uploads\/2025\/05\/roadtransport.jpg\" class=\"image wp-image-1145  attachment-full size-full\" alt=\"Container Transporte und Hafen Spedition in Hamburg | Expresstransporte in Deutschland und Europa\" style=\"max-width: 100%; height: auto;\" srcset=\"https:\/\/www.stravex.com\/wp-content\/uploads\/2025\/05\/roadtransport.jpg 1200w, https:\/\/www.stravex.com\/wp-content\/uploads\/2025\/05\/roadtransport-300x170.jpg 300w, https:\/\/www.stravex.com\/wp-content\/uploads\/2025\/05\/roadtransport-1024x580.jpg 1024w, https:\/\/www.stravex.com\/wp-content\/uploads\/2025\/05\/roadtransport-768x435.jpg 768w, https:\/\/www.stravex.com\/wp-content\/uploads\/2025\/05\/roadtransport-360x204.jpg 360w\" sizes=\"auto, (max-width: 1200px) 100vw, 1200px\" title=\"\"><\/div><\/div><div id=\"pgc-4006-0-1\"  class=\"panel-grid-cell\" ><div id=\"panel-4006-0-1-0\" class=\"so-panel widget widget_black-studio-tinymce widget_black_studio_tinymce panel-first-child panel-last-child\" data-index=\"1\" ><div class=\"panel-widget-style panel-widget-style-for-4006-0-1-0\" ><div class=\"textwidget\"><h2><span style=\"font-size: 30px;\">LKW-Transporte in Hamburg, Deutschland, Europa und Mittelasien<\/span><\/h2>\n<\/div><\/div><\/div><\/div><\/div><div id=\"pg-4006-1\"  class=\"panel-grid panel-no-style\" ><div id=\"pgc-4006-1-0\"  class=\"panel-grid-cell\" ><div id=\"panel-4006-1-0-0\" class=\"so-panel widget widget_black-studio-tinymce widget_black_studio_tinymce panel-first-child panel-last-child\" data-index=\"2\" ><div class=\"textwidget\"><h2 class=\"line_down_up\">LKW-, Container- und Expresstransporte in Hamburg, Deutschland und Europa<\/h2>\n<p>Als erfahrene Spedition in Hamburg bieten wir Ihnen zuverl\u00e4ssige und effiziente LKW-Transporte in <a href=\"https:\/\/www.stravex.com\/de\/spedition-hamburg-deutschland-logistik-transport\" target=\"_blank\" rel=\"noopener\">Deutschland<\/a>, <a href=\"https:\/\/www.stravex.com\/de\/spedition-europa-transporte\" target=\"_blank\" rel=\"noopener\">Europa<\/a> und <a href=\"https:\/\/www.stravex.com\/de\/spedition-usbekistan\" target=\"_blank\" rel=\"noopener\">Mittelasien<\/a> an. Unser Angebot umfasst deutschland- und europaweite Komplettladungen, Teilladungen, Sammelgut, Express- und Containertransporte.<\/p>\n<p><span style=\"font-size: 24px;\"><strong>Unsere speditionelle Leistungen im \u00dcberblick:<\/strong><\/span><\/p>\n<ul>\n<li><strong>Flexibele und sichere LKW-Transporte in Deutschland, Europa und Mittelasien\u00a0<\/strong>\n<ul>\n<li>Moderne Fahrzeugtypen: Planen-LKWs (Jumbo, Mega), Tautliner, Koffer-LKWs, K\u00fchlkoffer, Wechselbr\u00fccken und Tieflader<\/li>\n<li>Erfahrene Fahrer mit langj\u00e4hriger Erfahrung<\/li>\n<li>Express-Lieferungen innerhalb Deutschlands sowie nach Portugal, Spanien, Ungarn und in weitere EU-L\u00e4nder bei dringenden Sendungen<\/li>\n<li>Versicherte Verantwortung nach\u00a0<a href=\"https:\/\/www.dslv.org\/fileadmin\/Redaktion\/PDFs\/07_Publikationen\/ADSp\/DSLV-ADSp-2017.pdf\" target=\"_blank\" rel=\"noopener nofollow\">ADSp 2017<\/a><\/li>\n<li>Langj\u00e4hrige Marktkenntnisse in allen Ziell\u00e4ndern<\/li>\n<li>Schwerpunkte:\n<ul>\n<li>LKW Transporte in Hamburg und Norddeutschland<\/li>\n<li>LKW Transporte zwischen Deutschland und <a href=\"https:\/\/www.stravex.com\/de\/spedition-osterreich-transport\" target=\"_blank\" rel=\"noopener\">\u00d6sterreich<\/a>, <a href=\"https:\/\/www.stravex.com\/de\/spedition-tschechien-slowakei-ungarn\" target=\"_blank\" rel=\"noopener\">Tschechien<\/a>, Rum\u00e4nien und anderen L\u00e4ndern in Mittel- und Osteuropa<\/li>\n<li>LKW Transporte zwischen Deutschland und\u00a0<a href=\"https:\/\/www.stravex.com\/de\/spedition-schweden-finnland\" target=\"_blank\" rel=\"noopener\">Skandinavien<\/a>\u00a0(Schweden, Norwegen, Finnland und D\u00e4nemark)<\/li>\n<li>LKW Transporte zwischen Deutschland und Spanien, Portugal und anderen s\u00fcdeurop\u00e4ischen L\u00e4ndern<\/li>\n<li>LKW Transporte\u00a0zwischen Deutschland und\u00a0<a href=\"https:\/\/www.stravex.com\/de\/spedition-kasachstan\" target=\"_blank\" rel=\"noopener\">Kasachstan<\/a>\u00a0und andere L\u00e4ndern in Mittelasien<\/li>\n<\/ul>\n<\/li>\n<\/ul>\n<\/li>\n<\/ul>\n<ul>\n<li><strong>Komplettladungen, Teilladungen, Sammelgut<\/strong>\n<ul>\n<li>T\u00e4gliche Komplettladungen in Europa und Mittelasien<\/li>\n<li>W\u00f6chentliche Transporte von Teilladungen und Sammelgut zwischen allen ost- und westeurop\u00e4ischen L\u00e4ndern<\/li>\n<li>Konsolidierung in unserem <a href=\"https:\/\/www.stravex.com\/de\/zolllager-deutschland-hamburg\" target=\"_blank\" rel=\"noopener\">Lager im Hafen Hamburg<\/a><\/li>\n<\/ul>\n<\/li>\n<\/ul>\n<ul>\n<li><strong>Containertransporte im nationalen und europaweiten Nah- und Fernverkehr\u00a0<\/strong>\n<ul>\n<li>Containertransporte\u00a0in\u00a0Bremerhaven, Wilhelmshaven, Hamburg, Kiel, L\u00fcbeck, Antwerpen and Rotterdam<\/li>\n<li>Hafenspedition in Hamburg f\u00fcr Containerumfuhren im Hamburger Hafen und ins Hinterland<\/li>\n<li>Europaweite Containertransporte zwischen Depots, Containerterminals, Bahnterminals und Entlade- und Ladestellen<\/li>\n<li>Containerverkauf und -miete<\/li>\n<\/ul>\n<\/li>\n<\/ul>\n<ul>\n<li><strong>Unsere Transportl\u00f6sungen f\u00fcr spezi<\/strong><strong>elle Anforderunge<\/strong><strong>n<\/strong>\n<ul>\n<li>Gefahrguttransporte ADR-Klassen 1-9\n<ul>\n<li>Detaillierte Durchf\u00fchrung aller internationalen Vorschriften<\/li>\n<li>Pr\u00fcfung und Erstellung von notwendigen Unterlagen<\/li>\n<\/ul>\n<\/li>\n<li>K\u00fchl- und Thermotransporte<\/li>\n<li><a href=\"https:\/\/www.stravex.com\/de\/schwertransporte-deutschland-spedition\" target=\"_blank\" rel=\"noopener\">Gro\u00dfraumtransporte und Schwertransporte<\/a>\n<ul>\n<li>Komplette Ausarbeitung der optimalen Route<\/li>\n<li>Beantragung von Genehmigungen in allen durchfahrenden L\u00e4ndern und Kommunen<\/li>\n<li>Begleitfahrzeuge (Polizei oder neutral)<\/li>\n<li>Transporte von Bau- und Stra\u00dfenbautechnik, Nutzfahrzeugen, Ladekranen, Windparks, Energieanlagen, Bohranlagen, Flugzeugen, Transformatoren etc.<\/li>\n<li>Kombinierte Transporte per Schiff und Bahn<\/li>\n<\/ul>\n<\/li>\n<\/ul>\n<\/li>\n<\/ul>\n<ul>\n<li><strong>\u201eDoor to Door\u201c-Trans<\/strong><strong>porte (DDP Lieferung)<\/strong>\n<ul>\n<li>Bis zum Zollamt, mit der weiteren Auslieferung an Empf\u00e4nger<\/li>\n<li>Bis zum Empf\u00e4nger, inkl. Verzollung<\/li>\n<li>Zuverl\u00e4ssige und erfahrene Zollpartner weltweit<\/li>\n<\/ul>\n<\/li>\n<\/ul>\n<p><strong>Ihre\u00a0<\/strong><a href=\"https:\/\/www.stravex.com\/de\/spedition-hamburg-deutschland-logistik-transport\" target=\"_blank\" rel=\"noopener\"><strong>Spedition in Deutschland<\/strong><\/a><strong>\u00a0f\u00fcr LKW-, Express-, Schwergut- &amp; Containertransporte: Wir bringen Ihre Waren p\u00fcnktlich und sicher ans Ziel.\u00a0<\/strong><a href=\"https:\/\/www.stravex.com\/de\/kontakt\" target=\"_blank\" rel=\"noopener\"><strong>Kontaktieren<\/strong><\/a><strong>\u00a0Sie uns jetzt f\u00fcr ein unverbindliches Angebot!<\/strong><\/p>\n<hr \/>\n<\/div><\/div><\/div><\/div><\/div>","protected":false},"excerpt":{"rendered":"<p>Effiziente LKW-, Container- und Expresstransporte \u2013 Komplett- &#038; Teilladungen sowie Sammelgut europa- und asienweit<\/p>\n","protected":false},"author":1,"featured_media":1145,"parent":0,"menu_order":0,"comment_status":"closed","ping_status":"open","template":"page-service.php","meta":{"_acf_changed":false,"footnotes":""},"class_list":["post-4006","page","type-page","status-publish","has-post-thumbnail","hentry"],"acf":[],"_links":{"self":[{"href":"https:\/\/www.stravex.com\/de\/wp-json\/wp\/v2\/pages\/4006","targetHints":{"allow":["GET"]}}],"collection":[{"href":"https:\/\/www.stravex.com\/de\/wp-json\/wp\/v2\/pages"}],"about":[{"href":"https:\/\/www.stravex.com\/de\/wp-json\/wp\/v2\/types\/page"}],"author":[{"embeddable":true,"href":"https:\/\/www.stravex.com\/de\/wp-json\/wp\/v2\/users\/1"}],"replies":[{"embeddable":true,"href":"https:\/\/www.stravex.com\/de\/wp-json\/wp\/v2\/comments?post=4006"}],"version-history":[{"count":6,"href":"https:\/\/www.stravex.com\/de\/wp-json\/wp\/v2\/pages\/4006\/revisions"}],"predecessor-version":[{"id":5676,"href":"https:\/\/www.stravex.com\/de\/wp-json\/wp\/v2\/pages\/4006\/revisions\/5676"}],"wp:featuredmedia":[{"embeddable":true,"href":"https:\/\/www.stravex.com\/de\/wp-json\/wp\/v2\/media\/1145"}],"wp:attachment":[{"href":"https:\/\/www.stravex.com\/de\/wp-json\/wp\/v2\/media?parent=4006"}],"curies":[{"name":"wp","href":"https:\/\/api.w.org\/{rel}","templated":true}]}}