{"id":3995,"date":"2015-04-23T12:38:18","date_gmt":"2015-04-23T10:38:18","guid":{"rendered":"https:\/\/www.stravex.com\/?page_id=3995"},"modified":"2025-12-31T15:19:30","modified_gmt":"2025-12-31T14:19:30","slug":"schwertransporte-deutschland-spedition","status":"publish","type":"page","link":"https:\/\/www.stravex.com\/de\/schwertransporte-deutschland-spedition","title":{"rendered":"Schwer- und Projekttransporte"},"content":{"rendered":"<div id=\"pl-3995\"  class=\"panel-layout\" ><div id=\"pg-3995-0\"  class=\"panel-grid panel-no-style\" ><div id=\"pgc-3995-0-0\"  class=\"panel-grid-cell\" ><div id=\"panel-3995-0-0-0\" class=\"so-panel widget widget_media_image panel-first-child panel-last-child\" data-index=\"0\" ><img loading=\"lazy\" decoding=\"async\" width=\"1200\" height=\"680\" src=\"https:\/\/www.stravex.com\/wp-content\/uploads\/2025\/05\/heavytransport.jpg\" class=\"image wp-image-1140  attachment-full size-full\" alt=\"Schwertransporte, Gro\u00dfraumtransporte und Projekttransporte Schwertransporte Deutschland, Gro\u00dfraumtransporte und Projekttransporte Deutschland\" style=\"max-width: 100%; height: auto;\" srcset=\"https:\/\/www.stravex.com\/wp-content\/uploads\/2025\/05\/heavytransport.jpg 1200w, https:\/\/www.stravex.com\/wp-content\/uploads\/2025\/05\/heavytransport-300x170.jpg 300w, https:\/\/www.stravex.com\/wp-content\/uploads\/2025\/05\/heavytransport-1024x580.jpg 1024w, https:\/\/www.stravex.com\/wp-content\/uploads\/2025\/05\/heavytransport-768x435.jpg 768w, https:\/\/www.stravex.com\/wp-content\/uploads\/2025\/05\/heavytransport-360x204.jpg 360w\" sizes=\"auto, (max-width: 1200px) 100vw, 1200px\" title=\"\"><\/div><\/div><div id=\"pgc-3995-0-1\"  class=\"panel-grid-cell\" ><div id=\"panel-3995-0-1-0\" class=\"so-panel widget widget_black-studio-tinymce widget_black_studio_tinymce panel-first-child panel-last-child\" data-index=\"1\" ><div class=\"textwidget\"><h2 style=\"margin:0; padding:0; line-height:1;\">\n  <span style=\"font-size:30px;\"><br \/>\n    Gro\u00dfraum-, Projekt- und<br \/>\n    Schwertransporte:<br \/>\n    Deutschland und weltweit<br \/>\n  <\/span><br \/>\n<\/h2>\n<\/div><\/div><\/div><\/div><div id=\"pg-3995-1\"  class=\"panel-grid panel-no-style\" ><div id=\"pgc-3995-1-0\"  class=\"panel-grid-cell\" ><div id=\"panel-3995-1-0-0\" class=\"so-panel widget widget_black-studio-tinymce widget_black_studio_tinymce panel-first-child panel-last-child\" data-index=\"2\" ><div class=\"textwidget\"><h3 class=\"line_down_up\"><span style=\"font-size: 28px;\">Ihre Fachspedition aus Deutschland f\u00fcr weltweite Projekt- &amp; Schwergutlogistik<\/span><\/h3>\n<p>Wir sind Ihr Speditions-Partner in <a href=\"https:\/\/www.stravex.com\/de\/spedition-hamburg-deutschland-logistik-transport\" target=\"_blank\" rel=\"noopener\">Deutschland<\/a> f\u00fcr anspruchsvolle Schwertransporte, Gro\u00dfraumtransporte und Projektlogistik \u2013 landesweit und international. Mit mehr als 20 Jahren Erfahrung bieten wir effiziente und ma\u00dfgeschneiderte L\u00f6sungen f\u00fcr den Transport sowie den Umschlag von Schwerg\u00fctern und komplexen Projekten.<\/p>\n<h3><strong>Schwertransporte und Speziallogistik \u2013 unsere Speditionsleistungen im \u00dcberblick:<\/strong><\/h3>\n<ul>\n<li>Gro\u00dfraum- und Schwertransporte innerhalb Deutschlands und der EU-L\u00e4nder<\/li>\n<li>Umschlag und Lagerung von Schwergut im Hamburger Hafen<\/li>\n<li>Projekttransporte\u00a0<a href=\"https:\/\/www.stravex.com\/de\/spedition-mongolei\" target=\"_blank\" rel=\"noopener\">in die Mongolei<\/a>, nach\u00a0<a href=\"https:\/\/www.stravex.com\/de\/spedition-usbekistan\" target=\"_blank\" rel=\"noopener\">Usbekistan<\/a>,\u00a0<a href=\"https:\/\/www.stravex.com\/de\/spedition-kasachstan\" target=\"_blank\" rel=\"noopener\">Kasachstan<\/a>,\u00a0<a href=\"https:\/\/www.stravex.com\/de\/spedition-turkmenistan\" target=\"_blank\" rel=\"noopener\">Turkmenistan<\/a>,\u00a0<a href=\"https:\/\/www.stravex.com\/de\/spedition-aserbaidschan\" target=\"_blank\" rel=\"noopener\">Aserbaidschan<\/a> und in weitere L\u00e4nder Zentralasiens sowie der Kaukasusregion<\/li>\n<li>Spezial- und Schwertransporte in die\u00a0<a href=\"https:\/\/www.stravex.com\/de\/spedition-ukraine\" target=\"_blank\" rel=\"noopener\">Ukraine<\/a>,\u00a0nach\u00a0<a href=\"https:\/\/www.stravex.com\/de\/spedition-polen\" target=\"_blank\" rel=\"noopener\">Polen<\/a>,\u00a0<a href=\"https:\/\/www.stravex.com\/de\/spedition-frankreich\" target=\"_blank\" rel=\"noopener\">Frankreich<\/a>,\u00a0<a href=\"https:\/\/www.stravex.com\/de\/spedition-italien\" target=\"_blank\" rel=\"noopener\">Italien<\/a> und alle west- und osteurop\u00e4ischen L\u00e4nder<\/li>\n<li>Weltweite multimodale Bef\u00f6rderung von Schwerg\u00fctern (Binnenschifffahrt\/See, See\/LKW, Bahn\/LKW)<\/li>\n<li>Begleitung und \u00dcberwachung von Transporten mit \u00dcberbreite, \u00dcberl\u00e4nge und \u00dcberh\u00f6he sowie mit \u00dcbergewicht<\/li>\n<li>Milit\u00e4r- und Maschinentransporte weltweit<\/li>\n<li>See- und Luftfracht Charter<\/li>\n<\/ul>\n<\/div><\/div><\/div><\/div><div id=\"pg-3995-2\"  class=\"panel-grid panel-no-style\" ><div id=\"pgc-3995-2-0\"  class=\"panel-grid-cell\" ><div id=\"panel-3995-2-0-0\" class=\"so-panel widget widget_media_gallery panel-first-child panel-last-child\" data-index=\"3\" ><div class=\"line_down_text panel-widget-style panel-widget-style-for-3995-2-0-0\" ><div id='gallery-1' class='gallery galleryid-3995 gallery-columns-3 gallery-size-medium'><figure class='gallery-item'>\n\t\t\t<div class='gallery-icon landscape'>\n\t\t\t\t<a href='https:\/\/www.stravex.com\/de\/schwertransporte-deutschland-spedition\/militar2-2'><img loading=\"lazy\" decoding=\"async\" width=\"300\" height=\"251\" src=\"https:\/\/www.stravex.com\/wp-content\/uploads\/2025\/05\/Militar2-300x251.jpg\" class=\"attachment-medium size-medium\" alt=\"oversized and overweight load to brazil and argentina\" srcset=\"https:\/\/www.stravex.com\/wp-content\/uploads\/2025\/05\/Militar2-300x251.jpg 300w, https:\/\/www.stravex.com\/wp-content\/uploads\/2025\/05\/Militar2-768x642.jpg 768w, https:\/\/www.stravex.com\/wp-content\/uploads\/2025\/05\/Militar2.jpg 1024w\" sizes=\"auto, (max-width: 300px) 100vw, 300px\" title=\"\"><\/a>\n\t\t\t<\/div><\/figure><figure class='gallery-item'>\n\t\t\t<div class='gallery-icon landscape'>\n\t\t\t\t<a href='https:\/\/www.stravex.com\/de\/schwertransporte-deutschland-spedition\/111-vsele-2'><img loading=\"lazy\" decoding=\"async\" width=\"300\" height=\"251\" src=\"https:\/\/www.stravex.com\/wp-content\/uploads\/2025\/05\/111-Vsele-300x251.jpg\" class=\"attachment-medium size-medium\" alt=\"heavy and oversized transport hungary and romania\" srcset=\"https:\/\/www.stravex.com\/wp-content\/uploads\/2025\/05\/111-Vsele-300x251.jpg 300w, https:\/\/www.stravex.com\/wp-content\/uploads\/2025\/05\/111-Vsele-768x643.jpg 768w, https:\/\/www.stravex.com\/wp-content\/uploads\/2025\/05\/111-Vsele.jpg 1024w\" sizes=\"auto, (max-width: 300px) 100vw, 300px\" title=\"\"><\/a>\n\t\t\t<\/div><\/figure><figure class='gallery-item'>\n\t\t\t<div class='gallery-icon landscape'>\n\t\t\t\t<a href='https:\/\/www.stravex.com\/de\/schwertransporte-deutschland-spedition\/flat-2'><img loading=\"lazy\" decoding=\"async\" width=\"300\" height=\"251\" src=\"https:\/\/www.stravex.com\/wp-content\/uploads\/2025\/05\/Flat-300x251.jpg\" class=\"attachment-medium size-medium\" alt=\"heavy haulage and oversized transport hamburg | heavy loads warehouse hamburg\" srcset=\"https:\/\/www.stravex.com\/wp-content\/uploads\/2025\/05\/Flat-300x251.jpg 300w, https:\/\/www.stravex.com\/wp-content\/uploads\/2025\/05\/Flat-768x642.jpg 768w, https:\/\/www.stravex.com\/wp-content\/uploads\/2025\/05\/Flat.jpg 1024w\" sizes=\"auto, (max-width: 300px) 100vw, 300px\" title=\"\"><\/a>\n\t\t\t<\/div><\/figure><figure class='gallery-item'>\n\t\t\t<div class='gallery-icon landscape'>\n\t\t\t\t<a href='https:\/\/www.stravex.com\/de\/schwertransporte-deutschland-spedition\/111-cartonfabric-2'><img loading=\"lazy\" decoding=\"async\" width=\"300\" height=\"251\" src=\"https:\/\/www.stravex.com\/wp-content\/uploads\/2025\/05\/111-Cartonfabric-300x251.jpg\" class=\"attachment-medium size-medium\" alt=\"oversized and overweight transport ukraine and poland\" srcset=\"https:\/\/www.stravex.com\/wp-content\/uploads\/2025\/05\/111-Cartonfabric-300x251.jpg 300w, https:\/\/www.stravex.com\/wp-content\/uploads\/2025\/05\/111-Cartonfabric-768x642.jpg 768w, https:\/\/www.stravex.com\/wp-content\/uploads\/2025\/05\/111-Cartonfabric.jpg 1024w\" sizes=\"auto, (max-width: 300px) 100vw, 300px\" title=\"\"><\/a>\n\t\t\t<\/div><\/figure><figure class='gallery-item'>\n\t\t\t<div class='gallery-icon landscape'>\n\t\t\t\t<a href='https:\/\/www.stravex.com\/de\/schwertransporte-deutschland-spedition\/111-betonoukladschik2-2'><img loading=\"lazy\" decoding=\"async\" width=\"300\" height=\"251\" src=\"https:\/\/www.stravex.com\/wp-content\/uploads\/2025\/05\/111-Betonoukladschik2-300x251.jpg\" class=\"attachment-medium size-medium\" alt=\"heavy cargo mongolia and kyrgyzstan\" srcset=\"https:\/\/www.stravex.com\/wp-content\/uploads\/2025\/05\/111-Betonoukladschik2-300x251.jpg 300w, https:\/\/www.stravex.com\/wp-content\/uploads\/2025\/05\/111-Betonoukladschik2-768x642.jpg 768w, https:\/\/www.stravex.com\/wp-content\/uploads\/2025\/05\/111-Betonoukladschik2.jpg 1024w\" sizes=\"auto, (max-width: 300px) 100vw, 300px\" title=\"\"><\/a>\n\t\t\t<\/div><\/figure><figure class='gallery-item'>\n\t\t\t<div class='gallery-icon landscape'>\n\t\t\t\t<a href='https:\/\/www.stravex.com\/de\/schwertransporte-deutschland-spedition\/111-an124-2'><img loading=\"lazy\" decoding=\"async\" width=\"300\" height=\"251\" src=\"https:\/\/www.stravex.com\/wp-content\/uploads\/2025\/05\/111-AN124-300x251.jpg\" class=\"attachment-medium size-medium\" alt=\"oversized cargo kazakhstan and uzbekistan\" srcset=\"https:\/\/www.stravex.com\/wp-content\/uploads\/2025\/05\/111-AN124-300x251.jpg 300w, https:\/\/www.stravex.com\/wp-content\/uploads\/2025\/05\/111-AN124-768x642.jpg 768w, https:\/\/www.stravex.com\/wp-content\/uploads\/2025\/05\/111-AN124.jpg 1024w\" sizes=\"auto, (max-width: 300px) 100vw, 300px\" title=\"\"><\/a>\n\t\t\t<\/div><\/figure>\n\t\t<\/div>\n<\/div><\/div><\/div><\/div><div id=\"pg-3995-3\"  class=\"panel-grid panel-no-style\" ><div id=\"pgc-3995-3-0\"  class=\"panel-grid-cell\" ><div id=\"panel-3995-3-0-0\" class=\"so-panel widget widget_black-studio-tinymce widget_black_studio_tinymce panel-first-child panel-last-child\" data-index=\"4\" ><div class=\"textwidget\"><h3><strong>Ausgew\u00e4hlte Referenzen \u2013 erfolgreiche Projekttransporte in der Schwergutlogistik:<\/strong><\/h3>\n<p>Unsere Fachkompetenz basiert auf erfolgreich durchgef\u00fchrten Gro\u00dfraum- und Schwertransporten weltweit:<\/p>\n<ul>\n<li>Schwertransporte aus Deutschland und den Niederlanden\u00a0nach Turkmenistan\u00a0(Tunnelbohrer Bauer, Gleitschalungsfertiger Wirtgen, Krane Hitachi Sumitomo)<\/li>\n<li>Schwertransporte aus Deutschland nach Brasilien (Milit\u00e4rmaschinen General Dynamics)<\/li>\n<li>Schwertransporte aus Frankreich nach Deutschland (Teleskopstapler Manitou)<\/li>\n<li>Schwertransporte per Bahn aus der Ukraine nach Kosovo (Milit\u00e4rmaschinen und UNO-Truppenkontingent)<\/li>\n<li>Charter-Transport aus den USA nach Deutschland mit Frachtern An-124 (Telekommunikationsbasisstationen Andrew)<\/li>\n<li>Schwertransporte vom Hafen Hamburg nach Polen und in die GUS-L\u00e4nder (Kompressoren Samsung Techwin)<\/li>\n<li>Gro\u00dfraum- und Schwertransporte aus Italien nach Deutschland (demontierte Stahlbetriebe)<\/li>\n<li>Gro\u00dfraumtransporte aus Italien in die Ukraine (Traversensystem Fa. System Robot)<\/li>\n<li>Umschlag von Schwerg\u00fctern im Hafen Hamburg (Agrartechnik Yarroweyah)<\/li>\n<li>Gro\u00dfraumtransporte aus Deutschland nach Kasachstan (Kabeltrommeln RFS)<\/li>\n<li>Schwer- und Gro\u00dfraumtransporte aus Deutschland auf die Philippinen (demontierte Wellpappenfabrik)<\/li>\n<li>Schwertransporte aus \u00d6sterreich nach Belarus (Destillationskolonnen Kremsm\u00fcller)<\/li>\n<li>Schwer- und Gro\u00dfraumtransporte von Maschinen in die GUS-L\u00e4nder und Umschlag von Gro\u00dfraumkisten im Hafen Hamburg<\/li>\n<li>Gro\u00dfraumtransporte vom Hafen Kiel nach Kroatien (Hubschrauber)<\/li>\n<\/ul>\n<\/div><\/div><\/div><\/div><div id=\"pg-3995-4\"  class=\"panel-grid panel-no-style\" ><div id=\"pgc-3995-4-0\"  class=\"panel-grid-cell\" ><div id=\"panel-3995-4-0-0\" class=\"so-panel widget widget_media_gallery panel-first-child panel-last-child\" data-index=\"5\" ><div class=\"line_down_text panel-widget-style panel-widget-style-for-3995-4-0-0\" ><div id='gallery-2' class='gallery galleryid-3995 gallery-columns-3 gallery-size-medium'><figure class='gallery-item'>\n\t\t\t<div class='gallery-icon landscape'>\n\t\t\t\t<a href='https:\/\/www.stravex.com\/de\/schwertransporte-deutschland-spedition\/111-cable2-2-2'><img loading=\"lazy\" decoding=\"async\" width=\"300\" height=\"251\" src=\"https:\/\/www.stravex.com\/wp-content\/uploads\/2025\/05\/111-Cable2-300x251.jpg\" class=\"attachment-medium size-medium\" alt=\"oversize transports and loads spain germany\" srcset=\"https:\/\/www.stravex.com\/wp-content\/uploads\/2025\/05\/111-Cable2-300x251.jpg 300w, https:\/\/www.stravex.com\/wp-content\/uploads\/2025\/05\/111-Cable2-768x642.jpg 768w, https:\/\/www.stravex.com\/wp-content\/uploads\/2025\/05\/111-Cable2.jpg 1024w\" sizes=\"auto, (max-width: 300px) 100vw, 300px\" title=\"\"><\/a>\n\t\t\t<\/div><\/figure><figure class='gallery-item'>\n\t\t\t<div class='gallery-icon landscape'>\n\t\t\t\t<a href='https:\/\/www.stravex.com\/de\/schwertransporte-deutschland-spedition\/111-imgp0014-2'><img loading=\"lazy\" decoding=\"async\" width=\"300\" height=\"251\" src=\"https:\/\/www.stravex.com\/wp-content\/uploads\/2025\/05\/111-IMGP0014-300x251.jpg\" class=\"attachment-medium size-medium\" alt=\"heavy transport and oversized cargo turkmenistan\" srcset=\"https:\/\/www.stravex.com\/wp-content\/uploads\/2025\/05\/111-IMGP0014-300x251.jpg 300w, https:\/\/www.stravex.com\/wp-content\/uploads\/2025\/05\/111-IMGP0014-768x642.jpg 768w, https:\/\/www.stravex.com\/wp-content\/uploads\/2025\/05\/111-IMGP0014.jpg 1024w\" sizes=\"auto, (max-width: 300px) 100vw, 300px\" title=\"\"><\/a>\n\t\t\t<\/div><\/figure><figure class='gallery-item'>\n\t\t\t<div class='gallery-icon landscape'>\n\t\t\t\t<a href='https:\/\/www.stravex.com\/de\/schwertransporte-deutschland-spedition\/111-kistehubschrauber-2'><img loading=\"lazy\" decoding=\"async\" width=\"300\" height=\"251\" src=\"https:\/\/www.stravex.com\/wp-content\/uploads\/2025\/05\/111-KisteHubschrauber-300x251.jpg\" class=\"attachment-medium size-medium\" alt=\"heavy haulage and oversized cargo france, belgium, netherlands\" srcset=\"https:\/\/www.stravex.com\/wp-content\/uploads\/2025\/05\/111-KisteHubschrauber-300x251.jpg 300w, https:\/\/www.stravex.com\/wp-content\/uploads\/2025\/05\/111-KisteHubschrauber-768x643.jpg 768w, https:\/\/www.stravex.com\/wp-content\/uploads\/2025\/05\/111-KisteHubschrauber.jpg 1024w\" sizes=\"auto, (max-width: 300px) 100vw, 300px\" title=\"\"><\/a>\n\t\t\t<\/div><\/figure><figure class='gallery-item'>\n\t\t\t<div class='gallery-icon landscape'>\n\t\t\t\t<a href='https:\/\/www.stravex.com\/de\/schwertransporte-deutschland-spedition\/111-wiemann-2'><img loading=\"lazy\" decoding=\"async\" width=\"300\" height=\"251\" src=\"https:\/\/www.stravex.com\/wp-content\/uploads\/2025\/05\/111-Wiemann-300x251.jpg\" class=\"attachment-medium size-medium\" alt=\"Heavy equipment transport germany\" srcset=\"https:\/\/www.stravex.com\/wp-content\/uploads\/2025\/05\/111-Wiemann-300x251.jpg 300w, https:\/\/www.stravex.com\/wp-content\/uploads\/2025\/05\/111-Wiemann-768x643.jpg 768w, https:\/\/www.stravex.com\/wp-content\/uploads\/2025\/05\/111-Wiemann.jpg 1024w\" sizes=\"auto, (max-width: 300px) 100vw, 300px\" title=\"\"><\/a>\n\t\t\t<\/div><\/figure><figure class='gallery-item'>\n\t\t\t<div class='gallery-icon landscape'>\n\t\t\t\t<a href='https:\/\/www.stravex.com\/de\/schwertransporte-deutschland-spedition\/111-wirtgen-br-2-2'><img loading=\"lazy\" decoding=\"async\" width=\"300\" height=\"251\" src=\"https:\/\/www.stravex.com\/wp-content\/uploads\/2025\/05\/111-Wirtgen-Br-2-300x251.jpg\" class=\"attachment-medium size-medium\" alt=\"project cargo germany, spezialized and heavy transpors from germany\" srcset=\"https:\/\/www.stravex.com\/wp-content\/uploads\/2025\/05\/111-Wirtgen-Br-2-300x251.jpg 300w, https:\/\/www.stravex.com\/wp-content\/uploads\/2025\/05\/111-Wirtgen-Br-2-768x642.jpg 768w, https:\/\/www.stravex.com\/wp-content\/uploads\/2025\/05\/111-Wirtgen-Br-2.jpg 1024w\" sizes=\"auto, (max-width: 300px) 100vw, 300px\" title=\"\"><\/a>\n\t\t\t<\/div><\/figure><figure class='gallery-item'>\n\t\t\t<div class='gallery-icon landscape'>\n\t\t\t\t<a href='https:\/\/www.stravex.com\/de\/schwertransporte-deutschland-spedition\/militar-2'><img loading=\"lazy\" decoding=\"async\" width=\"300\" height=\"251\" src=\"https:\/\/www.stravex.com\/wp-content\/uploads\/2025\/05\/Militar-300x251.jpg\" class=\"attachment-medium size-medium\" alt=\"military transports and heavy haulage to Ukraine form Germany\" srcset=\"https:\/\/www.stravex.com\/wp-content\/uploads\/2025\/05\/Militar-300x251.jpg 300w, https:\/\/www.stravex.com\/wp-content\/uploads\/2025\/05\/Militar-768x642.jpg 768w, https:\/\/www.stravex.com\/wp-content\/uploads\/2025\/05\/Militar.jpg 1024w\" sizes=\"auto, (max-width: 300px) 100vw, 300px\" title=\"\"><\/a>\n\t\t\t<\/div><\/figure>\n\t\t<\/div>\n<\/div><\/div><\/div><\/div><div id=\"pg-3995-5\"  class=\"panel-grid panel-no-style\" ><div id=\"pgc-3995-5-0\"  class=\"panel-grid-cell\" ><div id=\"panel-3995-5-0-0\" class=\"so-panel widget widget_black-studio-tinymce widget_black_studio_tinymce panel-first-child panel-last-child\" data-index=\"6\" ><div class=\"textwidget\"><h3><strong>Warum wir die richtige Spedition f\u00fcr Schwertransporte von\/nach Deutschland sind:<\/strong><\/h3>\n<p>Unsere erfahrenen und kundenorientierten Mitarbeiter wickeln sowohl Standardauftr\u00e4ge als auch komplexe Logistikprojekte zuverl\u00e4ssig und kompetent ab. Wir garantieren Ihnen ein optimales Preis-Zeit-Leistungsverh\u00e4ltnis sowie h\u00f6chste Effizienz und Neutralit\u00e4t bei jedem Transport.<\/p>\n<p><strong>Kontaktieren Sie uns <\/strong>per Telefon unter <strong><a href=\"tel:+4940334870300\" target=\"_blank\" rel=\"noopener\">+4940334870300<\/a><\/strong> oder E-Mail an <strong><span id=\"cloak35c51f1a63a048332892e7deb4316404\"><a href=\"mailto:info@stravex.com\" target=\"_blank\" rel=\"noopener\">info@stravex.com<\/a><\/span><\/strong> und profitieren Sie von unserer globalen Expertise f\u00fcr Schwer-, Gro\u00dfraum- und Projekttransporte!<\/p>\n<hr \/>\n<\/div><\/div><\/div><\/div><\/div>","protected":false},"excerpt":{"rendered":"<p>Gro\u00dfraum- &#038; Schwertransporte in Deutschland, Europa und weltweit. Schwergutumschlag in Hamburg und Bremerhaven<\/p>\n","protected":false},"author":1,"featured_media":3253,"parent":0,"menu_order":0,"comment_status":"closed","ping_status":"open","template":"page-service.php","meta":{"_acf_changed":false,"footnotes":""},"class_list":["post-3995","page","type-page","status-publish","has-post-thumbnail","hentry"],"acf":[],"_links":{"self":[{"href":"https:\/\/www.stravex.com\/de\/wp-json\/wp\/v2\/pages\/3995","targetHints":{"allow":["GET"]}}],"collection":[{"href":"https:\/\/www.stravex.com\/de\/wp-json\/wp\/v2\/pages"}],"about":[{"href":"https:\/\/www.stravex.com\/de\/wp-json\/wp\/v2\/types\/page"}],"author":[{"embeddable":true,"href":"https:\/\/www.stravex.com\/de\/wp-json\/wp\/v2\/users\/1"}],"replies":[{"embeddable":true,"href":"https:\/\/www.stravex.com\/de\/wp-json\/wp\/v2\/comments?post=3995"}],"version-history":[{"count":8,"href":"https:\/\/www.stravex.com\/de\/wp-json\/wp\/v2\/pages\/3995\/revisions"}],"predecessor-version":[{"id":5363,"href":"https:\/\/www.stravex.com\/de\/wp-json\/wp\/v2\/pages\/3995\/revisions\/5363"}],"wp:featuredmedia":[{"embeddable":true,"href":"https:\/\/www.stravex.com\/de\/wp-json\/wp\/v2\/media\/3253"}],"wp:attachment":[{"href":"https:\/\/www.stravex.com\/de\/wp-json\/wp\/v2\/media?parent=3995"}],"curies":[{"name":"wp","href":"https:\/\/api.w.org\/{rel}","templated":true}]}}