{"id":3991,"date":"2025-04-27T14:26:50","date_gmt":"2025-04-27T12:26:50","guid":{"rendered":"https:\/\/www.stravex.com\/?page_id=3991"},"modified":"2026-03-15T11:37:14","modified_gmt":"2026-03-15T10:37:14","slug":"zollagent-verzollung-deutschland","status":"publish","type":"page","link":"https:\/\/www.stravex.com\/de\/zollagent-verzollung-deutschland","title":{"rendered":"Verzollung in Deutschland"},"content":{"rendered":"<div id=\"pl-3991\"  class=\"panel-layout\" ><div id=\"pg-3991-0\"  class=\"panel-grid panel-no-style\" ><div id=\"pgc-3991-0-0\"  class=\"panel-grid-cell\" ><div id=\"panel-3991-0-0-0\" class=\"so-panel widget widget_media_image panel-first-child panel-last-child\" data-index=\"0\" ><img loading=\"lazy\" decoding=\"async\" width=\"1200\" height=\"680\" src=\"https:\/\/www.stravex.com\/wp-content\/uploads\/2025\/05\/customs3.jpg\" class=\"image wp-image-1184  attachment-full size-full\" alt=\"Zollagent und Zollmakler in Hamburg, Deutschland und EU |Stravex- Zollagentur f\u00fcr Zollabwicklung (Zollabfertigung) in Deutschland | Import, Export &amp; Transit Verzollung\" style=\"max-width: 100%; height: auto;\" srcset=\"https:\/\/www.stravex.com\/wp-content\/uploads\/2025\/05\/customs3.jpg 1200w, https:\/\/www.stravex.com\/wp-content\/uploads\/2025\/05\/customs3-300x170.jpg 300w, https:\/\/www.stravex.com\/wp-content\/uploads\/2025\/05\/customs3-1024x580.jpg 1024w, https:\/\/www.stravex.com\/wp-content\/uploads\/2025\/05\/customs3-768x435.jpg 768w, https:\/\/www.stravex.com\/wp-content\/uploads\/2025\/05\/customs3-360x204.jpg 360w\" sizes=\"auto, (max-width: 1200px) 100vw, 1200px\" title=\"\"><\/div><\/div><div id=\"pgc-3991-0-1\"  class=\"panel-grid-cell\" ><div id=\"panel-3991-0-1-0\" class=\"so-panel widget widget_black-studio-tinymce widget_black_studio_tinymce panel-first-child panel-last-child\" data-index=\"1\" ><div class=\"panel-widget-style panel-widget-style-for-3991-0-1-0\" ><div class=\"textwidget\"><h2 style=\"margin:0; padding:0; line-height:1;\">\n  <span style=\"font-size:30px;\"><br \/>\n    Zollagentur in Hamburg - Verzollung in Deutschland<br \/>\n    (Import, Export &amp; Transit)<br \/>\n  <\/span><br \/>\n<\/h2>\n<\/div><\/div><\/div><\/div><\/div><div id=\"pg-3991-1\"  class=\"panel-grid panel-no-style\" ><div id=\"pgc-3991-1-0\"  class=\"panel-grid-cell\" ><div id=\"panel-3991-1-0-0\" class=\"so-panel widget widget_black-studio-tinymce widget_black_studio_tinymce panel-first-child panel-last-child\" data-index=\"2\" ><div class=\"textwidget\"><h2 class=\"line_down_up\"><span style=\"font-size: 28px;\">Professionelle Einfuhr- &amp; Ausfuhrabfertigung in Hamburg, Deutschland und ganz Europa<\/span><\/h2>\n<p>&nbsp;<\/p>\n<h2>Zollservice in Deutschland - Komplettl\u00f6sungen f\u00fcr Import, Export und Transit:<\/h2>\n<ul>\n<li><strong>Ein- und Ausfuhrzollabfertigung<\/strong><\/li>\n<\/ul>\n<ul>\n<li><strong>Professionelle Zollabwicklung<\/strong> (Zollabfertigung)\u00a0bundesweit f\u00fcr s\u00e4mtliche Warenarten<\/li>\n<\/ul>\n<ul>\n<li><strong>Fiskalvertretung\u00a0<\/strong>in Deutschland f\u00fcr alle L\u00e4nder der Europ\u00e4ischen Union<\/li>\n<\/ul>\n<ul>\n<li><strong><span style=\"text-decoration: underline;\"><a href=\"https:\/\/www.stravex.com\/de\/zolllager-deutschland-hamburg\" target=\"_blank\" rel=\"noopener\">Steuerlager Deutschland<\/a><\/span> -<\/strong>\u00a0Versteuerung und Verzollung\u00a0verbrauchsteuerpflichtiger G\u00fcter (Alkohol, Kaffee, Tabak etc.)<\/li>\n<\/ul>\n<ul>\n<li>Erstellung von<strong> Ausfuhrerkl\u00e4rung<\/strong> <strong>(EX-A, fr\u00fcher EX1)<\/strong>\u00a0-\u00a0in Deutschland und europaweit<\/li>\n<\/ul>\n<ul>\n<li><strong>Erstellung von TIR Carnet und CMR<\/strong>-Dokumenten in Hamburg\u00a0gem\u00e4\u00df der Zollvorschriften aller befahrenen L\u00e4nder<\/li>\n<\/ul>\n<ul>\n<li><strong>Transit-Deklarationen T1 &amp; T2L<\/strong>\u00a0-\u00a0auch f\u00fcr Sendungen in die Schweiz<\/li>\n<\/ul>\n<ul>\n<li>Transport, Umschlag und Handling\u00a0von G\u00fctern in unserem<strong>\u00a0<a href=\"https:\/\/www.stravex.com\/de\/zolllager-deutschland-hamburg\" target=\"_blank\" rel=\"noopener\">Zolllager (OZL)<\/a>\u00a0<\/strong>und\u00a0<strong><a href=\"https:\/\/www.stravex.com\/de\/zolllager-deutschland-hamburg\" target=\"_blank\" rel=\"noopener\">Steuerlager<\/a><\/strong>\u00a0in Hamburg<\/li>\n<\/ul>\n<ul>\n<li><strong>Import &amp; Export Zollabfertigung<\/strong> in Hamburg f\u00fcr Messeg\u00fcter<\/li>\n<\/ul>\n<ul>\n<li>Abwicklung von <strong>vor\u00fcbergehenden Einfuhr und Ausfuhr (Carnet ATA)<\/strong><\/li>\n<\/ul>\n<ul>\n<li>Erstellung von\u00a0\u00a0<strong>B-Nummern und Z-Nummern<\/strong>\u00a0\u00a0bei Seetransporte \u00fcber Hafen Hamburg<\/li>\n<\/ul>\n<ul>\n<li>Abwicklung des\u00a0\u00a0<strong>ASUMA-Verfahrens<\/strong>\u00a0\u00a0im Hamburger Hafen<\/li>\n<\/ul>\n<ul>\n<li>Erstellung der\u00a0<strong>BHT-Nummer<\/strong> bei Export \u00fcber\u00a0Bremerhaven<\/li>\n<\/ul>\n<ul>\n<li>Fachkundige\u00a0<strong>Zollberatung\u00a0<\/strong><\/li>\n<\/ul>\n<ul>\n<li>Begleitung und Unterst\u00fctzung bei einer\u00a0<strong>Zollbeschau<\/strong><\/li>\n<\/ul>\n<ul>\n<li>Erstellung von <strong>e-VD<\/strong>\u00a0f\u00fcr den verbrauchersteuerfreien Versand<\/li>\n<\/ul>\n<p>&nbsp;<\/p>\n<h2><strong>Erweiterter Zollservice<\/strong><strong>:<\/strong><\/h2>\n<ul>\n<li>Unterst\u00fctzung durch zuverl\u00e4ssige\u00a0<strong>Partner-Zolldeklaranten<\/strong> in den Ziell\u00e4ndern<\/li>\n<\/ul>\n<ul>\n<li><strong>Verzollung<\/strong>\u00a0in der\u00a0<strong><a href=\"https:\/\/www.stravex.com\/de\/spedition-schweiz\" target=\"_blank\" rel=\"noopener\">Schweiz<\/a>,<\/strong>\u00a0<strong><a href=\"https:\/\/www.stravex.com\/de\/spedition-ukraine-logistik\" target=\"_blank\" rel=\"noopener\">Ukraine<\/a><\/strong>\u00a0und den\u00a0<strong><a href=\"\/de\/spedition-usa\" target=\"_blank\" rel=\"noopener\">USA<\/a><\/strong><\/li>\n<\/ul>\n<ul>\n<li><strong>Neutralisierung<\/strong> der Fracht- und Begleitpapieren<\/li>\n<\/ul>\n<ul>\n<li>Unterst\u00fctzung bei der Vorbereitung von <strong>Zertifizierungsunterlagen<\/strong> in den osteurop\u00e4ischen und mittelasiatischen L\u00e4ndern<\/li>\n<\/ul>\n<p>&nbsp;<\/p>\n<h2>Warum unsere Zollagentur in Hamburg?<\/h2>\n<p>Unsere kompetenten Zolldeklaranten verf\u00fcgen \u00fcber umfassende Expertise und bieten professionelle ma\u00dfgeschneiderte L\u00f6sungen f\u00fcr die Zollabwicklung in Deutschland. Ob Import, Export oder Transit - wir sorgen daf\u00fcr, dass Ihre Lieferungen sicher und termingerecht abgewickelt werden.<\/p>\n<p>&nbsp;<\/p>\n<p><strong>Kontaktieren Sie uns bei allen Fragen zur Zollabfertigung in Deutschland und Europa! Unser erfahrenes Team der Zollabteilung freut sich auf Ihre Anfrage - telefonisch unter <a href=\"tel:+4940334870300\" target=\"_blank\" rel=\"noopener\">+4940334870300<\/a> oder per E-Mail <span id=\"cloak6051d7af7ea54b1f62b39b105ab97a24\"><a href=\"mailto:info@stravex.com\" target=\"_blank\" rel=\"noopener\">info@stravex.com<\/a><\/span>.<\/strong><\/p>\n<hr \/>\n<\/div><\/div><\/div><\/div><\/div>","protected":false},"excerpt":{"rendered":"<p>Ihre professionell Zollagentur in Hamburg &#8211; Verzollung in Deutschland und ganz Europa (Import, Export &#038; Transit)<\/p>\n","protected":false},"author":1,"featured_media":3249,"parent":0,"menu_order":0,"comment_status":"closed","ping_status":"open","template":"page-service.php","meta":{"_acf_changed":false,"footnotes":""},"class_list":["post-3991","page","type-page","status-publish","has-post-thumbnail","hentry"],"acf":[],"_links":{"self":[{"href":"https:\/\/www.stravex.com\/de\/wp-json\/wp\/v2\/pages\/3991","targetHints":{"allow":["GET"]}}],"collection":[{"href":"https:\/\/www.stravex.com\/de\/wp-json\/wp\/v2\/pages"}],"about":[{"href":"https:\/\/www.stravex.com\/de\/wp-json\/wp\/v2\/types\/page"}],"author":[{"embeddable":true,"href":"https:\/\/www.stravex.com\/de\/wp-json\/wp\/v2\/users\/1"}],"replies":[{"embeddable":true,"href":"https:\/\/www.stravex.com\/de\/wp-json\/wp\/v2\/comments?post=3991"}],"version-history":[{"count":7,"href":"https:\/\/www.stravex.com\/de\/wp-json\/wp\/v2\/pages\/3991\/revisions"}],"predecessor-version":[{"id":5997,"href":"https:\/\/www.stravex.com\/de\/wp-json\/wp\/v2\/pages\/3991\/revisions\/5997"}],"wp:featuredmedia":[{"embeddable":true,"href":"https:\/\/www.stravex.com\/de\/wp-json\/wp\/v2\/media\/3249"}],"wp:attachment":[{"href":"https:\/\/www.stravex.com\/de\/wp-json\/wp\/v2\/media?parent=3991"}],"curies":[{"name":"wp","href":"https:\/\/api.w.org\/{rel}","templated":true}]}}